{"id":11552,"date":"2023-08-30T09:47:11","date_gmt":"2023-08-30T09:47:11","guid":{"rendered":"https:\/\/ifcfood.com\/risotto-aux-asperges-et-saucisses-avec-creme-aop-a-lasiago\/"},"modified":"2023-08-30T09:47:11","modified_gmt":"2023-08-30T09:47:11","slug":"risotto-aux-asperges-et-saucisses-avec-creme-aop-a-lasiago","status":"publish","type":"page","link":"https:\/\/ifcfood.com\/fr\/risotto-aux-asperges-et-saucisses-avec-creme-aop-a-lasiago\/","title":{"rendered":"Risotto aux asperges et saucisses avec cr\u00e8me aop \u00e0 l&rsquo;Asiago"},"content":{"rendered":"<p>[vc_row row_type=\u00a0\u00bbparallax\u00a0\u00bb content_width=\u00a0\u00bbgrid\u00a0\u00bb full_screen_section_height=\u00a0\u00bbno\u00a0\u00bb css=\u00a0\u00bb.vc_custom_1606226435662{margin-top: 40px !important;margin-right: 40px !important;margin-bottom: 40px !important;margin-left: 40px !important;padding-top: 50px !important;background-image: url(https:\/\/ifcfood.com\/wp-content\/uploads\/2020\/11\/fondotelaselezioni-2-2.jpg?id=5176) !important;}\u00a0\u00bb][vc_column width=\u00a0\u00bb1\/2&Prime;][vc_single_image image=\u00a0\u00bb10961&Prime; img_size=\u00a0\u00bbfull\u00a0\u00bb][vc_empty_space height=\u00a0\u00bb40&Prime;][\/vc_column][vc_column width=\u00a0\u00bb1\/2&Prime;]<div class=\"mkd-section-subtitle-holder mkd-section-subtitle-left\" >\n\t<p style=\"text-align: left;\" class=\"mkd-section-subtitle\">INGR\u00c9DIENTS POUR 4 PERSONNES<\/p>\n<\/div>[vc_column_text]<\/p>\n<p id=\"tw-target-text\" class=\"tw-data-text tw-text-large tw-ta\" dir=\"ltr\" data-placeholder=\"Traduzione\"><span class=\"Y2IQFc\" lang=\"fr\" tabindex=\"-1\">400 g de riz <\/span><\/p>\n<p class=\"tw-data-text tw-text-large tw-ta\" dir=\"ltr\" data-placeholder=\"Traduzione\"><span class=\"Y2IQFc\" lang=\"fr\" tabindex=\"-1\">1 \u00e9chalote<\/span><\/p>\n<p class=\"tw-data-text tw-text-large tw-ta\" dir=\"ltr\" data-placeholder=\"Traduzione\"><span class=\"Y2IQFc\" lang=\"fr\" tabindex=\"-1\">1 botte d&rsquo;asperges sauvages (uniquement la partie tendre)<\/span><\/p>\n<p class=\"tw-data-text tw-text-large tw-ta\" dir=\"ltr\" data-placeholder=\"Traduzione\"><span class=\"Y2IQFc\" lang=\"fr\" tabindex=\"-1\">bouillon de l\u00e9gumes au go\u00fbt<\/span><\/p>\n<p class=\"tw-data-text tw-text-large tw-ta\" dir=\"ltr\" data-placeholder=\"Traduzione\"><span class=\"Y2IQFc\" lang=\"fr\" tabindex=\"-1\">2 pots de cr\u00e8me Asiago aop Calzetti<\/span><\/p>\n<p class=\"tw-data-text tw-text-large tw-ta\" dir=\"ltr\" data-placeholder=\"Traduzione\"><span class=\"Y2IQFc\" lang=\"fr\" tabindex=\"-1\">4 cuill\u00e8res \u00e0 soupe d&rsquo;huile d&rsquo;olive extra vierge<\/span><\/p>\n<p class=\"tw-data-text tw-text-large tw-ta\" dir=\"ltr\" data-placeholder=\"Traduzione\"><span class=\"Y2IQFc\" lang=\"fr\" tabindex=\"-1\">Sel et poivre au go\u00fbt.<\/span><\/p>\n<p>[\/vc_column_text][\/vc_column][\/vc_row][vc_row content_width=\u00a0\u00bbgrid\u00a0\u00bb css=\u00a0\u00bb.vc_custom_1606230875113{margin-top: 40px !important;margin-right: 40px !important;margin-bottom: 40px !important;margin-left: 40px !important;padding-top: 50px !important;background-color: #fefae9 !important;}\u00a0\u00bb][vc_column width=\u00a0\u00bb1\/6&Prime;][vc_single_image image=\u00a0\u00bb10186&Prime; alignment=\u00a0\u00bbcenter\u00a0\u00bb][vc_single_image image=\u00a0\u00bb10453&Prime; img_size=\u00a0\u00bbmedium\u00a0\u00bb alignment=\u00a0\u00bbcenter\u00a0\u00bb][\/vc_column][vc_column width=\u00a0\u00bb5\/6&Prime;][vc_column_text]<\/p>\n<p id=\"tw-target-text\" class=\"tw-data-text tw-text-large tw-ta\" dir=\"ltr\" data-placeholder=\"Traduzione\"><span class=\"Y2IQFc\" lang=\"fr\" tabindex=\"-1\">Pr\u00e9paration:<\/span><\/p>\n<p class=\"tw-data-text tw-text-large tw-ta\" dir=\"ltr\" data-placeholder=\"Traduzione\"><span class=\"Y2IQFc\" lang=\"fr\" tabindex=\"-1\">Pr\u00e9parez le bouillon avec un cube de bouillon et laissez bouillir.<\/span><\/p>\n<p class=\"tw-data-text tw-text-large tw-ta\" dir=\"ltr\" data-placeholder=\"Traduzione\"><span class=\"Y2IQFc\" lang=\"fr\" tabindex=\"-1\">Blanchir les asperges dans l&rsquo;eau bouillante. <\/span><\/p>\n<p class=\"tw-data-text tw-text-large tw-ta\" dir=\"ltr\" data-placeholder=\"Traduzione\"><span class=\"Y2IQFc\" lang=\"fr\" tabindex=\"-1\">Pendant ce temps, faites revenir l&rsquo;\u00e9chalote dans l&rsquo;huile dans une po\u00eale \u00e0 bords hauts.<\/span><\/p>\n<p class=\"tw-data-text tw-text-large tw-ta\" dir=\"ltr\" data-placeholder=\"Traduzione\"><span class=\"Y2IQFc\" lang=\"fr\" tabindex=\"-1\">Ajouter les asperges, le saucisson et faire dorer.<\/span><\/p>\n<p class=\"tw-data-text tw-text-large tw-ta\" dir=\"ltr\" data-placeholder=\"Traduzione\"><span class=\"Y2IQFc\" lang=\"fr\" tabindex=\"-1\">Ajoutez le riz et faites-le griller.<\/span><\/p>\n<p class=\"tw-data-text tw-text-large tw-ta\" dir=\"ltr\" data-placeholder=\"Traduzione\"><span class=\"Y2IQFc\" lang=\"fr\" tabindex=\"-1\">Apr\u00e8s cela, versez le bouillon de l\u00e9gumes chaud dans des louches et poursuivez la cuisson du riz. <\/span><\/p>\n<p class=\"tw-data-text tw-text-large tw-ta\" dir=\"ltr\" data-placeholder=\"Traduzione\"><span class=\"Y2IQFc\" lang=\"fr\" tabindex=\"-1\">\u00c9teignez-le et, lorsqu&rsquo;il est encore humide, m\u00e9langez-le avec la cr\u00e8me Asiago Calzetti. <\/span><\/p>\n<p class=\"tw-data-text tw-text-large tw-ta\" dir=\"ltr\" data-placeholder=\"Traduzione\"><span class=\"Y2IQFc\" lang=\"fr\" tabindex=\"-1\">Laissez-le hors du feu avec le couvercle pendant 5 minutes puis servez.<\/span><\/p>\n<p class=\"tw-data-text tw-text-large tw-ta\" dir=\"ltr\" data-placeholder=\"Traduzione\"><span class=\"Y2IQFc\" lang=\"fr\" tabindex=\"-1\">Bon app\u00e9tit!<\/span><\/p>\n<p class=\"tw-data-text tw-text-large tw-ta\" dir=\"ltr\" data-placeholder=\"Traduzione\"><span class=\"Y2IQFc\" lang=\"fr\" tabindex=\"-1\">Merci \u00e0 @annabaldi60 pour cette incroyable recette.<\/span><\/p>\n<p>[\/vc_column_text][vc_empty_space height=\u00a0\u00bb40&Prime;][\/vc_column][\/vc_row]<\/p>\n","protected":false},"excerpt":{"rendered":"<p>[vc_row row_type=\u00a0\u00bbparallax\u00a0\u00bb content_width=\u00a0\u00bbgrid\u00a0\u00bb full_screen_section_height=\u00a0\u00bbno\u00a0\u00bb css=\u00a0\u00bb.vc_custom_1606226435662{margin-top: 40px !important;margin-right: 40px !important;margin-bottom: 40px !important;margin-left: 40px !important;padding-top: 50px !important;background-image: url(https:\/\/ifcfood.com\/wp-content\/uploads\/2020\/11\/fondotelaselezioni-2-2.jpg?id=5176) !important;}\u00a0\u00bb][vc_column width=\u00a0\u00bb1\/2&Prime;][vc_single_image image=\u00a0\u00bb10961&Prime; img_size=\u00a0\u00bbfull\u00a0\u00bb][vc_empty_space height=\u00a0\u00bb40&Prime;][\/vc_column][vc_column width=\u00a0\u00bb1\/2&Prime;][vc_column_text] 400 g de riz 1 \u00e9chalote 1 botte d&rsquo;asperges sauvages (uniquement la partie tendre) bouillon de l\u00e9gumes au go\u00fbt 2 pots de cr\u00e8me&#8230;<\/p>\n","protected":false},"author":2,"featured_media":0,"parent":0,"menu_order":0,"comment_status":"closed","ping_status":"closed","template":"full-width.php","meta":{"footnotes":""},"class_list":["post-11552","page","type-page","status-publish","hentry"],"yoast_head":"<!-- This site is optimized with the Yoast SEO plugin v27.4 - https:\/\/yoast.com\/product\/yoast-seo-wordpress\/ -->\n<title>Risotto aux asperges et saucisses avec cr\u00e8me aop \u00e0 l&#039;Asiago - Italian Food &amp; Cheese<\/title>\n<meta name=\"robots\" content=\"index, follow, max-snippet:-1, max-image-preview:large, max-video-preview:-1\" \/>\n<link rel=\"canonical\" href=\"https:\/\/ifcfood.com\/risotto-asparagi-salsiccia-con-crema-di-asiago-dop\/\" \/>\n<meta property=\"og:locale\" content=\"fr_FR\" \/>\n<meta property=\"og:type\" content=\"article\" \/>\n<meta property=\"og:title\" content=\"Risotto aux asperges et saucisses avec cr\u00e8me aop \u00e0 l&#039;Asiago - Italian Food &amp; Cheese\" \/>\n<meta property=\"og:description\" content=\"[vc_row row_type=\u00a0\u00bbparallax\u00a0\u00bb content_width=\u00a0\u00bbgrid\u00a0\u00bb full_screen_section_height=\u00a0\u00bbno\u00a0\u00bb css=\u00a0\u00bb.vc_custom_1606226435662{margin-top: 40px !important;margin-right: 40px !important;margin-bottom: 40px !important;margin-left: 40px !important;padding-top: 50px !important;background-image: url(https:\/\/ifcfood.com\/wp-content\/uploads\/2020\/11\/fondotelaselezioni-2-2.jpg?id=5176) !important;}\u00a0\u00bb][vc_column width=\u00a0\u00bb1\/2&Prime;][vc_single_image image=\u00a0\u00bb10961&Prime; img_size=\u00a0\u00bbfull\u00a0\u00bb][vc_empty_space height=\u00a0\u00bb40&Prime;][\/vc_column][vc_column width=\u00a0\u00bb1\/2&Prime;][vc_column_text] 400 g de riz 1 \u00e9chalote 1 botte d&rsquo;asperges sauvages (uniquement la partie tendre) bouillon de l\u00e9gumes au go\u00fbt 2 pots de cr\u00e8me...\" \/>\n<meta property=\"og:url\" content=\"https:\/\/ifcfood.com\/risotto-asparagi-salsiccia-con-crema-di-asiago-dop\/\" \/>\n<meta property=\"og:site_name\" content=\"Italian Food &amp; Cheese\" \/>\n<meta name=\"twitter:card\" content=\"summary_large_image\" \/>\n<meta name=\"twitter:label1\" content=\"Dur\u00e9e de lecture estim\u00e9e\" \/>\n\t<meta name=\"twitter:data1\" content=\"1 minute\" \/>\n<script type=\"application\/ld+json\" class=\"yoast-schema-graph\">{\"@context\":\"https:\\\/\\\/schema.org\",\"@graph\":[{\"@type\":\"WebPage\",\"@id\":\"https:\\\/\\\/ifcfood.com\\\/risotto-asparagi-salsiccia-con-crema-di-asiago-dop\\\/\",\"url\":\"https:\\\/\\\/ifcfood.com\\\/risotto-asparagi-salsiccia-con-crema-di-asiago-dop\\\/\",\"name\":\"Risotto aux asperges et saucisses avec cr\u00e8me aop \u00e0 l'Asiago - Italian Food &amp; Cheese\",\"isPartOf\":{\"@id\":\"https:\\\/\\\/ifcfood.com\\\/#website\"},\"datePublished\":\"2023-08-30T09:47:11+00:00\",\"breadcrumb\":{\"@id\":\"https:\\\/\\\/ifcfood.com\\\/risotto-asparagi-salsiccia-con-crema-di-asiago-dop\\\/#breadcrumb\"},\"inLanguage\":\"fr-FR\",\"potentialAction\":[{\"@type\":\"ReadAction\",\"target\":[\"https:\\\/\\\/ifcfood.com\\\/risotto-asparagi-salsiccia-con-crema-di-asiago-dop\\\/\"]}]},{\"@type\":\"BreadcrumbList\",\"@id\":\"https:\\\/\\\/ifcfood.com\\\/risotto-asparagi-salsiccia-con-crema-di-asiago-dop\\\/#breadcrumb\",\"itemListElement\":[{\"@type\":\"ListItem\",\"position\":1,\"name\":\"Home\",\"item\":\"https:\\\/\\\/ifcfood.com\\\/fr\\\/\"},{\"@type\":\"ListItem\",\"position\":2,\"name\":\"Risotto aux asperges et saucisses avec cr\u00e8me aop \u00e0 l&rsquo;Asiago\"}]},{\"@type\":\"WebSite\",\"@id\":\"https:\\\/\\\/ifcfood.com\\\/#website\",\"url\":\"https:\\\/\\\/ifcfood.com\\\/\",\"name\":\"Italian Food &amp; Cheese\",\"description\":\"Food &amp; Beverage\",\"publisher\":{\"@id\":\"https:\\\/\\\/ifcfood.com\\\/#organization\"},\"potentialAction\":[{\"@type\":\"SearchAction\",\"target\":{\"@type\":\"EntryPoint\",\"urlTemplate\":\"https:\\\/\\\/ifcfood.com\\\/?s={search_term_string}\"},\"query-input\":{\"@type\":\"PropertyValueSpecification\",\"valueRequired\":true,\"valueName\":\"search_term_string\"}}],\"inLanguage\":\"fr-FR\"},{\"@type\":\"Organization\",\"@id\":\"https:\\\/\\\/ifcfood.com\\\/#organization\",\"name\":\"Ifc Italia Food & Cheese\",\"url\":\"https:\\\/\\\/ifcfood.com\\\/\",\"logo\":{\"@type\":\"ImageObject\",\"inLanguage\":\"fr-FR\",\"@id\":\"https:\\\/\\\/ifcfood.com\\\/#\\\/schema\\\/logo\\\/image\\\/\",\"url\":\"https:\\\/\\\/ifcfood.com\\\/wp-content\\\/uploads\\\/2020\\\/07\\\/logo-ifc-2-1.jpg\",\"contentUrl\":\"https:\\\/\\\/ifcfood.com\\\/wp-content\\\/uploads\\\/2020\\\/07\\\/logo-ifc-2-1.jpg\",\"width\":514,\"height\":456,\"caption\":\"Ifc Italia Food & Cheese\"},\"image\":{\"@id\":\"https:\\\/\\\/ifcfood.com\\\/#\\\/schema\\\/logo\\\/image\\\/\"}}]}<\/script>\n<!-- \/ Yoast SEO plugin. -->","yoast_head_json":{"title":"Risotto aux asperges et saucisses avec cr\u00e8me aop \u00e0 l'Asiago - Italian Food &amp; Cheese","robots":{"index":"index","follow":"follow","max-snippet":"max-snippet:-1","max-image-preview":"max-image-preview:large","max-video-preview":"max-video-preview:-1"},"canonical":"https:\/\/ifcfood.com\/risotto-asparagi-salsiccia-con-crema-di-asiago-dop\/","og_locale":"fr_FR","og_type":"article","og_title":"Risotto aux asperges et saucisses avec cr\u00e8me aop \u00e0 l'Asiago - Italian Food &amp; Cheese","og_description":"[vc_row row_type=\u00a0\u00bbparallax\u00a0\u00bb content_width=\u00a0\u00bbgrid\u00a0\u00bb full_screen_section_height=\u00a0\u00bbno\u00a0\u00bb css=\u00a0\u00bb.vc_custom_1606226435662{margin-top: 40px !important;margin-right: 40px !important;margin-bottom: 40px !important;margin-left: 40px !important;padding-top: 50px !important;background-image: url(https:\/\/ifcfood.com\/wp-content\/uploads\/2020\/11\/fondotelaselezioni-2-2.jpg?id=5176) !important;}\u00a0\u00bb][vc_column width=\u00a0\u00bb1\/2&Prime;][vc_single_image image=\u00a0\u00bb10961&Prime; img_size=\u00a0\u00bbfull\u00a0\u00bb][vc_empty_space height=\u00a0\u00bb40&Prime;][\/vc_column][vc_column width=\u00a0\u00bb1\/2&Prime;][vc_column_text] 400 g de riz 1 \u00e9chalote 1 botte d&rsquo;asperges sauvages (uniquement la partie tendre) bouillon de l\u00e9gumes au go\u00fbt 2 pots de cr\u00e8me...","og_url":"https:\/\/ifcfood.com\/risotto-asparagi-salsiccia-con-crema-di-asiago-dop\/","og_site_name":"Italian Food &amp; Cheese","twitter_card":"summary_large_image","twitter_misc":{"Dur\u00e9e de lecture estim\u00e9e":"1 minute"},"schema":{"@context":"https:\/\/schema.org","@graph":[{"@type":"WebPage","@id":"https:\/\/ifcfood.com\/risotto-asparagi-salsiccia-con-crema-di-asiago-dop\/","url":"https:\/\/ifcfood.com\/risotto-asparagi-salsiccia-con-crema-di-asiago-dop\/","name":"Risotto aux asperges et saucisses avec cr\u00e8me aop \u00e0 l'Asiago - Italian Food &amp; Cheese","isPartOf":{"@id":"https:\/\/ifcfood.com\/#website"},"datePublished":"2023-08-30T09:47:11+00:00","breadcrumb":{"@id":"https:\/\/ifcfood.com\/risotto-asparagi-salsiccia-con-crema-di-asiago-dop\/#breadcrumb"},"inLanguage":"fr-FR","potentialAction":[{"@type":"ReadAction","target":["https:\/\/ifcfood.com\/risotto-asparagi-salsiccia-con-crema-di-asiago-dop\/"]}]},{"@type":"BreadcrumbList","@id":"https:\/\/ifcfood.com\/risotto-asparagi-salsiccia-con-crema-di-asiago-dop\/#breadcrumb","itemListElement":[{"@type":"ListItem","position":1,"name":"Home","item":"https:\/\/ifcfood.com\/fr\/"},{"@type":"ListItem","position":2,"name":"Risotto aux asperges et saucisses avec cr\u00e8me aop \u00e0 l&rsquo;Asiago"}]},{"@type":"WebSite","@id":"https:\/\/ifcfood.com\/#website","url":"https:\/\/ifcfood.com\/","name":"Italian Food &amp; Cheese","description":"Food &amp; Beverage","publisher":{"@id":"https:\/\/ifcfood.com\/#organization"},"potentialAction":[{"@type":"SearchAction","target":{"@type":"EntryPoint","urlTemplate":"https:\/\/ifcfood.com\/?s={search_term_string}"},"query-input":{"@type":"PropertyValueSpecification","valueRequired":true,"valueName":"search_term_string"}}],"inLanguage":"fr-FR"},{"@type":"Organization","@id":"https:\/\/ifcfood.com\/#organization","name":"Ifc Italia Food & Cheese","url":"https:\/\/ifcfood.com\/","logo":{"@type":"ImageObject","inLanguage":"fr-FR","@id":"https:\/\/ifcfood.com\/#\/schema\/logo\/image\/","url":"https:\/\/ifcfood.com\/wp-content\/uploads\/2020\/07\/logo-ifc-2-1.jpg","contentUrl":"https:\/\/ifcfood.com\/wp-content\/uploads\/2020\/07\/logo-ifc-2-1.jpg","width":514,"height":456,"caption":"Ifc Italia Food & Cheese"},"image":{"@id":"https:\/\/ifcfood.com\/#\/schema\/logo\/image\/"}}]}},"_links":{"self":[{"href":"https:\/\/ifcfood.com\/fr\/wp-json\/wp\/v2\/pages\/11552","targetHints":{"allow":["GET"]}}],"collection":[{"href":"https:\/\/ifcfood.com\/fr\/wp-json\/wp\/v2\/pages"}],"about":[{"href":"https:\/\/ifcfood.com\/fr\/wp-json\/wp\/v2\/types\/page"}],"author":[{"embeddable":true,"href":"https:\/\/ifcfood.com\/fr\/wp-json\/wp\/v2\/users\/2"}],"replies":[{"embeddable":true,"href":"https:\/\/ifcfood.com\/fr\/wp-json\/wp\/v2\/comments?post=11552"}],"version-history":[{"count":3,"href":"https:\/\/ifcfood.com\/fr\/wp-json\/wp\/v2\/pages\/11552\/revisions"}],"predecessor-version":[{"id":11555,"href":"https:\/\/ifcfood.com\/fr\/wp-json\/wp\/v2\/pages\/11552\/revisions\/11555"}],"wp:attachment":[{"href":"https:\/\/ifcfood.com\/fr\/wp-json\/wp\/v2\/media?parent=11552"}],"curies":[{"name":"wp","href":"https:\/\/api.w.org\/{rel}","templated":true}]}}