{"id":11548,"date":"2023-08-30T09:44:11","date_gmt":"2023-08-30T09:44:11","guid":{"rendered":"https:\/\/ifcfood.com\/risotto-de-betterave-a-la-creme-taleggio-aop-noix-et-speck-croustillant\/"},"modified":"2023-08-30T09:44:12","modified_gmt":"2023-08-30T09:44:12","slug":"risotto-de-betterave-a-la-creme-taleggio-aop-noix-et-speck-croustillant","status":"publish","type":"page","link":"https:\/\/ifcfood.com\/fr\/risotto-de-betterave-a-la-creme-taleggio-aop-noix-et-speck-croustillant\/","title":{"rendered":"Risotto de betterave \u00e0 la cr\u00e8me Taleggio AOP, noix et speck croustillant"},"content":{"rendered":"<p>[vc_row row_type=\u00a0\u00bbparallax\u00a0\u00bb content_width=\u00a0\u00bbgrid\u00a0\u00bb full_screen_section_height=\u00a0\u00bbno\u00a0\u00bb css=\u00a0\u00bb.vc_custom_1606212717410{margin-top: 40px !important;margin-right: 40px !important;margin-bottom: 40px !important;margin-left: 40px !important;padding-top: 50px !important;background-image: url(https:\/\/ifcfood.com\/wp-content\/uploads\/2020\/11\/fondotelaselezioni-2-2.jpg?id=5176) !important;}\u00a0\u00bb][vc_column width=\u00a0\u00bb1\/2&Prime;][vc_single_image image=\u00a0\u00bb10967&Prime; img_size=\u00a0\u00bbfull\u00a0\u00bb][vc_empty_space height=\u00a0\u00bb40&Prime;][\/vc_column][vc_column width=\u00a0\u00bb1\/2&Prime;]<div class=\"mkd-section-subtitle-holder mkd-section-subtitle-left\" >\n\t<p style=\"text-align: left;\" class=\"mkd-section-subtitle\">INGR\u00c9DIENTS POUR 3 PERSONNES<\/p>\n<\/div>[vc_column_text]<\/p>\n<p id=\"tw-target-text\" class=\"tw-data-text tw-text-large tw-ta\" dir=\"ltr\" data-placeholder=\"Traduzione\"><span class=\"Y2IQFc\" lang=\"fr\" tabindex=\"-1\">Ingr\u00e9dients pour 4 personnes : <\/span><\/p>\n<p class=\"tw-data-text tw-text-large tw-ta\" dir=\"ltr\" data-placeholder=\"Traduzione\"><span class=\"Y2IQFc\" lang=\"fr\" tabindex=\"-1\">&#8211; 320g de riz Carnaroli<\/span><\/p>\n<p class=\"tw-data-text tw-text-large tw-ta\" dir=\"ltr\" data-placeholder=\"Traduzione\"><span class=\"Y2IQFc\" lang=\"fr\" tabindex=\"-1\">&#8211; 300gr de betteraves pr\u00e9cuites<\/span><\/p>\n<p class=\"tw-data-text tw-text-large tw-ta\" dir=\"ltr\" data-placeholder=\"Traduzione\"><span class=\"Y2IQFc\" lang=\"fr\" tabindex=\"-1\">&#8211; 1 l de bouillon de l\u00e9gumes<\/span><\/p>\n<p class=\"tw-data-text tw-text-large tw-ta\" dir=\"ltr\" data-placeholder=\"Traduzione\"><span class=\"Y2IQFc\" lang=\"fr\" tabindex=\"-1\">&#8211; 30 ml de vin blanc sec<\/span><\/p>\n<p class=\"tw-data-text tw-text-large tw-ta\" dir=\"ltr\" data-placeholder=\"Traduzione\"><span class=\"Y2IQFc\" lang=\"fr\" tabindex=\"-1\">&#8211; 1 \u00e9chalote<\/span><\/p>\n<p class=\"tw-data-text tw-text-large tw-ta\" dir=\"ltr\" data-placeholder=\"Traduzione\"><span class=\"Y2IQFc\" lang=\"fr\" tabindex=\"-1\">&#8211; Huile d&rsquo;olive vierge extra<\/span><\/p>\n<p class=\"tw-data-text tw-text-large tw-ta\" dir=\"ltr\" data-placeholder=\"Traduzione\"><span class=\"Y2IQFc\" lang=\"fr\" tabindex=\"-1\">&#8211; 2 paquets de cr\u00e8me Calzetti AOP Taleggio<\/span><\/p>\n<p class=\"tw-data-text tw-text-large tw-ta\" dir=\"ltr\" data-placeholder=\"Traduzione\"><span class=\"Y2IQFc\" lang=\"fr\" tabindex=\"-1\">&#8211; Grain<\/span><\/p>\n<p class=\"tw-data-text tw-text-large tw-ta\" dir=\"ltr\" data-placeholder=\"Traduzione\"><span class=\"Y2IQFc\" lang=\"fr\" tabindex=\"-1\">&#8211; Des noisettes<\/span><\/p>\n<p class=\"tw-data-text tw-text-large tw-ta\" dir=\"ltr\" data-placeholder=\"Traduzione\"><span class=\"Y2IQFc\" lang=\"fr\" tabindex=\"-1\">&#8211; Sel au go\u00fbt<\/span><\/p>\n<p>[\/vc_column_text][\/vc_column][\/vc_row][vc_row content_width=\u00a0\u00bbgrid\u00a0\u00bb css=\u00a0\u00bb.vc_custom_1606212740924{margin-top: 40px !important;margin-right: 40px !important;margin-bottom: 40px !important;margin-left: 40px !important;padding-top: 50px !important;background-color: #fefae9 !important;}\u00a0\u00bb][vc_column width=\u00a0\u00bb1\/6&Prime;][vc_single_image image=\u00a0\u00bb10186&Prime; alignment=\u00a0\u00bbcenter\u00a0\u00bb][vc_single_image image=\u00a0\u00bb10453&Prime; img_size=\u00a0\u00bbmedium\u00a0\u00bb alignment=\u00a0\u00bbcenter\u00a0\u00bb][\/vc_column][vc_column width=\u00a0\u00bb5\/6&Prime;][vc_column_text]<\/p>\n<p id=\"tw-target-text\" class=\"tw-data-text tw-text-large tw-ta\" dir=\"ltr\" data-placeholder=\"Traduzione\"><span class=\"Y2IQFc\" lang=\"fr\" tabindex=\"-1\"><strong>Pr\u00e9paration:<\/strong><\/span><\/p>\n<p class=\"tw-data-text tw-text-large tw-ta\" dir=\"ltr\" data-placeholder=\"Traduzione\"><span class=\"Y2IQFc\" lang=\"fr\" tabindex=\"-1\"> Coupez la betterave en cubes et mettez-la dans un mixeur ou un hachoir avec une louche de bouillon de l\u00e9gumes et mixez jusqu&rsquo;\u00e0 obtenir une pur\u00e9e. Dans une grande casserole, versez l&rsquo;\u00e9chalote coup\u00e9e en petits cubes avec l&rsquo;huile d&rsquo;olive extra vierge, faites dorer le riz et laissez-le griller environ 3 minutes. Une fois le riz grill\u00e9, d\u00e9glacez avec le vin blanc jusqu&rsquo;\u00e0 \u00e9vaporation de l&rsquo;alcool, puis ajoutez le bouillon de l\u00e9gumes chaud, une louche \u00e0 la fois. 10 minutes apr\u00e8s la cuisson, versez la moiti\u00e9 de la pur\u00e9e de betterave. Salez le risotto et poursuivez la cuisson encore 5 minutes, en ajoutant toujours le bouillon si n\u00e9cessaire. Dans une po\u00eale \u00e0 part, faire dorer le speck coup\u00e9 en fines lani\u00e8res. Une fois cuit, ajoutez le reste de la pur\u00e9e de betterave. Tout est pr\u00eat \u00e0 \u00eatre servi : r\u00e9partir le riz dans les assiettes, garnir de cr\u00e8me Calzetti AOP Taleggio, de noix hach\u00e9es et de speck croustillant.<\/span><\/p>\n<p class=\"tw-data-text tw-text-large tw-ta\" dir=\"ltr\" data-placeholder=\"Traduzione\"><span class=\"Y2IQFc\" lang=\"fr\" tabindex=\"-1\">N.-B. Une barquette de 125gr de notre cr\u00e8me est id\u00e9ale pour servir jusqu&rsquo;\u00e0 <strong>3 portions.<\/strong><\/span><\/p>\n<p>[\/vc_column_text][vc_empty_space height=\u00a0\u00bb40&Prime;][\/vc_column][\/vc_row]<\/p>\n","protected":false},"excerpt":{"rendered":"<p>[vc_row row_type=\u00a0\u00bbparallax\u00a0\u00bb content_width=\u00a0\u00bbgrid\u00a0\u00bb full_screen_section_height=\u00a0\u00bbno\u00a0\u00bb css=\u00a0\u00bb.vc_custom_1606212717410{margin-top: 40px !important;margin-right: 40px !important;margin-bottom: 40px !important;margin-left: 40px !important;padding-top: 50px !important;background-image: url(https:\/\/ifcfood.com\/wp-content\/uploads\/2020\/11\/fondotelaselezioni-2-2.jpg?id=5176) !important;}\u00a0\u00bb][vc_column width=\u00a0\u00bb1\/2&Prime;][vc_single_image image=\u00a0\u00bb10967&Prime; img_size=\u00a0\u00bbfull\u00a0\u00bb][vc_empty_space height=\u00a0\u00bb40&Prime;][\/vc_column][vc_column width=\u00a0\u00bb1\/2&Prime;][vc_column_text] Ingr\u00e9dients pour 4 personnes : &#8211; 320g de riz Carnaroli &#8211; 300gr de betteraves pr\u00e9cuites &#8211; 1 l de bouillon de l\u00e9gumes &#8211;&#8230;<\/p>\n","protected":false},"author":2,"featured_media":0,"parent":0,"menu_order":0,"comment_status":"closed","ping_status":"closed","template":"full-width.php","meta":{"footnotes":""},"class_list":["post-11548","page","type-page","status-publish","hentry"],"yoast_head":"<!-- This site is optimized with the Yoast SEO plugin v27.4 - https:\/\/yoast.com\/product\/yoast-seo-wordpress\/ -->\n<title>Risotto de betterave \u00e0 la cr\u00e8me Taleggio AOP, noix et speck croustillant - Italian Food &amp; Cheese<\/title>\n<meta name=\"robots\" content=\"index, follow, max-snippet:-1, max-image-preview:large, max-video-preview:-1\" \/>\n<link rel=\"canonical\" href=\"https:\/\/ifcfood.com\/risotto-alla-barbabietola-con-noci-speck-croccante-e-crema-di-taleggio\/\" \/>\n<meta property=\"og:locale\" content=\"fr_FR\" \/>\n<meta property=\"og:type\" content=\"article\" \/>\n<meta property=\"og:title\" content=\"Risotto de betterave \u00e0 la cr\u00e8me Taleggio AOP, noix et speck croustillant - Italian Food &amp; Cheese\" \/>\n<meta property=\"og:description\" content=\"[vc_row row_type=\u00a0\u00bbparallax\u00a0\u00bb content_width=\u00a0\u00bbgrid\u00a0\u00bb full_screen_section_height=\u00a0\u00bbno\u00a0\u00bb css=\u00a0\u00bb.vc_custom_1606212717410{margin-top: 40px !important;margin-right: 40px !important;margin-bottom: 40px !important;margin-left: 40px !important;padding-top: 50px !important;background-image: url(https:\/\/ifcfood.com\/wp-content\/uploads\/2020\/11\/fondotelaselezioni-2-2.jpg?id=5176) !important;}\u00a0\u00bb][vc_column width=\u00a0\u00bb1\/2&Prime;][vc_single_image image=\u00a0\u00bb10967&Prime; img_size=\u00a0\u00bbfull\u00a0\u00bb][vc_empty_space height=\u00a0\u00bb40&Prime;][\/vc_column][vc_column width=\u00a0\u00bb1\/2&Prime;][vc_column_text] Ingr\u00e9dients pour 4 personnes : &#8211; 320g de riz Carnaroli &#8211; 300gr de betteraves pr\u00e9cuites &#8211; 1 l de bouillon de l\u00e9gumes &#8211;...\" \/>\n<meta property=\"og:url\" content=\"https:\/\/ifcfood.com\/risotto-alla-barbabietola-con-noci-speck-croccante-e-crema-di-taleggio\/\" \/>\n<meta property=\"og:site_name\" content=\"Italian Food &amp; Cheese\" \/>\n<meta property=\"article:modified_time\" content=\"2023-08-30T09:44:12+00:00\" \/>\n<meta name=\"twitter:card\" content=\"summary_large_image\" \/>\n<meta name=\"twitter:label1\" content=\"Dur\u00e9e de lecture estim\u00e9e\" \/>\n\t<meta name=\"twitter:data1\" content=\"2 minutes\" \/>\n<script type=\"application\/ld+json\" class=\"yoast-schema-graph\">{\"@context\":\"https:\\\/\\\/schema.org\",\"@graph\":[{\"@type\":\"WebPage\",\"@id\":\"https:\\\/\\\/ifcfood.com\\\/risotto-alla-barbabietola-con-noci-speck-croccante-e-crema-di-taleggio\\\/\",\"url\":\"https:\\\/\\\/ifcfood.com\\\/risotto-alla-barbabietola-con-noci-speck-croccante-e-crema-di-taleggio\\\/\",\"name\":\"Risotto de betterave \u00e0 la cr\u00e8me Taleggio AOP, noix et speck croustillant - Italian Food &amp; Cheese\",\"isPartOf\":{\"@id\":\"https:\\\/\\\/ifcfood.com\\\/#website\"},\"datePublished\":\"2023-08-30T09:44:11+00:00\",\"dateModified\":\"2023-08-30T09:44:12+00:00\",\"breadcrumb\":{\"@id\":\"https:\\\/\\\/ifcfood.com\\\/risotto-alla-barbabietola-con-noci-speck-croccante-e-crema-di-taleggio\\\/#breadcrumb\"},\"inLanguage\":\"fr-FR\",\"potentialAction\":[{\"@type\":\"ReadAction\",\"target\":[\"https:\\\/\\\/ifcfood.com\\\/risotto-alla-barbabietola-con-noci-speck-croccante-e-crema-di-taleggio\\\/\"]}]},{\"@type\":\"BreadcrumbList\",\"@id\":\"https:\\\/\\\/ifcfood.com\\\/risotto-alla-barbabietola-con-noci-speck-croccante-e-crema-di-taleggio\\\/#breadcrumb\",\"itemListElement\":[{\"@type\":\"ListItem\",\"position\":1,\"name\":\"Home\",\"item\":\"https:\\\/\\\/ifcfood.com\\\/fr\\\/\"},{\"@type\":\"ListItem\",\"position\":2,\"name\":\"Risotto de betterave \u00e0 la cr\u00e8me Taleggio AOP, noix et speck croustillant\"}]},{\"@type\":\"WebSite\",\"@id\":\"https:\\\/\\\/ifcfood.com\\\/#website\",\"url\":\"https:\\\/\\\/ifcfood.com\\\/\",\"name\":\"Italian Food &amp; Cheese\",\"description\":\"Food &amp; Beverage\",\"publisher\":{\"@id\":\"https:\\\/\\\/ifcfood.com\\\/#organization\"},\"potentialAction\":[{\"@type\":\"SearchAction\",\"target\":{\"@type\":\"EntryPoint\",\"urlTemplate\":\"https:\\\/\\\/ifcfood.com\\\/?s={search_term_string}\"},\"query-input\":{\"@type\":\"PropertyValueSpecification\",\"valueRequired\":true,\"valueName\":\"search_term_string\"}}],\"inLanguage\":\"fr-FR\"},{\"@type\":\"Organization\",\"@id\":\"https:\\\/\\\/ifcfood.com\\\/#organization\",\"name\":\"Ifc Italia Food & Cheese\",\"url\":\"https:\\\/\\\/ifcfood.com\\\/\",\"logo\":{\"@type\":\"ImageObject\",\"inLanguage\":\"fr-FR\",\"@id\":\"https:\\\/\\\/ifcfood.com\\\/#\\\/schema\\\/logo\\\/image\\\/\",\"url\":\"https:\\\/\\\/ifcfood.com\\\/wp-content\\\/uploads\\\/2020\\\/07\\\/logo-ifc-2-1.jpg\",\"contentUrl\":\"https:\\\/\\\/ifcfood.com\\\/wp-content\\\/uploads\\\/2020\\\/07\\\/logo-ifc-2-1.jpg\",\"width\":514,\"height\":456,\"caption\":\"Ifc Italia Food & Cheese\"},\"image\":{\"@id\":\"https:\\\/\\\/ifcfood.com\\\/#\\\/schema\\\/logo\\\/image\\\/\"}}]}<\/script>\n<!-- \/ Yoast SEO plugin. -->","yoast_head_json":{"title":"Risotto de betterave \u00e0 la cr\u00e8me Taleggio AOP, noix et speck croustillant - Italian Food &amp; Cheese","robots":{"index":"index","follow":"follow","max-snippet":"max-snippet:-1","max-image-preview":"max-image-preview:large","max-video-preview":"max-video-preview:-1"},"canonical":"https:\/\/ifcfood.com\/risotto-alla-barbabietola-con-noci-speck-croccante-e-crema-di-taleggio\/","og_locale":"fr_FR","og_type":"article","og_title":"Risotto de betterave \u00e0 la cr\u00e8me Taleggio AOP, noix et speck croustillant - Italian Food &amp; Cheese","og_description":"[vc_row row_type=\u00a0\u00bbparallax\u00a0\u00bb content_width=\u00a0\u00bbgrid\u00a0\u00bb full_screen_section_height=\u00a0\u00bbno\u00a0\u00bb css=\u00a0\u00bb.vc_custom_1606212717410{margin-top: 40px !important;margin-right: 40px !important;margin-bottom: 40px !important;margin-left: 40px !important;padding-top: 50px !important;background-image: url(https:\/\/ifcfood.com\/wp-content\/uploads\/2020\/11\/fondotelaselezioni-2-2.jpg?id=5176) !important;}\u00a0\u00bb][vc_column width=\u00a0\u00bb1\/2&Prime;][vc_single_image image=\u00a0\u00bb10967&Prime; img_size=\u00a0\u00bbfull\u00a0\u00bb][vc_empty_space height=\u00a0\u00bb40&Prime;][\/vc_column][vc_column width=\u00a0\u00bb1\/2&Prime;][vc_column_text] Ingr\u00e9dients pour 4 personnes : &#8211; 320g de riz Carnaroli &#8211; 300gr de betteraves pr\u00e9cuites &#8211; 1 l de bouillon de l\u00e9gumes &#8211;...","og_url":"https:\/\/ifcfood.com\/risotto-alla-barbabietola-con-noci-speck-croccante-e-crema-di-taleggio\/","og_site_name":"Italian Food &amp; Cheese","article_modified_time":"2023-08-30T09:44:12+00:00","twitter_card":"summary_large_image","twitter_misc":{"Dur\u00e9e de lecture estim\u00e9e":"2 minutes"},"schema":{"@context":"https:\/\/schema.org","@graph":[{"@type":"WebPage","@id":"https:\/\/ifcfood.com\/risotto-alla-barbabietola-con-noci-speck-croccante-e-crema-di-taleggio\/","url":"https:\/\/ifcfood.com\/risotto-alla-barbabietola-con-noci-speck-croccante-e-crema-di-taleggio\/","name":"Risotto de betterave \u00e0 la cr\u00e8me Taleggio AOP, noix et speck croustillant - Italian Food &amp; Cheese","isPartOf":{"@id":"https:\/\/ifcfood.com\/#website"},"datePublished":"2023-08-30T09:44:11+00:00","dateModified":"2023-08-30T09:44:12+00:00","breadcrumb":{"@id":"https:\/\/ifcfood.com\/risotto-alla-barbabietola-con-noci-speck-croccante-e-crema-di-taleggio\/#breadcrumb"},"inLanguage":"fr-FR","potentialAction":[{"@type":"ReadAction","target":["https:\/\/ifcfood.com\/risotto-alla-barbabietola-con-noci-speck-croccante-e-crema-di-taleggio\/"]}]},{"@type":"BreadcrumbList","@id":"https:\/\/ifcfood.com\/risotto-alla-barbabietola-con-noci-speck-croccante-e-crema-di-taleggio\/#breadcrumb","itemListElement":[{"@type":"ListItem","position":1,"name":"Home","item":"https:\/\/ifcfood.com\/fr\/"},{"@type":"ListItem","position":2,"name":"Risotto de betterave \u00e0 la cr\u00e8me Taleggio AOP, noix et speck croustillant"}]},{"@type":"WebSite","@id":"https:\/\/ifcfood.com\/#website","url":"https:\/\/ifcfood.com\/","name":"Italian Food &amp; Cheese","description":"Food &amp; Beverage","publisher":{"@id":"https:\/\/ifcfood.com\/#organization"},"potentialAction":[{"@type":"SearchAction","target":{"@type":"EntryPoint","urlTemplate":"https:\/\/ifcfood.com\/?s={search_term_string}"},"query-input":{"@type":"PropertyValueSpecification","valueRequired":true,"valueName":"search_term_string"}}],"inLanguage":"fr-FR"},{"@type":"Organization","@id":"https:\/\/ifcfood.com\/#organization","name":"Ifc Italia Food & Cheese","url":"https:\/\/ifcfood.com\/","logo":{"@type":"ImageObject","inLanguage":"fr-FR","@id":"https:\/\/ifcfood.com\/#\/schema\/logo\/image\/","url":"https:\/\/ifcfood.com\/wp-content\/uploads\/2020\/07\/logo-ifc-2-1.jpg","contentUrl":"https:\/\/ifcfood.com\/wp-content\/uploads\/2020\/07\/logo-ifc-2-1.jpg","width":514,"height":456,"caption":"Ifc Italia Food & Cheese"},"image":{"@id":"https:\/\/ifcfood.com\/#\/schema\/logo\/image\/"}}]}},"_links":{"self":[{"href":"https:\/\/ifcfood.com\/fr\/wp-json\/wp\/v2\/pages\/11548","targetHints":{"allow":["GET"]}}],"collection":[{"href":"https:\/\/ifcfood.com\/fr\/wp-json\/wp\/v2\/pages"}],"about":[{"href":"https:\/\/ifcfood.com\/fr\/wp-json\/wp\/v2\/types\/page"}],"author":[{"embeddable":true,"href":"https:\/\/ifcfood.com\/fr\/wp-json\/wp\/v2\/users\/2"}],"replies":[{"embeddable":true,"href":"https:\/\/ifcfood.com\/fr\/wp-json\/wp\/v2\/comments?post=11548"}],"version-history":[{"count":3,"href":"https:\/\/ifcfood.com\/fr\/wp-json\/wp\/v2\/pages\/11548\/revisions"}],"predecessor-version":[{"id":11551,"href":"https:\/\/ifcfood.com\/fr\/wp-json\/wp\/v2\/pages\/11548\/revisions\/11551"}],"wp:attachment":[{"href":"https:\/\/ifcfood.com\/fr\/wp-json\/wp\/v2\/media?parent=11548"}],"curies":[{"name":"wp","href":"https:\/\/api.w.org\/{rel}","templated":true}]}}