{"id":11544,"date":"2023-08-30T09:41:38","date_gmt":"2023-08-30T09:41:38","guid":{"rendered":"https:\/\/ifcfood.com\/puree-de-chou-frise-haricots-et-creme-parmigiano-reggiano\/"},"modified":"2023-08-30T09:41:39","modified_gmt":"2023-08-30T09:41:39","slug":"puree-de-chou-frise-haricots-et-creme-parmigiano-reggiano","status":"publish","type":"page","link":"https:\/\/ifcfood.com\/fr\/puree-de-chou-frise-haricots-et-creme-parmigiano-reggiano\/","title":{"rendered":"Pur\u00e9e de chou fris\u00e9, haricots et cr\u00e8me Parmigiano Reggiano"},"content":{"rendered":"<p>[vc_row row_type=\u00a0\u00bbparallax\u00a0\u00bb content_width=\u00a0\u00bbgrid\u00a0\u00bb full_screen_section_height=\u00a0\u00bbno\u00a0\u00bb css=\u00a0\u00bb.vc_custom_1606225681993{margin-top: 40px !important;margin-right: 40px !important;margin-bottom: 40px !important;margin-left: 40px !important;padding-top: 50px !important;background-image: url(https:\/\/ifcfood.com\/wp-content\/uploads\/2020\/11\/fondotelaselezioni-2-2.jpg?id=5176) !important;}\u00a0\u00bb][vc_column width=\u00a0\u00bb1\/2&Prime;][vc_single_image image=\u00a0\u00bb10626&Prime; img_size=\u00a0\u00bbfull\u00a0\u00bb alignment=\u00a0\u00bbcenter\u00a0\u00bb][vc_empty_space height=\u00a0\u00bb40&Prime;][\/vc_column][vc_column width=\u00a0\u00bb1\/2&Prime;]<div class=\"mkd-section-subtitle-holder mkd-section-subtitle-left\" >\n\t<p style=\"text-align: left;\" class=\"mkd-section-subtitle\">INGR\u00c9DIENTS POUR 4 PERSONNES<\/p>\n<\/div>[vc_column_text]<\/p>\n<p id=\"tw-target-text\" class=\"tw-data-text tw-text-large tw-ta\" dir=\"ltr\" data-placeholder=\"Traduzione\"><span class=\"Y2IQFc\" lang=\"fr\" tabindex=\"-1\">Ingr\u00e9dients:<\/span><\/p>\n<p class=\"tw-data-text tw-text-large tw-ta\" dir=\"ltr\" data-placeholder=\"Traduzione\"><span class=\"Y2IQFc\" lang=\"fr\" tabindex=\"-1\">300 g de chou noir<\/span><\/p>\n<p class=\"tw-data-text tw-text-large tw-ta\" dir=\"ltr\" data-placeholder=\"Traduzione\"><span class=\"Y2IQFc\" lang=\"fr\" tabindex=\"-1\">1 oignon<\/span><\/p>\n<p class=\"tw-data-text tw-text-large tw-ta\" dir=\"ltr\" data-placeholder=\"Traduzione\"><span class=\"Y2IQFc\" lang=\"fr\" tabindex=\"-1\">100 g de pommes de terre<\/span><\/p>\n<p class=\"tw-data-text tw-text-large tw-ta\" dir=\"ltr\" data-placeholder=\"Traduzione\"><span class=\"Y2IQFc\" lang=\"fr\" tabindex=\"-1\">go\u00fbter Huile d&rsquo;olive vierge extr<\/span><\/p>\n<p class=\"tw-data-text tw-text-large tw-ta\" dir=\"ltr\" data-placeholder=\"Traduzione\"><span class=\"Y2IQFc\" lang=\"fr\" tabindex=\"-1\">a 1 paquet de haricots cannellini en conserve<\/span><\/p>\n<p class=\"tw-data-text tw-text-large tw-ta\" dir=\"ltr\" data-placeholder=\"Traduzione\"><span class=\"Y2IQFc\" lang=\"fr\" tabindex=\"-1\">1\/2 cube de bouillon<\/span><\/p>\n<p class=\"tw-data-text tw-text-large tw-ta\" dir=\"ltr\" data-placeholder=\"Traduzione\"><span class=\"Y2IQFc\" lang=\"fr\" tabindex=\"-1\">go\u00fbter cascade<\/span><\/p>\n<p class=\"tw-data-text tw-text-large tw-ta\" dir=\"ltr\" data-placeholder=\"Traduzione\"><span class=\"Y2IQFc\" lang=\"fr\" tabindex=\"-1\">go\u00fbter sel <\/span><\/p>\n<p class=\"tw-data-text tw-text-large tw-ta\" dir=\"ltr\" data-placeholder=\"Traduzione\"><span class=\"Y2IQFc\" lang=\"fr\" tabindex=\"-1\">100 g de cr\u00e8me Parmigiano Reggiano AOP<\/span><\/p>\n<p>[\/vc_column_text][\/vc_column][\/vc_row][vc_row content_width=\u00a0\u00bbgrid\u00a0\u00bb css=\u00a0\u00bb.vc_custom_1606225761288{margin-top: 40px !important;margin-right: 40px !important;margin-bottom: 40px !important;margin-left: 40px !important;padding-top: 50px !important;background-color: #fefae9 !important;}\u00a0\u00bb][vc_column width=\u00a0\u00bb1\/6&Prime;][vc_single_image image=\u00a0\u00bb10186&Prime; alignment=\u00a0\u00bbcenter\u00a0\u00bb][vc_single_image image=\u00a0\u00bb10453&Prime; img_size=\u00a0\u00bbmedium\u00a0\u00bb alignment=\u00a0\u00bbcenter\u00a0\u00bb][\/vc_column][vc_column width=\u00a0\u00bb5\/6&Prime;][vc_column_text]<\/p>\n<p id=\"tw-target-text\" class=\"tw-data-text tw-text-large tw-ta\" dir=\"ltr\" data-placeholder=\"Traduzione\"><span class=\"Y2IQFc\" lang=\"fr\" tabindex=\"-1\"><strong>Pr\u00e9paration:<\/strong><\/span><\/p>\n<p class=\"tw-data-text tw-text-large tw-ta\" dir=\"ltr\" data-placeholder=\"Traduzione\"><span class=\"Y2IQFc\" lang=\"fr\" tabindex=\"-1\"> Dans une grande casserole, versez une cuiller\u00e9e d&rsquo;huile d&rsquo;olive extra vierge et l&rsquo;oignon finement hach\u00e9 et laissez dorer quelques minutes. On ajoute ensuite la pomme de terre pel\u00e9e et coup\u00e9e en d\u00e9s et le chou noir lav\u00e9, priv\u00e9 de la partie blanche plus dure et \u00e9galement r\u00e9duit en morceaux de quelques centim\u00e8tres.<\/span><\/p>\n<p class=\"tw-data-text tw-text-large tw-ta\" dir=\"ltr\" data-placeholder=\"Traduzione\"><span class=\"Y2IQFc\" lang=\"fr\" tabindex=\"-1\">Laissez le tout parfumer quelques minutes en remuant fr\u00e9quemment. Ajoutez ensuite 500 ml d&rsquo;eau et un demi-cube de bouillon ou, \u00e0 d\u00e9faut, 500 ml de bouillon de l\u00e9gumes pr\u00e9alablement pr\u00e9par\u00e9 et laissez cuire \u00e0 couvert pendant 25 minutes.<\/span><\/p>\n<p class=\"tw-data-text tw-text-large tw-ta\" dir=\"ltr\" data-placeholder=\"Traduzione\"><span class=\"Y2IQFc\" lang=\"fr\" tabindex=\"-1\">A ce stade on ajoute \u00e9galement les haricots cannellini (\u00e9goutt\u00e9s et rinc\u00e9s) et les \u00e9pices choisies, j&rsquo;ai utilis\u00e9 une pinc\u00e9e de poivre noir mais vous pouvez aussi opter pour du curcuma si vous le souhaitez. <\/span><\/p>\n<p class=\"tw-data-text tw-text-large tw-ta\" dir=\"ltr\" data-placeholder=\"Traduzione\"><span class=\"Y2IQFc\" lang=\"fr\" tabindex=\"-1\">Apr\u00e8s encore 5 \u00e0 10 minutes de cuisson, vous pouvez \u00e9teindre le feu et, \u00e0 l&rsquo;aide d&rsquo;un mixeur plongeant, m\u00e9langer le tout jusqu&rsquo;\u00e0 obtenir une cr\u00e8me onctueuse.<\/span><\/p>\n<p class=\"tw-data-text tw-text-large tw-ta\" dir=\"ltr\" data-placeholder=\"Traduzione\"><span class=\"Y2IQFc\" lang=\"fr\" tabindex=\"-1\">Assaisonner la pur\u00e9e de chou noir et de haricots avec du sel et servir avec un filet d&rsquo;huile d&rsquo;olive extra vierge.<\/span><\/p>\n<p class=\"tw-data-text tw-text-large tw-ta\" dir=\"ltr\" data-placeholder=\"Traduzione\"><span class=\"Y2IQFc\" lang=\"fr\" tabindex=\"-1\">Garnir de quelques cuill\u00e8res \u00e0 caf\u00e9 de cr\u00e8me Parmigiano Reggiano AOP, qui rehaussera votre plat savoureux.<\/span><\/p>\n<p>[\/vc_column_text][vc_empty_space height=\u00a0\u00bb40&Prime;][\/vc_column][\/vc_row]<\/p>\n","protected":false},"excerpt":{"rendered":"<p>[vc_row row_type=\u00a0\u00bbparallax\u00a0\u00bb content_width=\u00a0\u00bbgrid\u00a0\u00bb full_screen_section_height=\u00a0\u00bbno\u00a0\u00bb css=\u00a0\u00bb.vc_custom_1606225681993{margin-top: 40px !important;margin-right: 40px !important;margin-bottom: 40px !important;margin-left: 40px !important;padding-top: 50px !important;background-image: url(https:\/\/ifcfood.com\/wp-content\/uploads\/2020\/11\/fondotelaselezioni-2-2.jpg?id=5176) !important;}\u00a0\u00bb][vc_column width=\u00a0\u00bb1\/2&Prime;][vc_single_image image=\u00a0\u00bb10626&Prime; img_size=\u00a0\u00bbfull\u00a0\u00bb alignment=\u00a0\u00bbcenter\u00a0\u00bb][vc_empty_space height=\u00a0\u00bb40&Prime;][\/vc_column][vc_column width=\u00a0\u00bb1\/2&Prime;][vc_column_text] Ingr\u00e9dients: 300 g de chou noir 1 oignon 100 g de pommes de terre go\u00fbter Huile d&rsquo;olive vierge extr a 1 paquet&#8230;<\/p>\n","protected":false},"author":4,"featured_media":0,"parent":0,"menu_order":0,"comment_status":"closed","ping_status":"closed","template":"full-width.php","meta":{"footnotes":""},"class_list":["post-11544","page","type-page","status-publish","hentry"],"yoast_head":"<!-- This site is optimized with the Yoast SEO plugin v27.4 - https:\/\/yoast.com\/product\/yoast-seo-wordpress\/ -->\n<title>Pur\u00e9e de chou fris\u00e9, haricots et cr\u00e8me Parmigiano Reggiano - Italian Food &amp; Cheese<\/title>\n<meta name=\"robots\" content=\"index, follow, max-snippet:-1, max-image-preview:large, max-video-preview:-1\" \/>\n<link rel=\"canonical\" href=\"https:\/\/ifcfood.com\/pure-di-cavolo-nero-fagioli-parmigiano-reggiano-dop\/\" \/>\n<meta property=\"og:locale\" content=\"fr_FR\" \/>\n<meta property=\"og:type\" content=\"article\" \/>\n<meta property=\"og:title\" content=\"Pur\u00e9e de chou fris\u00e9, haricots et cr\u00e8me Parmigiano Reggiano - Italian Food &amp; Cheese\" \/>\n<meta property=\"og:description\" content=\"[vc_row row_type=\u00a0\u00bbparallax\u00a0\u00bb content_width=\u00a0\u00bbgrid\u00a0\u00bb full_screen_section_height=\u00a0\u00bbno\u00a0\u00bb css=\u00a0\u00bb.vc_custom_1606225681993{margin-top: 40px !important;margin-right: 40px !important;margin-bottom: 40px !important;margin-left: 40px !important;padding-top: 50px !important;background-image: url(https:\/\/ifcfood.com\/wp-content\/uploads\/2020\/11\/fondotelaselezioni-2-2.jpg?id=5176) !important;}\u00a0\u00bb][vc_column width=\u00a0\u00bb1\/2&Prime;][vc_single_image image=\u00a0\u00bb10626&Prime; img_size=\u00a0\u00bbfull\u00a0\u00bb alignment=\u00a0\u00bbcenter\u00a0\u00bb][vc_empty_space height=\u00a0\u00bb40&Prime;][\/vc_column][vc_column width=\u00a0\u00bb1\/2&Prime;][vc_column_text] Ingr\u00e9dients: 300 g de chou noir 1 oignon 100 g de pommes de terre go\u00fbter Huile d&rsquo;olive vierge extr a 1 paquet...\" \/>\n<meta property=\"og:url\" content=\"https:\/\/ifcfood.com\/pure-di-cavolo-nero-fagioli-parmigiano-reggiano-dop\/\" \/>\n<meta property=\"og:site_name\" content=\"Italian Food &amp; Cheese\" \/>\n<meta property=\"article:modified_time\" content=\"2023-08-30T09:41:39+00:00\" \/>\n<meta name=\"twitter:card\" content=\"summary_large_image\" \/>\n<meta name=\"twitter:label1\" content=\"Dur\u00e9e de lecture estim\u00e9e\" \/>\n\t<meta name=\"twitter:data1\" content=\"2 minutes\" \/>\n<script type=\"application\/ld+json\" class=\"yoast-schema-graph\">{\"@context\":\"https:\\\/\\\/schema.org\",\"@graph\":[{\"@type\":\"WebPage\",\"@id\":\"https:\\\/\\\/ifcfood.com\\\/pure-di-cavolo-nero-fagioli-parmigiano-reggiano-dop\\\/\",\"url\":\"https:\\\/\\\/ifcfood.com\\\/pure-di-cavolo-nero-fagioli-parmigiano-reggiano-dop\\\/\",\"name\":\"Pur\u00e9e de chou fris\u00e9, haricots et cr\u00e8me Parmigiano Reggiano - Italian Food &amp; Cheese\",\"isPartOf\":{\"@id\":\"https:\\\/\\\/ifcfood.com\\\/#website\"},\"datePublished\":\"2023-08-30T09:41:38+00:00\",\"dateModified\":\"2023-08-30T09:41:39+00:00\",\"breadcrumb\":{\"@id\":\"https:\\\/\\\/ifcfood.com\\\/pure-di-cavolo-nero-fagioli-parmigiano-reggiano-dop\\\/#breadcrumb\"},\"inLanguage\":\"fr-FR\",\"potentialAction\":[{\"@type\":\"ReadAction\",\"target\":[\"https:\\\/\\\/ifcfood.com\\\/pure-di-cavolo-nero-fagioli-parmigiano-reggiano-dop\\\/\"]}]},{\"@type\":\"BreadcrumbList\",\"@id\":\"https:\\\/\\\/ifcfood.com\\\/pure-di-cavolo-nero-fagioli-parmigiano-reggiano-dop\\\/#breadcrumb\",\"itemListElement\":[{\"@type\":\"ListItem\",\"position\":1,\"name\":\"Home\",\"item\":\"https:\\\/\\\/ifcfood.com\\\/fr\\\/\"},{\"@type\":\"ListItem\",\"position\":2,\"name\":\"Pur\u00e9e de chou fris\u00e9, haricots et cr\u00e8me Parmigiano Reggiano\"}]},{\"@type\":\"WebSite\",\"@id\":\"https:\\\/\\\/ifcfood.com\\\/#website\",\"url\":\"https:\\\/\\\/ifcfood.com\\\/\",\"name\":\"Italian Food &amp; Cheese\",\"description\":\"Food &amp; Beverage\",\"publisher\":{\"@id\":\"https:\\\/\\\/ifcfood.com\\\/#organization\"},\"potentialAction\":[{\"@type\":\"SearchAction\",\"target\":{\"@type\":\"EntryPoint\",\"urlTemplate\":\"https:\\\/\\\/ifcfood.com\\\/?s={search_term_string}\"},\"query-input\":{\"@type\":\"PropertyValueSpecification\",\"valueRequired\":true,\"valueName\":\"search_term_string\"}}],\"inLanguage\":\"fr-FR\"},{\"@type\":\"Organization\",\"@id\":\"https:\\\/\\\/ifcfood.com\\\/#organization\",\"name\":\"Ifc Italia Food & Cheese\",\"url\":\"https:\\\/\\\/ifcfood.com\\\/\",\"logo\":{\"@type\":\"ImageObject\",\"inLanguage\":\"fr-FR\",\"@id\":\"https:\\\/\\\/ifcfood.com\\\/#\\\/schema\\\/logo\\\/image\\\/\",\"url\":\"https:\\\/\\\/ifcfood.com\\\/wp-content\\\/uploads\\\/2020\\\/07\\\/logo-ifc-2-1.jpg\",\"contentUrl\":\"https:\\\/\\\/ifcfood.com\\\/wp-content\\\/uploads\\\/2020\\\/07\\\/logo-ifc-2-1.jpg\",\"width\":514,\"height\":456,\"caption\":\"Ifc Italia Food & Cheese\"},\"image\":{\"@id\":\"https:\\\/\\\/ifcfood.com\\\/#\\\/schema\\\/logo\\\/image\\\/\"}}]}<\/script>\n<!-- \/ Yoast SEO plugin. -->","yoast_head_json":{"title":"Pur\u00e9e de chou fris\u00e9, haricots et cr\u00e8me Parmigiano Reggiano - Italian Food &amp; Cheese","robots":{"index":"index","follow":"follow","max-snippet":"max-snippet:-1","max-image-preview":"max-image-preview:large","max-video-preview":"max-video-preview:-1"},"canonical":"https:\/\/ifcfood.com\/pure-di-cavolo-nero-fagioli-parmigiano-reggiano-dop\/","og_locale":"fr_FR","og_type":"article","og_title":"Pur\u00e9e de chou fris\u00e9, haricots et cr\u00e8me Parmigiano Reggiano - Italian Food &amp; Cheese","og_description":"[vc_row row_type=\u00a0\u00bbparallax\u00a0\u00bb content_width=\u00a0\u00bbgrid\u00a0\u00bb full_screen_section_height=\u00a0\u00bbno\u00a0\u00bb css=\u00a0\u00bb.vc_custom_1606225681993{margin-top: 40px !important;margin-right: 40px !important;margin-bottom: 40px !important;margin-left: 40px !important;padding-top: 50px !important;background-image: url(https:\/\/ifcfood.com\/wp-content\/uploads\/2020\/11\/fondotelaselezioni-2-2.jpg?id=5176) !important;}\u00a0\u00bb][vc_column width=\u00a0\u00bb1\/2&Prime;][vc_single_image image=\u00a0\u00bb10626&Prime; img_size=\u00a0\u00bbfull\u00a0\u00bb alignment=\u00a0\u00bbcenter\u00a0\u00bb][vc_empty_space height=\u00a0\u00bb40&Prime;][\/vc_column][vc_column width=\u00a0\u00bb1\/2&Prime;][vc_column_text] Ingr\u00e9dients: 300 g de chou noir 1 oignon 100 g de pommes de terre go\u00fbter Huile d&rsquo;olive vierge extr a 1 paquet...","og_url":"https:\/\/ifcfood.com\/pure-di-cavolo-nero-fagioli-parmigiano-reggiano-dop\/","og_site_name":"Italian Food &amp; Cheese","article_modified_time":"2023-08-30T09:41:39+00:00","twitter_card":"summary_large_image","twitter_misc":{"Dur\u00e9e de lecture estim\u00e9e":"2 minutes"},"schema":{"@context":"https:\/\/schema.org","@graph":[{"@type":"WebPage","@id":"https:\/\/ifcfood.com\/pure-di-cavolo-nero-fagioli-parmigiano-reggiano-dop\/","url":"https:\/\/ifcfood.com\/pure-di-cavolo-nero-fagioli-parmigiano-reggiano-dop\/","name":"Pur\u00e9e de chou fris\u00e9, haricots et cr\u00e8me Parmigiano Reggiano - Italian Food &amp; Cheese","isPartOf":{"@id":"https:\/\/ifcfood.com\/#website"},"datePublished":"2023-08-30T09:41:38+00:00","dateModified":"2023-08-30T09:41:39+00:00","breadcrumb":{"@id":"https:\/\/ifcfood.com\/pure-di-cavolo-nero-fagioli-parmigiano-reggiano-dop\/#breadcrumb"},"inLanguage":"fr-FR","potentialAction":[{"@type":"ReadAction","target":["https:\/\/ifcfood.com\/pure-di-cavolo-nero-fagioli-parmigiano-reggiano-dop\/"]}]},{"@type":"BreadcrumbList","@id":"https:\/\/ifcfood.com\/pure-di-cavolo-nero-fagioli-parmigiano-reggiano-dop\/#breadcrumb","itemListElement":[{"@type":"ListItem","position":1,"name":"Home","item":"https:\/\/ifcfood.com\/fr\/"},{"@type":"ListItem","position":2,"name":"Pur\u00e9e de chou fris\u00e9, haricots et cr\u00e8me Parmigiano Reggiano"}]},{"@type":"WebSite","@id":"https:\/\/ifcfood.com\/#website","url":"https:\/\/ifcfood.com\/","name":"Italian Food &amp; Cheese","description":"Food &amp; Beverage","publisher":{"@id":"https:\/\/ifcfood.com\/#organization"},"potentialAction":[{"@type":"SearchAction","target":{"@type":"EntryPoint","urlTemplate":"https:\/\/ifcfood.com\/?s={search_term_string}"},"query-input":{"@type":"PropertyValueSpecification","valueRequired":true,"valueName":"search_term_string"}}],"inLanguage":"fr-FR"},{"@type":"Organization","@id":"https:\/\/ifcfood.com\/#organization","name":"Ifc Italia Food & Cheese","url":"https:\/\/ifcfood.com\/","logo":{"@type":"ImageObject","inLanguage":"fr-FR","@id":"https:\/\/ifcfood.com\/#\/schema\/logo\/image\/","url":"https:\/\/ifcfood.com\/wp-content\/uploads\/2020\/07\/logo-ifc-2-1.jpg","contentUrl":"https:\/\/ifcfood.com\/wp-content\/uploads\/2020\/07\/logo-ifc-2-1.jpg","width":514,"height":456,"caption":"Ifc Italia Food & Cheese"},"image":{"@id":"https:\/\/ifcfood.com\/#\/schema\/logo\/image\/"}}]}},"_links":{"self":[{"href":"https:\/\/ifcfood.com\/fr\/wp-json\/wp\/v2\/pages\/11544","targetHints":{"allow":["GET"]}}],"collection":[{"href":"https:\/\/ifcfood.com\/fr\/wp-json\/wp\/v2\/pages"}],"about":[{"href":"https:\/\/ifcfood.com\/fr\/wp-json\/wp\/v2\/types\/page"}],"author":[{"embeddable":true,"href":"https:\/\/ifcfood.com\/fr\/wp-json\/wp\/v2\/users\/4"}],"replies":[{"embeddable":true,"href":"https:\/\/ifcfood.com\/fr\/wp-json\/wp\/v2\/comments?post=11544"}],"version-history":[{"count":3,"href":"https:\/\/ifcfood.com\/fr\/wp-json\/wp\/v2\/pages\/11544\/revisions"}],"predecessor-version":[{"id":11547,"href":"https:\/\/ifcfood.com\/fr\/wp-json\/wp\/v2\/pages\/11544\/revisions\/11547"}],"wp:attachment":[{"href":"https:\/\/ifcfood.com\/fr\/wp-json\/wp\/v2\/media?parent=11544"}],"curies":[{"name":"wp","href":"https:\/\/api.w.org\/{rel}","templated":true}]}}