{"id":11540,"date":"2023-08-30T09:38:32","date_gmt":"2023-08-30T09:38:32","guid":{"rendered":"https:\/\/ifcfood.com\/private-label\/"},"modified":"2023-08-30T09:38:34","modified_gmt":"2023-08-30T09:38:34","slug":"private-label","status":"publish","type":"page","link":"https:\/\/ifcfood.com\/fr\/private-label\/","title":{"rendered":"Private-label"},"content":{"rendered":"<p>[vc_row content_width=\u00a0\u00bbgrid\u00a0\u00bb content_aligment=\u00a0\u00bbcenter\u00a0\u00bb css=\u00a0\u00bb.vc_custom_1603301951789{padding-top: 103px !important;padding-bottom: 0px !important;}\u00a0\u00bb][vc_column]<div class=\"mkd-section-title-holder\">\n\t<h2 class=\"mkd-section-title\" style=\"color: #373737;text-transform: uppercase;text-align: center\">\n\tLA COLLABORATION CONSOLID\u00c9E AVEC LES PLUS IMPORTANTES CHA\u00ceNES GDO NOUS PERMET DE PROPOSER NOTRE FROMAGE \u00c0 LA CR\u00c8ME \u00c9GALEMENT AVEC DES MARQUES PRIV\u00c9ES EN ITALIE ET  \u00c0 L&#039;\u00c9TRANGER.<\/h2>\n<\/div>[\/vc_column][\/vc_row][vc_row content_width=\u00a0\u00bbgrid\u00a0\u00bb css=\u00a0\u00bb.vc_custom_1468833191794{padding-top: 110px !important;padding-bottom: 60px !important;}\u00a0\u00bb][vc_column offset=\u00a0\u00bbvc_col-lg-6&Prime;][vc_single_image image=\u00a0\u00bb10280&Prime; img_size=\u00a0\u00bbfull\u00a0\u00bb css_animation=\u00a0\u00bbfadeInLeft\u00a0\u00bb][vc_empty_space height=\u00a0\u00bb50px\u00a0\u00bb][vc_column_text]<\/p>\n<p id=\"tw-target-text\" class=\"tw-data-text tw-text-large tw-ta\" dir=\"ltr\" data-placeholder=\"Traduzione\"><span class=\"Y2IQFc\" lang=\"fr\" tabindex=\"-1\">C&rsquo;est gr\u00e2ce \u00e0 notre service de production moderne et qualifi\u00e9 que nous sommes en mesure de satisfaire toutes les exigences de go\u00fbt et de format que vous pourriez nous demander, notre flexibilit\u00e9 de production nous permet \u00e9galement d&rsquo;\u00e9laborer des <strong>recettes ad hoc<\/strong> en fonction de vos besoins.<\/span><\/p>\n<p>[\/vc_column_text][vc_empty_space height=\u00a0\u00bb50px\u00a0\u00bb][\/vc_column][vc_column offset=\u00a0\u00bbvc_col-lg-6&Prime;][vc_empty_space height=\u00a0\u00bb80px\u00a0\u00bb][vc_single_image image=\u00a0\u00bb10983&Prime; img_size=\u00a0\u00bbfull\u00a0\u00bb alignment=\u00a0\u00bbcenter\u00a0\u00bb css_animation=\u00a0\u00bbfadeInLeft\u00a0\u00bb][vc_empty_space height=\u00a0\u00bb80px\u00a0\u00bb][vc_column_text]<\/p>\n<p id=\"tw-target-text\" class=\"tw-data-text tw-text-large tw-ta\" dir=\"ltr\" data-placeholder=\"Traduzione\"><a href=\"https:\/\/ifcfood.com\/fr\/cremes-au-fromage-aop\/\"><strong><span class=\"Y2IQFc\" lang=\"fr\" tabindex=\"-1\">Toutes les r\u00e9f\u00e9rences produites sous notre marque peuvent \u00e9galement \u00eatre r\u00e9alis\u00e9es sous marque distributeur.<\/span><\/strong><\/a><\/p>\n<p>[\/vc_column_text][vc_empty_space height=\u00a0\u00bb40px\u00a0\u00bb][vc_empty_space height=\u00a0\u00bb80px\u00a0\u00bb][\/vc_column][\/vc_row][vc_row content_width=\u00a0\u00bbgrid\u00a0\u00bb content_aligment=\u00a0\u00bbcenter\u00a0\u00bb css=\u00a0\u00bb.vc_custom_1605720902477{padding-top: 103px !important;padding-bottom: 55px !important;background: #e5e5e5 url(https:\/\/ifcfood.com\/wp-content\/uploads\/2020\/11\/fondotela2-2-1.jpg?id=5139) !important;}\u00a0\u00bb][vc_column]<div class=\"mkd-section-title-holder\">\n\t<h2 class=\"mkd-section-title\" style=\"color: #373737;text-transform: uppercase;text-align: center\">\n\tNOTRE DISTRIBUTION<\/h2>\n<\/div><div class=\"mkd-section-subtitle-holder mkd-section-subtitle-center\" style=\"width: 80%\">\n\t<p style=\"text-align: center;\" class=\"mkd-section-subtitle\">Nous sommes pr\u00e9sents avec nos deux marques CREME CALZETTI et SU DI GUSTO dans les principales cha\u00eenes de distribution de la grande distribution en Italie et \u00e0 l'\u00e9tranger. LES CR\u00c8MES \u00c0 TARTINER sont une aide pr\u00e9cieuse dans les cuisines professionnelles de nos clients HO.RE.CA. Et une belle opportunit\u00e9 pour les industriels comme ingr\u00e9dient pr\u00eat \u00e0 l\u2019emploi pour tout type de plat.<\/p>\n<\/div>[\/vc_column][\/vc_row][vc_row content_width=\u00a0\u00bbgrid\u00a0\u00bb css=\u00a0\u00bb.vc_custom_1605720918689{background: #e5e5e5 url(https:\/\/ifcfood.com\/wp-content\/uploads\/2020\/11\/fondotela2-2-1.jpg?id=5139) !important;}\u00a0\u00bb][vc_column width=\u00a0\u00bb1\/4&Prime;][vc_single_image image=\u00a0\u00bb10758&Prime; img_size=\u00a0\u00bbfull\u00a0\u00bb][vc_empty_space height=\u00a0\u00bb14px\u00a0\u00bb][vc_column_text]<\/p>\n<h5 id=\"tw-target-text\" class=\"tw-data-text tw-text-large tw-ta\" dir=\"ltr\" data-placeholder=\"Traduzione\"><span class=\"Y2IQFc\" lang=\"fr\" tabindex=\"-1\">Consommation int\u00e9rieure<\/span><\/h5>\n<p>[\/vc_column_text][vc_column_text]<\/p>\n<p id=\"tw-target-text\" class=\"tw-data-text tw-text-large tw-ta\" dir=\"ltr\" data-placeholder=\"Traduzione\"><span class=\"Y2IQFc\" lang=\"fr\" tabindex=\"-1\">Nos cr\u00e8mes fromag\u00e8res, sans conservateurs et \u00e0 base de fromages italiens AOP, sont pr\u00e9sentes dans de nombreuses \u00e9piceries fines et supermarch\u00e9s italiens.<\/span><\/p>\n<p class=\"tw-data-text tw-text-large tw-ta\" dir=\"ltr\" data-placeholder=\"Traduzione\"><span class=\"Y2IQFc\" lang=\"fr\" tabindex=\"-1\"> Vous souhaitez plus d&rsquo;informations sur comment devenir revendeur des cr\u00e8mes Calzetti ou Sudigusto ? Contactez-nous.<\/span><\/p>\n<p>[\/vc_column_text][vc_empty_space height=\u00a0\u00bb14px\u00a0\u00bb]<a href=\"https:\/\/ifcfood.com\/consumo-domestico\/\" target=\"_self\"  class=\"mkd-btn mkd-btn-medium mkd-btn-solid mkd-btn-hover-outline\"  >\n\t\t<span class=\"mkd-btn-text\">EN SAVOIR PLUS<\/span>\n\t\n\t\t\t<span class=\"mkd-btn-helper\" ><\/span>\n\t<\/a>[\/vc_column][vc_column width=\u00a0\u00bb1\/4&Prime;][vc_single_image image=\u00a0\u00bb10981&Prime; img_size=\u00a0\u00bbfull\u00a0\u00bb][vc_empty_space height=\u00a0\u00bb14px\u00a0\u00bb][vc_column_text]<\/p>\n<h5>HORECA<\/h5>\n<p>[\/vc_column_text][vc_column_text]<\/p>\n<p id=\"tw-target-text\" class=\"tw-data-text tw-text-large tw-ta\" dir=\"ltr\" data-placeholder=\"Traduzione\"><span class=\"Y2IQFc\" lang=\"fr\" tabindex=\"-1\">Nos fromages \u00e0 la cr\u00e8me et nos s\u00e9lections sont \u00e9galement disponibles pour les h\u00f4tels, restaurants et bars.<\/span><\/p>\n<p class=\"tw-data-text tw-text-large tw-ta\" dir=\"ltr\" data-placeholder=\"Traduzione\"><span class=\"Y2IQFc\" lang=\"fr\" tabindex=\"-1\"> Vous souhaitez plus d&rsquo;informations sur les formats HORECA des cr\u00e8mes Calzetti ou Sudigusto ? et sur les s\u00e9lections de produits italiens AOP contactez-nous.<\/span><\/p>\n<p>[\/vc_column_text][vc_empty_space height=\u00a0\u00bb14px\u00a0\u00bb]<a href=\"https:\/\/ifcfood.com\/horeca\/\" target=\"_self\"  class=\"mkd-btn mkd-btn-medium mkd-btn-solid mkd-btn-hover-outline\"  >\n\t\t<span class=\"mkd-btn-text\">EN SAVOIR PLUS<\/span>\n\t\n\t\t\t<span class=\"mkd-btn-helper\" ><\/span>\n\t<\/a>[\/vc_column][vc_column width=\u00a0\u00bb1\/4&Prime;][vc_single_image image=\u00a0\u00bb10979&Prime; img_size=\u00a0\u00bbfull\u00a0\u00bb][vc_empty_space height=\u00a0\u00bb14px\u00a0\u00bb][vc_column_text]<\/p>\n<h5>Private label<\/h5>\n<p>[\/vc_column_text][vc_column_text]<\/p>\n<p id=\"tw-target-text\" class=\"tw-data-text tw-text-large tw-ta\" dir=\"ltr\" data-placeholder=\"Traduzione\"><span class=\"Y2IQFc\" lang=\"fr\" tabindex=\"-1\">Nous pouvons personnaliser notre production de fromage frais AOP selon vos besoins, jusqu&rsquo;\u00e0 la cr\u00e9ation d&rsquo;un produit fini incluant \u00e9tiquette et graphisme.<\/span><\/p>\n<p class=\"tw-data-text tw-text-large tw-ta\" dir=\"ltr\" data-placeholder=\"Traduzione\"><span class=\"Y2IQFc\" lang=\"fr\" tabindex=\"-1\"> Vous souhaitez plus d\u2019informations sur le type de personnalisation des cr\u00e8mes au fromage AOP ? Contactez-nous.<\/span><\/p>\n<p>[\/vc_column_text][vc_empty_space height=\u00a0\u00bb14px\u00a0\u00bb]<a href=\"https:\/\/ifcfood.com\/private-label\/\" target=\"_self\"  class=\"mkd-btn mkd-btn-medium mkd-btn-solid mkd-btn-hover-outline\"  >\n\t\t<span class=\"mkd-btn-text\">EN SAVOIR PLUS<\/span>\n\t\n\t\t\t<span class=\"mkd-btn-helper\" ><\/span>\n\t<\/a>[\/vc_column][vc_column width=\u00a0\u00bb1\/4&Prime;][vc_single_image image=\u00a0\u00bb10342&Prime; img_size=\u00a0\u00bbfull\u00a0\u00bb][vc_empty_space height=\u00a0\u00bb14px\u00a0\u00bb][vc_column_text]<\/p>\n<h5>Industrie alimentaire<\/h5>\n<p>[\/vc_column_text][vc_column_text]<\/p>\n<p id=\"tw-target-text\" class=\"tw-data-text tw-text-large tw-ta\" dir=\"ltr\" data-placeholder=\"Traduzione\"><span class=\"Y2IQFc\" lang=\"fr\" tabindex=\"-1\">Une belle opportunit\u00e9 pour les entreprises du monde industriel, \u00e0 cet \u00e9gard nous avons pens\u00e9 aux formats 5000g.<\/span><\/p>\n<p class=\"tw-data-text tw-text-large tw-ta\" dir=\"ltr\" data-placeholder=\"Traduzione\"><span class=\"Y2IQFc\" lang=\"fr\" tabindex=\"-1\"> Vous souhaitez plus d&rsquo;informations sur les opportunit\u00e9s d&rsquo;utilisation des cr\u00e8mes Calzetti ou Sudigusto dans le monde industriel ? Contactez-nous.<\/span><\/p>\n<p>[\/vc_column_text][vc_empty_space height=\u00a0\u00bb14px\u00a0\u00bb]<a href=\"https:\/\/ifcfood.com\/industria-alimentare\/\" target=\"_self\"  class=\"mkd-btn mkd-btn-medium mkd-btn-solid mkd-btn-hover-outline\"  >\n\t\t<span class=\"mkd-btn-text\">EN SAVOIR PLUS<\/span>\n\t\n\t\t\t<span class=\"mkd-btn-helper\" ><\/span>\n\t<\/a>[vc_empty_space height=\u00a0\u00bb90px\u00a0\u00bb][\/vc_column][\/vc_row][vc_row content_width=\u00a0\u00bbgrid\u00a0\u00bb content_aligment=\u00a0\u00bbcenter\u00a0\u00bb css=\u00a0\u00bb.vc_custom_1468834015496{padding-top: 90px !important;padding-bottom: 105px !important;background-color: #f7f7f7 !important;}\u00a0\u00bb][vc_column offset=\u00a0\u00bbvc_col-lg-offset-1 vc_col-lg-10 vc_col-sm-offset-0&Prime;]<div class=\"mkd-testimonials-holder clearfix dark\"><div class=\"mkd-testimonials testimonials-slider data-animation-speed =\"600\"\">Sorry, no posts matched your criteria.<\/div><\/div>[\/vc_column][\/vc_row]<\/p>\n","protected":false},"excerpt":{"rendered":"<p>[vc_row content_width=\u00a0\u00bbgrid\u00a0\u00bb content_aligment=\u00a0\u00bbcenter\u00a0\u00bb css=\u00a0\u00bb.vc_custom_1603301951789{padding-top: 103px !important;padding-bottom: 0px !important;}\u00a0\u00bb][vc_column][\/vc_column][\/vc_row][vc_row content_width=\u00a0\u00bbgrid\u00a0\u00bb css=\u00a0\u00bb.vc_custom_1468833191794{padding-top: 110px !important;padding-bottom: 60px !important;}\u00a0\u00bb][vc_column offset=\u00a0\u00bbvc_col-lg-6&Prime;][vc_single_image image=\u00a0\u00bb10280&Prime; img_size=\u00a0\u00bbfull\u00a0\u00bb css_animation=\u00a0\u00bbfadeInLeft\u00a0\u00bb][vc_empty_space height=\u00a0\u00bb50px\u00a0\u00bb][vc_column_text] C&rsquo;est gr\u00e2ce \u00e0 notre service de production moderne et qualifi\u00e9 que nous sommes en mesure de satisfaire toutes les exigences de go\u00fbt et de format que&#8230;<\/p>\n","protected":false},"author":2,"featured_media":0,"parent":0,"menu_order":0,"comment_status":"closed","ping_status":"closed","template":"full-width.php","meta":{"footnotes":""},"class_list":["post-11540","page","type-page","status-publish","hentry"],"yoast_head":"<!-- This site is optimized with the Yoast SEO plugin v27.3 - https:\/\/yoast.com\/product\/yoast-seo-wordpress\/ -->\n<title>Fromages \u00e0 la cr\u00e8me personnalis\u00e9s Private-label - Italian Food &amp; Cheese<\/title>\n<meta name=\"description\" content=\"Nous produisons du fromage frais sur mesure en marque priv\u00e9e avec des recettes ad hoc en fonction de vos besoins ou des demandes de la grande distribution.\" \/>\n<meta name=\"robots\" content=\"index, follow, max-snippet:-1, max-image-preview:large, max-video-preview:-1\" \/>\n<link rel=\"canonical\" href=\"https:\/\/ifcfood.com\/private-label\/\" \/>\n<meta property=\"og:locale\" content=\"fr_FR\" \/>\n<meta property=\"og:type\" content=\"article\" \/>\n<meta property=\"og:title\" content=\"Fromages \u00e0 la cr\u00e8me personnalis\u00e9s Private-label - Italian Food &amp; Cheese\" \/>\n<meta property=\"og:description\" content=\"Nous produisons du fromage frais sur mesure en marque priv\u00e9e avec des recettes ad hoc en fonction de vos besoins ou des demandes de la grande distribution.\" \/>\n<meta property=\"og:url\" content=\"https:\/\/ifcfood.com\/private-label\/\" \/>\n<meta property=\"og:site_name\" content=\"Italian Food &amp; Cheese\" \/>\n<meta property=\"article:modified_time\" content=\"2023-08-30T09:38:34+00:00\" \/>\n<meta name=\"twitter:card\" content=\"summary_large_image\" \/>\n<meta name=\"twitter:label1\" content=\"Dur\u00e9e de lecture estim\u00e9e\" \/>\n\t<meta name=\"twitter:data1\" content=\"4 minutes\" \/>\n<script type=\"application\/ld+json\" class=\"yoast-schema-graph\">{\"@context\":\"https:\\\/\\\/schema.org\",\"@graph\":[{\"@type\":\"WebPage\",\"@id\":\"https:\\\/\\\/ifcfood.com\\\/private-label\\\/\",\"url\":\"https:\\\/\\\/ifcfood.com\\\/private-label\\\/\",\"name\":\"Fromages \u00e0 la cr\u00e8me personnalis\u00e9s Private-label - Italian Food &amp; Cheese\",\"isPartOf\":{\"@id\":\"https:\\\/\\\/ifcfood.com\\\/#website\"},\"datePublished\":\"2023-08-30T09:38:32+00:00\",\"dateModified\":\"2023-08-30T09:38:34+00:00\",\"description\":\"Nous produisons du fromage frais sur mesure en marque priv\u00e9e avec des recettes ad hoc en fonction de vos besoins ou des demandes de la grande distribution.\",\"breadcrumb\":{\"@id\":\"https:\\\/\\\/ifcfood.com\\\/private-label\\\/#breadcrumb\"},\"inLanguage\":\"fr-FR\",\"potentialAction\":[{\"@type\":\"ReadAction\",\"target\":[\"https:\\\/\\\/ifcfood.com\\\/private-label\\\/\"]}]},{\"@type\":\"BreadcrumbList\",\"@id\":\"https:\\\/\\\/ifcfood.com\\\/private-label\\\/#breadcrumb\",\"itemListElement\":[{\"@type\":\"ListItem\",\"position\":1,\"name\":\"Home\",\"item\":\"https:\\\/\\\/ifcfood.com\\\/fr\\\/\"},{\"@type\":\"ListItem\",\"position\":2,\"name\":\"Private-label\"}]},{\"@type\":\"WebSite\",\"@id\":\"https:\\\/\\\/ifcfood.com\\\/#website\",\"url\":\"https:\\\/\\\/ifcfood.com\\\/\",\"name\":\"Italian Food &amp; Cheese\",\"description\":\"Food &amp; Beverage\",\"publisher\":{\"@id\":\"https:\\\/\\\/ifcfood.com\\\/#organization\"},\"potentialAction\":[{\"@type\":\"SearchAction\",\"target\":{\"@type\":\"EntryPoint\",\"urlTemplate\":\"https:\\\/\\\/ifcfood.com\\\/?s={search_term_string}\"},\"query-input\":{\"@type\":\"PropertyValueSpecification\",\"valueRequired\":true,\"valueName\":\"search_term_string\"}}],\"inLanguage\":\"fr-FR\"},{\"@type\":\"Organization\",\"@id\":\"https:\\\/\\\/ifcfood.com\\\/#organization\",\"name\":\"Ifc Italia Food & Cheese\",\"url\":\"https:\\\/\\\/ifcfood.com\\\/\",\"logo\":{\"@type\":\"ImageObject\",\"inLanguage\":\"fr-FR\",\"@id\":\"https:\\\/\\\/ifcfood.com\\\/#\\\/schema\\\/logo\\\/image\\\/\",\"url\":\"https:\\\/\\\/ifcfood.com\\\/wp-content\\\/uploads\\\/2020\\\/07\\\/logo-ifc-2-1.jpg\",\"contentUrl\":\"https:\\\/\\\/ifcfood.com\\\/wp-content\\\/uploads\\\/2020\\\/07\\\/logo-ifc-2-1.jpg\",\"width\":514,\"height\":456,\"caption\":\"Ifc Italia Food & Cheese\"},\"image\":{\"@id\":\"https:\\\/\\\/ifcfood.com\\\/#\\\/schema\\\/logo\\\/image\\\/\"}}]}<\/script>\n<!-- \/ Yoast SEO plugin. -->","yoast_head_json":{"title":"Fromages \u00e0 la cr\u00e8me personnalis\u00e9s Private-label - Italian Food &amp; Cheese","description":"Nous produisons du fromage frais sur mesure en marque priv\u00e9e avec des recettes ad hoc en fonction de vos besoins ou des demandes de la grande distribution.","robots":{"index":"index","follow":"follow","max-snippet":"max-snippet:-1","max-image-preview":"max-image-preview:large","max-video-preview":"max-video-preview:-1"},"canonical":"https:\/\/ifcfood.com\/private-label\/","og_locale":"fr_FR","og_type":"article","og_title":"Fromages \u00e0 la cr\u00e8me personnalis\u00e9s Private-label - Italian Food &amp; Cheese","og_description":"Nous produisons du fromage frais sur mesure en marque priv\u00e9e avec des recettes ad hoc en fonction de vos besoins ou des demandes de la grande distribution.","og_url":"https:\/\/ifcfood.com\/private-label\/","og_site_name":"Italian Food &amp; Cheese","article_modified_time":"2023-08-30T09:38:34+00:00","twitter_card":"summary_large_image","twitter_misc":{"Dur\u00e9e de lecture estim\u00e9e":"4 minutes"},"schema":{"@context":"https:\/\/schema.org","@graph":[{"@type":"WebPage","@id":"https:\/\/ifcfood.com\/private-label\/","url":"https:\/\/ifcfood.com\/private-label\/","name":"Fromages \u00e0 la cr\u00e8me personnalis\u00e9s Private-label - Italian Food &amp; Cheese","isPartOf":{"@id":"https:\/\/ifcfood.com\/#website"},"datePublished":"2023-08-30T09:38:32+00:00","dateModified":"2023-08-30T09:38:34+00:00","description":"Nous produisons du fromage frais sur mesure en marque priv\u00e9e avec des recettes ad hoc en fonction de vos besoins ou des demandes de la grande distribution.","breadcrumb":{"@id":"https:\/\/ifcfood.com\/private-label\/#breadcrumb"},"inLanguage":"fr-FR","potentialAction":[{"@type":"ReadAction","target":["https:\/\/ifcfood.com\/private-label\/"]}]},{"@type":"BreadcrumbList","@id":"https:\/\/ifcfood.com\/private-label\/#breadcrumb","itemListElement":[{"@type":"ListItem","position":1,"name":"Home","item":"https:\/\/ifcfood.com\/fr\/"},{"@type":"ListItem","position":2,"name":"Private-label"}]},{"@type":"WebSite","@id":"https:\/\/ifcfood.com\/#website","url":"https:\/\/ifcfood.com\/","name":"Italian Food &amp; Cheese","description":"Food &amp; Beverage","publisher":{"@id":"https:\/\/ifcfood.com\/#organization"},"potentialAction":[{"@type":"SearchAction","target":{"@type":"EntryPoint","urlTemplate":"https:\/\/ifcfood.com\/?s={search_term_string}"},"query-input":{"@type":"PropertyValueSpecification","valueRequired":true,"valueName":"search_term_string"}}],"inLanguage":"fr-FR"},{"@type":"Organization","@id":"https:\/\/ifcfood.com\/#organization","name":"Ifc Italia Food & Cheese","url":"https:\/\/ifcfood.com\/","logo":{"@type":"ImageObject","inLanguage":"fr-FR","@id":"https:\/\/ifcfood.com\/#\/schema\/logo\/image\/","url":"https:\/\/ifcfood.com\/wp-content\/uploads\/2020\/07\/logo-ifc-2-1.jpg","contentUrl":"https:\/\/ifcfood.com\/wp-content\/uploads\/2020\/07\/logo-ifc-2-1.jpg","width":514,"height":456,"caption":"Ifc Italia Food & Cheese"},"image":{"@id":"https:\/\/ifcfood.com\/#\/schema\/logo\/image\/"}}]}},"_links":{"self":[{"href":"https:\/\/ifcfood.com\/fr\/wp-json\/wp\/v2\/pages\/11540","targetHints":{"allow":["GET"]}}],"collection":[{"href":"https:\/\/ifcfood.com\/fr\/wp-json\/wp\/v2\/pages"}],"about":[{"href":"https:\/\/ifcfood.com\/fr\/wp-json\/wp\/v2\/types\/page"}],"author":[{"embeddable":true,"href":"https:\/\/ifcfood.com\/fr\/wp-json\/wp\/v2\/users\/2"}],"replies":[{"embeddable":true,"href":"https:\/\/ifcfood.com\/fr\/wp-json\/wp\/v2\/comments?post=11540"}],"version-history":[{"count":3,"href":"https:\/\/ifcfood.com\/fr\/wp-json\/wp\/v2\/pages\/11540\/revisions"}],"predecessor-version":[{"id":11543,"href":"https:\/\/ifcfood.com\/fr\/wp-json\/wp\/v2\/pages\/11540\/revisions\/11543"}],"wp:attachment":[{"href":"https:\/\/ifcfood.com\/fr\/wp-json\/wp\/v2\/media?parent=11540"}],"curies":[{"name":"wp","href":"https:\/\/api.w.org\/{rel}","templated":true}]}}