{"id":11527,"date":"2023-08-30T09:25:49","date_gmt":"2023-08-30T09:25:49","guid":{"rendered":"https:\/\/ifcfood.com\/boulettes-de-quinoa-tricolores-avec-creme-aux-5-fromages\/"},"modified":"2023-08-30T09:25:50","modified_gmt":"2023-08-30T09:25:50","slug":"boulettes-de-quinoa-tricolores-avec-creme-aux-5-fromages","status":"publish","type":"page","link":"https:\/\/ifcfood.com\/fr\/boulettes-de-quinoa-tricolores-avec-creme-aux-5-fromages\/","title":{"rendered":"Boulettes de quinoa tricolores avec cr\u00e8me aux 5 fromages"},"content":{"rendered":"<p>[vc_row row_type=\u00a0\u00bbparallax\u00a0\u00bb content_width=\u00a0\u00bbgrid\u00a0\u00bb full_screen_section_height=\u00a0\u00bbno\u00a0\u00bb css=\u00a0\u00bb.vc_custom_1606225681993{margin-top: 40px !important;margin-right: 40px !important;margin-bottom: 40px !important;margin-left: 40px !important;padding-top: 50px !important;background-image: url(https:\/\/ifcfood.com\/wp-content\/uploads\/2020\/11\/fondotelaselezioni-2-2.jpg?id=5176) !important;}\u00a0\u00bb][vc_column width=\u00a0\u00bb1\/2&Prime;][vc_single_image image=\u00a0\u00bb10668&Prime; img_size=\u00a0\u00bbfull\u00a0\u00bb][vc_empty_space height=\u00a0\u00bb40&Prime;][\/vc_column][vc_column width=\u00a0\u00bb1\/2&Prime;]<div class=\"mkd-section-subtitle-holder mkd-section-subtitle-left\" >\n\t<p style=\"text-align: left;\" class=\"mkd-section-subtitle\">INGR\u00c9DIENTS POUR 4 PERSONNES<\/p>\n<\/div>[vc_column_text]<\/p>\n<p id=\"tw-target-text\" class=\"tw-data-text tw-text-large tw-ta\" dir=\"ltr\" data-placeholder=\"Traduzione\"><span class=\"Y2IQFc\" lang=\"fr\" tabindex=\"-1\">200 g de quinoa tricolore<\/span><\/p>\n<p class=\"tw-data-text tw-text-large tw-ta\" dir=\"ltr\" data-placeholder=\"Traduzione\"><span class=\"Y2IQFc\" lang=\"fr\" tabindex=\"-1\">1 paquet de cr\u00e8me Calzetti aux 5 fromages<\/span><\/p>\n<p class=\"tw-data-text tw-text-large tw-ta\" dir=\"ltr\" data-placeholder=\"Traduzione\"><span class=\"Y2IQFc\" lang=\"fr\" tabindex=\"-1\">2 pommes de terre<\/span><\/p>\n<p class=\"tw-data-text tw-text-large tw-ta\" dir=\"ltr\" data-placeholder=\"Traduzione\"><span class=\"Y2IQFc\" lang=\"fr\" tabindex=\"-1\">2 carottes <\/span><\/p>\n<p class=\"tw-data-text tw-text-large tw-ta\" dir=\"ltr\" data-placeholder=\"Traduzione\"><span class=\"Y2IQFc\" lang=\"fr\" tabindex=\"-1\">1 oeuf <\/span><\/p>\n<p class=\"tw-data-text tw-text-large tw-ta\" dir=\"ltr\" data-placeholder=\"Traduzione\"><span class=\"Y2IQFc\" lang=\"fr\" tabindex=\"-1\">100 g de parmesan r\u00e2p\u00e9<\/span><\/p>\n<p class=\"tw-data-text tw-text-large tw-ta\" dir=\"ltr\" data-placeholder=\"Traduzione\"><span class=\"Y2IQFc\" lang=\"fr\" tabindex=\"-1\">Huile d&rsquo;olive vierge extra<\/span><\/p>\n<p class=\"tw-data-text tw-text-large tw-ta\" dir=\"ltr\" data-placeholder=\"Traduzione\"><span class=\"Y2IQFc\" lang=\"fr\" tabindex=\"-1\">Sel<\/span><\/p>\n<p class=\"tw-data-text tw-text-large tw-ta\" dir=\"ltr\" data-placeholder=\"Traduzione\"><span class=\"Y2IQFc\" lang=\"fr\" tabindex=\"-1\"> Poivrer<\/span><\/p>\n<p class=\"tw-data-text tw-text-large tw-ta\" dir=\"ltr\" data-placeholder=\"Traduzione\"><span class=\"Y2IQFc\" lang=\"fr\" tabindex=\"-1\"> Chapelure<\/span><\/p>\n<p>[\/vc_column_text][\/vc_column][\/vc_row][vc_row content_width=\u00a0\u00bbgrid\u00a0\u00bb css=\u00a0\u00bb.vc_custom_1606225761288{margin-top: 40px !important;margin-right: 40px !important;margin-bottom: 40px !important;margin-left: 40px !important;padding-top: 50px !important;background-color: #fefae9 !important;}\u00a0\u00bb][vc_column width=\u00a0\u00bb1\/6&Prime;][vc_single_image image=\u00a0\u00bb10186&Prime; alignment=\u00a0\u00bbcenter\u00a0\u00bb][vc_single_image image=\u00a0\u00bb10453&Prime; img_size=\u00a0\u00bbmedium\u00a0\u00bb alignment=\u00a0\u00bbcenter\u00a0\u00bb][\/vc_column][vc_column width=\u00a0\u00bb5\/6&Prime;][vc_column_text]<\/p>\n<p id=\"tw-target-text\" class=\"tw-data-text tw-text-large tw-ta\" dir=\"ltr\" data-placeholder=\"Traduzione\"><span class=\"Y2IQFc\" lang=\"fr\" tabindex=\"-1\"><strong>Pr\u00e9paration:<\/strong><\/span><\/p>\n<p class=\"tw-data-text tw-text-large tw-ta\" dir=\"ltr\" data-placeholder=\"Traduzione\"><span class=\"Y2IQFc\" lang=\"fr\" tabindex=\"-1\"> Tout d&rsquo;abord, lavons tr\u00e8s bien le quinoa : j&rsquo;ai utilis\u00e9 une passoire fine immerg\u00e9e dans un bol rempli d&rsquo;eau et j&rsquo;ai chang\u00e9 l&rsquo;eau plusieurs fois. Ensuite on cuit le quinoa comme indiqu\u00e9 sur le paquet. Pendant ce temps, \u00e9pluchez et lavez bien les pommes de terre et les carottes et r\u00e2pez-les avec une r\u00e2pe \u00e0 gros trous, mettez-les dans une po\u00eale avec un filet d&rsquo;huile pendant environ 10 minutes, assaisonnez de sel et de poivre et laissez refroidir.<\/span><\/p>\n<p class=\"tw-data-text tw-text-large tw-ta\" dir=\"ltr\" data-placeholder=\"Traduzione\"><span class=\"Y2IQFc\" lang=\"fr\" tabindex=\"-1\">Dans un bol, mettre le quinoa cuit, les l\u00e9gumes, le parmesan, l&rsquo;\u0153uf et assaisonner de sel et de poivre. Si le m\u00e9lange est trop mou, vous pouvez ajouter de la chapelure jusqu&rsquo;\u00e0 obtenir la bonne consistance.<\/span><\/p>\n<p class=\"tw-data-text tw-text-large tw-ta\" dir=\"ltr\" data-placeholder=\"Traduzione\"><span class=\"Y2IQFc\" lang=\"fr\" tabindex=\"-1\">On forme des boules avec nos mains, on forme une petite bassine au milieu o\u00f9 on va mettre une cuill\u00e8re \u00e0 caf\u00e9 de cr\u00e8me aux 5 fromages. Nous fermons la boulette de viande et la passons dans la chapelure.<\/span><\/p>\n<p class=\"tw-data-text tw-text-large tw-ta\" dir=\"ltr\" data-placeholder=\"Traduzione\"><span class=\"Y2IQFc\" lang=\"fr\" tabindex=\"-1\">Nous continuons \u00e0 former des boulettes de viande jusqu&rsquo;\u00e0 ce que le compos\u00e9 soit termin\u00e9. Huiler un plat allant au four et y d\u00e9poser les boulettes de viande. Graissez-les avec de l&rsquo;huile et mettez au four \u00e0 180 pendant environ 20 minutes.<\/span><\/p>\n<p>[\/vc_column_text][vc_empty_space height=\u00a0\u00bb40&Prime;][\/vc_column][\/vc_row][vc_row content_width=\u00a0\u00bbgrid\u00a0\u00bb css=\u00a0\u00bb.vc_custom_1598023203155{padding-bottom: 50px !important;background-image: url(https:\/\/ifcfood.com\/wp-content\/uploads\/2020\/08\/fondotela-2-scaled.jpg?id=4257) !important;}\u00a0\u00bb][vc_column css=\u00a0\u00bb.vc_custom_1597776900768{background-position: center !important;background-repeat: no-repeat !important;background-size: cover !important;}\u00a0\u00bb]<div class=\"mkd-section-title-holder\">\n\t<h2 class=\"mkd-section-title\" style=\"text-align: center\">\n\tIFC BLOG<\/h2>\n<\/div><div class=\"mkd-section-subtitle-holder mkd-section-subtitle-center\" >\n\t<p style=\"text-align: center;\" class=\"mkd-section-subtitle\">Sur notre blog, des id\u00e9es de recettes innovantes avec nos cr\u00e8mes au fromage et des nouveaut\u00e9s sur nos s\u00e9lections de produits A.O.P. et I.G.P.<\/p>\n<\/div>[vc_empty_space height=\u00a0\u00bb50&Prime;]<div class=\"mkd-blog-slider-holder\"  data-posts_to_show=\"3\">\n            <p>No posts were found.<\/p>\n    <\/div>[\/vc_column][\/vc_row]<\/p>\n","protected":false},"excerpt":{"rendered":"<p>[vc_row row_type=\u00a0\u00bbparallax\u00a0\u00bb content_width=\u00a0\u00bbgrid\u00a0\u00bb full_screen_section_height=\u00a0\u00bbno\u00a0\u00bb css=\u00a0\u00bb.vc_custom_1606225681993{margin-top: 40px !important;margin-right: 40px !important;margin-bottom: 40px !important;margin-left: 40px !important;padding-top: 50px !important;background-image: url(https:\/\/ifcfood.com\/wp-content\/uploads\/2020\/11\/fondotelaselezioni-2-2.jpg?id=5176) !important;}\u00a0\u00bb][vc_column width=\u00a0\u00bb1\/2&Prime;][vc_single_image image=\u00a0\u00bb10668&Prime; img_size=\u00a0\u00bbfull\u00a0\u00bb][vc_empty_space height=\u00a0\u00bb40&Prime;][\/vc_column][vc_column width=\u00a0\u00bb1\/2&Prime;][vc_column_text] 200 g de quinoa tricolore 1 paquet de cr\u00e8me Calzetti aux 5 fromages 2 pommes de terre 2 carottes 1 oeuf 100 g&#8230;<\/p>\n","protected":false},"author":4,"featured_media":0,"parent":0,"menu_order":0,"comment_status":"closed","ping_status":"closed","template":"full-width.php","meta":{"footnotes":""},"class_list":["post-11527","page","type-page","status-publish","hentry"],"yoast_head":"<!-- This site is optimized with the Yoast SEO plugin v27.3 - https:\/\/yoast.com\/product\/yoast-seo-wordpress\/ -->\n<title>Ricetta Boulettes de quinoa tricolores avec cr\u00e8me aux 5 fromages - Italian Food &amp; Cheese<\/title>\n<meta name=\"description\" content=\"Recette de Boulettes de quinoa tricolores \u00e0 la cr\u00e8me de fromage Calzetti 5. Id\u00e9es de recettes innovantes avec du fromage \u00e0 la cr\u00e8me.\" \/>\n<meta name=\"robots\" content=\"index, follow, max-snippet:-1, max-image-preview:large, max-video-preview:-1\" \/>\n<link rel=\"canonical\" href=\"https:\/\/ifcfood.com\/polpette-di-quinoa-tricolore-con-crema-ai-5-formaggi\/\" \/>\n<meta property=\"og:locale\" content=\"fr_FR\" \/>\n<meta property=\"og:type\" content=\"article\" \/>\n<meta property=\"og:title\" content=\"Ricetta Boulettes de quinoa tricolores avec cr\u00e8me aux 5 fromages - Italian Food &amp; Cheese\" \/>\n<meta property=\"og:description\" content=\"Recette de Boulettes de quinoa tricolores \u00e0 la cr\u00e8me de fromage Calzetti 5. Id\u00e9es de recettes innovantes avec du fromage \u00e0 la cr\u00e8me.\" \/>\n<meta property=\"og:url\" content=\"https:\/\/ifcfood.com\/polpette-di-quinoa-tricolore-con-crema-ai-5-formaggi\/\" \/>\n<meta property=\"og:site_name\" content=\"Italian Food &amp; Cheese\" \/>\n<meta property=\"article:modified_time\" content=\"2023-08-30T09:25:50+00:00\" \/>\n<meta name=\"twitter:card\" content=\"summary_large_image\" \/>\n<meta name=\"twitter:label1\" content=\"Dur\u00e9e de lecture estim\u00e9e\" \/>\n\t<meta name=\"twitter:data1\" content=\"3 minutes\" \/>\n<script type=\"application\/ld+json\" class=\"yoast-schema-graph\">{\"@context\":\"https:\\\/\\\/schema.org\",\"@graph\":[{\"@type\":\"WebPage\",\"@id\":\"https:\\\/\\\/ifcfood.com\\\/polpette-di-quinoa-tricolore-con-crema-ai-5-formaggi\\\/\",\"url\":\"https:\\\/\\\/ifcfood.com\\\/polpette-di-quinoa-tricolore-con-crema-ai-5-formaggi\\\/\",\"name\":\"Ricetta Boulettes de quinoa tricolores avec cr\u00e8me aux 5 fromages - Italian Food &amp; Cheese\",\"isPartOf\":{\"@id\":\"https:\\\/\\\/ifcfood.com\\\/#website\"},\"datePublished\":\"2023-08-30T09:25:49+00:00\",\"dateModified\":\"2023-08-30T09:25:50+00:00\",\"description\":\"Recette de Boulettes de quinoa tricolores \u00e0 la cr\u00e8me de fromage Calzetti 5. Id\u00e9es de recettes innovantes avec du fromage \u00e0 la cr\u00e8me.\",\"breadcrumb\":{\"@id\":\"https:\\\/\\\/ifcfood.com\\\/polpette-di-quinoa-tricolore-con-crema-ai-5-formaggi\\\/#breadcrumb\"},\"inLanguage\":\"fr-FR\",\"potentialAction\":[{\"@type\":\"ReadAction\",\"target\":[\"https:\\\/\\\/ifcfood.com\\\/polpette-di-quinoa-tricolore-con-crema-ai-5-formaggi\\\/\"]}]},{\"@type\":\"BreadcrumbList\",\"@id\":\"https:\\\/\\\/ifcfood.com\\\/polpette-di-quinoa-tricolore-con-crema-ai-5-formaggi\\\/#breadcrumb\",\"itemListElement\":[{\"@type\":\"ListItem\",\"position\":1,\"name\":\"Home\",\"item\":\"https:\\\/\\\/ifcfood.com\\\/fr\\\/\"},{\"@type\":\"ListItem\",\"position\":2,\"name\":\"Boulettes de quinoa tricolores avec cr\u00e8me aux 5 fromages\"}]},{\"@type\":\"WebSite\",\"@id\":\"https:\\\/\\\/ifcfood.com\\\/#website\",\"url\":\"https:\\\/\\\/ifcfood.com\\\/\",\"name\":\"Italian Food &amp; Cheese\",\"description\":\"Food &amp; Beverage\",\"publisher\":{\"@id\":\"https:\\\/\\\/ifcfood.com\\\/#organization\"},\"potentialAction\":[{\"@type\":\"SearchAction\",\"target\":{\"@type\":\"EntryPoint\",\"urlTemplate\":\"https:\\\/\\\/ifcfood.com\\\/?s={search_term_string}\"},\"query-input\":{\"@type\":\"PropertyValueSpecification\",\"valueRequired\":true,\"valueName\":\"search_term_string\"}}],\"inLanguage\":\"fr-FR\"},{\"@type\":\"Organization\",\"@id\":\"https:\\\/\\\/ifcfood.com\\\/#organization\",\"name\":\"Ifc Italia Food & Cheese\",\"url\":\"https:\\\/\\\/ifcfood.com\\\/\",\"logo\":{\"@type\":\"ImageObject\",\"inLanguage\":\"fr-FR\",\"@id\":\"https:\\\/\\\/ifcfood.com\\\/#\\\/schema\\\/logo\\\/image\\\/\",\"url\":\"https:\\\/\\\/ifcfood.com\\\/wp-content\\\/uploads\\\/2020\\\/07\\\/logo-ifc-2-1.jpg\",\"contentUrl\":\"https:\\\/\\\/ifcfood.com\\\/wp-content\\\/uploads\\\/2020\\\/07\\\/logo-ifc-2-1.jpg\",\"width\":514,\"height\":456,\"caption\":\"Ifc Italia Food & Cheese\"},\"image\":{\"@id\":\"https:\\\/\\\/ifcfood.com\\\/#\\\/schema\\\/logo\\\/image\\\/\"}}]}<\/script>\n<!-- \/ Yoast SEO plugin. -->","yoast_head_json":{"title":"Ricetta Boulettes de quinoa tricolores avec cr\u00e8me aux 5 fromages - Italian Food &amp; Cheese","description":"Recette de Boulettes de quinoa tricolores \u00e0 la cr\u00e8me de fromage Calzetti 5. Id\u00e9es de recettes innovantes avec du fromage \u00e0 la cr\u00e8me.","robots":{"index":"index","follow":"follow","max-snippet":"max-snippet:-1","max-image-preview":"max-image-preview:large","max-video-preview":"max-video-preview:-1"},"canonical":"https:\/\/ifcfood.com\/polpette-di-quinoa-tricolore-con-crema-ai-5-formaggi\/","og_locale":"fr_FR","og_type":"article","og_title":"Ricetta Boulettes de quinoa tricolores avec cr\u00e8me aux 5 fromages - Italian Food &amp; Cheese","og_description":"Recette de Boulettes de quinoa tricolores \u00e0 la cr\u00e8me de fromage Calzetti 5. Id\u00e9es de recettes innovantes avec du fromage \u00e0 la cr\u00e8me.","og_url":"https:\/\/ifcfood.com\/polpette-di-quinoa-tricolore-con-crema-ai-5-formaggi\/","og_site_name":"Italian Food &amp; Cheese","article_modified_time":"2023-08-30T09:25:50+00:00","twitter_card":"summary_large_image","twitter_misc":{"Dur\u00e9e de lecture estim\u00e9e":"3 minutes"},"schema":{"@context":"https:\/\/schema.org","@graph":[{"@type":"WebPage","@id":"https:\/\/ifcfood.com\/polpette-di-quinoa-tricolore-con-crema-ai-5-formaggi\/","url":"https:\/\/ifcfood.com\/polpette-di-quinoa-tricolore-con-crema-ai-5-formaggi\/","name":"Ricetta Boulettes de quinoa tricolores avec cr\u00e8me aux 5 fromages - Italian Food &amp; Cheese","isPartOf":{"@id":"https:\/\/ifcfood.com\/#website"},"datePublished":"2023-08-30T09:25:49+00:00","dateModified":"2023-08-30T09:25:50+00:00","description":"Recette de Boulettes de quinoa tricolores \u00e0 la cr\u00e8me de fromage Calzetti 5. Id\u00e9es de recettes innovantes avec du fromage \u00e0 la cr\u00e8me.","breadcrumb":{"@id":"https:\/\/ifcfood.com\/polpette-di-quinoa-tricolore-con-crema-ai-5-formaggi\/#breadcrumb"},"inLanguage":"fr-FR","potentialAction":[{"@type":"ReadAction","target":["https:\/\/ifcfood.com\/polpette-di-quinoa-tricolore-con-crema-ai-5-formaggi\/"]}]},{"@type":"BreadcrumbList","@id":"https:\/\/ifcfood.com\/polpette-di-quinoa-tricolore-con-crema-ai-5-formaggi\/#breadcrumb","itemListElement":[{"@type":"ListItem","position":1,"name":"Home","item":"https:\/\/ifcfood.com\/fr\/"},{"@type":"ListItem","position":2,"name":"Boulettes de quinoa tricolores avec cr\u00e8me aux 5 fromages"}]},{"@type":"WebSite","@id":"https:\/\/ifcfood.com\/#website","url":"https:\/\/ifcfood.com\/","name":"Italian Food &amp; Cheese","description":"Food &amp; Beverage","publisher":{"@id":"https:\/\/ifcfood.com\/#organization"},"potentialAction":[{"@type":"SearchAction","target":{"@type":"EntryPoint","urlTemplate":"https:\/\/ifcfood.com\/?s={search_term_string}"},"query-input":{"@type":"PropertyValueSpecification","valueRequired":true,"valueName":"search_term_string"}}],"inLanguage":"fr-FR"},{"@type":"Organization","@id":"https:\/\/ifcfood.com\/#organization","name":"Ifc Italia Food & Cheese","url":"https:\/\/ifcfood.com\/","logo":{"@type":"ImageObject","inLanguage":"fr-FR","@id":"https:\/\/ifcfood.com\/#\/schema\/logo\/image\/","url":"https:\/\/ifcfood.com\/wp-content\/uploads\/2020\/07\/logo-ifc-2-1.jpg","contentUrl":"https:\/\/ifcfood.com\/wp-content\/uploads\/2020\/07\/logo-ifc-2-1.jpg","width":514,"height":456,"caption":"Ifc Italia Food & Cheese"},"image":{"@id":"https:\/\/ifcfood.com\/#\/schema\/logo\/image\/"}}]}},"_links":{"self":[{"href":"https:\/\/ifcfood.com\/fr\/wp-json\/wp\/v2\/pages\/11527","targetHints":{"allow":["GET"]}}],"collection":[{"href":"https:\/\/ifcfood.com\/fr\/wp-json\/wp\/v2\/pages"}],"about":[{"href":"https:\/\/ifcfood.com\/fr\/wp-json\/wp\/v2\/types\/page"}],"author":[{"embeddable":true,"href":"https:\/\/ifcfood.com\/fr\/wp-json\/wp\/v2\/users\/4"}],"replies":[{"embeddable":true,"href":"https:\/\/ifcfood.com\/fr\/wp-json\/wp\/v2\/comments?post=11527"}],"version-history":[{"count":3,"href":"https:\/\/ifcfood.com\/fr\/wp-json\/wp\/v2\/pages\/11527\/revisions"}],"predecessor-version":[{"id":11530,"href":"https:\/\/ifcfood.com\/fr\/wp-json\/wp\/v2\/pages\/11527\/revisions\/11530"}],"wp:attachment":[{"href":"https:\/\/ifcfood.com\/fr\/wp-json\/wp\/v2\/media?parent=11527"}],"curies":[{"name":"wp","href":"https:\/\/api.w.org\/{rel}","templated":true}]}}