{"id":11523,"date":"2023-08-30T09:22:37","date_gmt":"2023-08-30T09:22:37","guid":{"rendered":"https:\/\/ifcfood.com\/pizza-aux-courgettes-et-oignons-de-tropea-avec-creme-au-gorgonzola-aop\/"},"modified":"2023-08-30T09:22:37","modified_gmt":"2023-08-30T09:22:37","slug":"pizza-aux-courgettes-et-oignons-de-tropea-avec-creme-au-gorgonzola-aop","status":"publish","type":"page","link":"https:\/\/ifcfood.com\/fr\/pizza-aux-courgettes-et-oignons-de-tropea-avec-creme-au-gorgonzola-aop\/","title":{"rendered":"Pizza aux courgettes et oignons de Tropea avec cr\u00e8me au Gorgonzola AOP"},"content":{"rendered":"<p>[vc_row row_type=\u00a0\u00bbparallax\u00a0\u00bb content_width=\u00a0\u00bbgrid\u00a0\u00bb full_screen_section_height=\u00a0\u00bbno\u00a0\u00bb css=\u00a0\u00bb.vc_custom_1606225681993{margin-top: 40px !important;margin-right: 40px !important;margin-bottom: 40px !important;margin-left: 40px !important;padding-top: 50px !important;background-image: url(https:\/\/ifcfood.com\/wp-content\/uploads\/2020\/11\/fondotelaselezioni-2-2.jpg?id=5176) !important;}\u00a0\u00bb][vc_column width=\u00a0\u00bb1\/2&Prime;][vc_single_image image=\u00a0\u00bb10854&Prime; img_size=\u00a0\u00bbfull\u00a0\u00bb][vc_empty_space height=\u00a0\u00bb40&Prime;][\/vc_column][vc_column width=\u00a0\u00bb1\/2&Prime;]<div class=\"mkd-section-subtitle-holder mkd-section-subtitle-left\" >\n\t<p style=\"text-align: left;\" class=\"mkd-section-subtitle\">INGR\u00c9DIENTS :<\/p>\n<\/div>[vc_column_text]<\/p>\n<p id=\"tw-target-text\" class=\"tw-data-text tw-text-large tw-ta\" dir=\"ltr\" data-placeholder=\"Traduzione\"><span class=\"Y2IQFc\" lang=\"fr\" tabindex=\"-1\">pour les p\u00e2tes :<\/span><\/p>\n<p class=\"tw-data-text tw-text-large tw-ta\" dir=\"ltr\" data-placeholder=\"Traduzione\"><span class=\"Y2IQFc\" lang=\"fr\" tabindex=\"-1\">&#8211; 500 g de farine 00 (ou farine manitoba)<\/span><\/p>\n<p class=\"tw-data-text tw-text-large tw-ta\" dir=\"ltr\" data-placeholder=\"Traduzione\"><span class=\"Y2IQFc\" lang=\"fr\" tabindex=\"-1\">&#8211; 25 g de levure de bi\u00e8re fra\u00eeche (ou 7 g de levure s\u00e8che) <\/span><\/p>\n<p class=\"tw-data-text tw-text-large tw-ta\" dir=\"ltr\" data-placeholder=\"Traduzione\"><span class=\"Y2IQFc\" lang=\"fr\" tabindex=\"-1\">&#8211; 1 cuill\u00e8re \u00e0 caf\u00e9 de Sucre <\/span><\/p>\n<p class=\"tw-data-text tw-text-large tw-ta\" dir=\"ltr\" data-placeholder=\"Traduzione\"><span class=\"Y2IQFc\" lang=\"fr\" tabindex=\"-1\">&#8211; 300 ml d&rsquo;eau ti\u00e8de<\/span><\/p>\n<p class=\"tw-data-text tw-text-large tw-ta\" dir=\"ltr\" data-placeholder=\"Traduzione\"><span class=\"Y2IQFc\" lang=\"fr\" tabindex=\"-1\">&#8211; 1 cuill\u00e8re \u00e0 caf\u00e9 de sel<\/span><\/p>\n<p class=\"tw-data-text tw-text-large tw-ta\" dir=\"ltr\" data-placeholder=\"Traduzione\"><span class=\"Y2IQFc\" lang=\"fr\" tabindex=\"-1\">pour garnir:<\/span><\/p>\n<p class=\"tw-data-text tw-text-large tw-ta\" dir=\"ltr\" data-placeholder=\"Traduzione\"><span class=\"Y2IQFc\" lang=\"fr\" tabindex=\"-1\">-1 fiordilatte mozzarella<\/span><\/p>\n<p class=\"tw-data-text tw-text-large tw-ta\" dir=\"ltr\" data-placeholder=\"Traduzione\"><span class=\"Y2IQFc\" lang=\"fr\" tabindex=\"-1\">&#8211; 1 courgette <\/span><\/p>\n<p class=\"tw-data-text tw-text-large tw-ta\" dir=\"ltr\" data-placeholder=\"Traduzione\"><span class=\"Y2IQFc\" lang=\"fr\" tabindex=\"-1\">&#8211; 1 pot de cr\u00e8me Gorgonzola AOP Calzetti<\/span><\/p>\n<p class=\"tw-data-text tw-text-large tw-ta\" dir=\"ltr\" data-placeholder=\"Traduzione\"><span class=\"Y2IQFc\" lang=\"fr\" tabindex=\"-1\">&#8211; 1 oignon trop\u00e9a<\/span><\/p>\n<p>[\/vc_column_text][\/vc_column][\/vc_row][vc_row content_width=\u00a0\u00bbgrid\u00a0\u00bb css=\u00a0\u00bb.vc_custom_1606225761288{margin-top: 40px !important;margin-right: 40px !important;margin-bottom: 40px !important;margin-left: 40px !important;padding-top: 50px !important;background-color: #fefae9 !important;}\u00a0\u00bb][vc_column width=\u00a0\u00bb1\/6&Prime;][vc_single_image image=\u00a0\u00bb10186&Prime; alignment=\u00a0\u00bbcenter\u00a0\u00bb][vc_single_image image=\u00a0\u00bb10453&Prime; img_size=\u00a0\u00bbmedium\u00a0\u00bb alignment=\u00a0\u00bbcenter\u00a0\u00bb][\/vc_column][vc_column width=\u00a0\u00bb5\/6&Prime;][vc_column_text]<\/p>\n<p id=\"tw-target-text\" class=\"tw-data-text tw-text-large tw-ta\" dir=\"ltr\" data-placeholder=\"Traduzione\"><span class=\"Y2IQFc\" lang=\"fr\" tabindex=\"-1\"><strong>Pr\u00e9paration:<\/strong><\/span><\/p>\n<p class=\"tw-data-text tw-text-large tw-ta\" dir=\"ltr\" data-placeholder=\"Traduzione\"><span class=\"Y2IQFc\" lang=\"fr\" tabindex=\"-1\"> Tout d\u2019abord, dissolvez la <strong>levure<\/strong> dans de l\u2019<strong>eau ti\u00e8de<\/strong> dans un bol.<\/span><\/p>\n<p class=\"tw-data-text tw-text-large tw-ta\" dir=\"ltr\" data-placeholder=\"Traduzione\"><span class=\"Y2IQFc\" lang=\"fr\" tabindex=\"-1\">Nous mettons la <strong>farine<\/strong> sur la planche \u00e0 p\u00e2tisserie et cr\u00e9ons un trou au milieu, pour former la fontaine classique.<\/span><\/p>\n<p class=\"tw-data-text tw-text-large tw-ta\" dir=\"ltr\" data-placeholder=\"Traduzione\"><span class=\"Y2IQFc\" lang=\"fr\" tabindex=\"-1\">Versez l&rsquo;<strong>eau avec la levure dissoute<\/strong> et l&rsquo;<strong>huile<\/strong> au centre. Nous saupoudrons le <strong>sel<\/strong> sur la farine.<\/span><\/p>\n<p class=\"tw-data-text tw-text-large tw-ta\" dir=\"ltr\" data-placeholder=\"Traduzione\"><span class=\"Y2IQFc\" lang=\"fr\" tabindex=\"-1\">Nous ramenons la farine vers l&rsquo;int\u00e9rieur jusqu&rsquo;\u00e0 ce qu&rsquo;elle soit enti\u00e8rement incorpor\u00e9e, en p\u00e9trissant avec nos doigts. Lorsque tout est amalgam\u00e9, travaillez la p\u00e2te jusqu&rsquo;\u00e0 obtenir une p\u00e2te ferme et mall\u00e9able.<\/span><\/p>\n<p class=\"tw-data-text tw-text-large tw-ta\" dir=\"ltr\" data-placeholder=\"Traduzione\"><span class=\"Y2IQFc\" lang=\"fr\" tabindex=\"-1\">Formez une boule et mettez-la dans un bol avec de la farine au fond, couvrez ou mettez-la au four ferm\u00e9 avec la lumi\u00e8re allum\u00e9e et <strong>laissez-la lever pendant au moins 3\/4 heures ou en tout cas jusqu&rsquo;\u00e0 ce qu&rsquo;elle ait doubl\u00e9 de volume.<\/strong><\/span><\/p>\n<p class=\"tw-data-text tw-text-large tw-ta\" dir=\"ltr\" data-placeholder=\"Traduzione\"><span class=\"Y2IQFc\" lang=\"fr\" tabindex=\"-1\"> R\u00e2pez les courgettes et laissez-les revenir dans la po\u00eale une dizaine de minutes. \u00c9talez la p\u00e2te sur une plaque \u00e0 p\u00e2tisserie l\u00e9g\u00e8rement huil\u00e9e, \u00e9talez les d\u00e9s de mozzarella sur la surface de la p\u00e2te, ajoutez les courgettes et l&rsquo;oignon tropea \u00e9minc\u00e9, et recouvrez de cr\u00e8me de gorgonzola AOP, positionn\u00e9e \u00e0 plusieurs endroits avec une cuill\u00e8re \u00e0 caf\u00e9. Une fois cuite, la cr\u00e8me fondra tr\u00e8s bien et se m\u00e9langera \u00e0 toutes les autres saveurs.<\/span><\/p>\n<p class=\"tw-data-text tw-text-large tw-ta\" dir=\"ltr\" data-placeholder=\"Traduzione\"><span class=\"Y2IQFc\" lang=\"fr\" tabindex=\"-1\">Au four \u00e0 250\u00b0 en mode statique pendant environ 10 minutes sur la grille du bas, puis on le d\u00e9place encore 5\/6 minutes, ou en tout cas jusqu&rsquo;\u00e0 ce qu&rsquo;il soit dor\u00e9, sur la grille centrale du four.<\/span><\/p>\n<p>[\/vc_column_text][vc_empty_space height=\u00a0\u00bb40&Prime;][\/vc_column][\/vc_row]<\/p>\n","protected":false},"excerpt":{"rendered":"<p>[vc_row row_type=\u00a0\u00bbparallax\u00a0\u00bb content_width=\u00a0\u00bbgrid\u00a0\u00bb full_screen_section_height=\u00a0\u00bbno\u00a0\u00bb css=\u00a0\u00bb.vc_custom_1606225681993{margin-top: 40px !important;margin-right: 40px !important;margin-bottom: 40px !important;margin-left: 40px !important;padding-top: 50px !important;background-image: url(https:\/\/ifcfood.com\/wp-content\/uploads\/2020\/11\/fondotelaselezioni-2-2.jpg?id=5176) !important;}\u00a0\u00bb][vc_column width=\u00a0\u00bb1\/2&Prime;][vc_single_image image=\u00a0\u00bb10854&Prime; img_size=\u00a0\u00bbfull\u00a0\u00bb][vc_empty_space height=\u00a0\u00bb40&Prime;][\/vc_column][vc_column width=\u00a0\u00bb1\/2&Prime;][vc_column_text] pour les p\u00e2tes : &#8211; 500 g de farine 00 (ou farine manitoba) &#8211; 25 g de levure de bi\u00e8re fra\u00eeche (ou 7&#8230;<\/p>\n","protected":false},"author":4,"featured_media":0,"parent":0,"menu_order":0,"comment_status":"closed","ping_status":"closed","template":"full-width.php","meta":{"footnotes":""},"class_list":["post-11523","page","type-page","status-publish","hentry"],"yoast_head":"<!-- This site is optimized with the Yoast SEO plugin v27.4 - https:\/\/yoast.com\/product\/yoast-seo-wordpress\/ -->\n<title>Pizza aux courgettes et oignons de Tropea avec cr\u00e8me au Gorgonzola AOP - Italian Food &amp; Cheese<\/title>\n<meta name=\"robots\" content=\"index, follow, max-snippet:-1, max-image-preview:large, max-video-preview:-1\" \/>\n<link rel=\"canonical\" href=\"https:\/\/ifcfood.com\/pizza-zucchine-cipolla-di-tropea-con-crema-di-gorgonzola\/\" \/>\n<meta property=\"og:locale\" content=\"fr_FR\" \/>\n<meta property=\"og:type\" content=\"article\" \/>\n<meta property=\"og:title\" content=\"Pizza aux courgettes et oignons de Tropea avec cr\u00e8me au Gorgonzola AOP - Italian Food &amp; Cheese\" \/>\n<meta property=\"og:description\" content=\"[vc_row row_type=\u00a0\u00bbparallax\u00a0\u00bb content_width=\u00a0\u00bbgrid\u00a0\u00bb full_screen_section_height=\u00a0\u00bbno\u00a0\u00bb css=\u00a0\u00bb.vc_custom_1606225681993{margin-top: 40px !important;margin-right: 40px !important;margin-bottom: 40px !important;margin-left: 40px !important;padding-top: 50px !important;background-image: url(https:\/\/ifcfood.com\/wp-content\/uploads\/2020\/11\/fondotelaselezioni-2-2.jpg?id=5176) !important;}\u00a0\u00bb][vc_column width=\u00a0\u00bb1\/2&Prime;][vc_single_image image=\u00a0\u00bb10854&Prime; img_size=\u00a0\u00bbfull\u00a0\u00bb][vc_empty_space height=\u00a0\u00bb40&Prime;][\/vc_column][vc_column width=\u00a0\u00bb1\/2&Prime;][vc_column_text] pour les p\u00e2tes : &#8211; 500 g de farine 00 (ou farine manitoba) &#8211; 25 g de levure de bi\u00e8re fra\u00eeche (ou 7...\" \/>\n<meta property=\"og:url\" content=\"https:\/\/ifcfood.com\/pizza-zucchine-cipolla-di-tropea-con-crema-di-gorgonzola\/\" \/>\n<meta property=\"og:site_name\" content=\"Italian Food &amp; Cheese\" \/>\n<meta name=\"twitter:card\" content=\"summary_large_image\" \/>\n<meta name=\"twitter:label1\" content=\"Dur\u00e9e de lecture estim\u00e9e\" \/>\n\t<meta name=\"twitter:data1\" content=\"2 minutes\" \/>\n<script type=\"application\/ld+json\" class=\"yoast-schema-graph\">{\"@context\":\"https:\\\/\\\/schema.org\",\"@graph\":[{\"@type\":\"WebPage\",\"@id\":\"https:\\\/\\\/ifcfood.com\\\/pizza-zucchine-cipolla-di-tropea-con-crema-di-gorgonzola\\\/\",\"url\":\"https:\\\/\\\/ifcfood.com\\\/pizza-zucchine-cipolla-di-tropea-con-crema-di-gorgonzola\\\/\",\"name\":\"Pizza aux courgettes et oignons de Tropea avec cr\u00e8me au Gorgonzola AOP - Italian Food &amp; Cheese\",\"isPartOf\":{\"@id\":\"https:\\\/\\\/ifcfood.com\\\/#website\"},\"datePublished\":\"2023-08-30T09:22:37+00:00\",\"breadcrumb\":{\"@id\":\"https:\\\/\\\/ifcfood.com\\\/pizza-zucchine-cipolla-di-tropea-con-crema-di-gorgonzola\\\/#breadcrumb\"},\"inLanguage\":\"fr-FR\",\"potentialAction\":[{\"@type\":\"ReadAction\",\"target\":[\"https:\\\/\\\/ifcfood.com\\\/pizza-zucchine-cipolla-di-tropea-con-crema-di-gorgonzola\\\/\"]}]},{\"@type\":\"BreadcrumbList\",\"@id\":\"https:\\\/\\\/ifcfood.com\\\/pizza-zucchine-cipolla-di-tropea-con-crema-di-gorgonzola\\\/#breadcrumb\",\"itemListElement\":[{\"@type\":\"ListItem\",\"position\":1,\"name\":\"Home\",\"item\":\"https:\\\/\\\/ifcfood.com\\\/fr\\\/\"},{\"@type\":\"ListItem\",\"position\":2,\"name\":\"Pizza aux courgettes et oignons de Tropea avec cr\u00e8me au Gorgonzola AOP\"}]},{\"@type\":\"WebSite\",\"@id\":\"https:\\\/\\\/ifcfood.com\\\/#website\",\"url\":\"https:\\\/\\\/ifcfood.com\\\/\",\"name\":\"Italian Food &amp; Cheese\",\"description\":\"Food &amp; Beverage\",\"publisher\":{\"@id\":\"https:\\\/\\\/ifcfood.com\\\/#organization\"},\"potentialAction\":[{\"@type\":\"SearchAction\",\"target\":{\"@type\":\"EntryPoint\",\"urlTemplate\":\"https:\\\/\\\/ifcfood.com\\\/?s={search_term_string}\"},\"query-input\":{\"@type\":\"PropertyValueSpecification\",\"valueRequired\":true,\"valueName\":\"search_term_string\"}}],\"inLanguage\":\"fr-FR\"},{\"@type\":\"Organization\",\"@id\":\"https:\\\/\\\/ifcfood.com\\\/#organization\",\"name\":\"Ifc Italia Food & Cheese\",\"url\":\"https:\\\/\\\/ifcfood.com\\\/\",\"logo\":{\"@type\":\"ImageObject\",\"inLanguage\":\"fr-FR\",\"@id\":\"https:\\\/\\\/ifcfood.com\\\/#\\\/schema\\\/logo\\\/image\\\/\",\"url\":\"https:\\\/\\\/ifcfood.com\\\/wp-content\\\/uploads\\\/2020\\\/07\\\/logo-ifc-2-1.jpg\",\"contentUrl\":\"https:\\\/\\\/ifcfood.com\\\/wp-content\\\/uploads\\\/2020\\\/07\\\/logo-ifc-2-1.jpg\",\"width\":514,\"height\":456,\"caption\":\"Ifc Italia Food & Cheese\"},\"image\":{\"@id\":\"https:\\\/\\\/ifcfood.com\\\/#\\\/schema\\\/logo\\\/image\\\/\"}}]}<\/script>\n<!-- \/ Yoast SEO plugin. -->","yoast_head_json":{"title":"Pizza aux courgettes et oignons de Tropea avec cr\u00e8me au Gorgonzola AOP - Italian Food &amp; Cheese","robots":{"index":"index","follow":"follow","max-snippet":"max-snippet:-1","max-image-preview":"max-image-preview:large","max-video-preview":"max-video-preview:-1"},"canonical":"https:\/\/ifcfood.com\/pizza-zucchine-cipolla-di-tropea-con-crema-di-gorgonzola\/","og_locale":"fr_FR","og_type":"article","og_title":"Pizza aux courgettes et oignons de Tropea avec cr\u00e8me au Gorgonzola AOP - Italian Food &amp; Cheese","og_description":"[vc_row row_type=\u00a0\u00bbparallax\u00a0\u00bb content_width=\u00a0\u00bbgrid\u00a0\u00bb full_screen_section_height=\u00a0\u00bbno\u00a0\u00bb css=\u00a0\u00bb.vc_custom_1606225681993{margin-top: 40px !important;margin-right: 40px !important;margin-bottom: 40px !important;margin-left: 40px !important;padding-top: 50px !important;background-image: url(https:\/\/ifcfood.com\/wp-content\/uploads\/2020\/11\/fondotelaselezioni-2-2.jpg?id=5176) !important;}\u00a0\u00bb][vc_column width=\u00a0\u00bb1\/2&Prime;][vc_single_image image=\u00a0\u00bb10854&Prime; img_size=\u00a0\u00bbfull\u00a0\u00bb][vc_empty_space height=\u00a0\u00bb40&Prime;][\/vc_column][vc_column width=\u00a0\u00bb1\/2&Prime;][vc_column_text] pour les p\u00e2tes : &#8211; 500 g de farine 00 (ou farine manitoba) &#8211; 25 g de levure de bi\u00e8re fra\u00eeche (ou 7...","og_url":"https:\/\/ifcfood.com\/pizza-zucchine-cipolla-di-tropea-con-crema-di-gorgonzola\/","og_site_name":"Italian Food &amp; Cheese","twitter_card":"summary_large_image","twitter_misc":{"Dur\u00e9e de lecture estim\u00e9e":"2 minutes"},"schema":{"@context":"https:\/\/schema.org","@graph":[{"@type":"WebPage","@id":"https:\/\/ifcfood.com\/pizza-zucchine-cipolla-di-tropea-con-crema-di-gorgonzola\/","url":"https:\/\/ifcfood.com\/pizza-zucchine-cipolla-di-tropea-con-crema-di-gorgonzola\/","name":"Pizza aux courgettes et oignons de Tropea avec cr\u00e8me au Gorgonzola AOP - Italian Food &amp; Cheese","isPartOf":{"@id":"https:\/\/ifcfood.com\/#website"},"datePublished":"2023-08-30T09:22:37+00:00","breadcrumb":{"@id":"https:\/\/ifcfood.com\/pizza-zucchine-cipolla-di-tropea-con-crema-di-gorgonzola\/#breadcrumb"},"inLanguage":"fr-FR","potentialAction":[{"@type":"ReadAction","target":["https:\/\/ifcfood.com\/pizza-zucchine-cipolla-di-tropea-con-crema-di-gorgonzola\/"]}]},{"@type":"BreadcrumbList","@id":"https:\/\/ifcfood.com\/pizza-zucchine-cipolla-di-tropea-con-crema-di-gorgonzola\/#breadcrumb","itemListElement":[{"@type":"ListItem","position":1,"name":"Home","item":"https:\/\/ifcfood.com\/fr\/"},{"@type":"ListItem","position":2,"name":"Pizza aux courgettes et oignons de Tropea avec cr\u00e8me au Gorgonzola AOP"}]},{"@type":"WebSite","@id":"https:\/\/ifcfood.com\/#website","url":"https:\/\/ifcfood.com\/","name":"Italian Food &amp; Cheese","description":"Food &amp; Beverage","publisher":{"@id":"https:\/\/ifcfood.com\/#organization"},"potentialAction":[{"@type":"SearchAction","target":{"@type":"EntryPoint","urlTemplate":"https:\/\/ifcfood.com\/?s={search_term_string}"},"query-input":{"@type":"PropertyValueSpecification","valueRequired":true,"valueName":"search_term_string"}}],"inLanguage":"fr-FR"},{"@type":"Organization","@id":"https:\/\/ifcfood.com\/#organization","name":"Ifc Italia Food & Cheese","url":"https:\/\/ifcfood.com\/","logo":{"@type":"ImageObject","inLanguage":"fr-FR","@id":"https:\/\/ifcfood.com\/#\/schema\/logo\/image\/","url":"https:\/\/ifcfood.com\/wp-content\/uploads\/2020\/07\/logo-ifc-2-1.jpg","contentUrl":"https:\/\/ifcfood.com\/wp-content\/uploads\/2020\/07\/logo-ifc-2-1.jpg","width":514,"height":456,"caption":"Ifc Italia Food & Cheese"},"image":{"@id":"https:\/\/ifcfood.com\/#\/schema\/logo\/image\/"}}]}},"_links":{"self":[{"href":"https:\/\/ifcfood.com\/fr\/wp-json\/wp\/v2\/pages\/11523","targetHints":{"allow":["GET"]}}],"collection":[{"href":"https:\/\/ifcfood.com\/fr\/wp-json\/wp\/v2\/pages"}],"about":[{"href":"https:\/\/ifcfood.com\/fr\/wp-json\/wp\/v2\/types\/page"}],"author":[{"embeddable":true,"href":"https:\/\/ifcfood.com\/fr\/wp-json\/wp\/v2\/users\/4"}],"replies":[{"embeddable":true,"href":"https:\/\/ifcfood.com\/fr\/wp-json\/wp\/v2\/comments?post=11523"}],"version-history":[{"count":3,"href":"https:\/\/ifcfood.com\/fr\/wp-json\/wp\/v2\/pages\/11523\/revisions"}],"predecessor-version":[{"id":11526,"href":"https:\/\/ifcfood.com\/fr\/wp-json\/wp\/v2\/pages\/11523\/revisions\/11526"}],"wp:attachment":[{"href":"https:\/\/ifcfood.com\/fr\/wp-json\/wp\/v2\/media?parent=11523"}],"curies":[{"name":"wp","href":"https:\/\/api.w.org\/{rel}","templated":true}]}}