{"id":11477,"date":"2023-08-30T07:39:20","date_gmt":"2023-08-30T07:39:20","guid":{"rendered":"https:\/\/ifcfood.com\/nos-marques\/"},"modified":"2023-08-31T08:44:56","modified_gmt":"2023-08-31T08:44:56","slug":"nos-marques","status":"publish","type":"page","link":"https:\/\/ifcfood.com\/fr\/nos-marques\/","title":{"rendered":"Nos marques"},"content":{"rendered":"<p>[vc_row content_width=\u00a0\u00bbgrid\u00a0\u00bb][vc_column css=\u00a0\u00bb.vc_custom_1603884349044{margin-top: 90px !important;margin-bottom: 0px !important;}\u00a0\u00bb][vc_column_text css=\u00a0\u00bb.vc_custom_1615982910199{margin-right: 80px !important;margin-left: 80px !important;}\u00a0\u00bb]<\/p>\n<h4 id=\"tw-target-text\" class=\"tw-data-text tw-text-large tw-ta\" dir=\"ltr\" style=\"text-align: center;\" data-placeholder=\"Traduzione\"><span class=\"Y2IQFc\" lang=\"fr\" tabindex=\"-1\">Pour satisfaire tous les besoins de nos partenaires, nous proposons les fromages \u00e0 la cr\u00e8me dans les deux marques corporatives:<\/span><\/h4>\n<p>[\/vc_column_text][\/vc_column][\/vc_row][vc_row content_width=\u00a0\u00bbgrid\u00a0\u00bb css=\u00a0\u00bb.vc_custom_1597401195425{padding-top: 110px !important;padding-bottom: 60px !important;}\u00a0\u00bb][vc_column offset=\u00a0\u00bbvc_col-lg-6&Prime;][vc_single_image image=\u00a0\u00bb10678&Prime; img_size=\u00a0\u00bbmedium\u00a0\u00bb alignment=\u00a0\u00bbcenter\u00a0\u00bb css_animation=\u00a0\u00bbfadeInLeft\u00a0\u00bb][\/vc_column][vc_column offset=\u00a0\u00bbvc_col-lg-6&Prime;][vc_single_image image=\u00a0\u00bb10040&Prime; img_size=\u00a0\u00bbfull\u00a0\u00bb css_animation=\u00a0\u00bbfadeInLeft\u00a0\u00bb][\/vc_column][\/vc_row][vc_row content_width=\u00a0\u00bbgrid\u00a0\u00bb][vc_column css=\u00a0\u00bb.vc_custom_1603884374174{margin-top: 30px !important;margin-bottom: 90px !important;}\u00a0\u00bb][vc_column_text css=\u00a0\u00bb.vc_custom_1603884311599{margin-right: 80px !important;margin-left: 80px !important;}\u00a0\u00bb]<\/p>\n<p id=\"tw-target-text\" class=\"tw-data-text tw-text-large tw-ta\" dir=\"ltr\" style=\"text-align: center;\" data-placeholder=\"Traduzione\"><span class=\"Y2IQFc\" lang=\"fr\" tabindex=\"-1\">Disponible en formats 125 g pour les points de vente, 1000 g pour Ho.re.ca. et 5000 gr pour l&rsquo;industrie.<\/span><\/p>\n<p class=\"tw-data-text tw-text-large tw-ta\" dir=\"ltr\" style=\"text-align: center;\" data-placeholder=\"Traduzione\"><strong><span class=\"Y2IQFc\" lang=\"fr\" tabindex=\"-1\">Notre structure de production \u00e9quip\u00e9e nous permet de proposer toutes les r\u00e9f\u00e9rences \u00e9galement aux pl des cha\u00eenes de distribution les plus importantes dont nous sommes des fournisseurs de confiance.<\/span><\/strong><\/p>\n<p>[\/vc_column_text][\/vc_column][\/vc_row][vc_row content_width=\u00a0\u00bbgrid\u00a0\u00bb css=\u00a0\u00bb.vc_custom_1598029708369{background-position: 0 0 !important;background-repeat: no-repeat !important;}\u00a0\u00bb][vc_column width=\u00a0\u00bb1\/2&Prime;][vc_row_inner content_aligment=\u00a0\u00bbcenter\u00a0\u00bb css=\u00a0\u00bb.vc_custom_1603894690475{background-position: 0 0 !important;background-repeat: no-repeat !important;}\u00a0\u00bb][vc_column_inner css=\u00a0\u00bb.vc_custom_1603893069579{margin-bottom: 80px !important;}\u00a0\u00bb][vc_single_image image=\u00a0\u00bb10680&Prime; img_size=\u00a0\u00bbfull\u00a0\u00bb alignment=\u00a0\u00bbcenter\u00a0\u00bb][vc_empty_space height=\u00a0\u00bb50&Prime;]<a href=\"https:\/\/ifcfood.com\/creme-formaggio-dop\/\" target=\"_self\" style=\"color: #ffffff\" class=\"mkd-btn mkd-btn-small mkd-btn-solid mkd-btn-custom-hover-color mkd-btn-hover-outline\" data-hover-color=\"#ffffff\" >\n\t\t<span class=\"mkd-btn-text\">ALLER AUX PRODUITS<\/span>\n\t\n\t\t\t<span class=\"mkd-btn-helper\" ><\/span>\n\t<\/a>[\/vc_column_inner][\/vc_row_inner][\/vc_column][vc_column width=\u00a0\u00bb1\/2&Prime;][vc_row_inner content_aligment=\u00a0\u00bbcenter\u00a0\u00bb][vc_column_inner css=\u00a0\u00bb.vc_custom_1603893038786{margin-bottom: 80px !important;}\u00a0\u00bb][vc_single_image image=\u00a0\u00bb10800&Prime; img_size=\u00a0\u00bbfull\u00a0\u00bb alignment=\u00a0\u00bbcenter\u00a0\u00bb][vc_empty_space height=\u00a0\u00bb50&Prime;]<a href=\"https:\/\/ifcfood.com\/creme-formaggio-dop\/\" target=\"_self\" style=\"color: #ffffff\" class=\"mkd-btn mkd-btn-small mkd-btn-solid mkd-btn-custom-hover-bg mkd-btn-custom-border-hover mkd-btn-custom-hover-color mkd-btn-hover-outline\" data-hover-bg-color=\"#154496\" data-hover-color=\"#ffffff\" data-hover-border-color=\"#154496\" >\n\t\t<span class=\"mkd-btn-text\">ALLER AUX PRODUITS<\/span>\n\t\n\t\t\t<span class=\"mkd-btn-helper\" style=\"background-color: #154496\"><\/span>\n\t<\/a>[\/vc_column_inner][\/vc_row_inner][\/vc_column][\/vc_row]<\/p>\n","protected":false},"excerpt":{"rendered":"<p>[vc_row content_width=\u00a0\u00bbgrid\u00a0\u00bb][vc_column css=\u00a0\u00bb.vc_custom_1603884349044{margin-top: 90px !important;margin-bottom: 0px !important;}\u00a0\u00bb][vc_column_text css=\u00a0\u00bb.vc_custom_1615982910199{margin-right: 80px !important;margin-left: 80px !important;}\u00a0\u00bb] Pour satisfaire tous les besoins de nos partenaires, nous proposons les fromages \u00e0 la cr\u00e8me dans les deux marques corporatives: [\/vc_column_text][\/vc_column][\/vc_row][vc_row content_width=\u00a0\u00bbgrid\u00a0\u00bb css=\u00a0\u00bb.vc_custom_1597401195425{padding-top: 110px !important;padding-bottom: 60px !important;}\u00a0\u00bb][vc_column offset=\u00a0\u00bbvc_col-lg-6&Prime;][vc_single_image image=\u00a0\u00bb10678&Prime; img_size=\u00a0\u00bbmedium\u00a0\u00bb alignment=\u00a0\u00bbcenter\u00a0\u00bb css_animation=\u00a0\u00bbfadeInLeft\u00a0\u00bb][\/vc_column][vc_column offset=\u00a0\u00bbvc_col-lg-6&Prime;][vc_single_image&#8230;<\/p>\n","protected":false},"author":2,"featured_media":0,"parent":0,"menu_order":0,"comment_status":"closed","ping_status":"closed","template":"full-width.php","meta":{"footnotes":""},"class_list":["post-11477","page","type-page","status-publish","hentry"],"yoast_head":"<!-- This site is optimized with the Yoast SEO plugin v27.3 - https:\/\/yoast.com\/product\/yoast-seo-wordpress\/ -->\n<title>Nos marques: Calzetti e S\u00f9 di Gusto - Italian Food &amp; Cheese<\/title>\n<meta name=\"description\" content=\"Marques italiennes de produits alimentaires et de fromages. Nous proposons nos cr\u00e8mes au fromage sous les deux marques de l&#039;entreprise : Calzetti et S\u00f9 di Gusto\" \/>\n<meta name=\"robots\" content=\"index, follow, max-snippet:-1, max-image-preview:large, max-video-preview:-1\" \/>\n<link rel=\"canonical\" href=\"https:\/\/ifcfood.com\/i-nostri-marchi\/\" \/>\n<meta property=\"og:locale\" content=\"fr_FR\" \/>\n<meta property=\"og:type\" content=\"article\" \/>\n<meta property=\"og:title\" content=\"Nos marques: Calzetti e S\u00f9 di Gusto - Italian Food &amp; Cheese\" \/>\n<meta property=\"og:description\" content=\"Marques italiennes de produits alimentaires et de fromages. Nous proposons nos cr\u00e8mes au fromage sous les deux marques de l&#039;entreprise : Calzetti et S\u00f9 di Gusto\" \/>\n<meta property=\"og:url\" content=\"https:\/\/ifcfood.com\/i-nostri-marchi\/\" \/>\n<meta property=\"og:site_name\" content=\"Italian Food &amp; Cheese\" \/>\n<meta property=\"article:modified_time\" content=\"2023-08-31T08:44:56+00:00\" \/>\n<meta name=\"twitter:card\" content=\"summary_large_image\" \/>\n<meta name=\"twitter:label1\" content=\"Dur\u00e9e de lecture estim\u00e9e\" \/>\n\t<meta name=\"twitter:data1\" content=\"2 minutes\" \/>\n<script type=\"application\/ld+json\" class=\"yoast-schema-graph\">{\"@context\":\"https:\\\/\\\/schema.org\",\"@graph\":[{\"@type\":\"WebPage\",\"@id\":\"https:\\\/\\\/ifcfood.com\\\/i-nostri-marchi\\\/\",\"url\":\"https:\\\/\\\/ifcfood.com\\\/i-nostri-marchi\\\/\",\"name\":\"Nos marques: Calzetti e S\u00f9 di Gusto - Italian Food &amp; Cheese\",\"isPartOf\":{\"@id\":\"https:\\\/\\\/ifcfood.com\\\/#website\"},\"datePublished\":\"2023-08-30T07:39:20+00:00\",\"dateModified\":\"2023-08-31T08:44:56+00:00\",\"description\":\"Marques italiennes de produits alimentaires et de fromages. Nous proposons nos cr\u00e8mes au fromage sous les deux marques de l'entreprise : Calzetti et S\u00f9 di Gusto\",\"breadcrumb\":{\"@id\":\"https:\\\/\\\/ifcfood.com\\\/i-nostri-marchi\\\/#breadcrumb\"},\"inLanguage\":\"fr-FR\",\"potentialAction\":[{\"@type\":\"ReadAction\",\"target\":[\"https:\\\/\\\/ifcfood.com\\\/i-nostri-marchi\\\/\"]}]},{\"@type\":\"BreadcrumbList\",\"@id\":\"https:\\\/\\\/ifcfood.com\\\/i-nostri-marchi\\\/#breadcrumb\",\"itemListElement\":[{\"@type\":\"ListItem\",\"position\":1,\"name\":\"Home\",\"item\":\"https:\\\/\\\/ifcfood.com\\\/fr\\\/\"},{\"@type\":\"ListItem\",\"position\":2,\"name\":\"Nos marques\"}]},{\"@type\":\"WebSite\",\"@id\":\"https:\\\/\\\/ifcfood.com\\\/#website\",\"url\":\"https:\\\/\\\/ifcfood.com\\\/\",\"name\":\"Italian Food &amp; Cheese\",\"description\":\"Food &amp; Beverage\",\"publisher\":{\"@id\":\"https:\\\/\\\/ifcfood.com\\\/#organization\"},\"potentialAction\":[{\"@type\":\"SearchAction\",\"target\":{\"@type\":\"EntryPoint\",\"urlTemplate\":\"https:\\\/\\\/ifcfood.com\\\/?s={search_term_string}\"},\"query-input\":{\"@type\":\"PropertyValueSpecification\",\"valueRequired\":true,\"valueName\":\"search_term_string\"}}],\"inLanguage\":\"fr-FR\"},{\"@type\":\"Organization\",\"@id\":\"https:\\\/\\\/ifcfood.com\\\/#organization\",\"name\":\"Ifc Italia Food & Cheese\",\"url\":\"https:\\\/\\\/ifcfood.com\\\/\",\"logo\":{\"@type\":\"ImageObject\",\"inLanguage\":\"fr-FR\",\"@id\":\"https:\\\/\\\/ifcfood.com\\\/#\\\/schema\\\/logo\\\/image\\\/\",\"url\":\"https:\\\/\\\/ifcfood.com\\\/wp-content\\\/uploads\\\/2020\\\/07\\\/logo-ifc-2-1.jpg\",\"contentUrl\":\"https:\\\/\\\/ifcfood.com\\\/wp-content\\\/uploads\\\/2020\\\/07\\\/logo-ifc-2-1.jpg\",\"width\":514,\"height\":456,\"caption\":\"Ifc Italia Food & Cheese\"},\"image\":{\"@id\":\"https:\\\/\\\/ifcfood.com\\\/#\\\/schema\\\/logo\\\/image\\\/\"}}]}<\/script>\n<!-- \/ Yoast SEO plugin. -->","yoast_head_json":{"title":"Nos marques: Calzetti e S\u00f9 di Gusto - Italian Food &amp; Cheese","description":"Marques italiennes de produits alimentaires et de fromages. Nous proposons nos cr\u00e8mes au fromage sous les deux marques de l'entreprise : Calzetti et S\u00f9 di Gusto","robots":{"index":"index","follow":"follow","max-snippet":"max-snippet:-1","max-image-preview":"max-image-preview:large","max-video-preview":"max-video-preview:-1"},"canonical":"https:\/\/ifcfood.com\/i-nostri-marchi\/","og_locale":"fr_FR","og_type":"article","og_title":"Nos marques: Calzetti e S\u00f9 di Gusto - Italian Food &amp; Cheese","og_description":"Marques italiennes de produits alimentaires et de fromages. Nous proposons nos cr\u00e8mes au fromage sous les deux marques de l'entreprise : Calzetti et S\u00f9 di Gusto","og_url":"https:\/\/ifcfood.com\/i-nostri-marchi\/","og_site_name":"Italian Food &amp; Cheese","article_modified_time":"2023-08-31T08:44:56+00:00","twitter_card":"summary_large_image","twitter_misc":{"Dur\u00e9e de lecture estim\u00e9e":"2 minutes"},"schema":{"@context":"https:\/\/schema.org","@graph":[{"@type":"WebPage","@id":"https:\/\/ifcfood.com\/i-nostri-marchi\/","url":"https:\/\/ifcfood.com\/i-nostri-marchi\/","name":"Nos marques: Calzetti e S\u00f9 di Gusto - Italian Food &amp; Cheese","isPartOf":{"@id":"https:\/\/ifcfood.com\/#website"},"datePublished":"2023-08-30T07:39:20+00:00","dateModified":"2023-08-31T08:44:56+00:00","description":"Marques italiennes de produits alimentaires et de fromages. Nous proposons nos cr\u00e8mes au fromage sous les deux marques de l'entreprise : Calzetti et S\u00f9 di Gusto","breadcrumb":{"@id":"https:\/\/ifcfood.com\/i-nostri-marchi\/#breadcrumb"},"inLanguage":"fr-FR","potentialAction":[{"@type":"ReadAction","target":["https:\/\/ifcfood.com\/i-nostri-marchi\/"]}]},{"@type":"BreadcrumbList","@id":"https:\/\/ifcfood.com\/i-nostri-marchi\/#breadcrumb","itemListElement":[{"@type":"ListItem","position":1,"name":"Home","item":"https:\/\/ifcfood.com\/fr\/"},{"@type":"ListItem","position":2,"name":"Nos marques"}]},{"@type":"WebSite","@id":"https:\/\/ifcfood.com\/#website","url":"https:\/\/ifcfood.com\/","name":"Italian Food &amp; Cheese","description":"Food &amp; Beverage","publisher":{"@id":"https:\/\/ifcfood.com\/#organization"},"potentialAction":[{"@type":"SearchAction","target":{"@type":"EntryPoint","urlTemplate":"https:\/\/ifcfood.com\/?s={search_term_string}"},"query-input":{"@type":"PropertyValueSpecification","valueRequired":true,"valueName":"search_term_string"}}],"inLanguage":"fr-FR"},{"@type":"Organization","@id":"https:\/\/ifcfood.com\/#organization","name":"Ifc Italia Food & Cheese","url":"https:\/\/ifcfood.com\/","logo":{"@type":"ImageObject","inLanguage":"fr-FR","@id":"https:\/\/ifcfood.com\/#\/schema\/logo\/image\/","url":"https:\/\/ifcfood.com\/wp-content\/uploads\/2020\/07\/logo-ifc-2-1.jpg","contentUrl":"https:\/\/ifcfood.com\/wp-content\/uploads\/2020\/07\/logo-ifc-2-1.jpg","width":514,"height":456,"caption":"Ifc Italia Food & Cheese"},"image":{"@id":"https:\/\/ifcfood.com\/#\/schema\/logo\/image\/"}}]}},"_links":{"self":[{"href":"https:\/\/ifcfood.com\/fr\/wp-json\/wp\/v2\/pages\/11477","targetHints":{"allow":["GET"]}}],"collection":[{"href":"https:\/\/ifcfood.com\/fr\/wp-json\/wp\/v2\/pages"}],"about":[{"href":"https:\/\/ifcfood.com\/fr\/wp-json\/wp\/v2\/types\/page"}],"author":[{"embeddable":true,"href":"https:\/\/ifcfood.com\/fr\/wp-json\/wp\/v2\/users\/2"}],"replies":[{"embeddable":true,"href":"https:\/\/ifcfood.com\/fr\/wp-json\/wp\/v2\/comments?post=11477"}],"version-history":[{"count":7,"href":"https:\/\/ifcfood.com\/fr\/wp-json\/wp\/v2\/pages\/11477\/revisions"}],"predecessor-version":[{"id":11763,"href":"https:\/\/ifcfood.com\/fr\/wp-json\/wp\/v2\/pages\/11477\/revisions\/11763"}],"wp:attachment":[{"href":"https:\/\/ifcfood.com\/fr\/wp-json\/wp\/v2\/media?parent=11477"}],"curies":[{"name":"wp","href":"https:\/\/api.w.org\/{rel}","templated":true}]}}