{"id":11319,"date":"2023-08-28T09:57:46","date_gmt":"2023-08-28T09:57:46","guid":{"rendered":"https:\/\/ifcfood.com\/creme-asiago-aop\/"},"modified":"2023-08-31T08:25:47","modified_gmt":"2023-08-31T08:25:47","slug":"creme-asiago-aop","status":"publish","type":"page","link":"https:\/\/ifcfood.com\/fr\/creme-asiago-aop\/","title":{"rendered":"Cr\u00e8me Asiago AOP"},"content":{"rendered":"<p>[vc_row content_width=\u00a0\u00bbgrid\u00a0\u00bb css=\u00a0\u00bb.vc_custom_1597756514779{margin-top: 40px !important;margin-right: 40px !important;margin-bottom: 40px !important;margin-left: 40px !important;padding-top: 50px !important;}\u00a0\u00bb][vc_column width=\u00a0\u00bb1\/2&Prime;][vc_single_image image=\u00a0\u00bb10161&Prime; img_size=\u00a0\u00bblarge\u00a0\u00bb alignment=\u00a0\u00bbcenter\u00a0\u00bb css_animation=\u00a0\u00bbfadeInLeft\u00a0\u00bb][vc_single_image image=\u00a0\u00bb10070&Prime; img_size=\u00a0\u00bbfull\u00a0\u00bb][vc_empty_space height=\u00a0\u00bb40&Prime;]<div class=\"mkd-section-title-holder\">\n\t<h2 class=\"mkd-section-title\" >\n\tCR\u00c8ME D&#039;ASIAGO AOP<\/h2>\n<\/div>[vc_column_text]<\/p>\n<p id=\"tw-target-text\" class=\"tw-data-text tw-text-large tw-ta\" dir=\"ltr\" data-placeholder=\"Traduzione\"><strong><span class=\"Y2IQFc\" lang=\"fr\" tabindex=\"-1\">Autoris\u00e9 par le Consortium du fromage ASIAGO AOP.<\/span><\/strong><\/p>\n<p class=\"tw-data-text tw-text-large tw-ta\" dir=\"ltr\" data-placeholder=\"Traduzione\"><span class=\"Y2IQFc\" lang=\"fr\" tabindex=\"-1\">Produite avec le meilleur Asiago AOP, cette cr\u00e8me lib\u00e8re tout le go\u00fbt intense de lait frais caract\u00e9ristique de ce fromage.<\/span><\/p>\n<p class=\"tw-data-text tw-text-large tw-ta\" dir=\"ltr\" data-placeholder=\"Traduzione\"><span class=\"Y2IQFc\" lang=\"fr\" tabindex=\"-1\">Le go\u00fbt sucr\u00e9 et d\u00e9licat de la Cr\u00e8me Asiago en fait un produit de connaisseur \u00e0 savourer sur du pain, une pizza ou des canap\u00e9s. Excellent \u00e9galement pour r\u00e9aliser des desserts et des g\u00e2teaux au fromage.<\/span><\/p>\n<p class=\"tw-data-text tw-text-large tw-ta\" dir=\"ltr\" data-placeholder=\"Traduzione\"><strong><span class=\"Y2IQFc\" lang=\"fr\" tabindex=\"-1\">La cr\u00e8me Asiago AOP est sans conservateur.<\/span><\/strong><\/p>\n<p>[\/vc_column_text][vc_empty_space height=\u00a0\u00bb30&Prime;][vc_single_image image=\u00a0\u00bb10144&Prime; img_size=\u00a0\u00bbmedium\u00a0\u00bb][vc_column_text]<\/p>\n<p id=\"tw-target-text\" class=\"tw-data-text tw-text-large tw-ta\" dir=\"ltr\" data-placeholder=\"Traduzione\"><span class=\"Y2IQFc\" lang=\"fr\" tabindex=\"-1\"><strong>Caract\u00e9ristiques:<\/strong><\/span><\/p>\n<p class=\"tw-data-text tw-text-large tw-ta\" dir=\"ltr\" data-placeholder=\"Traduzione\"><span class=\"Y2IQFc\" lang=\"fr\" tabindex=\"-1\"> &#8211; Go\u00fbt caract\u00e9ristique et d\u00e9licat de l&rsquo;Asiago DOP.<\/span><\/p>\n<p class=\"tw-data-text tw-text-large tw-ta\" dir=\"ltr\" data-placeholder=\"Traduzione\"><span class=\"Y2IQFc\" lang=\"fr\" tabindex=\"-1\">&#8211; Cr\u00e9meux et facile \u00e0 tartiner<\/span><\/p>\n<p class=\"tw-data-text tw-text-large tw-ta\" dir=\"ltr\" data-placeholder=\"Traduzione\"><span class=\"Y2IQFc\" lang=\"fr\" tabindex=\"-1\">&#8211; Lorsqu&rsquo;il est chauff\u00e9, il devient fluide, id\u00e9al pour l&rsquo;assaisonnement<\/span><\/p>\n<p class=\"tw-data-text tw-text-large tw-ta\" dir=\"ltr\" data-placeholder=\"Traduzione\"><span class=\"Y2IQFc\" lang=\"fr\" tabindex=\"-1\"><strong>Usage:<\/strong><\/span><\/p>\n<p class=\"tw-data-text tw-text-large tw-ta\" dir=\"ltr\" data-placeholder=\"Traduzione\"><span class=\"Y2IQFc\" lang=\"fr\" tabindex=\"-1\"> &#8211; assaisonnement pour les premiers plats<\/span><\/p>\n<p class=\"tw-data-text tw-text-large tw-ta\" dir=\"ltr\" data-placeholder=\"Traduzione\"><span class=\"Y2IQFc\" lang=\"fr\" tabindex=\"-1\">&#8211; accompagnement de secondes de viande<\/span><\/p>\n<p class=\"tw-data-text tw-text-large tw-ta\" dir=\"ltr\" data-placeholder=\"Traduzione\"><span class=\"Y2IQFc\" lang=\"fr\" tabindex=\"-1\">&#8211; des desserts et des cheesecakes<\/span><\/p>\n<p class=\"tw-data-text tw-text-large tw-ta\" dir=\"ltr\" data-placeholder=\"Traduzione\"><span class=\"Y2IQFc\" lang=\"fr\" tabindex=\"-1\">-garnir les plats de l\u00e9gumes<\/span><\/p>\n<p class=\"tw-data-text tw-text-large tw-ta\" dir=\"ltr\" data-placeholder=\"Traduzione\"><span class=\"Y2IQFc\" lang=\"fr\" tabindex=\"-1\">&#8211; des collations chaudes<\/span><\/p>\n<p class=\"tw-data-text tw-text-large tw-ta\" dir=\"ltr\" data-placeholder=\"Traduzione\"><span class=\"Y2IQFc\" lang=\"fr\" tabindex=\"-1\">&#8211; des canap\u00e9s<\/span><\/p>\n<p class=\"tw-data-text tw-text-large tw-ta\" dir=\"ltr\" data-placeholder=\"Traduzione\"><span class=\"Y2IQFc\" lang=\"fr\" tabindex=\"-1\">-pizza et focaccia<\/span><\/p>\n<p class=\"tw-data-text tw-text-large tw-ta\" dir=\"ltr\" data-placeholder=\"Traduzione\"><a href=\"https:\/\/ifcfood.com\/fr\/recettes-ifc\/\"><strong><span class=\"Y2IQFc\" lang=\"fr\" tabindex=\"-1\">Cliquez ici et essayez nos recettes !!<\/span><\/strong><\/a><\/p>\n<p>[\/vc_column_text][\/vc_column][vc_column width=\u00a0\u00bb1\/2&Prime;]<div class=\"mkd-image-gallery\">\n\t<div class=\"mkd-image-gallery-slider\" data-autoplay=\"3\" data-animation=\"fade\" data-navigation=\"yes\" data-pagination=\"yes\">\n\t\t\t\t\t\t\t\t\t<img loading=\"lazy\" decoding=\"async\" width=\"650\" height=\"650\" src=\"https:\/\/ifcfood.com\/wp-content\/uploads\/2020\/10\/ricette-copia-5.jpg\" class=\"attachment-full size-full\" alt=\"\" srcset=\"https:\/\/ifcfood.com\/wp-content\/uploads\/2020\/10\/ricette-copia-5.jpg 650w, https:\/\/ifcfood.com\/wp-content\/uploads\/2020\/10\/ricette-copia-5-300x300.jpg 300w, https:\/\/ifcfood.com\/wp-content\/uploads\/2020\/10\/ricette-copia-5-150x150.jpg 150w, https:\/\/ifcfood.com\/wp-content\/uploads\/2020\/10\/ricette-copia-5-550x550.jpg 550w\" sizes=\"auto, (max-width: 650px) 100vw, 650px\" \/>\t\t\t\t\t\t\t\t\t\t\t\t\t<img loading=\"lazy\" decoding=\"async\" width=\"650\" height=\"650\" src=\"https:\/\/ifcfood.com\/wp-content\/uploads\/2020\/08\/ricette-copia3-2.jpg\" class=\"attachment-full size-full\" alt=\"\" srcset=\"https:\/\/ifcfood.com\/wp-content\/uploads\/2020\/08\/ricette-copia3-2.jpg 650w, https:\/\/ifcfood.com\/wp-content\/uploads\/2020\/08\/ricette-copia3-2-300x300.jpg 300w, https:\/\/ifcfood.com\/wp-content\/uploads\/2020\/08\/ricette-copia3-2-150x150.jpg 150w, https:\/\/ifcfood.com\/wp-content\/uploads\/2020\/08\/ricette-copia3-2-550x550.jpg 550w\" sizes=\"auto, (max-width: 650px) 100vw, 650px\" \/>\t\t\t\t\t\t\t\t\t\t\t\t\t<img loading=\"lazy\" decoding=\"async\" width=\"1500\" height=\"2000\" src=\"https:\/\/ifcfood.com\/wp-content\/uploads\/2021\/03\/WhatsApp-Image-2021-02-22-at-10.36.39-3.jpeg\" class=\"attachment-full size-full\" alt=\"\" srcset=\"https:\/\/ifcfood.com\/wp-content\/uploads\/2021\/03\/WhatsApp-Image-2021-02-22-at-10.36.39-3.jpeg 1500w, https:\/\/ifcfood.com\/wp-content\/uploads\/2021\/03\/WhatsApp-Image-2021-02-22-at-10.36.39-3-225x300.jpeg 225w, https:\/\/ifcfood.com\/wp-content\/uploads\/2021\/03\/WhatsApp-Image-2021-02-22-at-10.36.39-3-768x1024.jpeg 768w, https:\/\/ifcfood.com\/wp-content\/uploads\/2021\/03\/WhatsApp-Image-2021-02-22-at-10.36.39-3-1152x1536.jpeg 1152w, https:\/\/ifcfood.com\/wp-content\/uploads\/2021\/03\/WhatsApp-Image-2021-02-22-at-10.36.39-3-600x800.jpeg 600w\" sizes=\"auto, (max-width: 1500px) 100vw, 1500px\" \/>\t\t\t\t\t\t\t<\/div>\n<\/div>[vc_empty_space height=\u00a0\u00bb40&Prime;][vc_column_text]<\/p>\n<table style=\"height: 432px;\" width=\"501\">\n<tbody>\n<tr>\n<td colspan=\"2\" width=\"302\">\n<p id=\"tw-target-text\" class=\"tw-data-text tw-text-large tw-ta\" dir=\"ltr\" style=\"text-align: center;\" data-placeholder=\"Traduzione\"><strong><span class=\"Y2IQFc\" lang=\"fr\" tabindex=\"-1\">VALEURS NUTRITIONNELLES moyennes pour 100g<\/span><\/strong><\/p>\n<\/td>\n<\/tr>\n<tr>\n<td width=\"151\">\n<p id=\"tw-target-text\" class=\"tw-data-text tw-text-large tw-ta\" dir=\"ltr\" style=\"text-align: center;\" data-placeholder=\"Traduzione\"><strong><span class=\"Y2IQFc\" lang=\"fr\" tabindex=\"-1\">Pouvoir<\/span><\/strong><\/p>\n<\/td>\n<td width=\"151\">\n<p style=\"text-align: center;\"><strong>1071 KJ \/ 259 Kcal<\/strong><\/p>\n<\/td>\n<\/tr>\n<tr>\n<td width=\"151\">\n<p id=\"tw-target-text\" class=\"tw-data-text tw-text-large tw-ta\" dir=\"ltr\" style=\"text-align: center;\" data-placeholder=\"Traduzione\"><strong><span class=\"Y2IQFc\" lang=\"fr\" tabindex=\"-1\">Graisses<\/span><\/strong><\/p>\n<\/td>\n<td width=\"151\">\n<p style=\"text-align: center;\"><strong>22,5 g<\/strong><\/p>\n<\/td>\n<\/tr>\n<tr>\n<td width=\"151\">\n<p id=\"tw-target-text\" class=\"tw-data-text tw-text-large tw-ta\" dir=\"ltr\" style=\"text-align: center;\" data-placeholder=\"Traduzione\"><strong><span class=\"Y2IQFc\" lang=\"fr\" tabindex=\"-1\">dont satur\u00e9<\/span><\/strong><\/p>\n<\/td>\n<td width=\"151\">\n<p style=\"text-align: center;\"><strong>16,0 g<\/strong><\/p>\n<\/td>\n<\/tr>\n<tr>\n<td width=\"151\">\n<p id=\"tw-target-text\" class=\"tw-data-text tw-text-large tw-ta\" dir=\"ltr\" style=\"text-align: center;\" data-placeholder=\"Traduzione\"><strong><span class=\"Y2IQFc\" lang=\"fr\" tabindex=\"-1\">Les glucides<\/span><\/strong><\/p>\n<\/td>\n<td width=\"151\">\n<p style=\"text-align: center;\"><strong>1,1 g<\/strong><\/p>\n<\/td>\n<\/tr>\n<tr>\n<td width=\"151\">\n<p id=\"tw-target-text\" class=\"tw-data-text tw-text-large tw-ta\" dir=\"ltr\" style=\"text-align: center;\" data-placeholder=\"Traduzione\"><strong><span class=\"Y2IQFc\" lang=\"fr\" tabindex=\"-1\">dont les sucres<\/span><\/strong><\/p>\n<\/td>\n<td width=\"151\">\n<p style=\"text-align: center;\"><strong>0,3 g<\/strong><\/p>\n<\/td>\n<\/tr>\n<tr>\n<td width=\"151\">\n<p id=\"tw-target-text\" class=\"tw-data-text tw-text-large tw-ta\" dir=\"ltr\" style=\"text-align: center;\" data-placeholder=\"Traduzione\"><strong><span class=\"Y2IQFc\" lang=\"fr\" tabindex=\"-1\">Prot\u00e9ine<\/span><\/strong><\/p>\n<\/td>\n<td width=\"151\">\n<p style=\"text-align: center;\"><strong>13,0 g<\/strong><\/p>\n<\/td>\n<\/tr>\n<tr>\n<td width=\"151\">\n<p style=\"text-align: center;\"><strong>Sel<\/strong><\/p>\n<\/td>\n<td width=\"151\">\n<p style=\"text-align: center;\"><strong>1,0 g<\/strong><\/p>\n<\/td>\n<\/tr>\n<\/tbody>\n<\/table>\n<p>[\/vc_column_text][\/vc_column][\/vc_row][vc_row content_width=\u00a0\u00bbgrid\u00a0\u00bb css=\u00a0\u00bb.vc_custom_1597776698151{margin-top: 40px !important;margin-right: 40px !important;margin-bottom: 40px !important;margin-left: 40px !important;padding-top: 50px !important;background-color: #f4f4f4 !important;}\u00a0\u00bb][vc_column][vc_empty_space height=\u00a0\u00bb40&Prime;][vc_column_text]<\/p>\n<table class=\" alignleft\" width=\"520\">\n<tbody>\n<tr>\n<td colspan=\"4\">\n<h6 id=\"tw-target-text\" class=\"tw-data-text tw-text-large tw-ta\" dir=\"ltr\" style=\"text-align: center;\" data-placeholder=\"Traduzione\"><strong><span class=\"Y2IQFc\" lang=\"fr\" tabindex=\"-1\">INFORMATIONS LOGISTIQUE<\/span><\/strong><\/h6>\n<h6 style=\"text-align: center;\"><strong>\u00a0<\/strong><\/h6>\n<\/td>\n<\/tr>\n<tr>\n<td>\n<h6 style=\"text-align: center;\"><strong>Format<\/strong><\/h6>\n<\/td>\n<td>\n<h6 style=\"text-align: center;\"><strong>125 g<\/strong><\/h6>\n<\/td>\n<td>\n<h6 style=\"text-align: center;\"><strong>1000 g<\/strong><\/h6>\n<\/td>\n<td>\n<h6 style=\"text-align: center;\"><strong>5000 g<\/strong><\/h6>\n<\/td>\n<\/tr>\n<tr>\n<td>\n<h6 style=\"text-align: center;\"><strong>Emballage<\/strong><\/h6>\n<\/td>\n<td>\n<h6 style=\"text-align: center;\"><strong>Bol PP<\/strong><\/h6>\n<\/td>\n<td>\n<h6 style=\"text-align: center;\"><strong>Seau PP<\/strong><\/h6>\n<\/td>\n<td>\n<h6 style=\"text-align: center;\"><strong>Seau PP<\/strong><\/h6>\n<\/td>\n<\/tr>\n<tr>\n<td>\n<h6 id=\"tw-target-text\" class=\"tw-data-text tw-text-large tw-ta\" dir=\"ltr\" style=\"text-align: center;\" data-placeholder=\"Traduzione\"><strong><span class=\"Y2IQFc\" lang=\"fr\" tabindex=\"-1\">Unit\u00e9s par ct<\/span><\/strong><\/h6>\n<\/td>\n<td>\n<h6 style=\"text-align: center;\"><strong>24<\/strong><\/h6>\n<\/td>\n<td>\n<h6 style=\"text-align: center;\"><strong>4<\/strong><\/h6>\n<\/td>\n<td>\n<h6 style=\"text-align: center;\"><strong>2<\/strong><\/h6>\n<\/td>\n<\/tr>\n<tr>\n<td>\n<h6 id=\"tw-target-text\" class=\"tw-data-text tw-text-large tw-ta\" dir=\"ltr\" style=\"text-align: center;\" data-placeholder=\"Traduzione\"><strong><span class=\"Y2IQFc\" lang=\"fr\" tabindex=\"-1\">ct par palette<\/span><\/strong><\/h6>\n<\/td>\n<td>\n<h6 style=\"text-align: center;\"><strong>120<\/strong><\/h6>\n<\/td>\n<td>\n<h6 style=\"text-align: center;\"><strong>120<\/strong><\/h6>\n<\/td>\n<td>\n<h6 style=\"text-align: center;\"><strong>35<\/strong><\/h6>\n<\/td>\n<\/tr>\n<tr>\n<td>\n<h6 style=\"text-align: center;\"><strong>EAN bol<\/strong><\/h6>\n<\/td>\n<td>\n<h6 style=\"text-align: center;\"><strong>8054247775506<\/strong><\/h6>\n<\/td>\n<td><\/td>\n<td><\/td>\n<\/tr>\n<tr>\n<td>\n<h6 style=\"text-align: center;\"><strong>EAN carton<\/strong><\/h6>\n<\/td>\n<td>\n<h6 style=\"text-align: center;\"><strong>18054247775503<\/strong><\/h6>\n<\/td>\n<td><\/td>\n<td><\/td>\n<\/tr>\n<tr>\n<td>\n<h6 id=\"tw-target-text\" class=\"tw-data-text tw-text-large tw-ta\" dir=\"ltr\" style=\"text-align: center;\" data-placeholder=\"Traduzione\"><strong><span class=\"Y2IQFc\" lang=\"fr\" tabindex=\"-1\">Taille du carton<\/span><\/strong><\/h6>\n<\/td>\n<td>\n<h6 style=\"text-align: center;\"><strong>21,5 x 21,5 x h21 cm<\/strong><\/h6>\n<\/td>\n<td>\n<h6 style=\"text-align: center;\"><strong>25,5 x 25,5 x h15 cm<\/strong><\/h6>\n<\/td>\n<td>\n<h6 style=\"text-align: center;\"><strong>46 x 23 x h20 cm<\/strong><\/h6>\n<\/td>\n<\/tr>\n<tr>\n<td>\n<h6 id=\"tw-target-text\" class=\"tw-data-text tw-text-large tw-ta\" dir=\"ltr\" style=\"text-align: center;\" data-placeholder=\"Traduzione\"><strong><span class=\"Y2IQFc\" lang=\"fr\" tabindex=\"-1\">Poids brut du carton<\/span><\/strong><\/h6>\n<\/td>\n<td>\n<h6 style=\"text-align: center;\"><strong>3,8 kg<\/strong><\/h6>\n<\/td>\n<td>\n<h6 style=\"text-align: center;\"><strong>4,5 kg<\/strong><\/h6>\n<\/td>\n<td>\n<h6 style=\"text-align: center;\"><strong>10,8 kg<\/strong><\/h6>\n<\/td>\n<\/tr>\n<tr>\n<td>\n<h6 id=\"tw-target-text\" class=\"tw-data-text tw-text-large tw-ta\" dir=\"ltr\" style=\"text-align: center;\" data-placeholder=\"Traduzione\"><strong><span class=\"Y2IQFc\" lang=\"fr\" tabindex=\"-1\">Dur\u00e9e de conservation<\/span><\/strong><\/h6>\n<\/td>\n<td colspan=\"3\">\n<h6 style=\"text-align: center;\"><strong>240 jours<\/strong><\/h6>\n<\/td>\n<\/tr>\n<tr>\n<td>\n<h6 id=\"tw-target-text\" class=\"tw-data-text tw-text-large tw-ta\" dir=\"ltr\" style=\"text-align: center;\" data-placeholder=\"Traduzione\"><strong><span class=\"Y2IQFc\" lang=\"fr\" tabindex=\"-1\">M\u00e9thode de conservation<\/span><\/strong><\/h6>\n<\/td>\n<td colspan=\"3\">\n<h6 id=\"tw-target-text\" class=\"tw-data-text tw-text-large tw-ta\" dir=\"ltr\" style=\"text-align: center;\" data-placeholder=\"Traduzione\"><strong><span class=\"Y2IQFc\" lang=\"fr\" tabindex=\"-1\">Au r\u00e9frig\u00e9rateur de 0\u00b0C \u00e0 +4\u00b0C. Une fois ouvert, consommer dans les 7 jours.<\/span><\/strong><\/h6>\n<h6 style=\"text-align: center;\"><strong>\u00a0<\/strong><\/h6>\n<\/td>\n<\/tr>\n<\/tbody>\n<\/table>\n<p>[\/vc_column_text][vc_empty_space height=\u00a0\u00bb40&Prime;][\/vc_column][\/vc_row]<\/p>\n","protected":false},"excerpt":{"rendered":"<p>[vc_row content_width=\u00a0\u00bbgrid\u00a0\u00bb css=\u00a0\u00bb.vc_custom_1597756514779{margin-top: 40px !important;margin-right: 40px !important;margin-bottom: 40px !important;margin-left: 40px !important;padding-top: 50px !important;}\u00a0\u00bb][vc_column width=\u00a0\u00bb1\/2&Prime;][vc_single_image image=\u00a0\u00bb10161&Prime; img_size=\u00a0\u00bblarge\u00a0\u00bb alignment=\u00a0\u00bbcenter\u00a0\u00bb css_animation=\u00a0\u00bbfadeInLeft\u00a0\u00bb][vc_single_image image=\u00a0\u00bb10070&Prime; img_size=\u00a0\u00bbfull\u00a0\u00bb][vc_empty_space height=\u00a0\u00bb40&Prime;][vc_column_text] Autoris\u00e9 par le Consortium du fromage ASIAGO AOP. Produite avec le meilleur Asiago AOP, cette cr\u00e8me lib\u00e8re tout le go\u00fbt intense de lait frais&#8230;<\/p>\n","protected":false},"author":2,"featured_media":0,"parent":0,"menu_order":0,"comment_status":"closed","ping_status":"closed","template":"full-width.php","meta":{"footnotes":""},"class_list":["post-11319","page","type-page","status-publish","hentry"],"yoast_head":"<!-- This site is optimized with the Yoast SEO plugin v27.4 - https:\/\/yoast.com\/product\/yoast-seo-wordpress\/ -->\n<title>Cr\u00e8me Asiago AOP - Italian Food &amp; Cheese<\/title>\n<meta name=\"robots\" content=\"index, follow, max-snippet:-1, max-image-preview:large, max-video-preview:-1\" \/>\n<link rel=\"canonical\" href=\"https:\/\/ifcfood.com\/crema-di-asiago-d-o-p-su-di-gusto\/\" \/>\n<meta property=\"og:locale\" content=\"fr_FR\" \/>\n<meta property=\"og:type\" content=\"article\" \/>\n<meta property=\"og:title\" content=\"Cr\u00e8me Asiago AOP - Italian Food &amp; Cheese\" \/>\n<meta property=\"og:description\" content=\"[vc_row content_width=\u00a0\u00bbgrid\u00a0\u00bb css=\u00a0\u00bb.vc_custom_1597756514779{margin-top: 40px !important;margin-right: 40px !important;margin-bottom: 40px !important;margin-left: 40px !important;padding-top: 50px !important;}\u00a0\u00bb][vc_column width=\u00a0\u00bb1\/2&Prime;][vc_single_image image=\u00a0\u00bb10161&Prime; img_size=\u00a0\u00bblarge\u00a0\u00bb alignment=\u00a0\u00bbcenter\u00a0\u00bb css_animation=\u00a0\u00bbfadeInLeft\u00a0\u00bb][vc_single_image image=\u00a0\u00bb10070&Prime; img_size=\u00a0\u00bbfull\u00a0\u00bb][vc_empty_space height=\u00a0\u00bb40&Prime;][vc_column_text] Autoris\u00e9 par le Consortium du fromage ASIAGO AOP. Produite avec le meilleur Asiago AOP, cette cr\u00e8me lib\u00e8re tout le go\u00fbt intense de lait frais...\" \/>\n<meta property=\"og:url\" content=\"https:\/\/ifcfood.com\/crema-di-asiago-d-o-p-su-di-gusto\/\" \/>\n<meta property=\"og:site_name\" content=\"Italian Food &amp; Cheese\" \/>\n<meta property=\"article:modified_time\" content=\"2023-08-31T08:25:47+00:00\" \/>\n<meta name=\"twitter:card\" content=\"summary_large_image\" \/>\n<meta name=\"twitter:label1\" content=\"Dur\u00e9e de lecture estim\u00e9e\" \/>\n\t<meta name=\"twitter:data1\" content=\"2 minutes\" \/>\n<script type=\"application\/ld+json\" class=\"yoast-schema-graph\">{\"@context\":\"https:\\\/\\\/schema.org\",\"@graph\":[{\"@type\":\"WebPage\",\"@id\":\"https:\\\/\\\/ifcfood.com\\\/crema-di-asiago-d-o-p-su-di-gusto\\\/\",\"url\":\"https:\\\/\\\/ifcfood.com\\\/crema-di-asiago-d-o-p-su-di-gusto\\\/\",\"name\":\"Cr\u00e8me Asiago AOP - Italian Food &amp; Cheese\",\"isPartOf\":{\"@id\":\"https:\\\/\\\/ifcfood.com\\\/#website\"},\"datePublished\":\"2023-08-28T09:57:46+00:00\",\"dateModified\":\"2023-08-31T08:25:47+00:00\",\"breadcrumb\":{\"@id\":\"https:\\\/\\\/ifcfood.com\\\/crema-di-asiago-d-o-p-su-di-gusto\\\/#breadcrumb\"},\"inLanguage\":\"fr-FR\",\"potentialAction\":[{\"@type\":\"ReadAction\",\"target\":[\"https:\\\/\\\/ifcfood.com\\\/crema-di-asiago-d-o-p-su-di-gusto\\\/\"]}]},{\"@type\":\"BreadcrumbList\",\"@id\":\"https:\\\/\\\/ifcfood.com\\\/crema-di-asiago-d-o-p-su-di-gusto\\\/#breadcrumb\",\"itemListElement\":[{\"@type\":\"ListItem\",\"position\":1,\"name\":\"Home\",\"item\":\"https:\\\/\\\/ifcfood.com\\\/fr\\\/\"},{\"@type\":\"ListItem\",\"position\":2,\"name\":\"Cr\u00e8me Asiago AOP\"}]},{\"@type\":\"WebSite\",\"@id\":\"https:\\\/\\\/ifcfood.com\\\/#website\",\"url\":\"https:\\\/\\\/ifcfood.com\\\/\",\"name\":\"Italian Food &amp; Cheese\",\"description\":\"Food &amp; Beverage\",\"publisher\":{\"@id\":\"https:\\\/\\\/ifcfood.com\\\/#organization\"},\"potentialAction\":[{\"@type\":\"SearchAction\",\"target\":{\"@type\":\"EntryPoint\",\"urlTemplate\":\"https:\\\/\\\/ifcfood.com\\\/?s={search_term_string}\"},\"query-input\":{\"@type\":\"PropertyValueSpecification\",\"valueRequired\":true,\"valueName\":\"search_term_string\"}}],\"inLanguage\":\"fr-FR\"},{\"@type\":\"Organization\",\"@id\":\"https:\\\/\\\/ifcfood.com\\\/#organization\",\"name\":\"Ifc Italia Food & Cheese\",\"url\":\"https:\\\/\\\/ifcfood.com\\\/\",\"logo\":{\"@type\":\"ImageObject\",\"inLanguage\":\"fr-FR\",\"@id\":\"https:\\\/\\\/ifcfood.com\\\/#\\\/schema\\\/logo\\\/image\\\/\",\"url\":\"https:\\\/\\\/ifcfood.com\\\/wp-content\\\/uploads\\\/2020\\\/07\\\/logo-ifc-2-1.jpg\",\"contentUrl\":\"https:\\\/\\\/ifcfood.com\\\/wp-content\\\/uploads\\\/2020\\\/07\\\/logo-ifc-2-1.jpg\",\"width\":514,\"height\":456,\"caption\":\"Ifc Italia Food & Cheese\"},\"image\":{\"@id\":\"https:\\\/\\\/ifcfood.com\\\/#\\\/schema\\\/logo\\\/image\\\/\"}}]}<\/script>\n<!-- \/ Yoast SEO plugin. -->","yoast_head_json":{"title":"Cr\u00e8me Asiago AOP - Italian Food &amp; Cheese","robots":{"index":"index","follow":"follow","max-snippet":"max-snippet:-1","max-image-preview":"max-image-preview:large","max-video-preview":"max-video-preview:-1"},"canonical":"https:\/\/ifcfood.com\/crema-di-asiago-d-o-p-su-di-gusto\/","og_locale":"fr_FR","og_type":"article","og_title":"Cr\u00e8me Asiago AOP - Italian Food &amp; Cheese","og_description":"[vc_row content_width=\u00a0\u00bbgrid\u00a0\u00bb css=\u00a0\u00bb.vc_custom_1597756514779{margin-top: 40px !important;margin-right: 40px !important;margin-bottom: 40px !important;margin-left: 40px !important;padding-top: 50px !important;}\u00a0\u00bb][vc_column width=\u00a0\u00bb1\/2&Prime;][vc_single_image image=\u00a0\u00bb10161&Prime; img_size=\u00a0\u00bblarge\u00a0\u00bb alignment=\u00a0\u00bbcenter\u00a0\u00bb css_animation=\u00a0\u00bbfadeInLeft\u00a0\u00bb][vc_single_image image=\u00a0\u00bb10070&Prime; img_size=\u00a0\u00bbfull\u00a0\u00bb][vc_empty_space height=\u00a0\u00bb40&Prime;][vc_column_text] Autoris\u00e9 par le Consortium du fromage ASIAGO AOP. Produite avec le meilleur Asiago AOP, cette cr\u00e8me lib\u00e8re tout le go\u00fbt intense de lait frais...","og_url":"https:\/\/ifcfood.com\/crema-di-asiago-d-o-p-su-di-gusto\/","og_site_name":"Italian Food &amp; Cheese","article_modified_time":"2023-08-31T08:25:47+00:00","twitter_card":"summary_large_image","twitter_misc":{"Dur\u00e9e de lecture estim\u00e9e":"2 minutes"},"schema":{"@context":"https:\/\/schema.org","@graph":[{"@type":"WebPage","@id":"https:\/\/ifcfood.com\/crema-di-asiago-d-o-p-su-di-gusto\/","url":"https:\/\/ifcfood.com\/crema-di-asiago-d-o-p-su-di-gusto\/","name":"Cr\u00e8me Asiago AOP - Italian Food &amp; Cheese","isPartOf":{"@id":"https:\/\/ifcfood.com\/#website"},"datePublished":"2023-08-28T09:57:46+00:00","dateModified":"2023-08-31T08:25:47+00:00","breadcrumb":{"@id":"https:\/\/ifcfood.com\/crema-di-asiago-d-o-p-su-di-gusto\/#breadcrumb"},"inLanguage":"fr-FR","potentialAction":[{"@type":"ReadAction","target":["https:\/\/ifcfood.com\/crema-di-asiago-d-o-p-su-di-gusto\/"]}]},{"@type":"BreadcrumbList","@id":"https:\/\/ifcfood.com\/crema-di-asiago-d-o-p-su-di-gusto\/#breadcrumb","itemListElement":[{"@type":"ListItem","position":1,"name":"Home","item":"https:\/\/ifcfood.com\/fr\/"},{"@type":"ListItem","position":2,"name":"Cr\u00e8me Asiago AOP"}]},{"@type":"WebSite","@id":"https:\/\/ifcfood.com\/#website","url":"https:\/\/ifcfood.com\/","name":"Italian Food &amp; Cheese","description":"Food &amp; Beverage","publisher":{"@id":"https:\/\/ifcfood.com\/#organization"},"potentialAction":[{"@type":"SearchAction","target":{"@type":"EntryPoint","urlTemplate":"https:\/\/ifcfood.com\/?s={search_term_string}"},"query-input":{"@type":"PropertyValueSpecification","valueRequired":true,"valueName":"search_term_string"}}],"inLanguage":"fr-FR"},{"@type":"Organization","@id":"https:\/\/ifcfood.com\/#organization","name":"Ifc Italia Food & Cheese","url":"https:\/\/ifcfood.com\/","logo":{"@type":"ImageObject","inLanguage":"fr-FR","@id":"https:\/\/ifcfood.com\/#\/schema\/logo\/image\/","url":"https:\/\/ifcfood.com\/wp-content\/uploads\/2020\/07\/logo-ifc-2-1.jpg","contentUrl":"https:\/\/ifcfood.com\/wp-content\/uploads\/2020\/07\/logo-ifc-2-1.jpg","width":514,"height":456,"caption":"Ifc Italia Food & Cheese"},"image":{"@id":"https:\/\/ifcfood.com\/#\/schema\/logo\/image\/"}}]}},"_links":{"self":[{"href":"https:\/\/ifcfood.com\/fr\/wp-json\/wp\/v2\/pages\/11319","targetHints":{"allow":["GET"]}}],"collection":[{"href":"https:\/\/ifcfood.com\/fr\/wp-json\/wp\/v2\/pages"}],"about":[{"href":"https:\/\/ifcfood.com\/fr\/wp-json\/wp\/v2\/types\/page"}],"author":[{"embeddable":true,"href":"https:\/\/ifcfood.com\/fr\/wp-json\/wp\/v2\/users\/2"}],"replies":[{"embeddable":true,"href":"https:\/\/ifcfood.com\/fr\/wp-json\/wp\/v2\/comments?post=11319"}],"version-history":[{"count":7,"href":"https:\/\/ifcfood.com\/fr\/wp-json\/wp\/v2\/pages\/11319\/revisions"}],"predecessor-version":[{"id":11635,"href":"https:\/\/ifcfood.com\/fr\/wp-json\/wp\/v2\/pages\/11319\/revisions\/11635"}],"wp:attachment":[{"href":"https:\/\/ifcfood.com\/fr\/wp-json\/wp\/v2\/media?parent=11319"}],"curies":[{"name":"wp","href":"https:\/\/api.w.org\/{rel}","templated":true}]}}