{"id":11279,"date":"2023-08-25T10:32:20","date_gmt":"2023-08-25T10:32:20","guid":{"rendered":"https:\/\/ifcfood.com\/page-de-contact\/"},"modified":"2023-08-31T08:22:39","modified_gmt":"2023-08-31T08:22:39","slug":"page-de-contact","status":"publish","type":"page","link":"https:\/\/ifcfood.com\/fr\/page-de-contact\/","title":{"rendered":"Page de Contact"},"content":{"rendered":"<p>[vc_row content_width=\u00a0\u00bbgrid\u00a0\u00bb css=\u00a0\u00bb.vc_custom_1467902501716{padding-top: 91px !important;padding-bottom: 101px !important;}\u00a0\u00bb][vc_column offset=\u00a0\u00bbvc_col-lg-6&Prime;]\n<div class=\"wpcf7 no-js\" id=\"wpcf7-f9-o1\" lang=\"it-IT\" dir=\"ltr\" data-wpcf7-id=\"9\">\n<div class=\"screen-reader-response\"><p role=\"status\" aria-live=\"polite\" aria-atomic=\"true\"><\/p> <ul><\/ul><\/div>\n<form action=\"\/fr\/wp-json\/wp\/v2\/pages\/11279#wpcf7-f9-o1\" method=\"post\" class=\"wpcf7-form init\" aria-label=\"Modulo di contatto\" novalidate=\"novalidate\" data-status=\"init\">\n<fieldset class=\"hidden-fields-container\"><input type=\"hidden\" name=\"_wpcf7\" value=\"9\" \/><input type=\"hidden\" name=\"_wpcf7_version\" value=\"6.1.5\" \/><input type=\"hidden\" name=\"_wpcf7_locale\" value=\"it_IT\" \/><input type=\"hidden\" name=\"_wpcf7_unit_tag\" value=\"wpcf7-f9-o1\" \/><input type=\"hidden\" name=\"_wpcf7_container_post\" value=\"0\" \/><input type=\"hidden\" name=\"_wpcf7_posted_data_hash\" value=\"\" \/>\n<\/fieldset>\n<p>Nome (richiesto)\n<\/p>\n<p><span class=\"wpcf7-form-control-wrap\" data-name=\"your-name\"><input size=\"40\" maxlength=\"400\" class=\"wpcf7-form-control wpcf7-text wpcf7-validates-as-required\" aria-required=\"true\" aria-invalid=\"false\" value=\"\" type=\"text\" name=\"your-name\" \/><\/span>\n<\/p>\n<p>La tua mail (richiesta)\n<\/p>\n<p><span class=\"wpcf7-form-control-wrap\" data-name=\"your-email\"><input size=\"40\" maxlength=\"400\" class=\"wpcf7-form-control wpcf7-email wpcf7-validates-as-required wpcf7-text wpcf7-validates-as-email\" aria-required=\"true\" aria-invalid=\"false\" value=\"\" type=\"email\" name=\"your-email\" \/><\/span>\n<\/p>\n<p>Oggetto\n<\/p>\n<p><span class=\"wpcf7-form-control-wrap\" data-name=\"your-subject\"><input size=\"40\" maxlength=\"400\" class=\"wpcf7-form-control wpcf7-text\" aria-invalid=\"false\" value=\"\" type=\"text\" name=\"your-subject\" \/><\/span>\n<\/p>\n<p>Messaggio\n<\/p>\n<p><span class=\"wpcf7-form-control-wrap\" data-name=\"your-message\"><textarea cols=\"40\" rows=\"10\" maxlength=\"2000\" class=\"wpcf7-form-control wpcf7-textarea\" aria-invalid=\"false\" name=\"your-message\"><\/textarea><\/span>\n<\/p>\n<p><input class=\"wpcf7-form-control wpcf7-submit has-spinner\" type=\"submit\" value=\"Invia\" \/>\n<\/p><div class=\"wpcf7-response-output\" aria-hidden=\"true\"><\/div>\n<\/form>\n<\/div>\n[vc_empty_space height=\u00a0\u00bb60px\u00a0\u00bb][\/vc_column][vc_column offset=\u00a0\u00bbvc_col-lg-6&Prime;][vc_column_text]<\/p>\n<h3 id=\"tw-target-text\" class=\"tw-data-text tw-text-large tw-ta\" dir=\"ltr\" data-placeholder=\"Traduzione\"><span class=\"Y2IQFc\" lang=\"fr\" tabindex=\"-1\">CONTACTS<\/span><\/h3>\n<p>[\/vc_column_text][vc_empty_space height=\u00a0\u00bb10px\u00a0\u00bb][vc_column_text]<\/p>\n<p id=\"tw-target-text\" class=\"tw-data-text tw-text-large tw-ta\" dir=\"ltr\" data-placeholder=\"Traduzione\"><span class=\"Y2IQFc\" lang=\"fr\" tabindex=\"-1\">Remplissez le formulaire \u00e0 c\u00f4t\u00e9, nous vous contacterons dans les plus brefs d\u00e9lais<\/span><\/p>\n<p>[\/vc_column_text][vc_row_inner css=\u00a0\u00bb.vc_custom_1467902377204{padding-top: 30px !important;padding-bottom: 45px !important;}\u00a0\u00bb][vc_column_inner width=\u00a0\u00bb1\/2&Prime;]<div class=\"mkd-iwt clearfix mkd-iwt-icon-left mkd-iwt-icon-tiny\" >\n\t<div class=\"mkd-iwt-icon-holder\">\n\t\t\t\t\t\n\t<span class=\"mkd-icon-shortcode normal\"  data-color=\"#000000\">\n        \n\t\t\t<i class=\"mkd-icon-linear-icon lnr lnr-smartphone mkd-icon-element\" style=\"color: #000000;font-size:34px;margin:13px 0 0\" ><\/i>\n\t\t\t    <\/span>\n\n\t\t\t\t<\/div>\n\t<div class=\"mkd-iwt-content-holder\" >\n\t\t<div class=\"mkd-iwt-title-holder\">\n\t\t\t<h6 style=\"font-weight: 600;margin-bottom: 0px\">+ 39 0521 631253<\/h6>\n\t<\/div>\n\t<div class=\"mkd-iwt-text-holder\">\n\t\t<p ><\/p>\n\n\t\t\t<\/div>\n<\/div>\n<\/div>[\/vc_column_inner][vc_column_inner width=\u00a0\u00bb1\/2&Prime;]<div class=\"mkd-iwt clearfix mkd-iwt-icon-left mkd-iwt-icon-tiny\" >\n\t<div class=\"mkd-iwt-icon-holder\">\n\t\t\t\t\t\n\t<span class=\"mkd-icon-shortcode normal\"  data-color=\"#000000\">\n        \n\t\t\t<i class=\"mkd-icon-linear-icon lnr lnr-map-marker mkd-icon-element\" style=\"color: #000000;font-size:34px;margin:13px 0 0 0\" ><\/i>\n\t\t\t    <\/span>\n\n\t\t\t\t<\/div>\n\t<div class=\"mkd-iwt-content-holder\" >\n\t\t<div class=\"mkd-iwt-title-holder\">\n\t\t\t<h6 style=\"font-weight: 600;margin-bottom: 0px\">Via Monte Aquila, 22<\/h6>\n\t<\/div>\n\t<div class=\"mkd-iwt-text-holder\">\n\t\t<p >43124 Parma PR<\/p>\n\n\t\t\t<\/div>\n<\/div>\n<\/div>[\/vc_column_inner][\/vc_row_inner]<div class=\"mkd-info-list\">\n    <div class=\"mkd-info-list-inner\">\n        \n        <div class=\"mkd-info-list-items\">\n            <div class=\"mkd-info-list-item\">\n\t\t<a class=\"mkd-ili-link\" href=\"#\" target=\"_self\">\n\t\t\t<div class=\"mkd-info-list-item-inner\">\n\t\t\t<span class=\"mkd-ili-left\"><span class=\"mkd-ili-title\">EMAIL<\/span><\/span>\n\t\t\t<span class=\"mkd-ili-right\">info@ifcfood.com<\/span>\n\t\t<\/div>\n\t\t<\/a>\n\t<\/div>        <\/div>\n\n            <\/div>\n<\/div>[\/vc_column][\/vc_row][vc_row row_type=\u00a0\u00bbparallax\u00a0\u00bb content_aligment=\u00a0\u00bbcenter\u00a0\u00bb full_screen_section_height=\u00a0\u00bbno\u00a0\u00bb css=\u00a0\u00bb.vc_custom_1603213520463{background-color: #f2f1f0 !important;}\u00a0\u00bb][vc_column][vc_column_text]<\/p>\n<h3 id=\"tw-target-text\" class=\"tw-data-text tw-text-large tw-ta\" dir=\"ltr\" style=\"text-align: center;\" data-placeholder=\"Traduzione\"><span class=\"Y2IQFc\" lang=\"fr\" tabindex=\"-1\">O\u00d9 NOUS SOMMES<\/span><\/h3>\n<p>[\/vc_column_text][vc_raw_html]PGlmcmFtZSBzcmM9Imh0dHBzOi8vd3d3Lmdvb2dsZS5jb20vbWFwcy9lbWJlZD9wYj0hMW0xNCExbTghMW0zITFkNTY3MC4yODAzMTQ3NTA0MjUhMmQxMC4yOTkxODUhM2Q0NC43MTY3NTEhM20yITFpMTAyNCEyaTc2OCE0ZjEzLjEhM20zITFtMiExczB4NDc4MDZkMThkMmFmYWU1OSUzQTB4YWY5MWVmNmRjMWVmOGQwYyEyc1ZpYSUyME1vbnRlJTIwQXF1aWxhJTJDJTIwMjIlMkMlMjA0MzEyNCUyMFBhcm1hJTIwUFIhNWUwITNtMiExc2l0ITJzaXQhNHYxNjAzMjExNjMwNjQ3ITVtMiExc2l0ITJzaXQiIHdpZHRoPSIxMDAwIiBoZWlnaHQ9IjYwMCIgZnJhbWVib3JkZXI9IjAiIHN0eWxlPSJib3JkZXI6MDsiIGFsbG93ZnVsbHNjcmVlbj0iIiBhcmlhLWhpZGRlbj0iZmFsc2UiIHRhYmluZGV4PSIwIj48L2lmcmFtZT4=[\/vc_raw_html][\/vc_column][\/vc_row]<\/p>\n","protected":false},"excerpt":{"rendered":"<p>[vc_row content_width=\u00a0\u00bbgrid\u00a0\u00bb css=\u00a0\u00bb.vc_custom_1467902501716{padding-top: 91px !important;padding-bottom: 101px !important;}\u00a0\u00bb][vc_column offset=\u00a0\u00bbvc_col-lg-6&Prime;][vc_empty_space height=\u00a0\u00bb60px\u00a0\u00bb][\/vc_column][vc_column offset=\u00a0\u00bbvc_col-lg-6&Prime;][vc_column_text] CONTACTS [\/vc_column_text][vc_empty_space height=\u00a0\u00bb10px\u00a0\u00bb][vc_column_text] Remplissez le formulaire \u00e0 c\u00f4t\u00e9, nous vous contacterons dans les plus brefs d\u00e9lais [\/vc_column_text][vc_row_inner css=\u00a0\u00bb.vc_custom_1467902377204{padding-top: 30px !important;padding-bottom: 45px !important;}\u00a0\u00bb][vc_column_inner width=\u00a0\u00bb1\/2&Prime;][\/vc_column_inner][vc_column_inner width=\u00a0\u00bb1\/2&Prime;][\/vc_column_inner][\/vc_row_inner][\/vc_column][\/vc_row][vc_row row_type=\u00a0\u00bbparallax\u00a0\u00bb content_aligment=\u00a0\u00bbcenter\u00a0\u00bb full_screen_section_height=\u00a0\u00bbno\u00a0\u00bb css=\u00a0\u00bb.vc_custom_1603213520463{background-color: #f2f1f0 !important;}\u00a0\u00bb][vc_column][vc_column_text] O\u00d9 NOUS SOMMES [\/vc_column_text][vc_raw_html]PGlmcmFtZSBzcmM9Imh0dHBzOi8vd3d3Lmdvb2dsZS5jb20vbWFwcy9lbWJlZD9wYj0hMW0xNCExbTghMW0zITFkNTY3MC4yODAzMTQ3NTA0MjUhMmQxMC4yOTkxODUhM2Q0NC43MTY3NTEhM20yITFpMTAyNCEyaTc2OCE0ZjEzLjEhM20zITFtMiExczB4NDc4MDZkMThkMmFmYWU1OSUzQTB4YWY5MWVmNmRjMWVmOGQwYyEyc1ZpYSUyME1vbnRlJTIwQXF1aWxhJTJDJTIwMjIlMkMlMjA0MzEyNCUyMFBhcm1hJTIwUFIhNWUwITNtMiExc2l0ITJzaXQhNHYxNjAzMjExNjMwNjQ3ITVtMiExc2l0ITJzaXQiIHdpZHRoPSIxMDAwIiBoZWlnaHQ9IjYwMCIgZnJhbWVib3JkZXI9IjAiIHN0eWxlPSJib3JkZXI6MDsiIGFsbG93ZnVsbHNjcmVlbj0iIiBhcmlhLWhpZGRlbj0iZmFsc2UiIHRhYmluZGV4PSIwIj48L2lmcmFtZT4=[\/vc_raw_html][\/vc_column][\/vc_row]<\/p>\n","protected":false},"author":2,"featured_media":0,"parent":0,"menu_order":0,"comment_status":"closed","ping_status":"closed","template":"full-width.php","meta":{"footnotes":""},"class_list":["post-11279","page","type-page","status-publish","hentry"],"yoast_head":"<!-- This site is optimized with the Yoast SEO plugin v27.4 - https:\/\/yoast.com\/product\/yoast-seo-wordpress\/ -->\n<title>IFC Food - Produits pour la restauration Import Export - Contacts Parme<\/title>\n<meta name=\"description\" content=\"IFC Food - Italian Food &amp; Cheese. Produits pour la restauration Import Export, contacts du site de production de Parme\" \/>\n<meta name=\"robots\" content=\"index, follow, max-snippet:-1, max-image-preview:large, max-video-preview:-1\" \/>\n<link rel=\"canonical\" href=\"https:\/\/ifcfood.com\/contact-page\/\" \/>\n<meta property=\"og:locale\" content=\"fr_FR\" \/>\n<meta property=\"og:type\" content=\"article\" \/>\n<meta property=\"og:title\" content=\"IFC Food - Produits pour la restauration Import Export - Contacts Parme\" \/>\n<meta property=\"og:description\" content=\"IFC Food - Italian Food &amp; Cheese. Produits pour la restauration Import Export, contacts du site de production de Parme\" \/>\n<meta property=\"og:url\" content=\"https:\/\/ifcfood.com\/contact-page\/\" \/>\n<meta property=\"og:site_name\" content=\"Italian Food &amp; Cheese\" \/>\n<meta property=\"article:modified_time\" content=\"2023-08-31T08:22:39+00:00\" \/>\n<meta name=\"twitter:card\" content=\"summary_large_image\" \/>\n<meta name=\"twitter:label1\" content=\"Dur\u00e9e de lecture estim\u00e9e\" \/>\n\t<meta name=\"twitter:data1\" content=\"2 minutes\" \/>\n<script type=\"application\/ld+json\" class=\"yoast-schema-graph\">{\"@context\":\"https:\\\/\\\/schema.org\",\"@graph\":[{\"@type\":\"WebPage\",\"@id\":\"https:\\\/\\\/ifcfood.com\\\/contact-page\\\/\",\"url\":\"https:\\\/\\\/ifcfood.com\\\/contact-page\\\/\",\"name\":\"IFC Food - Produits pour la restauration Import Export - Contacts Parme\",\"isPartOf\":{\"@id\":\"https:\\\/\\\/ifcfood.com\\\/#website\"},\"datePublished\":\"2023-08-25T10:32:20+00:00\",\"dateModified\":\"2023-08-31T08:22:39+00:00\",\"description\":\"IFC Food - Italian Food & Cheese. Produits pour la restauration Import Export, contacts du site de production de Parme\",\"breadcrumb\":{\"@id\":\"https:\\\/\\\/ifcfood.com\\\/contact-page\\\/#breadcrumb\"},\"inLanguage\":\"fr-FR\",\"potentialAction\":[{\"@type\":\"ReadAction\",\"target\":[\"https:\\\/\\\/ifcfood.com\\\/contact-page\\\/\"]}]},{\"@type\":\"BreadcrumbList\",\"@id\":\"https:\\\/\\\/ifcfood.com\\\/contact-page\\\/#breadcrumb\",\"itemListElement\":[{\"@type\":\"ListItem\",\"position\":1,\"name\":\"Home\",\"item\":\"https:\\\/\\\/ifcfood.com\\\/fr\\\/\"},{\"@type\":\"ListItem\",\"position\":2,\"name\":\"Page de Contact\"}]},{\"@type\":\"WebSite\",\"@id\":\"https:\\\/\\\/ifcfood.com\\\/#website\",\"url\":\"https:\\\/\\\/ifcfood.com\\\/\",\"name\":\"Italian Food &amp; Cheese\",\"description\":\"Food &amp; Beverage\",\"publisher\":{\"@id\":\"https:\\\/\\\/ifcfood.com\\\/#organization\"},\"potentialAction\":[{\"@type\":\"SearchAction\",\"target\":{\"@type\":\"EntryPoint\",\"urlTemplate\":\"https:\\\/\\\/ifcfood.com\\\/?s={search_term_string}\"},\"query-input\":{\"@type\":\"PropertyValueSpecification\",\"valueRequired\":true,\"valueName\":\"search_term_string\"}}],\"inLanguage\":\"fr-FR\"},{\"@type\":\"Organization\",\"@id\":\"https:\\\/\\\/ifcfood.com\\\/#organization\",\"name\":\"Ifc Italia Food & Cheese\",\"url\":\"https:\\\/\\\/ifcfood.com\\\/\",\"logo\":{\"@type\":\"ImageObject\",\"inLanguage\":\"fr-FR\",\"@id\":\"https:\\\/\\\/ifcfood.com\\\/#\\\/schema\\\/logo\\\/image\\\/\",\"url\":\"https:\\\/\\\/ifcfood.com\\\/wp-content\\\/uploads\\\/2020\\\/07\\\/logo-ifc-2-1.jpg\",\"contentUrl\":\"https:\\\/\\\/ifcfood.com\\\/wp-content\\\/uploads\\\/2020\\\/07\\\/logo-ifc-2-1.jpg\",\"width\":514,\"height\":456,\"caption\":\"Ifc Italia Food & Cheese\"},\"image\":{\"@id\":\"https:\\\/\\\/ifcfood.com\\\/#\\\/schema\\\/logo\\\/image\\\/\"}}]}<\/script>\n<!-- \/ Yoast SEO plugin. -->","yoast_head_json":{"title":"IFC Food - Produits pour la restauration Import Export - Contacts Parme","description":"IFC Food - Italian Food & Cheese. Produits pour la restauration Import Export, contacts du site de production de Parme","robots":{"index":"index","follow":"follow","max-snippet":"max-snippet:-1","max-image-preview":"max-image-preview:large","max-video-preview":"max-video-preview:-1"},"canonical":"https:\/\/ifcfood.com\/contact-page\/","og_locale":"fr_FR","og_type":"article","og_title":"IFC Food - Produits pour la restauration Import Export - Contacts Parme","og_description":"IFC Food - Italian Food & Cheese. Produits pour la restauration Import Export, contacts du site de production de Parme","og_url":"https:\/\/ifcfood.com\/contact-page\/","og_site_name":"Italian Food &amp; Cheese","article_modified_time":"2023-08-31T08:22:39+00:00","twitter_card":"summary_large_image","twitter_misc":{"Dur\u00e9e de lecture estim\u00e9e":"2 minutes"},"schema":{"@context":"https:\/\/schema.org","@graph":[{"@type":"WebPage","@id":"https:\/\/ifcfood.com\/contact-page\/","url":"https:\/\/ifcfood.com\/contact-page\/","name":"IFC Food - Produits pour la restauration Import Export - Contacts Parme","isPartOf":{"@id":"https:\/\/ifcfood.com\/#website"},"datePublished":"2023-08-25T10:32:20+00:00","dateModified":"2023-08-31T08:22:39+00:00","description":"IFC Food - Italian Food & Cheese. Produits pour la restauration Import Export, contacts du site de production de Parme","breadcrumb":{"@id":"https:\/\/ifcfood.com\/contact-page\/#breadcrumb"},"inLanguage":"fr-FR","potentialAction":[{"@type":"ReadAction","target":["https:\/\/ifcfood.com\/contact-page\/"]}]},{"@type":"BreadcrumbList","@id":"https:\/\/ifcfood.com\/contact-page\/#breadcrumb","itemListElement":[{"@type":"ListItem","position":1,"name":"Home","item":"https:\/\/ifcfood.com\/fr\/"},{"@type":"ListItem","position":2,"name":"Page de Contact"}]},{"@type":"WebSite","@id":"https:\/\/ifcfood.com\/#website","url":"https:\/\/ifcfood.com\/","name":"Italian Food &amp; Cheese","description":"Food &amp; Beverage","publisher":{"@id":"https:\/\/ifcfood.com\/#organization"},"potentialAction":[{"@type":"SearchAction","target":{"@type":"EntryPoint","urlTemplate":"https:\/\/ifcfood.com\/?s={search_term_string}"},"query-input":{"@type":"PropertyValueSpecification","valueRequired":true,"valueName":"search_term_string"}}],"inLanguage":"fr-FR"},{"@type":"Organization","@id":"https:\/\/ifcfood.com\/#organization","name":"Ifc Italia Food & Cheese","url":"https:\/\/ifcfood.com\/","logo":{"@type":"ImageObject","inLanguage":"fr-FR","@id":"https:\/\/ifcfood.com\/#\/schema\/logo\/image\/","url":"https:\/\/ifcfood.com\/wp-content\/uploads\/2020\/07\/logo-ifc-2-1.jpg","contentUrl":"https:\/\/ifcfood.com\/wp-content\/uploads\/2020\/07\/logo-ifc-2-1.jpg","width":514,"height":456,"caption":"Ifc Italia Food & Cheese"},"image":{"@id":"https:\/\/ifcfood.com\/#\/schema\/logo\/image\/"}}]}},"_links":{"self":[{"href":"https:\/\/ifcfood.com\/fr\/wp-json\/wp\/v2\/pages\/11279","targetHints":{"allow":["GET"]}}],"collection":[{"href":"https:\/\/ifcfood.com\/fr\/wp-json\/wp\/v2\/pages"}],"about":[{"href":"https:\/\/ifcfood.com\/fr\/wp-json\/wp\/v2\/types\/page"}],"author":[{"embeddable":true,"href":"https:\/\/ifcfood.com\/fr\/wp-json\/wp\/v2\/users\/2"}],"replies":[{"embeddable":true,"href":"https:\/\/ifcfood.com\/fr\/wp-json\/wp\/v2\/comments?post=11279"}],"version-history":[{"count":5,"href":"https:\/\/ifcfood.com\/fr\/wp-json\/wp\/v2\/pages\/11279\/revisions"}],"predecessor-version":[{"id":11619,"href":"https:\/\/ifcfood.com\/fr\/wp-json\/wp\/v2\/pages\/11279\/revisions\/11619"}],"wp:attachment":[{"href":"https:\/\/ifcfood.com\/fr\/wp-json\/wp\/v2\/media?parent=11279"}],"curies":[{"name":"wp","href":"https:\/\/api.w.org\/{rel}","templated":true}]}}