{"id":11235,"date":"2023-08-25T09:14:05","date_gmt":"2023-08-25T09:14:05","guid":{"rendered":"https:\/\/ifcfood.com\/qui-nous-sommes\/"},"modified":"2023-08-31T08:05:54","modified_gmt":"2023-08-31T08:05:54","slug":"qui-nous-sommes","status":"publish","type":"page","link":"https:\/\/ifcfood.com\/fr\/qui-nous-sommes\/","title":{"rendered":"Qui nous sommes"},"content":{"rendered":"<p>[vc_row content_width=\u00a0\u00bbgrid\u00a0\u00bb css=\u00a0\u00bb.vc_custom_1468833191794{padding-top: 110px !important;padding-bottom: 60px !important;}\u00a0\u00bb][vc_column offset=\u00a0\u00bbvc_col-lg-6&Prime;][vc_single_image image=\u00a0\u00bb10932&Prime; img_size=\u00a0\u00bbfull\u00a0\u00bb css_animation=\u00a0\u00bbfadeInLeft\u00a0\u00bb][vc_empty_space height=\u00a0\u00bb50px\u00a0\u00bb][vc_column_text]<\/p>\n<p id=\"tw-target-text\" class=\"tw-data-text tw-text-large tw-ta\" dir=\"ltr\" data-placeholder=\"Traduzione\"><span class=\"Y2IQFc\" lang=\"fr\" tabindex=\"-1\">Italian Food &amp; Cheese est une r\u00e9alit\u00e9 n\u00e9e des nombreuses ann\u00e9es d&rsquo;exp\u00e9rience d&rsquo;une \u00e9quipe de professionnels dans la commercialisation de fromages italiens AOP sur le march\u00e9 national et \u00e0 l&rsquo;\u00e9tranger. Dans le but de saisir de nouvelles opportunit\u00e9s de consommation, Italian Food &amp; Cheese a enrichi son activit\u00e9 avec une production de cr\u00e8mes fromag\u00e8res AOP et non AOP. Les meilleures recettes et diff\u00e9rents formats ont \u00e9t\u00e9 \u00e9tudi\u00e9s pour les consommateurs finaux et les entreprises clientes : grande distribution, ho.re.ca et industrie. Le dynamisme et la flexibilit\u00e9 qui caract\u00e9risent l&rsquo;entreprise en ont fait un partenaire important pour ceux qui souhaitent cr\u00e9er des cr\u00e8mes ad hoc en fonction de leurs besoins sp\u00e9cifiques. De plus, Italian Food &amp; Cheese cr\u00e9e des packages gastronomiques pour les entreprises : promotionnels, cadeaux et occasions sp\u00e9ciales. Il suit chaque phase, de la s\u00e9lection des produits jusqu&rsquo;\u00e0 l&rsquo;exp\u00e9dition personnalis\u00e9e et garantie partout dans le monde. Italian Food &amp; Cheese est particuli\u00e8rement attentif \u00e0 l&rsquo;environnement : de l&rsquo;\u00e9limination des composants \u00e0 l&rsquo;utilisation d&#8217;emballages primaires recyclables et de sources d&rsquo;\u00e9nergie alternatives, qui sont aujourd&rsquo;hui en mesure de satisfaire la plupart de ses besoins \u00e9nerg\u00e9tiques. Faites partie de ce monde !<\/span><\/p>\n<p>[\/vc_column_text][vc_empty_space height=\u00a0\u00bb50px\u00a0\u00bb][vc_empty_space height=\u00a0\u00bb50px\u00a0\u00bb][vc_single_image image=\u00a0\u00bb11047&Prime; img_size=\u00a0\u00bblarge\u00a0\u00bb onclick=\u00a0\u00bbcustom_link\u00a0\u00bb el_id=\u00a0\u00bbhttps:\/\/ifcfood.com\/wp-content\/uploads\/2023\/07\/Creme-IFC-2023.pdf\u00a0\u00bb link=\u00a0\u00bbhttps:\/\/ifcfood.com\/wp-content\/uploads\/2023\/07\/Creme-IFC-2023-1.pdf\u00a0\u00bb][vc_column_text]<\/p>\n<p id=\"tw-target-text\" class=\"tw-data-text tw-text-large tw-ta\" dir=\"ltr\" data-placeholder=\"Traduzione\"><a href=\"https:\/\/ifcfood.com\/wp-content\/uploads\/2022\/06\/Depliant_IFC-2022.pdf\"><strong><span class=\"Y2IQFc\" lang=\"fr\" tabindex=\"-1\">T\u00e9l\u00e9chargez le PDF de notre plaquette<\/span><\/strong><\/a><\/p>\n<p>[\/vc_column_text][vc_empty_space height=\u00a0\u00bb50px\u00a0\u00bb][\/vc_column][vc_column offset=\u00a0\u00bbvc_col-lg-6&Prime;]<div class=\"mkd-image-gallery\">\n\t<div class=\"mkd-image-gallery-slider\" data-autoplay=\"3\" data-animation=\"slide\" data-navigation=\"yes\" data-pagination=\"yes\">\n\t\t\t\t\t\t\t\t\t<img loading=\"lazy\" decoding=\"async\" width=\"1069\" height=\"1346\" src=\"https:\/\/ifcfood.com\/wp-content\/uploads\/2022\/10\/WhatsApp-Image-2022-10-26-at-15.18.35.jpeg\" class=\"attachment-full size-full\" alt=\"\" srcset=\"https:\/\/ifcfood.com\/wp-content\/uploads\/2022\/10\/WhatsApp-Image-2022-10-26-at-15.18.35.jpeg 1069w, https:\/\/ifcfood.com\/wp-content\/uploads\/2022\/10\/WhatsApp-Image-2022-10-26-at-15.18.35-238x300.jpeg 238w, https:\/\/ifcfood.com\/wp-content\/uploads\/2022\/10\/WhatsApp-Image-2022-10-26-at-15.18.35-813x1024.jpeg 813w, https:\/\/ifcfood.com\/wp-content\/uploads\/2022\/10\/WhatsApp-Image-2022-10-26-at-15.18.35-768x967.jpeg 768w\" sizes=\"auto, (max-width: 1069px) 100vw, 1069px\" \/>\t\t\t\t\t\t\t\t\t\t\t\t\t<img loading=\"lazy\" decoding=\"async\" width=\"1080\" height=\"1343\" src=\"https:\/\/ifcfood.com\/wp-content\/uploads\/2022\/10\/WhatsApp-Image-2022-10-26-at-15.15.44-1.jpeg\" class=\"attachment-full size-full\" alt=\"\" srcset=\"https:\/\/ifcfood.com\/wp-content\/uploads\/2022\/10\/WhatsApp-Image-2022-10-26-at-15.15.44-1.jpeg 1080w, https:\/\/ifcfood.com\/wp-content\/uploads\/2022\/10\/WhatsApp-Image-2022-10-26-at-15.15.44-1-241x300.jpeg 241w, https:\/\/ifcfood.com\/wp-content\/uploads\/2022\/10\/WhatsApp-Image-2022-10-26-at-15.15.44-1-823x1024.jpeg 823w, https:\/\/ifcfood.com\/wp-content\/uploads\/2022\/10\/WhatsApp-Image-2022-10-26-at-15.15.44-1-768x955.jpeg 768w\" sizes=\"auto, (max-width: 1080px) 100vw, 1080px\" \/>\t\t\t\t\t\t\t\t\t\t\t\t\t<img loading=\"lazy\" decoding=\"async\" width=\"1066\" height=\"1066\" src=\"https:\/\/ifcfood.com\/wp-content\/uploads\/2021\/10\/COPERTINA.jpg\" class=\"attachment-full size-full\" alt=\"\" srcset=\"https:\/\/ifcfood.com\/wp-content\/uploads\/2021\/10\/COPERTINA.jpg 1066w, https:\/\/ifcfood.com\/wp-content\/uploads\/2021\/10\/COPERTINA-300x300.jpg 300w, https:\/\/ifcfood.com\/wp-content\/uploads\/2021\/10\/COPERTINA-1024x1024.jpg 1024w, https:\/\/ifcfood.com\/wp-content\/uploads\/2021\/10\/COPERTINA-150x150.jpg 150w, https:\/\/ifcfood.com\/wp-content\/uploads\/2021\/10\/COPERTINA-768x768.jpg 768w, https:\/\/ifcfood.com\/wp-content\/uploads\/2021\/10\/COPERTINA-550x550.jpg 550w\" sizes=\"auto, (max-width: 1066px) 100vw, 1066px\" \/>\t\t\t\t\t\t\t<\/div>\n<\/div>[vc_empty_space height=\u00a0\u00bb66px\u00a0\u00bb][vc_single_image image=\u00a0\u00bb10942&Prime; img_size=\u00a0\u00bbfull\u00a0\u00bb css_animation=\u00a0\u00bbfadeInLeft\u00a0\u00bb][vc_empty_space height=\u00a0\u00bb66px\u00a0\u00bb][vc_single_image image=\u00a0\u00bb10892&Prime; img_size=\u00a0\u00bbfull\u00a0\u00bb css_animation=\u00a0\u00bbfadeInLeft\u00a0\u00bb][vc_empty_space height=\u00a0\u00bb66px\u00a0\u00bb][\/vc_column][\/vc_row][vc_row content_width=\u00a0\u00bbgrid\u00a0\u00bb css=\u00a0\u00bb.vc_custom_1606209256749{padding-top: 100px !important;padding-bottom: 100px !important;background-color: #f7f1e1 !important;}\u00a0\u00bb][vc_column width=\u00a0\u00bb1\/4&Prime;][vc_single_image image=\u00a0\u00bb11001&Prime; img_size=\u00a0\u00bbmedium\u00a0\u00bb onclick=\u00a0\u00bbcustom_link\u00a0\u00bb link=\u00a0\u00bbhttps:\/\/ifcfood.com\/wp-content\/uploads\/2022\/06\/REV_PDF_IA_2022_C519995_BRC_FOOD-1.pdf\u00a0\u00bb][vc_single_image image=\u00a0\u00bb11003&Prime; img_size=\u00a0\u00bbmedium\u00a0\u00bb onclick=\u00a0\u00bbcustom_link\u00a0\u00bb link=\u00a0\u00bbhttps:\/\/ifcfood.com\/wp-content\/uploads\/2022\/06\/REV_PDF_RC_2022_10000320770-MSC-ACCREDIA-ITA_IFS_FOOD-2.pdf\u00a0\u00bb][\/vc_column][vc_column width=\u00a0\u00bb3\/4&Prime;][vc_column_text]<\/p>\n<p class=\"tw-data-text tw-text-large tw-ta\" dir=\"ltr\" data-placeholder=\"Traduzione\"><span class=\"Y2IQFc\" lang=\"fr\" tabindex=\"-1\">Notre entreprise a obtenu avec succ\u00e8s la certification de niveau sup\u00e9rieur IFS FOOD STANDARD et BRC GLOBAL STANDARD FOR FOOD SAFETY de l&rsquo;organisme DNV-GL,<strong> car pour nous la qualit\u00e9 est une affaire s\u00e9rieuse ! <\/strong><\/span><\/p>\n<p class=\"tw-data-text tw-text-large tw-ta\" dir=\"ltr\" data-placeholder=\"Traduzione\"><span class=\"Y2IQFc\" lang=\"fr\" tabindex=\"-1\">T\u00e9l\u00e9chargez notre certificat IFS <\/span><\/p>\n<p id=\"tw-target-text\" class=\"tw-data-text tw-text-large tw-ta\" dir=\"ltr\" data-placeholder=\"Traduzione\"><span class=\"Y2IQFc\" lang=\"fr\" tabindex=\"-1\">T\u00e9l\u00e9chargez notre certificat BRC<\/span><\/p>\n<p id=\"tw-target-text\" class=\"tw-data-text tw-text-large tw-ta\" dir=\"ltr\" data-placeholder=\"Traduzione\">\n<p>[\/vc_column_text][\/vc_column][\/vc_row][vc_row content_width=\u00a0\u00bbgrid\u00a0\u00bb content_aligment=\u00a0\u00bbcenter\u00a0\u00bb css=\u00a0\u00bb.vc_custom_1605786365629{padding-top: 103px !important;padding-bottom: 55px !important;background: #e5e5e5 url(https:\/\/ifcfood.com\/wp-content\/uploads\/2020\/11\/fondotela2-2-1.jpg?id=5139) !important;}\u00a0\u00bb][vc_column width=\u00a0\u00bb1\/2&Prime;][vc_video link=\u00a0\u00bbhttps:\/\/www.youtube.com\/watch?v=upKOe7tgkfs&amp;t=185s\u00a0\u00bb title=\u00a0\u00bbNous pr\u00e9sentons nos fromages \u00e0 la cr\u00e8me au TUTTOFOOD 2023.\u00a0\u00bb][\/vc_column][vc_column width=\u00a0\u00bb1\/2&Prime;][vc_video link=\u00a0\u00bbhttps:\/\/www.youtube.com\/watch?v=PtdBph5v2zk\u00a0\u00bb title=\u00a0\u00bbInterview de Federico Calzetti \u00e0 Cibus Connect 2023.\u00a0\u00bb][\/vc_column][\/vc_row][vc_row content_width=\u00a0\u00bbgrid\u00a0\u00bb css=\u00a0\u00bb.vc_custom_1605786378716{background: #e5e5e5 url(https:\/\/ifcfood.com\/wp-content\/uploads\/2020\/11\/fondotela2-2-1.jpg?id=5139) !important;}\u00a0\u00bb][vc_column width=\u00a0\u00bb1\/4&Prime;][vc_single_image image=\u00a0\u00bb10758&Prime; img_size=\u00a0\u00bbfull\u00a0\u00bb][vc_empty_space height=\u00a0\u00bb14px\u00a0\u00bb][vc_column_text]<\/p>\n<h5 id=\"tw-target-text\" class=\"tw-data-text tw-text-large tw-ta\" dir=\"ltr\" data-placeholder=\"Traduzione\"><span class=\"Y2IQFc\" lang=\"fr\" tabindex=\"-1\">Consommation int\u00e9rieure<\/span><\/h5>\n<p>[\/vc_column_text][vc_column_text]<\/p>\n<p id=\"tw-target-text\" class=\"tw-data-text tw-text-large tw-ta\" dir=\"ltr\" data-placeholder=\"Traduzione\"><span class=\"Y2IQFc\" lang=\"fr\" tabindex=\"-1\">Nos cr\u00e8mes fromag\u00e8res, sans conservateurs et \u00e0 base de fromages italiens AOP, sont pr\u00e9sentes dans de nombreuses \u00e9piceries fines et supermarch\u00e9s italiens.<\/span><\/p>\n<p class=\"tw-data-text tw-text-large tw-ta\" dir=\"ltr\" data-placeholder=\"Traduzione\"><span class=\"Y2IQFc\" lang=\"fr\" tabindex=\"-1\"> Vous souhaitez plus d&rsquo;informations sur comment devenir revendeur des cr\u00e8mes Calzetti ou Sudigusto ? Contactez-nous.<\/span><\/p>\n<p>[\/vc_column_text][vc_empty_space height=\u00a0\u00bb14px\u00a0\u00bb]<a href=\"https:\/\/ifcfood.com\/consumo-domestico\/\" target=\"_self\"  class=\"mkd-btn mkd-btn-medium mkd-btn-solid mkd-btn-hover-outline\"  >\n\t\t<span class=\"mkd-btn-text\">EN SAVOIR PLUS<\/span>\n\t\n\t\t\t<span class=\"mkd-btn-helper\" ><\/span>\n\t<\/a>[\/vc_column][vc_column width=\u00a0\u00bb1\/4&Prime;][vc_single_image image=\u00a0\u00bb10756&Prime; img_size=\u00a0\u00bbfull\u00a0\u00bb][vc_empty_space height=\u00a0\u00bb14px\u00a0\u00bb][vc_column_text]<\/p>\n<h5>HORECA<\/h5>\n<p>[\/vc_column_text][vc_column_text]<\/p>\n<p id=\"tw-target-text\" class=\"tw-data-text tw-text-large tw-ta\" dir=\"ltr\" data-placeholder=\"Traduzione\"><span class=\"Y2IQFc\" lang=\"fr\" tabindex=\"-1\">Nos fromages \u00e0 la cr\u00e8me et nos s\u00e9lections sont \u00e9galement disponibles pour les h\u00f4tels, restaurants et bars.<\/span><\/p>\n<p class=\"tw-data-text tw-text-large tw-ta\" dir=\"ltr\" data-placeholder=\"Traduzione\"><span class=\"Y2IQFc\" lang=\"fr\" tabindex=\"-1\"> Vous souhaitez plus d&rsquo;informations sur les formats HORECA des cr\u00e8mes Calzetti ou Sudigusto ? et sur les s\u00e9lections de produits italiens AOP contactez-nous.<\/span><\/p>\n<p>[\/vc_column_text][vc_empty_space height=\u00a0\u00bb14px\u00a0\u00bb]<a href=\"https:\/\/ifcfood.com\/horeca\/\" target=\"_self\"  class=\"mkd-btn mkd-btn-medium mkd-btn-solid mkd-btn-hover-outline\"  >\n\t\t<span class=\"mkd-btn-text\">EN SAVOIR PLUS<\/span>\n\t\n\t\t\t<span class=\"mkd-btn-helper\" ><\/span>\n\t<\/a>[\/vc_column][vc_column width=\u00a0\u00bb1\/4&Prime;][vc_single_image image=\u00a0\u00bb10754&Prime; img_size=\u00a0\u00bbfull\u00a0\u00bb][vc_empty_space height=\u00a0\u00bb14px\u00a0\u00bb][vc_column_text]<\/p>\n<h5>Private label<\/h5>\n<p>[\/vc_column_text][vc_column_text]<\/p>\n<p id=\"tw-target-text\" class=\"tw-data-text tw-text-large tw-ta\" dir=\"ltr\" data-placeholder=\"Traduzione\"><span class=\"Y2IQFc\" lang=\"fr\" tabindex=\"-1\">Nous pouvons personnaliser notre production de fromage frais AOP selon vos besoins, jusqu&rsquo;\u00e0 la cr\u00e9ation d&rsquo;un produit fini incluant \u00e9tiquette et graphisme.<\/span><\/p>\n<p class=\"tw-data-text tw-text-large tw-ta\" dir=\"ltr\" data-placeholder=\"Traduzione\"><span class=\"Y2IQFc\" lang=\"fr\" tabindex=\"-1\"> Vous souhaitez plus d\u2019informations sur le type de personnalisation des cr\u00e8mes au fromage AOP ? Contactez-nous.<\/span><\/p>\n<p>[\/vc_column_text][vc_empty_space height=\u00a0\u00bb14px\u00a0\u00bb]<a href=\"https:\/\/ifcfood.com\/private-label\/\" target=\"_self\"  class=\"mkd-btn mkd-btn-medium mkd-btn-solid mkd-btn-hover-outline\"  >\n\t\t<span class=\"mkd-btn-text\">EN SAVOIR PLUS<\/span>\n\t\n\t\t\t<span class=\"mkd-btn-helper\" ><\/span>\n\t<\/a>[\/vc_column][vc_column width=\u00a0\u00bb1\/4&Prime;][vc_single_image image=\u00a0\u00bb10342&Prime; img_size=\u00a0\u00bbfull\u00a0\u00bb][vc_empty_space height=\u00a0\u00bb14px\u00a0\u00bb][vc_column_text]<\/p>\n<h5 id=\"tw-target-text\" class=\"tw-data-text tw-text-large tw-ta\" dir=\"ltr\" data-placeholder=\"Traduzione\"><span class=\"Y2IQFc\" lang=\"fr\" tabindex=\"-1\">Industrie alimentaire<\/span><\/h5>\n<p>[\/vc_column_text][vc_column_text]<\/p>\n<p id=\"tw-target-text\" class=\"tw-data-text tw-text-large tw-ta\" dir=\"ltr\" data-placeholder=\"Traduzione\"><span class=\"Y2IQFc\" lang=\"fr\" tabindex=\"-1\">Une belle opportunit\u00e9 pour les entreprises du monde industriel, \u00e0 cet \u00e9gard nous avons pens\u00e9 aux formats 5000g.<\/span><\/p>\n<p class=\"tw-data-text tw-text-large tw-ta\" dir=\"ltr\" data-placeholder=\"Traduzione\"><span class=\"Y2IQFc\" lang=\"fr\" tabindex=\"-1\"> Vous souhaitez plus d&rsquo;informations sur les opportunit\u00e9s d&rsquo;utilisation des cr\u00e8mes Calzetti ou Sudigusto dans le monde industriel ? Contactez-nous.<\/span><\/p>\n<p>[\/vc_column_text][vc_empty_space height=\u00a0\u00bb14px\u00a0\u00bb]<a href=\"https:\/\/ifcfood.com\/industria-alimentare\/\" target=\"_self\"  class=\"mkd-btn mkd-btn-medium mkd-btn-solid mkd-btn-hover-outline\"  >\n\t\t<span class=\"mkd-btn-text\">EN SAVOIR PLUS<\/span>\n\t\n\t\t\t<span class=\"mkd-btn-helper\" ><\/span>\n\t<\/a>[vc_empty_space height=\u00a0\u00bb50px\u00a0\u00bb][vc_empty_space height=\u00a0\u00bb50px\u00a0\u00bb][\/vc_column][\/vc_row][vc_row content_width=\u00a0\u00bbgrid\u00a0\u00bb content_aligment=\u00a0\u00bbcenter\u00a0\u00bb css=\u00a0\u00bb.vc_custom_1468834015496{padding-top: 90px !important;padding-bottom: 105px !important;background-color: #f7f7f7 !important;}\u00a0\u00bb][vc_column offset=\u00a0\u00bbvc_col-lg-offset-1 vc_col-lg-10 vc_col-sm-offset-0&Prime;]<div class=\"mkd-testimonials-holder clearfix dark\"><div class=\"mkd-testimonials testimonials-slider data-animation-speed =\"600\"\">Sorry, no posts matched your criteria.<\/div><\/div>[\/vc_column][\/vc_row]<\/p>\n","protected":false},"excerpt":{"rendered":"<p>[vc_row content_width=\u00a0\u00bbgrid\u00a0\u00bb css=\u00a0\u00bb.vc_custom_1468833191794{padding-top: 110px !important;padding-bottom: 60px !important;}\u00a0\u00bb][vc_column offset=\u00a0\u00bbvc_col-lg-6&Prime;][vc_single_image image=\u00a0\u00bb10932&Prime; img_size=\u00a0\u00bbfull\u00a0\u00bb css_animation=\u00a0\u00bbfadeInLeft\u00a0\u00bb][vc_empty_space height=\u00a0\u00bb50px\u00a0\u00bb][vc_column_text] Italian Food &amp; Cheese est une r\u00e9alit\u00e9 n\u00e9e des nombreuses ann\u00e9es d&rsquo;exp\u00e9rience d&rsquo;une \u00e9quipe de professionnels dans la commercialisation de fromages italiens AOP sur le march\u00e9 national et \u00e0 l&rsquo;\u00e9tranger. Dans le but&#8230;<\/p>\n","protected":false},"author":2,"featured_media":0,"parent":0,"menu_order":0,"comment_status":"closed","ping_status":"closed","template":"full-width.php","meta":{"footnotes":""},"class_list":["post-11235","page","type-page","status-publish","hentry"],"yoast_head":"<!-- This site is optimized with the Yoast SEO plugin v27.3 - https:\/\/yoast.com\/product\/yoast-seo-wordpress\/ -->\n<title>Commercialisation des fromages AOP - Italian Food &amp; Cheese<\/title>\n<meta name=\"description\" content=\"Commercialisation de fromages AOP sur le march\u00e9 italien. S\u00e9lection d&#039;excellences culinaires italiennes pour la cr\u00e9ation de forfaits gastronomiques. Production de fromages \u00e0 la cr\u00e8me pour GDO, HORECA\" \/>\n<meta name=\"robots\" content=\"index, follow, max-snippet:-1, max-image-preview:large, max-video-preview:-1\" \/>\n<link rel=\"canonical\" href=\"https:\/\/ifcfood.com\/chi-siamo\/\" \/>\n<meta property=\"og:locale\" content=\"fr_FR\" \/>\n<meta property=\"og:type\" content=\"article\" \/>\n<meta property=\"og:title\" content=\"Commercialisation des fromages AOP - Italian Food &amp; Cheese\" \/>\n<meta property=\"og:description\" content=\"Commercialisation de fromages AOP sur le march\u00e9 italien. S\u00e9lection d&#039;excellences culinaires italiennes pour la cr\u00e9ation de forfaits gastronomiques. Production de fromages \u00e0 la cr\u00e8me pour GDO, HORECA\" \/>\n<meta property=\"og:url\" content=\"https:\/\/ifcfood.com\/chi-siamo\/\" \/>\n<meta property=\"og:site_name\" content=\"Italian Food &amp; Cheese\" \/>\n<meta property=\"article:modified_time\" content=\"2023-08-31T08:05:54+00:00\" \/>\n<meta name=\"twitter:card\" content=\"summary_large_image\" \/>\n<meta name=\"twitter:label1\" content=\"Dur\u00e9e de lecture estim\u00e9e\" \/>\n\t<meta name=\"twitter:data1\" content=\"5 minutes\" \/>\n<script type=\"application\/ld+json\" class=\"yoast-schema-graph\">{\"@context\":\"https:\\\/\\\/schema.org\",\"@graph\":[{\"@type\":\"WebPage\",\"@id\":\"https:\\\/\\\/ifcfood.com\\\/chi-siamo\\\/\",\"url\":\"https:\\\/\\\/ifcfood.com\\\/chi-siamo\\\/\",\"name\":\"Commercialisation des fromages AOP - Italian Food &amp; Cheese\",\"isPartOf\":{\"@id\":\"https:\\\/\\\/ifcfood.com\\\/#website\"},\"datePublished\":\"2023-08-25T09:14:05+00:00\",\"dateModified\":\"2023-08-31T08:05:54+00:00\",\"description\":\"Commercialisation de fromages AOP sur le march\u00e9 italien. S\u00e9lection d'excellences culinaires italiennes pour la cr\u00e9ation de forfaits gastronomiques. Production de fromages \u00e0 la cr\u00e8me pour GDO, HORECA\",\"breadcrumb\":{\"@id\":\"https:\\\/\\\/ifcfood.com\\\/chi-siamo\\\/#breadcrumb\"},\"inLanguage\":\"fr-FR\",\"potentialAction\":[{\"@type\":\"ReadAction\",\"target\":[\"https:\\\/\\\/ifcfood.com\\\/chi-siamo\\\/\"]}]},{\"@type\":\"BreadcrumbList\",\"@id\":\"https:\\\/\\\/ifcfood.com\\\/chi-siamo\\\/#breadcrumb\",\"itemListElement\":[{\"@type\":\"ListItem\",\"position\":1,\"name\":\"Home\",\"item\":\"https:\\\/\\\/ifcfood.com\\\/fr\\\/\"},{\"@type\":\"ListItem\",\"position\":2,\"name\":\"Qui nous sommes\"}]},{\"@type\":\"WebSite\",\"@id\":\"https:\\\/\\\/ifcfood.com\\\/#website\",\"url\":\"https:\\\/\\\/ifcfood.com\\\/\",\"name\":\"Italian Food &amp; Cheese\",\"description\":\"Food &amp; Beverage\",\"publisher\":{\"@id\":\"https:\\\/\\\/ifcfood.com\\\/#organization\"},\"potentialAction\":[{\"@type\":\"SearchAction\",\"target\":{\"@type\":\"EntryPoint\",\"urlTemplate\":\"https:\\\/\\\/ifcfood.com\\\/?s={search_term_string}\"},\"query-input\":{\"@type\":\"PropertyValueSpecification\",\"valueRequired\":true,\"valueName\":\"search_term_string\"}}],\"inLanguage\":\"fr-FR\"},{\"@type\":\"Organization\",\"@id\":\"https:\\\/\\\/ifcfood.com\\\/#organization\",\"name\":\"Ifc Italia Food & Cheese\",\"url\":\"https:\\\/\\\/ifcfood.com\\\/\",\"logo\":{\"@type\":\"ImageObject\",\"inLanguage\":\"fr-FR\",\"@id\":\"https:\\\/\\\/ifcfood.com\\\/#\\\/schema\\\/logo\\\/image\\\/\",\"url\":\"https:\\\/\\\/ifcfood.com\\\/wp-content\\\/uploads\\\/2020\\\/07\\\/logo-ifc-2-1.jpg\",\"contentUrl\":\"https:\\\/\\\/ifcfood.com\\\/wp-content\\\/uploads\\\/2020\\\/07\\\/logo-ifc-2-1.jpg\",\"width\":514,\"height\":456,\"caption\":\"Ifc Italia Food & Cheese\"},\"image\":{\"@id\":\"https:\\\/\\\/ifcfood.com\\\/#\\\/schema\\\/logo\\\/image\\\/\"}}]}<\/script>\n<!-- \/ Yoast SEO plugin. -->","yoast_head_json":{"title":"Commercialisation des fromages AOP - Italian Food &amp; Cheese","description":"Commercialisation de fromages AOP sur le march\u00e9 italien. S\u00e9lection d'excellences culinaires italiennes pour la cr\u00e9ation de forfaits gastronomiques. Production de fromages \u00e0 la cr\u00e8me pour GDO, HORECA","robots":{"index":"index","follow":"follow","max-snippet":"max-snippet:-1","max-image-preview":"max-image-preview:large","max-video-preview":"max-video-preview:-1"},"canonical":"https:\/\/ifcfood.com\/chi-siamo\/","og_locale":"fr_FR","og_type":"article","og_title":"Commercialisation des fromages AOP - Italian Food &amp; Cheese","og_description":"Commercialisation de fromages AOP sur le march\u00e9 italien. S\u00e9lection d'excellences culinaires italiennes pour la cr\u00e9ation de forfaits gastronomiques. Production de fromages \u00e0 la cr\u00e8me pour GDO, HORECA","og_url":"https:\/\/ifcfood.com\/chi-siamo\/","og_site_name":"Italian Food &amp; Cheese","article_modified_time":"2023-08-31T08:05:54+00:00","twitter_card":"summary_large_image","twitter_misc":{"Dur\u00e9e de lecture estim\u00e9e":"5 minutes"},"schema":{"@context":"https:\/\/schema.org","@graph":[{"@type":"WebPage","@id":"https:\/\/ifcfood.com\/chi-siamo\/","url":"https:\/\/ifcfood.com\/chi-siamo\/","name":"Commercialisation des fromages AOP - Italian Food &amp; Cheese","isPartOf":{"@id":"https:\/\/ifcfood.com\/#website"},"datePublished":"2023-08-25T09:14:05+00:00","dateModified":"2023-08-31T08:05:54+00:00","description":"Commercialisation de fromages AOP sur le march\u00e9 italien. S\u00e9lection d'excellences culinaires italiennes pour la cr\u00e9ation de forfaits gastronomiques. Production de fromages \u00e0 la cr\u00e8me pour GDO, HORECA","breadcrumb":{"@id":"https:\/\/ifcfood.com\/chi-siamo\/#breadcrumb"},"inLanguage":"fr-FR","potentialAction":[{"@type":"ReadAction","target":["https:\/\/ifcfood.com\/chi-siamo\/"]}]},{"@type":"BreadcrumbList","@id":"https:\/\/ifcfood.com\/chi-siamo\/#breadcrumb","itemListElement":[{"@type":"ListItem","position":1,"name":"Home","item":"https:\/\/ifcfood.com\/fr\/"},{"@type":"ListItem","position":2,"name":"Qui nous sommes"}]},{"@type":"WebSite","@id":"https:\/\/ifcfood.com\/#website","url":"https:\/\/ifcfood.com\/","name":"Italian Food &amp; Cheese","description":"Food &amp; Beverage","publisher":{"@id":"https:\/\/ifcfood.com\/#organization"},"potentialAction":[{"@type":"SearchAction","target":{"@type":"EntryPoint","urlTemplate":"https:\/\/ifcfood.com\/?s={search_term_string}"},"query-input":{"@type":"PropertyValueSpecification","valueRequired":true,"valueName":"search_term_string"}}],"inLanguage":"fr-FR"},{"@type":"Organization","@id":"https:\/\/ifcfood.com\/#organization","name":"Ifc Italia Food & Cheese","url":"https:\/\/ifcfood.com\/","logo":{"@type":"ImageObject","inLanguage":"fr-FR","@id":"https:\/\/ifcfood.com\/#\/schema\/logo\/image\/","url":"https:\/\/ifcfood.com\/wp-content\/uploads\/2020\/07\/logo-ifc-2-1.jpg","contentUrl":"https:\/\/ifcfood.com\/wp-content\/uploads\/2020\/07\/logo-ifc-2-1.jpg","width":514,"height":456,"caption":"Ifc Italia Food & Cheese"},"image":{"@id":"https:\/\/ifcfood.com\/#\/schema\/logo\/image\/"}}]}},"_links":{"self":[{"href":"https:\/\/ifcfood.com\/fr\/wp-json\/wp\/v2\/pages\/11235","targetHints":{"allow":["GET"]}}],"collection":[{"href":"https:\/\/ifcfood.com\/fr\/wp-json\/wp\/v2\/pages"}],"about":[{"href":"https:\/\/ifcfood.com\/fr\/wp-json\/wp\/v2\/types\/page"}],"author":[{"embeddable":true,"href":"https:\/\/ifcfood.com\/fr\/wp-json\/wp\/v2\/users\/2"}],"replies":[{"embeddable":true,"href":"https:\/\/ifcfood.com\/fr\/wp-json\/wp\/v2\/comments?post=11235"}],"version-history":[{"count":35,"href":"https:\/\/ifcfood.com\/fr\/wp-json\/wp\/v2\/pages\/11235\/revisions"}],"predecessor-version":[{"id":11608,"href":"https:\/\/ifcfood.com\/fr\/wp-json\/wp\/v2\/pages\/11235\/revisions\/11608"}],"wp:attachment":[{"href":"https:\/\/ifcfood.com\/fr\/wp-json\/wp\/v2\/media?parent=11235"}],"curies":[{"name":"wp","href":"https:\/\/api.w.org\/{rel}","templated":true}]}}