{"id":11227,"date":"2023-08-25T08:36:29","date_gmt":"2023-08-25T08:36:29","guid":{"rendered":"https:\/\/ifcfood.com\/cheesecake-a-la-creme-asiago-dop\/"},"modified":"2023-08-31T08:03:45","modified_gmt":"2023-08-31T08:03:45","slug":"cheesecake-a-la-creme-asiago-dop","status":"publish","type":"page","link":"https:\/\/ifcfood.com\/fr\/cheesecake-a-la-creme-asiago-dop\/","title":{"rendered":"Cheesecake \u00e0 la cr\u00e8me Asiago DOP"},"content":{"rendered":"<p>[vc_row row_type=\u00a0\u00bbparallax\u00a0\u00bb content_width=\u00a0\u00bbgrid\u00a0\u00bb full_screen_section_height=\u00a0\u00bbno\u00a0\u00bb css=\u00a0\u00bb.vc_custom_1606225681993{margin-top: 40px !important;margin-right: 40px !important;margin-bottom: 40px !important;margin-left: 40px !important;padding-top: 50px !important;background-image: url(https:\/\/ifcfood.com\/wp-content\/uploads\/2020\/11\/fondotelaselezioni-2-2.jpg?id=5176) !important;}\u00a0\u00bb][vc_column width=\u00a0\u00bb1\/2&Prime;][vc_single_image image=\u00a0\u00bb10661&Prime; img_size=\u00a0\u00bbfull\u00a0\u00bb][vc_empty_space height=\u00a0\u00bb40&Prime;][\/vc_column][vc_column width=\u00a0\u00bb1\/2&Prime;]<div class=\"mkd-section-subtitle-holder mkd-section-subtitle-left\" >\n\t<p style=\"text-align: left;\" class=\"mkd-section-subtitle\">INGR\u00c9DIENTS<\/p>\n<\/div>[vc_column_text]Fond de g\u00e2teau\u00a0:<\/p>\n<p>200 g de biscuits secs<br \/>\n100 g de beurre<br \/>\n1 cuill\u00e8re \u00e0 soupe de sucre<br \/>\nFarci:<\/p>\n<p>200 g de cr\u00e8me Asiago Calzetti AOP<br \/>\n1 litre de cr\u00e8me fouett\u00e9e<br \/>\n200 g de sucre<br \/>\n3 oeufs<br \/>\n3 cuill\u00e8res \u00e0 soupe de farine<br \/>\n1 sachet de vanilline<br \/>\n1 pot de confiture de fruits des bois<br \/>\n4 feuilles d&rsquo;ichtyocolle<br \/>\n1 cuill\u00e8re \u00e0 soupe de citron<br \/>\n[\/vc_column_text][\/vc_column][\/vc_row][vc_row content_width=\u00a0\u00bbgrid\u00a0\u00bb css=\u00a0\u00bb.vc_custom_1606225761288{margin-top: 40px !important;margin-right: 40px !important;margin-bottom: 40px !important;margin-left: 40px !important;padding-top: 50px !important;background-color: #fefae9 !important;}\u00a0\u00bb][vc_column width=\u00a0\u00bb1\/6&Prime;][vc_single_image image=\u00a0\u00bb10186&Prime; alignment=\u00a0\u00bbcenter\u00a0\u00bb][vc_single_image image=\u00a0\u00bb10453&Prime; img_size=\u00a0\u00bbmedium\u00a0\u00bb alignment=\u00a0\u00bbcenter\u00a0\u00bb][\/vc_column][vc_column width=\u00a0\u00bb5\/6&Prime;][vc_column_text]Pr\u00e9paration:<\/p>\n<p>Pour le fond, hachez finement les biscuits et ajoutez le beurre fondu et la cuiller\u00e9e de sucre. Mettez le tout dans un moule \u00e0 charni\u00e8re et \u00e9crasez-le bien avec un maillet \u00e0 viande. Laisser reposer au r\u00e9frig\u00e9rateur environ une heure. Pendant ce temps, pr\u00e9parez la garniture.<\/p>\n<p>Farci:<\/p>\n<p>Battez les jaunes d&rsquo;\u0153ufs avec le sucre, ajoutez la cr\u00e8me Asiago Calzetti, la farine, la cr\u00e8me, la vanilline et le jus de citron. M\u00e9langez le tout.<\/p>\n<p>Enfin, montez les blancs d&rsquo;\u0153ufs en neige ferme et m\u00e9langez le tout d\u00e9licatement en prenant soin de ne pas les d\u00e9monter.<\/p>\n<p>Versez la garniture dans le moule et faites cuire au four \u00e0 180\u00b0 pendant env. 40 minutes.<\/p>\n<p>Une fois cuit, sortez du four et laissez refroidir.<\/p>\n<p>Pendant ce temps, plongez les feuilles d&rsquo;ichtyocolle dans l&rsquo;eau froide et faites chauffer la confiture dans une casserole \u00e0 feu doux.<\/p>\n<p>Ajoutez les feuilles d&rsquo;ichtyocolle \u00e0 la confiture et versez-la d\u00e9licatement sur le g\u00e2teau.<\/p>\n<p>Laisser refroidir et conserver au r\u00e9frig\u00e9rateur quelques heures. Servir tr\u00e8s froid.<\/p>\n<p>Id\u00e9al en dessert ou pour accompagner une tasse de th\u00e9.<\/p>\n<p>[\/vc_column_text][vc_empty_space height=\u00a0\u00bb40&Prime;][\/vc_column][\/vc_row]<\/p>\n","protected":false},"excerpt":{"rendered":"<p>[vc_row row_type=\u00a0\u00bbparallax\u00a0\u00bb content_width=\u00a0\u00bbgrid\u00a0\u00bb full_screen_section_height=\u00a0\u00bbno\u00a0\u00bb css=\u00a0\u00bb.vc_custom_1606225681993{margin-top: 40px !important;margin-right: 40px !important;margin-bottom: 40px !important;margin-left: 40px !important;padding-top: 50px !important;background-image: url(https:\/\/ifcfood.com\/wp-content\/uploads\/2020\/11\/fondotelaselezioni-2-2.jpg?id=5176) !important;}\u00a0\u00bb][vc_column width=\u00a0\u00bb1\/2&Prime;][vc_single_image image=\u00a0\u00bb10661&Prime; img_size=\u00a0\u00bbfull\u00a0\u00bb][vc_empty_space height=\u00a0\u00bb40&Prime;][\/vc_column][vc_column width=\u00a0\u00bb1\/2&Prime;][vc_column_text]Fond de g\u00e2teau\u00a0: 200 g de biscuits secs 100 g de beurre 1 cuill\u00e8re \u00e0 soupe de sucre Farci: 200 g de cr\u00e8me Asiago&#8230;<\/p>\n","protected":false},"author":4,"featured_media":0,"parent":0,"menu_order":0,"comment_status":"closed","ping_status":"closed","template":"full-width.php","meta":{"footnotes":""},"class_list":["post-11227","page","type-page","status-publish","hentry"],"yoast_head":"<!-- This site is optimized with the Yoast SEO plugin v27.4 - https:\/\/yoast.com\/product\/yoast-seo-wordpress\/ -->\n<title>Cheesecake \u00e0 la cr\u00e8me Asiago DOP - Italian Food &amp; Cheese<\/title>\n<meta name=\"robots\" content=\"index, follow, max-snippet:-1, max-image-preview:large, max-video-preview:-1\" \/>\n<link rel=\"canonical\" href=\"https:\/\/ifcfood.com\/cheesecake-con-crema-di-asiago-dop\/\" \/>\n<meta property=\"og:locale\" content=\"fr_FR\" \/>\n<meta property=\"og:type\" content=\"article\" \/>\n<meta property=\"og:title\" content=\"Cheesecake \u00e0 la cr\u00e8me Asiago DOP - Italian Food &amp; Cheese\" \/>\n<meta property=\"og:description\" content=\"[vc_row row_type=\u00a0\u00bbparallax\u00a0\u00bb content_width=\u00a0\u00bbgrid\u00a0\u00bb full_screen_section_height=\u00a0\u00bbno\u00a0\u00bb css=\u00a0\u00bb.vc_custom_1606225681993{margin-top: 40px !important;margin-right: 40px !important;margin-bottom: 40px !important;margin-left: 40px !important;padding-top: 50px !important;background-image: url(https:\/\/ifcfood.com\/wp-content\/uploads\/2020\/11\/fondotelaselezioni-2-2.jpg?id=5176) !important;}\u00a0\u00bb][vc_column width=\u00a0\u00bb1\/2&Prime;][vc_single_image image=\u00a0\u00bb10661&Prime; img_size=\u00a0\u00bbfull\u00a0\u00bb][vc_empty_space height=\u00a0\u00bb40&Prime;][\/vc_column][vc_column width=\u00a0\u00bb1\/2&Prime;][vc_column_text]Fond de g\u00e2teau\u00a0: 200 g de biscuits secs 100 g de beurre 1 cuill\u00e8re \u00e0 soupe de sucre Farci: 200 g de cr\u00e8me Asiago...\" \/>\n<meta property=\"og:url\" content=\"https:\/\/ifcfood.com\/cheesecake-con-crema-di-asiago-dop\/\" \/>\n<meta property=\"og:site_name\" content=\"Italian Food &amp; Cheese\" \/>\n<meta property=\"article:modified_time\" content=\"2023-08-31T08:03:45+00:00\" \/>\n<meta name=\"twitter:card\" content=\"summary_large_image\" \/>\n<meta name=\"twitter:label1\" content=\"Dur\u00e9e de lecture estim\u00e9e\" \/>\n\t<meta name=\"twitter:data1\" content=\"2 minutes\" \/>\n<script type=\"application\/ld+json\" class=\"yoast-schema-graph\">{\"@context\":\"https:\\\/\\\/schema.org\",\"@graph\":[{\"@type\":\"WebPage\",\"@id\":\"https:\\\/\\\/ifcfood.com\\\/cheesecake-con-crema-di-asiago-dop\\\/\",\"url\":\"https:\\\/\\\/ifcfood.com\\\/cheesecake-con-crema-di-asiago-dop\\\/\",\"name\":\"Cheesecake \u00e0 la cr\u00e8me Asiago DOP - Italian Food &amp; Cheese\",\"isPartOf\":{\"@id\":\"https:\\\/\\\/ifcfood.com\\\/#website\"},\"datePublished\":\"2023-08-25T08:36:29+00:00\",\"dateModified\":\"2023-08-31T08:03:45+00:00\",\"breadcrumb\":{\"@id\":\"https:\\\/\\\/ifcfood.com\\\/cheesecake-con-crema-di-asiago-dop\\\/#breadcrumb\"},\"inLanguage\":\"fr-FR\",\"potentialAction\":[{\"@type\":\"ReadAction\",\"target\":[\"https:\\\/\\\/ifcfood.com\\\/cheesecake-con-crema-di-asiago-dop\\\/\"]}]},{\"@type\":\"BreadcrumbList\",\"@id\":\"https:\\\/\\\/ifcfood.com\\\/cheesecake-con-crema-di-asiago-dop\\\/#breadcrumb\",\"itemListElement\":[{\"@type\":\"ListItem\",\"position\":1,\"name\":\"Home\",\"item\":\"https:\\\/\\\/ifcfood.com\\\/fr\\\/\"},{\"@type\":\"ListItem\",\"position\":2,\"name\":\"Cheesecake \u00e0 la cr\u00e8me Asiago DOP\"}]},{\"@type\":\"WebSite\",\"@id\":\"https:\\\/\\\/ifcfood.com\\\/#website\",\"url\":\"https:\\\/\\\/ifcfood.com\\\/\",\"name\":\"Italian Food &amp; Cheese\",\"description\":\"Food &amp; Beverage\",\"publisher\":{\"@id\":\"https:\\\/\\\/ifcfood.com\\\/#organization\"},\"potentialAction\":[{\"@type\":\"SearchAction\",\"target\":{\"@type\":\"EntryPoint\",\"urlTemplate\":\"https:\\\/\\\/ifcfood.com\\\/?s={search_term_string}\"},\"query-input\":{\"@type\":\"PropertyValueSpecification\",\"valueRequired\":true,\"valueName\":\"search_term_string\"}}],\"inLanguage\":\"fr-FR\"},{\"@type\":\"Organization\",\"@id\":\"https:\\\/\\\/ifcfood.com\\\/#organization\",\"name\":\"Ifc Italia Food & Cheese\",\"url\":\"https:\\\/\\\/ifcfood.com\\\/\",\"logo\":{\"@type\":\"ImageObject\",\"inLanguage\":\"fr-FR\",\"@id\":\"https:\\\/\\\/ifcfood.com\\\/#\\\/schema\\\/logo\\\/image\\\/\",\"url\":\"https:\\\/\\\/ifcfood.com\\\/wp-content\\\/uploads\\\/2020\\\/07\\\/logo-ifc-2-1.jpg\",\"contentUrl\":\"https:\\\/\\\/ifcfood.com\\\/wp-content\\\/uploads\\\/2020\\\/07\\\/logo-ifc-2-1.jpg\",\"width\":514,\"height\":456,\"caption\":\"Ifc Italia Food & Cheese\"},\"image\":{\"@id\":\"https:\\\/\\\/ifcfood.com\\\/#\\\/schema\\\/logo\\\/image\\\/\"}}]}<\/script>\n<!-- \/ Yoast SEO plugin. -->","yoast_head_json":{"title":"Cheesecake \u00e0 la cr\u00e8me Asiago DOP - Italian Food &amp; Cheese","robots":{"index":"index","follow":"follow","max-snippet":"max-snippet:-1","max-image-preview":"max-image-preview:large","max-video-preview":"max-video-preview:-1"},"canonical":"https:\/\/ifcfood.com\/cheesecake-con-crema-di-asiago-dop\/","og_locale":"fr_FR","og_type":"article","og_title":"Cheesecake \u00e0 la cr\u00e8me Asiago DOP - Italian Food &amp; Cheese","og_description":"[vc_row row_type=\u00a0\u00bbparallax\u00a0\u00bb content_width=\u00a0\u00bbgrid\u00a0\u00bb full_screen_section_height=\u00a0\u00bbno\u00a0\u00bb css=\u00a0\u00bb.vc_custom_1606225681993{margin-top: 40px !important;margin-right: 40px !important;margin-bottom: 40px !important;margin-left: 40px !important;padding-top: 50px !important;background-image: url(https:\/\/ifcfood.com\/wp-content\/uploads\/2020\/11\/fondotelaselezioni-2-2.jpg?id=5176) !important;}\u00a0\u00bb][vc_column width=\u00a0\u00bb1\/2&Prime;][vc_single_image image=\u00a0\u00bb10661&Prime; img_size=\u00a0\u00bbfull\u00a0\u00bb][vc_empty_space height=\u00a0\u00bb40&Prime;][\/vc_column][vc_column width=\u00a0\u00bb1\/2&Prime;][vc_column_text]Fond de g\u00e2teau\u00a0: 200 g de biscuits secs 100 g de beurre 1 cuill\u00e8re \u00e0 soupe de sucre Farci: 200 g de cr\u00e8me Asiago...","og_url":"https:\/\/ifcfood.com\/cheesecake-con-crema-di-asiago-dop\/","og_site_name":"Italian Food &amp; Cheese","article_modified_time":"2023-08-31T08:03:45+00:00","twitter_card":"summary_large_image","twitter_misc":{"Dur\u00e9e de lecture estim\u00e9e":"2 minutes"},"schema":{"@context":"https:\/\/schema.org","@graph":[{"@type":"WebPage","@id":"https:\/\/ifcfood.com\/cheesecake-con-crema-di-asiago-dop\/","url":"https:\/\/ifcfood.com\/cheesecake-con-crema-di-asiago-dop\/","name":"Cheesecake \u00e0 la cr\u00e8me Asiago DOP - Italian Food &amp; Cheese","isPartOf":{"@id":"https:\/\/ifcfood.com\/#website"},"datePublished":"2023-08-25T08:36:29+00:00","dateModified":"2023-08-31T08:03:45+00:00","breadcrumb":{"@id":"https:\/\/ifcfood.com\/cheesecake-con-crema-di-asiago-dop\/#breadcrumb"},"inLanguage":"fr-FR","potentialAction":[{"@type":"ReadAction","target":["https:\/\/ifcfood.com\/cheesecake-con-crema-di-asiago-dop\/"]}]},{"@type":"BreadcrumbList","@id":"https:\/\/ifcfood.com\/cheesecake-con-crema-di-asiago-dop\/#breadcrumb","itemListElement":[{"@type":"ListItem","position":1,"name":"Home","item":"https:\/\/ifcfood.com\/fr\/"},{"@type":"ListItem","position":2,"name":"Cheesecake \u00e0 la cr\u00e8me Asiago DOP"}]},{"@type":"WebSite","@id":"https:\/\/ifcfood.com\/#website","url":"https:\/\/ifcfood.com\/","name":"Italian Food &amp; Cheese","description":"Food &amp; Beverage","publisher":{"@id":"https:\/\/ifcfood.com\/#organization"},"potentialAction":[{"@type":"SearchAction","target":{"@type":"EntryPoint","urlTemplate":"https:\/\/ifcfood.com\/?s={search_term_string}"},"query-input":{"@type":"PropertyValueSpecification","valueRequired":true,"valueName":"search_term_string"}}],"inLanguage":"fr-FR"},{"@type":"Organization","@id":"https:\/\/ifcfood.com\/#organization","name":"Ifc Italia Food & Cheese","url":"https:\/\/ifcfood.com\/","logo":{"@type":"ImageObject","inLanguage":"fr-FR","@id":"https:\/\/ifcfood.com\/#\/schema\/logo\/image\/","url":"https:\/\/ifcfood.com\/wp-content\/uploads\/2020\/07\/logo-ifc-2-1.jpg","contentUrl":"https:\/\/ifcfood.com\/wp-content\/uploads\/2020\/07\/logo-ifc-2-1.jpg","width":514,"height":456,"caption":"Ifc Italia Food & Cheese"},"image":{"@id":"https:\/\/ifcfood.com\/#\/schema\/logo\/image\/"}}]}},"_links":{"self":[{"href":"https:\/\/ifcfood.com\/fr\/wp-json\/wp\/v2\/pages\/11227","targetHints":{"allow":["GET"]}}],"collection":[{"href":"https:\/\/ifcfood.com\/fr\/wp-json\/wp\/v2\/pages"}],"about":[{"href":"https:\/\/ifcfood.com\/fr\/wp-json\/wp\/v2\/types\/page"}],"author":[{"embeddable":true,"href":"https:\/\/ifcfood.com\/fr\/wp-json\/wp\/v2\/users\/4"}],"replies":[{"embeddable":true,"href":"https:\/\/ifcfood.com\/fr\/wp-json\/wp\/v2\/comments?post=11227"}],"version-history":[{"count":11,"href":"https:\/\/ifcfood.com\/fr\/wp-json\/wp\/v2\/pages\/11227\/revisions"}],"predecessor-version":[{"id":11604,"href":"https:\/\/ifcfood.com\/fr\/wp-json\/wp\/v2\/pages\/11227\/revisions\/11604"}],"wp:attachment":[{"href":"https:\/\/ifcfood.com\/fr\/wp-json\/wp\/v2\/media?parent=11227"}],"curies":[{"name":"wp","href":"https:\/\/api.w.org\/{rel}","templated":true}]}}