{"id":11987,"date":"2023-09-04T09:18:39","date_gmt":"2023-09-04T09:18:39","guid":{"rendered":"https:\/\/ifcfood.com\/pure-de-col-rizada-frijoles-y-crema-de-parmigiano-reggiano\/"},"modified":"2023-09-04T09:18:39","modified_gmt":"2023-09-04T09:18:39","slug":"pure-de-col-rizada-frijoles-y-crema-de-parmigiano-reggiano","status":"publish","type":"page","link":"https:\/\/ifcfood.com\/es\/pure-de-col-rizada-frijoles-y-crema-de-parmigiano-reggiano\/","title":{"rendered":"Pur\u00e9 de col rizada, frijoles y crema de Parmigiano Reggiano"},"content":{"rendered":"<p>[vc_row row_type=\u00bbparallax\u00bb content_width=\u00bbgrid\u00bb full_screen_section_height=\u00bbno\u00bb css=\u00bb.vc_custom_1606225681993{margin-top: 40px !important;margin-right: 40px !important;margin-bottom: 40px !important;margin-left: 40px !important;padding-top: 50px !important;background-image: url(https:\/\/ifcfood.com\/wp-content\/uploads\/2020\/11\/fondotelaselezioni-2-2.jpg?id=5176) !important;}\u00bb][vc_column width=\u00bb1\/2&#8243;][vc_single_image image=\u00bb10627&#8243; img_size=\u00bbfull\u00bb alignment=\u00bbcenter\u00bb][vc_empty_space height=\u00bb40&#8243;][\/vc_column][vc_column width=\u00bb1\/2&#8243;]<div class=\"mkd-section-subtitle-holder mkd-section-subtitle-left\" >\n\t<p style=\"text-align: left;\" class=\"mkd-section-subtitle\">INGREDIENTES PARA 4 PERSONAS<\/p>\n<\/div>[vc_column_text]<\/p>\n<p id=\"tw-target-text\" class=\"tw-data-text tw-text-large tw-ta\" dir=\"ltr\" data-placeholder=\"Traduzione\"><span class=\"Y2IQFc\" lang=\"es\" tabindex=\"-1\">Ingredientes:<\/span><\/p>\n<p class=\"tw-data-text tw-text-large tw-ta\" dir=\"ltr\" data-placeholder=\"Traduzione\"><span class=\"Y2IQFc\" lang=\"es\" tabindex=\"-1\">300 g de col negra<\/span><\/p>\n<p class=\"tw-data-text tw-text-large tw-ta\" dir=\"ltr\" data-placeholder=\"Traduzione\"><span class=\"Y2IQFc\" lang=\"es\" tabindex=\"-1\">1 cebolla<\/span><\/p>\n<p class=\"tw-data-text tw-text-large tw-ta\" dir=\"ltr\" data-placeholder=\"Traduzione\"><span class=\"Y2IQFc\" lang=\"es\" tabindex=\"-1\">100 gramos de patatas<\/span><\/p>\n<p class=\"tw-data-text tw-text-large tw-ta\" dir=\"ltr\" data-placeholder=\"Traduzione\"><span class=\"Y2IQFc\" lang=\"es\" tabindex=\"-1\">probar aceite de oliva virgen extra<\/span><\/p>\n<p class=\"tw-data-text tw-text-large tw-ta\" dir=\"ltr\" data-placeholder=\"Traduzione\"><span class=\"Y2IQFc\" lang=\"es\" tabindex=\"-1\">1 paquete de frijoles cannellini enlatados<\/span><\/p>\n<p class=\"tw-data-text tw-text-large tw-ta\" dir=\"ltr\" data-placeholder=\"Traduzione\"><span class=\"Y2IQFc\" lang=\"es\" tabindex=\"-1\">1\/2 pastilla de caldo<\/span><\/p>\n<p class=\"tw-data-text tw-text-large tw-ta\" dir=\"ltr\" data-placeholder=\"Traduzione\"><span class=\"Y2IQFc\" lang=\"es\" tabindex=\"-1\">probar cascada <\/span><\/p>\n<p class=\"tw-data-text tw-text-large tw-ta\" dir=\"ltr\" data-placeholder=\"Traduzione\"><span class=\"Y2IQFc\" lang=\"es\" tabindex=\"-1\">probar sal<\/span><\/p>\n<p class=\"tw-data-text tw-text-large tw-ta\" dir=\"ltr\" data-placeholder=\"Traduzione\"><span class=\"Y2IQFc\" lang=\"es\" tabindex=\"-1\">100 g de crema de Parmigiano Reggiano DOP<\/span><\/p>\n<p>[\/vc_column_text][\/vc_column][\/vc_row][vc_row content_width=\u00bbgrid\u00bb css=\u00bb.vc_custom_1606225761288{margin-top: 40px !important;margin-right: 40px !important;margin-bottom: 40px !important;margin-left: 40px !important;padding-top: 50px !important;background-color: #fefae9 !important;}\u00bb][vc_column width=\u00bb1\/6&#8243;][vc_single_image image=\u00bb10187&#8243; alignment=\u00bbcenter\u00bb][vc_single_image image=\u00bb10454&#8243; img_size=\u00bbmedium\u00bb alignment=\u00bbcenter\u00bb][\/vc_column][vc_column width=\u00bb5\/6&#8243;][vc_column_text]<\/p>\n<p id=\"tw-target-text\" class=\"tw-data-text tw-text-large tw-ta\" dir=\"ltr\" data-placeholder=\"Traduzione\"><span class=\"Y2IQFc\" lang=\"es\" tabindex=\"-1\"><strong>Preparaci\u00f3n<\/strong>:<\/span><\/p>\n<p class=\"tw-data-text tw-text-large tw-ta\" dir=\"ltr\" data-placeholder=\"Traduzione\"><span class=\"Y2IQFc\" lang=\"es\" tabindex=\"-1\">En una olla grande vierte una cucharada de aceite de oliva virgen extra y la cebolla finamente picada y deja que se dore unos minutos. A continuaci\u00f3n a\u00f1adimos la patata pelada y cortada en dados y la col negra lavada, despojada de la parte blanca m\u00e1s dura y tambi\u00e9n reducida a trozos de unos cent\u00edmetros.<\/span><\/p>\n<p class=\"tw-data-text tw-text-large tw-ta\" dir=\"ltr\" data-placeholder=\"Traduzione\"><span class=\"Y2IQFc\" lang=\"es\" tabindex=\"-1\">Deja que todo le d\u00e9 sabor durante unos minutos, revolviendo con frecuencia. A continuaci\u00f3n a\u00f1ade 500 ml de agua y media pastilla de caldo o, en su defecto, 500 ml de caldo de verduras previamente preparado y cocina tapado durante 25 minutos. <\/span><\/p>\n<p class=\"tw-data-text tw-text-large tw-ta\" dir=\"ltr\" data-placeholder=\"Traduzione\"><span class=\"Y2IQFc\" lang=\"es\" tabindex=\"-1\">En este punto a\u00f1adimos tambi\u00e9n las jud\u00edas cannellini (escurridas y enjuagadas) y las especias elegidas, yo us\u00e9 una pizca de pimienta negra pero tambi\u00e9n pod\u00e9is optar por c\u00farcuma si quer\u00e9is.<\/span><\/p>\n<p class=\"tw-data-text tw-text-large tw-ta\" dir=\"ltr\" data-placeholder=\"Traduzione\"><span class=\"Y2IQFc\" lang=\"es\" tabindex=\"-1\">Despu\u00e9s de otros 5-10 minutos de cocci\u00f3n puedes apagar el fuego y con ayuda de una batidora de mano triturar todo hasta obtener una crema tersa.<\/span><\/p>\n<p class=\"tw-data-text tw-text-large tw-ta\" dir=\"ltr\" data-placeholder=\"Traduzione\"><span class=\"Y2IQFc\" lang=\"es\" tabindex=\"-1\">Sazona el pur\u00e9 de col negra y jud\u00edas con sal y sirve con un chorrito de aceite de oliva virgen extra.<\/span><\/p>\n<p class=\"tw-data-text tw-text-large tw-ta\" dir=\"ltr\" data-placeholder=\"Traduzione\"><span class=\"Y2IQFc\" lang=\"es\" tabindex=\"-1\">Adorne con unas cucharaditas de crema Parmigiano Reggiano DOP, que realzar\u00e1 su sabroso plato.<\/span><\/p>\n<p>[\/vc_column_text][vc_empty_space height=\u00bb40&#8243;][\/vc_column][\/vc_row]<\/p>\n","protected":false},"excerpt":{"rendered":"<p>[vc_row row_type=\u00bbparallax\u00bb content_width=\u00bbgrid\u00bb full_screen_section_height=\u00bbno\u00bb css=\u00bb.vc_custom_1606225681993{margin-top: 40px !important;margin-right: 40px !important;margin-bottom: 40px !important;margin-left: 40px !important;padding-top: 50px !important;background-image: url(https:\/\/ifcfood.com\/wp-content\/uploads\/2020\/11\/fondotelaselezioni-2-2.jpg?id=5176) !important;}\u00bb][vc_column width=\u00bb1\/2&#8243;][vc_single_image image=\u00bb10627&#8243; img_size=\u00bbfull\u00bb alignment=\u00bbcenter\u00bb][vc_empty_space height=\u00bb40&#8243;][\/vc_column][vc_column width=\u00bb1\/2&#8243;][vc_column_text] Ingredientes: 300 g de col negra 1 cebolla 100 gramos de patatas probar aceite de oliva virgen extra 1 paquete de frijoles&#8230;<\/p>\n","protected":false},"author":4,"featured_media":0,"parent":0,"menu_order":0,"comment_status":"closed","ping_status":"closed","template":"full-width.php","meta":{"footnotes":""},"class_list":["post-11987","page","type-page","status-publish","hentry"],"yoast_head":"<!-- This site is optimized with the Yoast SEO plugin v27.3 - https:\/\/yoast.com\/product\/yoast-seo-wordpress\/ -->\n<title>Pur\u00e9 de col rizada, frijoles y crema de Parmigiano Reggiano - Italian Food &amp; Cheese<\/title>\n<meta name=\"robots\" content=\"index, follow, max-snippet:-1, max-image-preview:large, max-video-preview:-1\" \/>\n<link rel=\"canonical\" href=\"https:\/\/ifcfood.com\/pure-di-cavolo-nero-fagioli-parmigiano-reggiano-dop\/\" \/>\n<meta property=\"og:locale\" content=\"es_ES\" \/>\n<meta property=\"og:type\" content=\"article\" \/>\n<meta property=\"og:title\" content=\"Pur\u00e9 de col rizada, frijoles y crema de Parmigiano Reggiano - Italian Food &amp; Cheese\" \/>\n<meta property=\"og:description\" content=\"[vc_row row_type=\u00bbparallax\u00bb content_width=\u00bbgrid\u00bb full_screen_section_height=\u00bbno\u00bb css=\u00bb.vc_custom_1606225681993{margin-top: 40px !important;margin-right: 40px !important;margin-bottom: 40px !important;margin-left: 40px !important;padding-top: 50px !important;background-image: url(https:\/\/ifcfood.com\/wp-content\/uploads\/2020\/11\/fondotelaselezioni-2-2.jpg?id=5176) !important;}\u00bb][vc_column width=\u00bb1\/2&#8243;][vc_single_image image=\u00bb10627&#8243; img_size=\u00bbfull\u00bb alignment=\u00bbcenter\u00bb][vc_empty_space height=\u00bb40&#8243;][\/vc_column][vc_column width=\u00bb1\/2&#8243;][vc_column_text] Ingredientes: 300 g de col negra 1 cebolla 100 gramos de patatas probar aceite de oliva virgen extra 1 paquete de frijoles...\" \/>\n<meta property=\"og:url\" content=\"https:\/\/ifcfood.com\/pure-di-cavolo-nero-fagioli-parmigiano-reggiano-dop\/\" \/>\n<meta property=\"og:site_name\" content=\"Italian Food &amp; Cheese\" \/>\n<meta name=\"twitter:card\" content=\"summary_large_image\" \/>\n<meta name=\"twitter:label1\" content=\"Tiempo de lectura\" \/>\n\t<meta name=\"twitter:data1\" content=\"2 minutos\" \/>\n<script type=\"application\/ld+json\" class=\"yoast-schema-graph\">{\"@context\":\"https:\\\/\\\/schema.org\",\"@graph\":[{\"@type\":\"WebPage\",\"@id\":\"https:\\\/\\\/ifcfood.com\\\/pure-di-cavolo-nero-fagioli-parmigiano-reggiano-dop\\\/\",\"url\":\"https:\\\/\\\/ifcfood.com\\\/pure-di-cavolo-nero-fagioli-parmigiano-reggiano-dop\\\/\",\"name\":\"Pur\u00e9 de col rizada, frijoles y crema de Parmigiano Reggiano - Italian Food &amp; Cheese\",\"isPartOf\":{\"@id\":\"https:\\\/\\\/ifcfood.com\\\/#website\"},\"datePublished\":\"2023-09-04T09:18:39+00:00\",\"breadcrumb\":{\"@id\":\"https:\\\/\\\/ifcfood.com\\\/pure-di-cavolo-nero-fagioli-parmigiano-reggiano-dop\\\/#breadcrumb\"},\"inLanguage\":\"es\",\"potentialAction\":[{\"@type\":\"ReadAction\",\"target\":[\"https:\\\/\\\/ifcfood.com\\\/pure-di-cavolo-nero-fagioli-parmigiano-reggiano-dop\\\/\"]}]},{\"@type\":\"BreadcrumbList\",\"@id\":\"https:\\\/\\\/ifcfood.com\\\/pure-di-cavolo-nero-fagioli-parmigiano-reggiano-dop\\\/#breadcrumb\",\"itemListElement\":[{\"@type\":\"ListItem\",\"position\":1,\"name\":\"Home\",\"item\":\"https:\\\/\\\/ifcfood.com\\\/es\\\/\"},{\"@type\":\"ListItem\",\"position\":2,\"name\":\"Pur\u00e9 de col rizada, frijoles y crema de Parmigiano Reggiano\"}]},{\"@type\":\"WebSite\",\"@id\":\"https:\\\/\\\/ifcfood.com\\\/#website\",\"url\":\"https:\\\/\\\/ifcfood.com\\\/\",\"name\":\"Italian Food &amp; Cheese\",\"description\":\"Food &amp; Beverage\",\"publisher\":{\"@id\":\"https:\\\/\\\/ifcfood.com\\\/#organization\"},\"potentialAction\":[{\"@type\":\"SearchAction\",\"target\":{\"@type\":\"EntryPoint\",\"urlTemplate\":\"https:\\\/\\\/ifcfood.com\\\/?s={search_term_string}\"},\"query-input\":{\"@type\":\"PropertyValueSpecification\",\"valueRequired\":true,\"valueName\":\"search_term_string\"}}],\"inLanguage\":\"es\"},{\"@type\":\"Organization\",\"@id\":\"https:\\\/\\\/ifcfood.com\\\/#organization\",\"name\":\"Ifc Italia Food & Cheese\",\"url\":\"https:\\\/\\\/ifcfood.com\\\/\",\"logo\":{\"@type\":\"ImageObject\",\"inLanguage\":\"es\",\"@id\":\"https:\\\/\\\/ifcfood.com\\\/#\\\/schema\\\/logo\\\/image\\\/\",\"url\":\"https:\\\/\\\/ifcfood.com\\\/wp-content\\\/uploads\\\/2020\\\/07\\\/logo-ifc-2-1.jpg\",\"contentUrl\":\"https:\\\/\\\/ifcfood.com\\\/wp-content\\\/uploads\\\/2020\\\/07\\\/logo-ifc-2-1.jpg\",\"width\":514,\"height\":456,\"caption\":\"Ifc Italia Food & Cheese\"},\"image\":{\"@id\":\"https:\\\/\\\/ifcfood.com\\\/#\\\/schema\\\/logo\\\/image\\\/\"}}]}<\/script>\n<!-- \/ Yoast SEO plugin. -->","yoast_head_json":{"title":"Pur\u00e9 de col rizada, frijoles y crema de Parmigiano Reggiano - Italian Food &amp; Cheese","robots":{"index":"index","follow":"follow","max-snippet":"max-snippet:-1","max-image-preview":"max-image-preview:large","max-video-preview":"max-video-preview:-1"},"canonical":"https:\/\/ifcfood.com\/pure-di-cavolo-nero-fagioli-parmigiano-reggiano-dop\/","og_locale":"es_ES","og_type":"article","og_title":"Pur\u00e9 de col rizada, frijoles y crema de Parmigiano Reggiano - Italian Food &amp; Cheese","og_description":"[vc_row row_type=\u00bbparallax\u00bb content_width=\u00bbgrid\u00bb full_screen_section_height=\u00bbno\u00bb css=\u00bb.vc_custom_1606225681993{margin-top: 40px !important;margin-right: 40px !important;margin-bottom: 40px !important;margin-left: 40px !important;padding-top: 50px !important;background-image: url(https:\/\/ifcfood.com\/wp-content\/uploads\/2020\/11\/fondotelaselezioni-2-2.jpg?id=5176) !important;}\u00bb][vc_column width=\u00bb1\/2&#8243;][vc_single_image image=\u00bb10627&#8243; img_size=\u00bbfull\u00bb alignment=\u00bbcenter\u00bb][vc_empty_space height=\u00bb40&#8243;][\/vc_column][vc_column width=\u00bb1\/2&#8243;][vc_column_text] Ingredientes: 300 g de col negra 1 cebolla 100 gramos de patatas probar aceite de oliva virgen extra 1 paquete de frijoles...","og_url":"https:\/\/ifcfood.com\/pure-di-cavolo-nero-fagioli-parmigiano-reggiano-dop\/","og_site_name":"Italian Food &amp; Cheese","twitter_card":"summary_large_image","twitter_misc":{"Tiempo de lectura":"2 minutos"},"schema":{"@context":"https:\/\/schema.org","@graph":[{"@type":"WebPage","@id":"https:\/\/ifcfood.com\/pure-di-cavolo-nero-fagioli-parmigiano-reggiano-dop\/","url":"https:\/\/ifcfood.com\/pure-di-cavolo-nero-fagioli-parmigiano-reggiano-dop\/","name":"Pur\u00e9 de col rizada, frijoles y crema de Parmigiano Reggiano - Italian Food &amp; Cheese","isPartOf":{"@id":"https:\/\/ifcfood.com\/#website"},"datePublished":"2023-09-04T09:18:39+00:00","breadcrumb":{"@id":"https:\/\/ifcfood.com\/pure-di-cavolo-nero-fagioli-parmigiano-reggiano-dop\/#breadcrumb"},"inLanguage":"es","potentialAction":[{"@type":"ReadAction","target":["https:\/\/ifcfood.com\/pure-di-cavolo-nero-fagioli-parmigiano-reggiano-dop\/"]}]},{"@type":"BreadcrumbList","@id":"https:\/\/ifcfood.com\/pure-di-cavolo-nero-fagioli-parmigiano-reggiano-dop\/#breadcrumb","itemListElement":[{"@type":"ListItem","position":1,"name":"Home","item":"https:\/\/ifcfood.com\/es\/"},{"@type":"ListItem","position":2,"name":"Pur\u00e9 de col rizada, frijoles y crema de Parmigiano Reggiano"}]},{"@type":"WebSite","@id":"https:\/\/ifcfood.com\/#website","url":"https:\/\/ifcfood.com\/","name":"Italian Food &amp; Cheese","description":"Food &amp; Beverage","publisher":{"@id":"https:\/\/ifcfood.com\/#organization"},"potentialAction":[{"@type":"SearchAction","target":{"@type":"EntryPoint","urlTemplate":"https:\/\/ifcfood.com\/?s={search_term_string}"},"query-input":{"@type":"PropertyValueSpecification","valueRequired":true,"valueName":"search_term_string"}}],"inLanguage":"es"},{"@type":"Organization","@id":"https:\/\/ifcfood.com\/#organization","name":"Ifc Italia Food & Cheese","url":"https:\/\/ifcfood.com\/","logo":{"@type":"ImageObject","inLanguage":"es","@id":"https:\/\/ifcfood.com\/#\/schema\/logo\/image\/","url":"https:\/\/ifcfood.com\/wp-content\/uploads\/2020\/07\/logo-ifc-2-1.jpg","contentUrl":"https:\/\/ifcfood.com\/wp-content\/uploads\/2020\/07\/logo-ifc-2-1.jpg","width":514,"height":456,"caption":"Ifc Italia Food & Cheese"},"image":{"@id":"https:\/\/ifcfood.com\/#\/schema\/logo\/image\/"}}]}},"_links":{"self":[{"href":"https:\/\/ifcfood.com\/es\/wp-json\/wp\/v2\/pages\/11987","targetHints":{"allow":["GET"]}}],"collection":[{"href":"https:\/\/ifcfood.com\/es\/wp-json\/wp\/v2\/pages"}],"about":[{"href":"https:\/\/ifcfood.com\/es\/wp-json\/wp\/v2\/types\/page"}],"author":[{"embeddable":true,"href":"https:\/\/ifcfood.com\/es\/wp-json\/wp\/v2\/users\/4"}],"replies":[{"embeddable":true,"href":"https:\/\/ifcfood.com\/es\/wp-json\/wp\/v2\/comments?post=11987"}],"version-history":[{"count":3,"href":"https:\/\/ifcfood.com\/es\/wp-json\/wp\/v2\/pages\/11987\/revisions"}],"predecessor-version":[{"id":11990,"href":"https:\/\/ifcfood.com\/es\/wp-json\/wp\/v2\/pages\/11987\/revisions\/11990"}],"wp:attachment":[{"href":"https:\/\/ifcfood.com\/es\/wp-json\/wp\/v2\/media?parent=11987"}],"curies":[{"name":"wp","href":"https:\/\/api.w.org\/{rel}","templated":true}]}}