{"id":11983,"date":"2023-09-04T09:15:50","date_gmt":"2023-09-04T09:15:50","guid":{"rendered":"https:\/\/ifcfood.com\/private-label\/"},"modified":"2023-09-04T09:15:52","modified_gmt":"2023-09-04T09:15:52","slug":"private-label","status":"publish","type":"page","link":"https:\/\/ifcfood.com\/es\/private-label\/","title":{"rendered":"Private-label"},"content":{"rendered":"<p>[vc_row content_width=\u00bbgrid\u00bb content_aligment=\u00bbcenter\u00bb css=\u00bb.vc_custom_1603301951789{padding-top: 103px !important;padding-bottom: 0px !important;}\u00bb][vc_column]<div class=\"mkd-section-title-holder\">\n\t<h2 class=\"mkd-section-title\" style=\"color: #373737;text-transform: uppercase;text-align: center\">\n\tLA COLABORACI\u00d3N CONSOLIDADA CON LAS CADENAS GDO M\u00c1S IMPORTANTES NOS PERMITE OFRECER NUESTRO QUESO CREMA TAMBI\u00c9N CON MARCA PRIVADA TANTO EN ITALIA COMO EN EL EXTRANJERO.<\/h2>\n<\/div>[\/vc_column][\/vc_row][vc_row content_width=\u00bbgrid\u00bb css=\u00bb.vc_custom_1468833191794{padding-top: 110px !important;padding-bottom: 60px !important;}\u00bb][vc_column offset=\u00bbvc_col-lg-6&#8243;][vc_single_image image=\u00bb10281&#8243; img_size=\u00bbfull\u00bb css_animation=\u00bbfadeInLeft\u00bb][vc_empty_space height=\u00bb50px\u00bb][vc_column_text]<\/p>\n<p id=\"tw-target-text\" class=\"tw-data-text tw-text-large tw-ta\" dir=\"ltr\" data-placeholder=\"Traduzione\"><span class=\"Y2IQFc\" lang=\"es\" tabindex=\"-1\">Es gracias a nuestro moderno y cualificado departamento de producci\u00f3n que podemos satisfacer todas las exigencias de gusto y formato que nos solicite, nuestra flexibilidad de producci\u00f3n tambi\u00e9n nos permite desarrollar <strong>recetas ad hoc<\/strong> basadas en sus necesidades.<\/span><\/p>\n<p>[\/vc_column_text][vc_empty_space height=\u00bb50px\u00bb][\/vc_column][vc_column offset=\u00bbvc_col-lg-6&#8243;][vc_empty_space height=\u00bb80px\u00bb][vc_single_image image=\u00bb10984&#8243; img_size=\u00bbfull\u00bb alignment=\u00bbcenter\u00bb css_animation=\u00bbfadeInLeft\u00bb][vc_empty_space height=\u00bb80px\u00bb][vc_column_text]<\/p>\n<p id=\"tw-target-text\" class=\"tw-data-text tw-text-large tw-ta\" dir=\"ltr\" data-placeholder=\"Traduzione\"><a href=\"https:\/\/ifcfood.com\/es\/cremas-de-queso-dop\/\"><strong><span class=\"Y2IQFc\" lang=\"es\" tabindex=\"-1\">Todas las referencias producidas bajo nuestra marca tambi\u00e9n pueden producirse bajo marca privada.<\/span><\/strong><\/a><\/p>\n<p>[\/vc_column_text][vc_empty_space height=\u00bb40px\u00bb][vc_empty_space height=\u00bb80px\u00bb][\/vc_column][\/vc_row][vc_row content_width=\u00bbgrid\u00bb content_aligment=\u00bbcenter\u00bb css=\u00bb.vc_custom_1605720902477{padding-top: 103px !important;padding-bottom: 55px !important;background: #e5e5e5 url(https:\/\/ifcfood.com\/wp-content\/uploads\/2020\/11\/fondotela2-2-1.jpg?id=5139) !important;}\u00bb][vc_column]<div class=\"mkd-section-title-holder\">\n\t<h2 class=\"mkd-section-title\" style=\"color: #373737;text-transform: uppercase;text-align: center\">\n\tNUESTRA DISTRIBUCI\u00d3N<\/h2>\n<\/div><div class=\"mkd-section-subtitle-holder mkd-section-subtitle-center\" style=\"width: 80%\">\n\t<p style=\"text-align: center;\" class=\"mkd-section-subtitle\">Estamos presentes con nuestras dos marcas CREME CALZETTI y SU DI GUSTO en las principales cadenas de distribuci\u00f3n a gran escala en Italia y en el extranjero. LAS CREMAS PARA UNTAR son una valiosa ayuda en las cocinas profesionales de nuestros clientes HO.RE.CA. Y una gran oportunidad para las industrias como ingrediente listo para usar en cualquier tipo de plato.<\/p>\n<\/div>[\/vc_column][\/vc_row][vc_row content_width=\u00bbgrid\u00bb css=\u00bb.vc_custom_1605720918689{background: #e5e5e5 url(https:\/\/ifcfood.com\/wp-content\/uploads\/2020\/11\/fondotela2-2-1.jpg?id=5139) !important;}\u00bb][vc_column width=\u00bb1\/4&#8243;][vc_single_image image=\u00bb10759&#8243; img_size=\u00bbfull\u00bb][vc_empty_space height=\u00bb14px\u00bb][vc_column_text]<\/p>\n<h5 id=\"tw-target-text\" class=\"tw-data-text tw-text-large tw-ta\" dir=\"ltr\" data-placeholder=\"Traduzione\"><span class=\"Y2IQFc\" lang=\"es\" tabindex=\"-1\">Consumo dom\u00e9stico<\/span><\/h5>\n<p>[\/vc_column_text][vc_column_text]<\/p>\n<p id=\"tw-target-text\" class=\"tw-data-text tw-text-large tw-ta\" dir=\"ltr\" data-placeholder=\"Traduzione\"><span class=\"Y2IQFc\" lang=\"es\" tabindex=\"-1\">Nuestras cremas de queso, sin conservantes y elaboradas con D.O.P. Los italianos est\u00e1n presentes en muchas tiendas de delicatessen y supermercados italianos.<\/span><\/p>\n<p class=\"tw-data-text tw-text-large tw-ta\" dir=\"ltr\" data-placeholder=\"Traduzione\"><span class=\"Y2IQFc\" lang=\"es\" tabindex=\"-1\">\u00bfQuieres m\u00e1s informaci\u00f3n sobre c\u00f3mo convertirte en revendedor de cremas Calzetti o Sudigusto? Cont\u00e1ctenos.<\/span><\/p>\n<p>[\/vc_column_text][vc_empty_space height=\u00bb14px\u00bb]<a href=\"https:\/\/ifcfood.com\/consumo-domestico\/\" target=\"_self\"  class=\"mkd-btn mkd-btn-medium mkd-btn-solid mkd-btn-hover-outline\"  >\n\t\t<span class=\"mkd-btn-text\">SABER M\u00c1S&#039;<\/span>\n\t\n\t\t\t<span class=\"mkd-btn-helper\" ><\/span>\n\t<\/a>[\/vc_column][vc_column width=\u00bb1\/4&#8243;][vc_single_image image=\u00bb10982&#8243; img_size=\u00bbfull\u00bb][vc_empty_space height=\u00bb14px\u00bb][vc_column_text]<\/p>\n<h5>HORECA<\/h5>\n<p>[\/vc_column_text][vc_column_text]<\/p>\n<p id=\"tw-target-text\" class=\"tw-data-text tw-text-large tw-ta\" dir=\"ltr\" data-placeholder=\"Traduzione\"><span class=\"Y2IQFc\" lang=\"es\" tabindex=\"-1\">Nuestros quesos crema y nuestras selecciones tambi\u00e9n est\u00e1n disponibles para hoteles, restaurantes y bares. <\/span><\/p>\n<p class=\"tw-data-text tw-text-large tw-ta\" dir=\"ltr\" data-placeholder=\"Traduzione\"><span class=\"Y2IQFc\" lang=\"es\" tabindex=\"-1\">\u00bfQuieres m\u00e1s informaci\u00f3n sobre los formatos HORECA de las cremas Calzetti o Sudigusto? y sobre la selecci\u00f3n de productos italianos DOP <\/span><span class=\"Y2IQFc\" lang=\"es\" tabindex=\"-1\">cont\u00e1ctenos.<\/span><\/p>\n<p>[\/vc_column_text][vc_empty_space height=\u00bb14px\u00bb]<a href=\"https:\/\/ifcfood.com\/horeca\/\" target=\"_self\"  class=\"mkd-btn mkd-btn-medium mkd-btn-solid mkd-btn-hover-outline\"  >\n\t\t<span class=\"mkd-btn-text\">SABER M\u00c1S&#039;<\/span>\n\t\n\t\t\t<span class=\"mkd-btn-helper\" ><\/span>\n\t<\/a>[\/vc_column][vc_column width=\u00bb1\/4&#8243;][vc_single_image image=\u00bb10980&#8243; img_size=\u00bbfull\u00bb][vc_empty_space height=\u00bb14px\u00bb][vc_column_text]<\/p>\n<h5>Private label<\/h5>\n<p>[\/vc_column_text][vc_column_text]<\/p>\n<p id=\"tw-target-text\" class=\"tw-data-text tw-text-large tw-ta\" dir=\"ltr\" data-placeholder=\"Traduzione\"><span class=\"Y2IQFc\" lang=\"es\" tabindex=\"-1\">Podemos personalizar nuestra producci\u00f3n de queso crema DOP seg\u00fan sus necesidades, hasta la creaci\u00f3n de un producto terminado que incluye etiquetas y gr\u00e1ficos.<\/span><\/p>\n<p class=\"tw-data-text tw-text-large tw-ta\" dir=\"ltr\" data-placeholder=\"Traduzione\"><span class=\"Y2IQFc\" lang=\"es\" tabindex=\"-1\">\u00bfQuieres m\u00e1s informaci\u00f3n sobre el tipo de personalizaci\u00f3n de las cremas de queso DOP? Cont\u00e1ctenos.<\/span><\/p>\n<p>[\/vc_column_text][vc_empty_space height=\u00bb14px\u00bb]<a href=\"https:\/\/ifcfood.com\/private-label\/\" target=\"_self\"  class=\"mkd-btn mkd-btn-medium mkd-btn-solid mkd-btn-hover-outline\"  >\n\t\t<span class=\"mkd-btn-text\">SABER M\u00c1S&#039;<\/span>\n\t\n\t\t\t<span class=\"mkd-btn-helper\" ><\/span>\n\t<\/a>[\/vc_column][vc_column width=\u00bb1\/4&#8243;][vc_single_image image=\u00bb10343&#8243; img_size=\u00bbfull\u00bb][vc_empty_space height=\u00bb14px\u00bb][vc_column_text]<\/p>\n<h5 id=\"tw-target-text\" class=\"tw-data-text tw-text-large tw-ta\" dir=\"ltr\" data-placeholder=\"Traduzione\"><span class=\"Y2IQFc\" lang=\"es\" tabindex=\"-1\">Industria de alimentos<\/span><\/h5>\n<p>[\/vc_column_text][vc_column_text]<\/p>\n<p id=\"tw-target-text\" class=\"tw-data-text tw-text-large tw-ta\" dir=\"ltr\" data-placeholder=\"Traduzione\"><span class=\"Y2IQFc\" lang=\"es\" tabindex=\"-1\">Una gran oportunidad para las empresas del mundo industrial, en este sentido hemos pensado en formatos de 5000g. <\/span><\/p>\n<p class=\"tw-data-text tw-text-large tw-ta\" dir=\"ltr\" data-placeholder=\"Traduzione\"><span class=\"Y2IQFc\" lang=\"es\" tabindex=\"-1\">\u00bfQuieres m\u00e1s informaci\u00f3n sobre las oportunidades de uso de las cremas Calzetti o Sudigusto en el mundo industrial? Cont\u00e1ctenos.<\/span><\/p>\n<p>[\/vc_column_text][vc_empty_space height=\u00bb14px\u00bb]<a href=\"https:\/\/ifcfood.com\/industria-alimentare\/\" target=\"_self\"  class=\"mkd-btn mkd-btn-medium mkd-btn-solid mkd-btn-hover-outline\"  >\n\t\t<span class=\"mkd-btn-text\">SABER M\u00c1S&#039;<\/span>\n\t\n\t\t\t<span class=\"mkd-btn-helper\" ><\/span>\n\t<\/a>[vc_empty_space height=\u00bb90px\u00bb][\/vc_column][\/vc_row][vc_row content_width=\u00bbgrid\u00bb content_aligment=\u00bbcenter\u00bb css=\u00bb.vc_custom_1468834015496{padding-top: 90px !important;padding-bottom: 105px !important;background-color: #f7f7f7 !important;}\u00bb][vc_column offset=\u00bbvc_col-lg-offset-1 vc_col-lg-10 vc_col-sm-offset-0&#8243;]<div class=\"mkd-testimonials-holder clearfix dark\"><div class=\"mkd-testimonials testimonials-slider data-animation-speed =\"600\"\">Sorry, no posts matched your criteria.<\/div><\/div>[\/vc_column][\/vc_row]<\/p>\n","protected":false},"excerpt":{"rendered":"<p>[vc_row content_width=\u00bbgrid\u00bb content_aligment=\u00bbcenter\u00bb css=\u00bb.vc_custom_1603301951789{padding-top: 103px !important;padding-bottom: 0px !important;}\u00bb][vc_column][\/vc_column][\/vc_row][vc_row content_width=\u00bbgrid\u00bb css=\u00bb.vc_custom_1468833191794{padding-top: 110px !important;padding-bottom: 60px !important;}\u00bb][vc_column offset=\u00bbvc_col-lg-6&#8243;][vc_single_image image=\u00bb10281&#8243; img_size=\u00bbfull\u00bb css_animation=\u00bbfadeInLeft\u00bb][vc_empty_space height=\u00bb50px\u00bb][vc_column_text] Es gracias a nuestro moderno y cualificado departamento de producci\u00f3n que podemos satisfacer todas las exigencias de gusto y formato que nos solicite, nuestra flexibilidad de&#8230;<\/p>\n","protected":false},"author":2,"featured_media":0,"parent":0,"menu_order":0,"comment_status":"closed","ping_status":"closed","template":"full-width.php","meta":{"footnotes":""},"class_list":["post-11983","page","type-page","status-publish","hentry"],"yoast_head":"<!-- This site is optimized with the Yoast SEO plugin v27.4 - https:\/\/yoast.com\/product\/yoast-seo-wordpress\/ -->\n<title>Quesos crema personalizados Private-label - Italian Food &amp; Cheese<\/title>\n<meta name=\"description\" content=\"Producimos queso crema personalizado con marca propia con recetas ad hoc en funci\u00f3n de sus necesidades o de las peticiones de la gran distribuci\u00f3n.\" \/>\n<meta name=\"robots\" content=\"index, follow, max-snippet:-1, max-image-preview:large, max-video-preview:-1\" \/>\n<link rel=\"canonical\" href=\"https:\/\/ifcfood.com\/private-label\/\" \/>\n<meta property=\"og:locale\" content=\"es_ES\" \/>\n<meta property=\"og:type\" content=\"article\" \/>\n<meta property=\"og:title\" content=\"Quesos crema personalizados Private-label - Italian Food &amp; Cheese\" \/>\n<meta property=\"og:description\" content=\"Producimos queso crema personalizado con marca propia con recetas ad hoc en funci\u00f3n de sus necesidades o de las peticiones de la gran distribuci\u00f3n.\" \/>\n<meta property=\"og:url\" content=\"https:\/\/ifcfood.com\/private-label\/\" \/>\n<meta property=\"og:site_name\" content=\"Italian Food &amp; Cheese\" \/>\n<meta property=\"article:modified_time\" content=\"2023-09-04T09:15:52+00:00\" \/>\n<meta name=\"twitter:card\" content=\"summary_large_image\" \/>\n<meta name=\"twitter:label1\" content=\"Tiempo de lectura\" \/>\n\t<meta name=\"twitter:data1\" content=\"4 minutos\" \/>\n<script type=\"application\/ld+json\" class=\"yoast-schema-graph\">{\"@context\":\"https:\\\/\\\/schema.org\",\"@graph\":[{\"@type\":\"WebPage\",\"@id\":\"https:\\\/\\\/ifcfood.com\\\/private-label\\\/\",\"url\":\"https:\\\/\\\/ifcfood.com\\\/private-label\\\/\",\"name\":\"Quesos crema personalizados Private-label - Italian Food &amp; Cheese\",\"isPartOf\":{\"@id\":\"https:\\\/\\\/ifcfood.com\\\/#website\"},\"datePublished\":\"2023-09-04T09:15:50+00:00\",\"dateModified\":\"2023-09-04T09:15:52+00:00\",\"description\":\"Producimos queso crema personalizado con marca propia con recetas ad hoc en funci\u00f3n de sus necesidades o de las peticiones de la gran distribuci\u00f3n.\",\"breadcrumb\":{\"@id\":\"https:\\\/\\\/ifcfood.com\\\/private-label\\\/#breadcrumb\"},\"inLanguage\":\"es\",\"potentialAction\":[{\"@type\":\"ReadAction\",\"target\":[\"https:\\\/\\\/ifcfood.com\\\/private-label\\\/\"]}]},{\"@type\":\"BreadcrumbList\",\"@id\":\"https:\\\/\\\/ifcfood.com\\\/private-label\\\/#breadcrumb\",\"itemListElement\":[{\"@type\":\"ListItem\",\"position\":1,\"name\":\"Home\",\"item\":\"https:\\\/\\\/ifcfood.com\\\/es\\\/\"},{\"@type\":\"ListItem\",\"position\":2,\"name\":\"Private-label\"}]},{\"@type\":\"WebSite\",\"@id\":\"https:\\\/\\\/ifcfood.com\\\/#website\",\"url\":\"https:\\\/\\\/ifcfood.com\\\/\",\"name\":\"Italian Food &amp; Cheese\",\"description\":\"Food &amp; Beverage\",\"publisher\":{\"@id\":\"https:\\\/\\\/ifcfood.com\\\/#organization\"},\"potentialAction\":[{\"@type\":\"SearchAction\",\"target\":{\"@type\":\"EntryPoint\",\"urlTemplate\":\"https:\\\/\\\/ifcfood.com\\\/?s={search_term_string}\"},\"query-input\":{\"@type\":\"PropertyValueSpecification\",\"valueRequired\":true,\"valueName\":\"search_term_string\"}}],\"inLanguage\":\"es\"},{\"@type\":\"Organization\",\"@id\":\"https:\\\/\\\/ifcfood.com\\\/#organization\",\"name\":\"Ifc Italia Food & Cheese\",\"url\":\"https:\\\/\\\/ifcfood.com\\\/\",\"logo\":{\"@type\":\"ImageObject\",\"inLanguage\":\"es\",\"@id\":\"https:\\\/\\\/ifcfood.com\\\/#\\\/schema\\\/logo\\\/image\\\/\",\"url\":\"https:\\\/\\\/ifcfood.com\\\/wp-content\\\/uploads\\\/2020\\\/07\\\/logo-ifc-2-1.jpg\",\"contentUrl\":\"https:\\\/\\\/ifcfood.com\\\/wp-content\\\/uploads\\\/2020\\\/07\\\/logo-ifc-2-1.jpg\",\"width\":514,\"height\":456,\"caption\":\"Ifc Italia Food & Cheese\"},\"image\":{\"@id\":\"https:\\\/\\\/ifcfood.com\\\/#\\\/schema\\\/logo\\\/image\\\/\"}}]}<\/script>\n<!-- \/ Yoast SEO plugin. -->","yoast_head_json":{"title":"Quesos crema personalizados Private-label - Italian Food &amp; Cheese","description":"Producimos queso crema personalizado con marca propia con recetas ad hoc en funci\u00f3n de sus necesidades o de las peticiones de la gran distribuci\u00f3n.","robots":{"index":"index","follow":"follow","max-snippet":"max-snippet:-1","max-image-preview":"max-image-preview:large","max-video-preview":"max-video-preview:-1"},"canonical":"https:\/\/ifcfood.com\/private-label\/","og_locale":"es_ES","og_type":"article","og_title":"Quesos crema personalizados Private-label - Italian Food &amp; Cheese","og_description":"Producimos queso crema personalizado con marca propia con recetas ad hoc en funci\u00f3n de sus necesidades o de las peticiones de la gran distribuci\u00f3n.","og_url":"https:\/\/ifcfood.com\/private-label\/","og_site_name":"Italian Food &amp; Cheese","article_modified_time":"2023-09-04T09:15:52+00:00","twitter_card":"summary_large_image","twitter_misc":{"Tiempo de lectura":"4 minutos"},"schema":{"@context":"https:\/\/schema.org","@graph":[{"@type":"WebPage","@id":"https:\/\/ifcfood.com\/private-label\/","url":"https:\/\/ifcfood.com\/private-label\/","name":"Quesos crema personalizados Private-label - Italian Food &amp; Cheese","isPartOf":{"@id":"https:\/\/ifcfood.com\/#website"},"datePublished":"2023-09-04T09:15:50+00:00","dateModified":"2023-09-04T09:15:52+00:00","description":"Producimos queso crema personalizado con marca propia con recetas ad hoc en funci\u00f3n de sus necesidades o de las peticiones de la gran distribuci\u00f3n.","breadcrumb":{"@id":"https:\/\/ifcfood.com\/private-label\/#breadcrumb"},"inLanguage":"es","potentialAction":[{"@type":"ReadAction","target":["https:\/\/ifcfood.com\/private-label\/"]}]},{"@type":"BreadcrumbList","@id":"https:\/\/ifcfood.com\/private-label\/#breadcrumb","itemListElement":[{"@type":"ListItem","position":1,"name":"Home","item":"https:\/\/ifcfood.com\/es\/"},{"@type":"ListItem","position":2,"name":"Private-label"}]},{"@type":"WebSite","@id":"https:\/\/ifcfood.com\/#website","url":"https:\/\/ifcfood.com\/","name":"Italian Food &amp; Cheese","description":"Food &amp; Beverage","publisher":{"@id":"https:\/\/ifcfood.com\/#organization"},"potentialAction":[{"@type":"SearchAction","target":{"@type":"EntryPoint","urlTemplate":"https:\/\/ifcfood.com\/?s={search_term_string}"},"query-input":{"@type":"PropertyValueSpecification","valueRequired":true,"valueName":"search_term_string"}}],"inLanguage":"es"},{"@type":"Organization","@id":"https:\/\/ifcfood.com\/#organization","name":"Ifc Italia Food & Cheese","url":"https:\/\/ifcfood.com\/","logo":{"@type":"ImageObject","inLanguage":"es","@id":"https:\/\/ifcfood.com\/#\/schema\/logo\/image\/","url":"https:\/\/ifcfood.com\/wp-content\/uploads\/2020\/07\/logo-ifc-2-1.jpg","contentUrl":"https:\/\/ifcfood.com\/wp-content\/uploads\/2020\/07\/logo-ifc-2-1.jpg","width":514,"height":456,"caption":"Ifc Italia Food & Cheese"},"image":{"@id":"https:\/\/ifcfood.com\/#\/schema\/logo\/image\/"}}]}},"_links":{"self":[{"href":"https:\/\/ifcfood.com\/es\/wp-json\/wp\/v2\/pages\/11983","targetHints":{"allow":["GET"]}}],"collection":[{"href":"https:\/\/ifcfood.com\/es\/wp-json\/wp\/v2\/pages"}],"about":[{"href":"https:\/\/ifcfood.com\/es\/wp-json\/wp\/v2\/types\/page"}],"author":[{"embeddable":true,"href":"https:\/\/ifcfood.com\/es\/wp-json\/wp\/v2\/users\/2"}],"replies":[{"embeddable":true,"href":"https:\/\/ifcfood.com\/es\/wp-json\/wp\/v2\/comments?post=11983"}],"version-history":[{"count":3,"href":"https:\/\/ifcfood.com\/es\/wp-json\/wp\/v2\/pages\/11983\/revisions"}],"predecessor-version":[{"id":11986,"href":"https:\/\/ifcfood.com\/es\/wp-json\/wp\/v2\/pages\/11983\/revisions\/11986"}],"wp:attachment":[{"href":"https:\/\/ifcfood.com\/es\/wp-json\/wp\/v2\/media?parent=11983"}],"curies":[{"name":"wp","href":"https:\/\/api.w.org\/{rel}","templated":true}]}}