{"id":11947,"date":"2023-09-04T08:18:48","date_gmt":"2023-09-04T08:18:48","guid":{"rendered":"https:\/\/ifcfood.com\/lasana-de-calabacines-y-crema-taleggio-dop\/"},"modified":"2023-09-04T08:18:49","modified_gmt":"2023-09-04T08:18:49","slug":"lasana-de-calabacines-y-crema-taleggio-dop","status":"publish","type":"page","link":"https:\/\/ifcfood.com\/es\/lasana-de-calabacines-y-crema-taleggio-dop\/","title":{"rendered":"Lasa\u00f1a de calabacines y crema Taleggio DOP"},"content":{"rendered":"<p>[vc_row row_type=\u00bbparallax\u00bb content_width=\u00bbgrid\u00bb full_screen_section_height=\u00bbno\u00bb css=\u00bb.vc_custom_1617379386273{margin-top: 40px !important;margin-right: 40px !important;margin-bottom: 40px !important;margin-left: 40px !important;padding-top: 50px !important;background-image: url(https:\/\/ifcfood.com\/wp-content\/uploads\/2020\/11\/fondotelaselezioni-2-2.jpg?id=5176) !important;}\u00bb][vc_column width=\u00bb1\/2&#8243;][vc_single_image image=\u00bb10654&#8243; img_size=\u00bbfull\u00bb alignment=\u00bbright\u00bb][vc_empty_space height=\u00bb40&#8243;][\/vc_column][vc_column width=\u00bb1\/2&#8243;]<div class=\"mkd-section-subtitle-holder mkd-section-subtitle-left\" >\n\t<p style=\"text-align: left;\" class=\"mkd-section-subtitle\">INGREDIENTES PARA 4 PERSONAS<\/p>\n<\/div>[vc_column_text]<\/p>\n<p id=\"tw-target-text\" class=\"tw-data-text tw-text-large tw-ta\" dir=\"ltr\" data-placeholder=\"Traduzione\"><span class=\"Y2IQFc\" lang=\"es\" tabindex=\"-1\">Ingredientes: <\/span><\/p>\n<p class=\"tw-data-text tw-text-large tw-ta\" dir=\"ltr\" data-placeholder=\"Traduzione\"><span class=\"Y2IQFc\" lang=\"es\" tabindex=\"-1\">3 calabacines<\/span><\/p>\n<p class=\"tw-data-text tw-text-large tw-ta\" dir=\"ltr\" data-placeholder=\"Traduzione\"><span class=\"Y2IQFc\" lang=\"es\" tabindex=\"-1\">500ml de bechamel<\/span><\/p>\n<p class=\"tw-data-text tw-text-large tw-ta\" dir=\"ltr\" data-placeholder=\"Traduzione\"><span class=\"Y2IQFc\" lang=\"es\" tabindex=\"-1\"> (o 500ml de leche, 40g de mantequilla, 40g de harina, nuez moscada al gusto) <\/span><\/p>\n<p class=\"tw-data-text tw-text-large tw-ta\" dir=\"ltr\" data-placeholder=\"Traduzione\"><span class=\"Y2IQFc\" lang=\"es\" tabindex=\"-1\">400 g de l\u00e1minas de lasa\u00f1a fresca<\/span><\/p>\n<p class=\"tw-data-text tw-text-large tw-ta\" dir=\"ltr\" data-placeholder=\"Traduzione\"><span class=\"Y2IQFc\" lang=\"es\" tabindex=\"-1\">250 g de crema Calzetti DOP Taleggio<\/span><\/p>\n<p class=\"tw-data-text tw-text-large tw-ta\" dir=\"ltr\" data-placeholder=\"Traduzione\"><span class=\"Y2IQFc\" lang=\"es\" tabindex=\"-1\">parmesano rallado al gusto <\/span><\/p>\n<p class=\"tw-data-text tw-text-large tw-ta\" dir=\"ltr\" data-placeholder=\"Traduzione\"><span class=\"Y2IQFc\" lang=\"es\" tabindex=\"-1\">Aceite de oliva virgen extra c.s.p.<\/span><\/p>\n<p class=\"tw-data-text tw-text-large tw-ta\" dir=\"ltr\" data-placeholder=\"Traduzione\"><span class=\"Y2IQFc\" lang=\"es\" tabindex=\"-1\">1 nuez de mantequilla<\/span><\/p>\n<p class=\"tw-data-text tw-text-large tw-ta\" dir=\"ltr\" data-placeholder=\"Traduzione\"><span class=\"Y2IQFc\" lang=\"es\" tabindex=\"-1\">Sal y pimienta para probar.<\/span><\/p>\n<p>[\/vc_column_text][\/vc_column][\/vc_row][vc_row content_width=\u00bbgrid\u00bb css=\u00bb.vc_custom_1606150493792{margin-top: 40px !important;margin-right: 40px !important;margin-bottom: 40px !important;margin-left: 40px !important;padding-top: 50px !important;background-color: #fefae9 !important;}\u00bb][vc_column width=\u00bb1\/6&#8243;][vc_single_image image=\u00bb10187&#8243; alignment=\u00bbcenter\u00bb][vc_single_image image=\u00bb10454&#8243; img_size=\u00bbmedium\u00bb alignment=\u00bbcenter\u00bb][\/vc_column][vc_column width=\u00bb5\/6&#8243;][vc_column_text]<span class=\"Y2IQFc\" lang=\"es\" tabindex=\"-1\"><strong>Preparaci\u00f3n<\/strong>:<\/span><\/p>\n<p><span class=\"Y2IQFc\" lang=\"es\" tabindex=\"-1\">Lavar bien los calabacines y cortarlos en juliana. En una sart\u00e9n antiadherente con un poco de aceite de oliva virgen extra sofre\u00edmos unos calabacines a la vez, a\u00f1adimos sal y los reservamos en un colador de malla fina, para que pierdan el exceso de l\u00edquido. Crema Taleggio DOP sacada del frigor\u00edfico aprox. 20 minutos para que se ablande. Preparar una bechamel con 500ml de leche, 40g de mantequilla, 40g de harina y una pizca de nuez moscada. Se acomoda un poco. En una fuente para horno, untar un poco de bechamel en el fondo y luego componer la lasa\u00f1a con la pasta, la bechamel, el calabac\u00edn, la crema Taleggio DOP, la pimienta y una pizca de parmesano. Contin\u00faa las capas hasta que te quedes sin ingredientes. Terminar con bechamel, muy pocos calabacines, pimiento, crema Taleggio DOP y parmesano rallado. Poner unas bolitas de mantequilla en la superficie y hornear a 180\u00b0 durante media hora aproximadamente.<\/span>[\/vc_column_text][vc_empty_space height=\u00bb40&#8243;][\/vc_column][\/vc_row][vc_row content_width=\u00bbgrid\u00bb css=\u00bb.vc_custom_1598023203155{padding-bottom: 50px !important;background-image: url(https:\/\/ifcfood.com\/wp-content\/uploads\/2020\/08\/fondotela-2-scaled.jpg?id=4257) !important;}\u00bb][vc_column css=\u00bb.vc_custom_1597776900768{background-position: center !important;background-repeat: no-repeat !important;background-size: cover !important;}\u00bb]<div class=\"mkd-section-title-holder\">\n\t<h2 class=\"mkd-section-title\" style=\"text-align: center\">\n\tIFC BLOG<\/h2>\n<\/div><div class=\"mkd-section-subtitle-holder mkd-section-subtitle-center\" >\n\t<p style=\"text-align: center;\" class=\"mkd-section-subtitle\">Desde nuestro blog, ideas de recetas innovadoras con nuestras cremas de queso y novedades sobre nuestras selecciones de productos D.O.P. y I.G.P.<\/p>\n<\/div>[vc_empty_space height=\u00bb50&#8243;]<div class=\"mkd-blog-slider-holder\"  data-posts_to_show=\"3\">\n            <p>No posts were found.<\/p>\n    <\/div>[\/vc_column][\/vc_row]<\/p>\n","protected":false},"excerpt":{"rendered":"<p>[vc_row row_type=\u00bbparallax\u00bb content_width=\u00bbgrid\u00bb full_screen_section_height=\u00bbno\u00bb css=\u00bb.vc_custom_1617379386273{margin-top: 40px !important;margin-right: 40px !important;margin-bottom: 40px !important;margin-left: 40px !important;padding-top: 50px !important;background-image: url(https:\/\/ifcfood.com\/wp-content\/uploads\/2020\/11\/fondotelaselezioni-2-2.jpg?id=5176) !important;}\u00bb][vc_column width=\u00bb1\/2&#8243;][vc_single_image image=\u00bb10654&#8243; img_size=\u00bbfull\u00bb alignment=\u00bbright\u00bb][vc_empty_space height=\u00bb40&#8243;][\/vc_column][vc_column width=\u00bb1\/2&#8243;][vc_column_text] Ingredientes: 3 calabacines 500ml de bechamel (o 500ml de leche, 40g de mantequilla, 40g de harina, nuez moscada al gusto) 400 g&#8230;<\/p>\n","protected":false},"author":2,"featured_media":0,"parent":0,"menu_order":0,"comment_status":"closed","ping_status":"closed","template":"full-width.php","meta":{"footnotes":""},"class_list":["post-11947","page","type-page","status-publish","hentry"],"yoast_head":"<!-- This site is optimized with the Yoast SEO plugin v27.3 - https:\/\/yoast.com\/product\/yoast-seo-wordpress\/ -->\n<title>Lasa\u00f1a de calabacines y crema Taleggio DOP - Italian Food &amp; Cheese<\/title>\n<meta name=\"robots\" content=\"index, follow, max-snippet:-1, max-image-preview:large, max-video-preview:-1\" \/>\n<link rel=\"canonical\" href=\"https:\/\/ifcfood.com\/lasagne-con-zucchine-e-crema-di-taleggio-dop\/\" \/>\n<meta property=\"og:locale\" content=\"es_ES\" \/>\n<meta property=\"og:type\" content=\"article\" \/>\n<meta property=\"og:title\" content=\"Lasa\u00f1a de calabacines y crema Taleggio DOP - Italian Food &amp; Cheese\" \/>\n<meta property=\"og:description\" content=\"[vc_row row_type=\u00bbparallax\u00bb content_width=\u00bbgrid\u00bb full_screen_section_height=\u00bbno\u00bb css=\u00bb.vc_custom_1617379386273{margin-top: 40px !important;margin-right: 40px !important;margin-bottom: 40px !important;margin-left: 40px !important;padding-top: 50px !important;background-image: url(https:\/\/ifcfood.com\/wp-content\/uploads\/2020\/11\/fondotelaselezioni-2-2.jpg?id=5176) !important;}\u00bb][vc_column width=\u00bb1\/2&#8243;][vc_single_image image=\u00bb10654&#8243; img_size=\u00bbfull\u00bb alignment=\u00bbright\u00bb][vc_empty_space height=\u00bb40&#8243;][\/vc_column][vc_column width=\u00bb1\/2&#8243;][vc_column_text] Ingredientes: 3 calabacines 500ml de bechamel (o 500ml de leche, 40g de mantequilla, 40g de harina, nuez moscada al gusto) 400 g...\" \/>\n<meta property=\"og:url\" content=\"https:\/\/ifcfood.com\/lasagne-con-zucchine-e-crema-di-taleggio-dop\/\" \/>\n<meta property=\"og:site_name\" content=\"Italian Food &amp; Cheese\" \/>\n<meta property=\"article:modified_time\" content=\"2023-09-04T08:18:49+00:00\" \/>\n<meta name=\"twitter:card\" content=\"summary_large_image\" \/>\n<meta name=\"twitter:label1\" content=\"Tiempo de lectura\" \/>\n\t<meta name=\"twitter:data1\" content=\"2 minutos\" \/>\n<script type=\"application\/ld+json\" class=\"yoast-schema-graph\">{\"@context\":\"https:\\\/\\\/schema.org\",\"@graph\":[{\"@type\":\"WebPage\",\"@id\":\"https:\\\/\\\/ifcfood.com\\\/lasagne-con-zucchine-e-crema-di-taleggio-dop\\\/\",\"url\":\"https:\\\/\\\/ifcfood.com\\\/lasagne-con-zucchine-e-crema-di-taleggio-dop\\\/\",\"name\":\"Lasa\u00f1a de calabacines y crema Taleggio DOP - Italian Food &amp; Cheese\",\"isPartOf\":{\"@id\":\"https:\\\/\\\/ifcfood.com\\\/#website\"},\"datePublished\":\"2023-09-04T08:18:48+00:00\",\"dateModified\":\"2023-09-04T08:18:49+00:00\",\"breadcrumb\":{\"@id\":\"https:\\\/\\\/ifcfood.com\\\/lasagne-con-zucchine-e-crema-di-taleggio-dop\\\/#breadcrumb\"},\"inLanguage\":\"es\",\"potentialAction\":[{\"@type\":\"ReadAction\",\"target\":[\"https:\\\/\\\/ifcfood.com\\\/lasagne-con-zucchine-e-crema-di-taleggio-dop\\\/\"]}]},{\"@type\":\"BreadcrumbList\",\"@id\":\"https:\\\/\\\/ifcfood.com\\\/lasagne-con-zucchine-e-crema-di-taleggio-dop\\\/#breadcrumb\",\"itemListElement\":[{\"@type\":\"ListItem\",\"position\":1,\"name\":\"Home\",\"item\":\"https:\\\/\\\/ifcfood.com\\\/es\\\/\"},{\"@type\":\"ListItem\",\"position\":2,\"name\":\"Lasa\u00f1a de calabacines y crema Taleggio DOP\"}]},{\"@type\":\"WebSite\",\"@id\":\"https:\\\/\\\/ifcfood.com\\\/#website\",\"url\":\"https:\\\/\\\/ifcfood.com\\\/\",\"name\":\"Italian Food &amp; Cheese\",\"description\":\"Food &amp; Beverage\",\"publisher\":{\"@id\":\"https:\\\/\\\/ifcfood.com\\\/#organization\"},\"potentialAction\":[{\"@type\":\"SearchAction\",\"target\":{\"@type\":\"EntryPoint\",\"urlTemplate\":\"https:\\\/\\\/ifcfood.com\\\/?s={search_term_string}\"},\"query-input\":{\"@type\":\"PropertyValueSpecification\",\"valueRequired\":true,\"valueName\":\"search_term_string\"}}],\"inLanguage\":\"es\"},{\"@type\":\"Organization\",\"@id\":\"https:\\\/\\\/ifcfood.com\\\/#organization\",\"name\":\"Ifc Italia Food & Cheese\",\"url\":\"https:\\\/\\\/ifcfood.com\\\/\",\"logo\":{\"@type\":\"ImageObject\",\"inLanguage\":\"es\",\"@id\":\"https:\\\/\\\/ifcfood.com\\\/#\\\/schema\\\/logo\\\/image\\\/\",\"url\":\"https:\\\/\\\/ifcfood.com\\\/wp-content\\\/uploads\\\/2020\\\/07\\\/logo-ifc-2-1.jpg\",\"contentUrl\":\"https:\\\/\\\/ifcfood.com\\\/wp-content\\\/uploads\\\/2020\\\/07\\\/logo-ifc-2-1.jpg\",\"width\":514,\"height\":456,\"caption\":\"Ifc Italia Food & Cheese\"},\"image\":{\"@id\":\"https:\\\/\\\/ifcfood.com\\\/#\\\/schema\\\/logo\\\/image\\\/\"}}]}<\/script>\n<!-- \/ Yoast SEO plugin. -->","yoast_head_json":{"title":"Lasa\u00f1a de calabacines y crema Taleggio DOP - Italian Food &amp; Cheese","robots":{"index":"index","follow":"follow","max-snippet":"max-snippet:-1","max-image-preview":"max-image-preview:large","max-video-preview":"max-video-preview:-1"},"canonical":"https:\/\/ifcfood.com\/lasagne-con-zucchine-e-crema-di-taleggio-dop\/","og_locale":"es_ES","og_type":"article","og_title":"Lasa\u00f1a de calabacines y crema Taleggio DOP - Italian Food &amp; Cheese","og_description":"[vc_row row_type=\u00bbparallax\u00bb content_width=\u00bbgrid\u00bb full_screen_section_height=\u00bbno\u00bb css=\u00bb.vc_custom_1617379386273{margin-top: 40px !important;margin-right: 40px !important;margin-bottom: 40px !important;margin-left: 40px !important;padding-top: 50px !important;background-image: url(https:\/\/ifcfood.com\/wp-content\/uploads\/2020\/11\/fondotelaselezioni-2-2.jpg?id=5176) !important;}\u00bb][vc_column width=\u00bb1\/2&#8243;][vc_single_image image=\u00bb10654&#8243; img_size=\u00bbfull\u00bb alignment=\u00bbright\u00bb][vc_empty_space height=\u00bb40&#8243;][\/vc_column][vc_column width=\u00bb1\/2&#8243;][vc_column_text] Ingredientes: 3 calabacines 500ml de bechamel (o 500ml de leche, 40g de mantequilla, 40g de harina, nuez moscada al gusto) 400 g...","og_url":"https:\/\/ifcfood.com\/lasagne-con-zucchine-e-crema-di-taleggio-dop\/","og_site_name":"Italian Food &amp; Cheese","article_modified_time":"2023-09-04T08:18:49+00:00","twitter_card":"summary_large_image","twitter_misc":{"Tiempo de lectura":"2 minutos"},"schema":{"@context":"https:\/\/schema.org","@graph":[{"@type":"WebPage","@id":"https:\/\/ifcfood.com\/lasagne-con-zucchine-e-crema-di-taleggio-dop\/","url":"https:\/\/ifcfood.com\/lasagne-con-zucchine-e-crema-di-taleggio-dop\/","name":"Lasa\u00f1a de calabacines y crema Taleggio DOP - Italian Food &amp; Cheese","isPartOf":{"@id":"https:\/\/ifcfood.com\/#website"},"datePublished":"2023-09-04T08:18:48+00:00","dateModified":"2023-09-04T08:18:49+00:00","breadcrumb":{"@id":"https:\/\/ifcfood.com\/lasagne-con-zucchine-e-crema-di-taleggio-dop\/#breadcrumb"},"inLanguage":"es","potentialAction":[{"@type":"ReadAction","target":["https:\/\/ifcfood.com\/lasagne-con-zucchine-e-crema-di-taleggio-dop\/"]}]},{"@type":"BreadcrumbList","@id":"https:\/\/ifcfood.com\/lasagne-con-zucchine-e-crema-di-taleggio-dop\/#breadcrumb","itemListElement":[{"@type":"ListItem","position":1,"name":"Home","item":"https:\/\/ifcfood.com\/es\/"},{"@type":"ListItem","position":2,"name":"Lasa\u00f1a de calabacines y crema Taleggio DOP"}]},{"@type":"WebSite","@id":"https:\/\/ifcfood.com\/#website","url":"https:\/\/ifcfood.com\/","name":"Italian Food &amp; Cheese","description":"Food &amp; Beverage","publisher":{"@id":"https:\/\/ifcfood.com\/#organization"},"potentialAction":[{"@type":"SearchAction","target":{"@type":"EntryPoint","urlTemplate":"https:\/\/ifcfood.com\/?s={search_term_string}"},"query-input":{"@type":"PropertyValueSpecification","valueRequired":true,"valueName":"search_term_string"}}],"inLanguage":"es"},{"@type":"Organization","@id":"https:\/\/ifcfood.com\/#organization","name":"Ifc Italia Food & Cheese","url":"https:\/\/ifcfood.com\/","logo":{"@type":"ImageObject","inLanguage":"es","@id":"https:\/\/ifcfood.com\/#\/schema\/logo\/image\/","url":"https:\/\/ifcfood.com\/wp-content\/uploads\/2020\/07\/logo-ifc-2-1.jpg","contentUrl":"https:\/\/ifcfood.com\/wp-content\/uploads\/2020\/07\/logo-ifc-2-1.jpg","width":514,"height":456,"caption":"Ifc Italia Food & Cheese"},"image":{"@id":"https:\/\/ifcfood.com\/#\/schema\/logo\/image\/"}}]}},"_links":{"self":[{"href":"https:\/\/ifcfood.com\/es\/wp-json\/wp\/v2\/pages\/11947","targetHints":{"allow":["GET"]}}],"collection":[{"href":"https:\/\/ifcfood.com\/es\/wp-json\/wp\/v2\/pages"}],"about":[{"href":"https:\/\/ifcfood.com\/es\/wp-json\/wp\/v2\/types\/page"}],"author":[{"embeddable":true,"href":"https:\/\/ifcfood.com\/es\/wp-json\/wp\/v2\/users\/2"}],"replies":[{"embeddable":true,"href":"https:\/\/ifcfood.com\/es\/wp-json\/wp\/v2\/comments?post=11947"}],"version-history":[{"count":3,"href":"https:\/\/ifcfood.com\/es\/wp-json\/wp\/v2\/pages\/11947\/revisions"}],"predecessor-version":[{"id":11950,"href":"https:\/\/ifcfood.com\/es\/wp-json\/wp\/v2\/pages\/11947\/revisions\/11950"}],"wp:attachment":[{"href":"https:\/\/ifcfood.com\/es\/wp-json\/wp\/v2\/media?parent=11947"}],"curies":[{"name":"wp","href":"https:\/\/api.w.org\/{rel}","templated":true}]}}