{"id":11939,"date":"2023-09-04T08:11:16","date_gmt":"2023-09-04T08:11:16","guid":{"rendered":"https:\/\/ifcfood.com\/nuestras-marcas\/"},"modified":"2023-09-04T08:11:17","modified_gmt":"2023-09-04T08:11:17","slug":"nuestras-marcas","status":"publish","type":"page","link":"https:\/\/ifcfood.com\/es\/nuestras-marcas\/","title":{"rendered":"Nuestras marcas"},"content":{"rendered":"<p>[vc_row content_width=\u00bbgrid\u00bb][vc_column css=\u00bb.vc_custom_1603884349044{margin-top: 90px !important;margin-bottom: 0px !important;}\u00bb][vc_column_text css=\u00bb.vc_custom_1615982910199{margin-right: 80px !important;margin-left: 80px !important;}\u00bb]<\/p>\n<h4 id=\"tw-target-text\" class=\"tw-data-text tw-text-large tw-ta\" dir=\"ltr\" style=\"text-align: center;\" data-placeholder=\"Traduzione\"><span class=\"Y2IQFc\" lang=\"es\" tabindex=\"-1\">Para satisfacer todas las necesidades de nuestros socios ofrecemos los quesos crema en las dos marcas corporativas:<\/span><\/h4>\n<p>[\/vc_column_text][\/vc_column][\/vc_row][vc_row content_width=\u00bbgrid\u00bb css=\u00bb.vc_custom_1597401195425{padding-top: 110px !important;padding-bottom: 60px !important;}\u00bb][vc_column offset=\u00bbvc_col-lg-6&#8243;][vc_single_image image=\u00bb10679&#8243; img_size=\u00bbmedium\u00bb alignment=\u00bbcenter\u00bb css_animation=\u00bbfadeInLeft\u00bb][\/vc_column][vc_column offset=\u00bbvc_col-lg-6&#8243;][vc_single_image image=\u00bb10041&#8243; img_size=\u00bbfull\u00bb css_animation=\u00bbfadeInLeft\u00bb][\/vc_column][\/vc_row][vc_row content_width=\u00bbgrid\u00bb][vc_column css=\u00bb.vc_custom_1603884374174{margin-top: 30px !important;margin-bottom: 90px !important;}\u00bb][vc_column_text css=\u00bb.vc_custom_1603884311599{margin-right: 80px !important;margin-left: 80px !important;}\u00bb]<\/p>\n<p id=\"tw-target-text\" class=\"tw-data-text tw-text-large tw-ta\" dir=\"ltr\" style=\"text-align: center;\" data-placeholder=\"Traduzione\"><span class=\"Y2IQFc\" lang=\"es\" tabindex=\"-1\">Disponible en formatos de 125 g para puntos de venta, 1000 g para Ho.re.ca. y 5000 gr para industria.<\/span><\/p>\n<p class=\"tw-data-text tw-text-large tw-ta\" dir=\"ltr\" style=\"text-align: center;\" data-placeholder=\"Traduzione\"><strong><span class=\"Y2IQFc\" lang=\"es\" tabindex=\"-1\">Nuestra estructura productiva equipada nos permite ofrecer todas las referencias tambi\u00e9n a pl. de las m\u00e1s importantes cadenas de distribuci\u00f3n de las que somos proveedores de confianza.<\/span><\/strong><\/p>\n<p>[\/vc_column_text][\/vc_column][\/vc_row][vc_row content_width=\u00bbgrid\u00bb css=\u00bb.vc_custom_1598029708369{background-position: 0 0 !important;background-repeat: no-repeat !important;}\u00bb][vc_column width=\u00bb1\/2&#8243;][vc_row_inner content_aligment=\u00bbcenter\u00bb css=\u00bb.vc_custom_1603894690475{background-position: 0 0 !important;background-repeat: no-repeat !important;}\u00bb][vc_column_inner css=\u00bb.vc_custom_1603893069579{margin-bottom: 80px !important;}\u00bb][vc_single_image image=\u00bb10681&#8243; img_size=\u00bbfull\u00bb alignment=\u00bbcenter\u00bb][vc_empty_space height=\u00bb50&#8243;]<a href=\"https:\/\/ifcfood.com\/creme-formaggio-dop\/\" target=\"_self\" style=\"color: #ffffff\" class=\"mkd-btn mkd-btn-small mkd-btn-solid mkd-btn-custom-hover-color mkd-btn-hover-outline\" data-hover-color=\"#ffffff\" >\n\t\t<span class=\"mkd-btn-text\">IR A LOS PRODUCTOS<\/span>\n\t\n\t\t\t<span class=\"mkd-btn-helper\" ><\/span>\n\t<\/a>[\/vc_column_inner][\/vc_row_inner][\/vc_column][vc_column width=\u00bb1\/2&#8243;][vc_row_inner content_aligment=\u00bbcenter\u00bb][vc_column_inner css=\u00bb.vc_custom_1603893038786{margin-bottom: 80px !important;}\u00bb][vc_single_image image=\u00bb10801&#8243; img_size=\u00bbfull\u00bb alignment=\u00bbcenter\u00bb][vc_empty_space height=\u00bb50&#8243;]<a href=\"https:\/\/ifcfood.com\/creme-formaggio-dop\/\" target=\"_self\" style=\"color: #ffffff\" class=\"mkd-btn mkd-btn-small mkd-btn-solid mkd-btn-custom-hover-bg mkd-btn-custom-border-hover mkd-btn-custom-hover-color mkd-btn-hover-outline\" data-hover-bg-color=\"#154496\" data-hover-color=\"#ffffff\" data-hover-border-color=\"#154496\" >\n\t\t<span class=\"mkd-btn-text\">IR A LOS PRODUCTOS<\/span>\n\t\n\t\t\t<span class=\"mkd-btn-helper\" style=\"background-color: #154496\"><\/span>\n\t<\/a>[\/vc_column_inner][\/vc_row_inner][\/vc_column][\/vc_row]<\/p>\n","protected":false},"excerpt":{"rendered":"<p>[vc_row content_width=\u00bbgrid\u00bb][vc_column css=\u00bb.vc_custom_1603884349044{margin-top: 90px !important;margin-bottom: 0px !important;}\u00bb][vc_column_text css=\u00bb.vc_custom_1615982910199{margin-right: 80px !important;margin-left: 80px !important;}\u00bb] Para satisfacer todas las necesidades de nuestros socios ofrecemos los quesos crema en las dos marcas corporativas: [\/vc_column_text][\/vc_column][\/vc_row][vc_row content_width=\u00bbgrid\u00bb css=\u00bb.vc_custom_1597401195425{padding-top: 110px !important;padding-bottom: 60px !important;}\u00bb][vc_column offset=\u00bbvc_col-lg-6&#8243;][vc_single_image image=\u00bb10679&#8243; img_size=\u00bbmedium\u00bb alignment=\u00bbcenter\u00bb css_animation=\u00bbfadeInLeft\u00bb][\/vc_column][vc_column offset=\u00bbvc_col-lg-6&#8243;][vc_single_image image=\u00bb10041&#8243; img_size=\u00bbfull\u00bb css_animation=\u00bbfadeInLeft\u00bb][\/vc_column][\/vc_row][vc_row&#8230;<\/p>\n","protected":false},"author":2,"featured_media":0,"parent":0,"menu_order":0,"comment_status":"closed","ping_status":"closed","template":"full-width.php","meta":{"footnotes":""},"class_list":["post-11939","page","type-page","status-publish","hentry"],"yoast_head":"<!-- This site is optimized with the Yoast SEO plugin v27.4 - https:\/\/yoast.com\/product\/yoast-seo-wordpress\/ -->\n<title>Nuestras marcas: Calzetti e S\u00f9 di Gusto - Italian Food &amp; Cheese<\/title>\n<meta name=\"description\" content=\"Marcas de comida y queso italianos. Ofrecemos nuestras cremas de queso en las dos marcas de la empresa: Calzetti y S\u00f9 di Gusto.\" \/>\n<meta name=\"robots\" content=\"index, follow, max-snippet:-1, max-image-preview:large, max-video-preview:-1\" \/>\n<link rel=\"canonical\" href=\"https:\/\/ifcfood.com\/i-nostri-marchi\/\" \/>\n<meta property=\"og:locale\" content=\"es_ES\" \/>\n<meta property=\"og:type\" content=\"article\" \/>\n<meta property=\"og:title\" content=\"Nuestras marcas: Calzetti e S\u00f9 di Gusto - Italian Food &amp; Cheese\" \/>\n<meta property=\"og:description\" content=\"Marcas de comida y queso italianos. Ofrecemos nuestras cremas de queso en las dos marcas de la empresa: Calzetti y S\u00f9 di Gusto.\" \/>\n<meta property=\"og:url\" content=\"https:\/\/ifcfood.com\/i-nostri-marchi\/\" \/>\n<meta property=\"og:site_name\" content=\"Italian Food &amp; Cheese\" \/>\n<meta property=\"article:modified_time\" content=\"2023-09-04T08:11:17+00:00\" \/>\n<meta name=\"twitter:card\" content=\"summary_large_image\" \/>\n<meta name=\"twitter:label1\" content=\"Tiempo de lectura\" \/>\n\t<meta name=\"twitter:data1\" content=\"2 minutos\" \/>\n<script type=\"application\/ld+json\" class=\"yoast-schema-graph\">{\"@context\":\"https:\\\/\\\/schema.org\",\"@graph\":[{\"@type\":\"WebPage\",\"@id\":\"https:\\\/\\\/ifcfood.com\\\/i-nostri-marchi\\\/\",\"url\":\"https:\\\/\\\/ifcfood.com\\\/i-nostri-marchi\\\/\",\"name\":\"Nuestras marcas: Calzetti e S\u00f9 di Gusto - Italian Food &amp; Cheese\",\"isPartOf\":{\"@id\":\"https:\\\/\\\/ifcfood.com\\\/#website\"},\"datePublished\":\"2023-09-04T08:11:16+00:00\",\"dateModified\":\"2023-09-04T08:11:17+00:00\",\"description\":\"Marcas de comida y queso italianos. Ofrecemos nuestras cremas de queso en las dos marcas de la empresa: Calzetti y S\u00f9 di Gusto.\",\"breadcrumb\":{\"@id\":\"https:\\\/\\\/ifcfood.com\\\/i-nostri-marchi\\\/#breadcrumb\"},\"inLanguage\":\"es\",\"potentialAction\":[{\"@type\":\"ReadAction\",\"target\":[\"https:\\\/\\\/ifcfood.com\\\/i-nostri-marchi\\\/\"]}]},{\"@type\":\"BreadcrumbList\",\"@id\":\"https:\\\/\\\/ifcfood.com\\\/i-nostri-marchi\\\/#breadcrumb\",\"itemListElement\":[{\"@type\":\"ListItem\",\"position\":1,\"name\":\"Home\",\"item\":\"https:\\\/\\\/ifcfood.com\\\/es\\\/\"},{\"@type\":\"ListItem\",\"position\":2,\"name\":\"Nuestras marcas\"}]},{\"@type\":\"WebSite\",\"@id\":\"https:\\\/\\\/ifcfood.com\\\/#website\",\"url\":\"https:\\\/\\\/ifcfood.com\\\/\",\"name\":\"Italian Food &amp; Cheese\",\"description\":\"Food &amp; Beverage\",\"publisher\":{\"@id\":\"https:\\\/\\\/ifcfood.com\\\/#organization\"},\"potentialAction\":[{\"@type\":\"SearchAction\",\"target\":{\"@type\":\"EntryPoint\",\"urlTemplate\":\"https:\\\/\\\/ifcfood.com\\\/?s={search_term_string}\"},\"query-input\":{\"@type\":\"PropertyValueSpecification\",\"valueRequired\":true,\"valueName\":\"search_term_string\"}}],\"inLanguage\":\"es\"},{\"@type\":\"Organization\",\"@id\":\"https:\\\/\\\/ifcfood.com\\\/#organization\",\"name\":\"Ifc Italia Food & Cheese\",\"url\":\"https:\\\/\\\/ifcfood.com\\\/\",\"logo\":{\"@type\":\"ImageObject\",\"inLanguage\":\"es\",\"@id\":\"https:\\\/\\\/ifcfood.com\\\/#\\\/schema\\\/logo\\\/image\\\/\",\"url\":\"https:\\\/\\\/ifcfood.com\\\/wp-content\\\/uploads\\\/2020\\\/07\\\/logo-ifc-2-1.jpg\",\"contentUrl\":\"https:\\\/\\\/ifcfood.com\\\/wp-content\\\/uploads\\\/2020\\\/07\\\/logo-ifc-2-1.jpg\",\"width\":514,\"height\":456,\"caption\":\"Ifc Italia Food & Cheese\"},\"image\":{\"@id\":\"https:\\\/\\\/ifcfood.com\\\/#\\\/schema\\\/logo\\\/image\\\/\"}}]}<\/script>\n<!-- \/ Yoast SEO plugin. -->","yoast_head_json":{"title":"Nuestras marcas: Calzetti e S\u00f9 di Gusto - Italian Food &amp; Cheese","description":"Marcas de comida y queso italianos. Ofrecemos nuestras cremas de queso en las dos marcas de la empresa: Calzetti y S\u00f9 di Gusto.","robots":{"index":"index","follow":"follow","max-snippet":"max-snippet:-1","max-image-preview":"max-image-preview:large","max-video-preview":"max-video-preview:-1"},"canonical":"https:\/\/ifcfood.com\/i-nostri-marchi\/","og_locale":"es_ES","og_type":"article","og_title":"Nuestras marcas: Calzetti e S\u00f9 di Gusto - Italian Food &amp; Cheese","og_description":"Marcas de comida y queso italianos. Ofrecemos nuestras cremas de queso en las dos marcas de la empresa: Calzetti y S\u00f9 di Gusto.","og_url":"https:\/\/ifcfood.com\/i-nostri-marchi\/","og_site_name":"Italian Food &amp; Cheese","article_modified_time":"2023-09-04T08:11:17+00:00","twitter_card":"summary_large_image","twitter_misc":{"Tiempo de lectura":"2 minutos"},"schema":{"@context":"https:\/\/schema.org","@graph":[{"@type":"WebPage","@id":"https:\/\/ifcfood.com\/i-nostri-marchi\/","url":"https:\/\/ifcfood.com\/i-nostri-marchi\/","name":"Nuestras marcas: Calzetti e S\u00f9 di Gusto - Italian Food &amp; Cheese","isPartOf":{"@id":"https:\/\/ifcfood.com\/#website"},"datePublished":"2023-09-04T08:11:16+00:00","dateModified":"2023-09-04T08:11:17+00:00","description":"Marcas de comida y queso italianos. Ofrecemos nuestras cremas de queso en las dos marcas de la empresa: Calzetti y S\u00f9 di Gusto.","breadcrumb":{"@id":"https:\/\/ifcfood.com\/i-nostri-marchi\/#breadcrumb"},"inLanguage":"es","potentialAction":[{"@type":"ReadAction","target":["https:\/\/ifcfood.com\/i-nostri-marchi\/"]}]},{"@type":"BreadcrumbList","@id":"https:\/\/ifcfood.com\/i-nostri-marchi\/#breadcrumb","itemListElement":[{"@type":"ListItem","position":1,"name":"Home","item":"https:\/\/ifcfood.com\/es\/"},{"@type":"ListItem","position":2,"name":"Nuestras marcas"}]},{"@type":"WebSite","@id":"https:\/\/ifcfood.com\/#website","url":"https:\/\/ifcfood.com\/","name":"Italian Food &amp; Cheese","description":"Food &amp; Beverage","publisher":{"@id":"https:\/\/ifcfood.com\/#organization"},"potentialAction":[{"@type":"SearchAction","target":{"@type":"EntryPoint","urlTemplate":"https:\/\/ifcfood.com\/?s={search_term_string}"},"query-input":{"@type":"PropertyValueSpecification","valueRequired":true,"valueName":"search_term_string"}}],"inLanguage":"es"},{"@type":"Organization","@id":"https:\/\/ifcfood.com\/#organization","name":"Ifc Italia Food & Cheese","url":"https:\/\/ifcfood.com\/","logo":{"@type":"ImageObject","inLanguage":"es","@id":"https:\/\/ifcfood.com\/#\/schema\/logo\/image\/","url":"https:\/\/ifcfood.com\/wp-content\/uploads\/2020\/07\/logo-ifc-2-1.jpg","contentUrl":"https:\/\/ifcfood.com\/wp-content\/uploads\/2020\/07\/logo-ifc-2-1.jpg","width":514,"height":456,"caption":"Ifc Italia Food & Cheese"},"image":{"@id":"https:\/\/ifcfood.com\/#\/schema\/logo\/image\/"}}]}},"_links":{"self":[{"href":"https:\/\/ifcfood.com\/es\/wp-json\/wp\/v2\/pages\/11939","targetHints":{"allow":["GET"]}}],"collection":[{"href":"https:\/\/ifcfood.com\/es\/wp-json\/wp\/v2\/pages"}],"about":[{"href":"https:\/\/ifcfood.com\/es\/wp-json\/wp\/v2\/types\/page"}],"author":[{"embeddable":true,"href":"https:\/\/ifcfood.com\/es\/wp-json\/wp\/v2\/users\/2"}],"replies":[{"embeddable":true,"href":"https:\/\/ifcfood.com\/es\/wp-json\/wp\/v2\/comments?post=11939"}],"version-history":[{"count":3,"href":"https:\/\/ifcfood.com\/es\/wp-json\/wp\/v2\/pages\/11939\/revisions"}],"predecessor-version":[{"id":11942,"href":"https:\/\/ifcfood.com\/es\/wp-json\/wp\/v2\/pages\/11939\/revisions\/11942"}],"wp:attachment":[{"href":"https:\/\/ifcfood.com\/es\/wp-json\/wp\/v2\/media?parent=11939"}],"curies":[{"name":"wp","href":"https:\/\/api.w.org\/{rel}","templated":true}]}}