{"id":11915,"date":"2023-09-04T07:50:25","date_gmt":"2023-09-04T07:50:25","guid":{"rendered":"https:\/\/ifcfood.com\/crema-provolone-valpadana-dop-2\/"},"modified":"2023-09-04T07:50:26","modified_gmt":"2023-09-04T07:50:26","slug":"crema-provolone-valpadana-dop-2","status":"publish","type":"page","link":"https:\/\/ifcfood.com\/es\/crema-provolone-valpadana-dop-2\/","title":{"rendered":"Crema Provolone Valpadana DOP"},"content":{"rendered":"<p>[vc_row content_width=\u00bbgrid\u00bb css=\u00bb.vc_custom_1597756514779{margin-top: 40px !important;margin-right: 40px !important;margin-bottom: 40px !important;margin-left: 40px !important;padding-top: 50px !important;}\u00bb][vc_column width=\u00bb1\/2&#8243;][vc_single_image image=\u00bb10679&#8243; img_size=\u00bbmedium\u00bb alignment=\u00bbcenter\u00bb css_animation=\u00bbfadeInLeft\u00bb][vc_single_image image=\u00bb10743&#8243; img_size=\u00bbfull\u00bb][vc_empty_space height=\u00bb40&#8243;]<div class=\"mkd-section-title-holder\">\n\t<h2 class=\"mkd-section-title\" >\n\tCREMA PROVOLONE VALPADANA DOP<\/h2>\n<\/div>[vc_column_text]<\/p>\n<p id=\"tw-target-text\" class=\"tw-data-text tw-text-large tw-ta\" dir=\"ltr\" data-placeholder=\"Traduzione\"><strong><span class=\"Y2IQFc\" lang=\"es\" tabindex=\"-1\">Autorizado por el consorcio del queso Provolone Valpadana DOP<\/span><\/strong><\/p>\n<p class=\"tw-data-text tw-text-large tw-ta\" dir=\"ltr\" data-placeholder=\"Traduzione\"><span class=\"Y2IQFc\" lang=\"es\" tabindex=\"-1\">Elaborada con el mejor Provolone Valpadana DOP Dolce, esta crema adquiere todo el sabor y aroma caracter\u00edsticos que s\u00f3lo este queso puede transmitir.<\/span><\/p>\n<p class=\"tw-data-text tw-text-large tw-ta\" dir=\"ltr\" data-placeholder=\"Traduzione\"><span class=\"Y2IQFc\" lang=\"es\" tabindex=\"-1\">Tal como est\u00e1, es excelente para adornar picatostes y canap\u00e9s. Si se calienta ligeramente, se vuelve a\u00fan m\u00e1s suave y est\u00e1 listo para cualquier cocina para darle sabor a los platos principales de verduras y carne.<\/span><\/p>\n<p class=\"tw-data-text tw-text-large tw-ta\" dir=\"ltr\" data-placeholder=\"Traduzione\"><strong><span class=\"Y2IQFc\" lang=\"es\" tabindex=\"-1\">La crema de Provolone Valpadana D.O.P. es sin conservantes.<\/span><\/strong><\/p>\n<p id=\"tw-target-text\" class=\"tw-data-text tw-text-large tw-ta\" dir=\"ltr\" style=\"text-align: center;\" data-placeholder=\"Traduzione\">\n<p>[\/vc_column_text][vc_empty_space height=\u00bb30&#8243;][vc_single_image image=\u00bb10145&#8243; img_size=\u00bbmedium\u00bb][vc_column_text]<\/p>\n<p id=\"tw-target-text\" class=\"tw-data-text tw-text-large tw-ta\" dir=\"ltr\" data-placeholder=\"Traduzione\"><span class=\"Y2IQFc\" lang=\"es\" tabindex=\"-1\"><strong>Caracter\u00edsticas<\/strong>:<\/span><\/p>\n<p class=\"tw-data-text tw-text-large tw-ta\" dir=\"ltr\" data-placeholder=\"Traduzione\"><span class=\"Y2IQFc\" lang=\"es\" tabindex=\"-1\">&#8211; Sabor caracter\u00edstico e intenso del Provolone Valpadana DOP<\/span><\/p>\n<p class=\"tw-data-text tw-text-large tw-ta\" dir=\"ltr\" data-placeholder=\"Traduzione\"><span class=\"Y2IQFc\" lang=\"es\" tabindex=\"-1\">&#8211; Cremoso y f\u00e1cil de untar<\/span><\/p>\n<p class=\"tw-data-text tw-text-large tw-ta\" dir=\"ltr\" data-placeholder=\"Traduzione\"><span class=\"Y2IQFc\" lang=\"es\" tabindex=\"-1\">&#8211; Al calentarse se vuelve fluido, ideal para condimentar<\/span><\/p>\n<p class=\"tw-data-text tw-text-large tw-ta\" dir=\"ltr\" data-placeholder=\"Traduzione\"><span class=\"Y2IQFc\" lang=\"es\" tabindex=\"-1\"><strong>Uso<\/strong>:<\/span><\/p>\n<p class=\"tw-data-text tw-text-large tw-ta\" dir=\"ltr\" data-placeholder=\"Traduzione\"><span class=\"Y2IQFc\" lang=\"es\" tabindex=\"-1\">&#8211; condimento para primeros platos<\/span><\/p>\n<p class=\"tw-data-text tw-text-large tw-ta\" dir=\"ltr\" data-placeholder=\"Traduzione\"><span class=\"Y2IQFc\" lang=\"es\" tabindex=\"-1\">&#8211; acompa\u00f1amiento de segundos de carne<\/span><\/p>\n<p class=\"tw-data-text tw-text-large tw-ta\" dir=\"ltr\" data-placeholder=\"Traduzione\"><span class=\"Y2IQFc\" lang=\"es\" tabindex=\"-1\">-decorar platos de verduras<\/span><\/p>\n<p class=\"tw-data-text tw-text-large tw-ta\" dir=\"ltr\" data-placeholder=\"Traduzione\"><span class=\"Y2IQFc\" lang=\"es\" tabindex=\"-1\">&#8211; bocadillos calientes<\/span><\/p>\n<p class=\"tw-data-text tw-text-large tw-ta\" dir=\"ltr\" data-placeholder=\"Traduzione\"><span class=\"Y2IQFc\" lang=\"es\" tabindex=\"-1\">&#8211; canap\u00e9s <\/span><\/p>\n<p class=\"tw-data-text tw-text-large tw-ta\" dir=\"ltr\" data-placeholder=\"Traduzione\"><span class=\"Y2IQFc\" lang=\"es\" tabindex=\"-1\">-pizza y focaccia<\/span><\/p>\n<p class=\"tw-data-text tw-text-large tw-ta\" dir=\"ltr\" data-placeholder=\"Traduzione\"><a href=\"https:\/\/ifcfood.com\/es\/recetas-ifc\/\"><strong><span class=\"Y2IQFc\" lang=\"es\" tabindex=\"-1\">\u00a1\u00a1Haz clic aqu\u00ed y prueba nuestras recetas!!<\/span><\/strong><\/a><\/p>\n<p>[\/vc_column_text][\/vc_column][vc_column width=\u00bb1\/2&#8243;]<div class=\"mkd-image-gallery\">\n\t<div class=\"mkd-image-gallery-slider\" data-autoplay=\"3\" data-animation=\"fade\" data-navigation=\"yes\" data-pagination=\"yes\">\n\t\t\t\t\t\t\t\t\t<img loading=\"lazy\" decoding=\"async\" width=\"2160\" height=\"2154\" src=\"https:\/\/ifcfood.com\/wp-content\/uploads\/2022\/10\/Pecorinoaltartufo-3.jpg\" class=\"attachment-full size-full\" alt=\"\" srcset=\"https:\/\/ifcfood.com\/wp-content\/uploads\/2022\/10\/Pecorinoaltartufo-3.jpg 2160w, https:\/\/ifcfood.com\/wp-content\/uploads\/2022\/10\/Pecorinoaltartufo-3-300x300.jpg 300w, https:\/\/ifcfood.com\/wp-content\/uploads\/2022\/10\/Pecorinoaltartufo-3-1024x1021.jpg 1024w, https:\/\/ifcfood.com\/wp-content\/uploads\/2022\/10\/Pecorinoaltartufo-3-150x150.jpg 150w, https:\/\/ifcfood.com\/wp-content\/uploads\/2022\/10\/Pecorinoaltartufo-3-768x766.jpg 768w, https:\/\/ifcfood.com\/wp-content\/uploads\/2022\/10\/Pecorinoaltartufo-3-1536x1532.jpg 1536w\" sizes=\"auto, (max-width: 2160px) 100vw, 2160px\" \/>\t\t\t\t\t\t\t<\/div>\n<\/div>[vc_empty_space height=\u00bb40&#8243;][vc_column_text]<\/p>\n<table style=\"height: 432px;\" width=\"501\">\n<tbody>\n<tr>\n<td colspan=\"2\" width=\"302\">\n<p id=\"tw-target-text\" class=\"tw-data-text tw-text-large tw-ta\" dir=\"ltr\" style=\"text-align: center;\" data-placeholder=\"Traduzione\"><strong><span class=\"Y2IQFc\" lang=\"es\" tabindex=\"-1\">VALORES NUTRICIONALES medios por 100g<\/span><\/strong><\/p>\n<\/td>\n<\/tr>\n<tr>\n<td width=\"151\">\n<p id=\"tw-target-text\" class=\"tw-data-text tw-text-large tw-ta\" dir=\"ltr\" style=\"text-align: center;\" data-placeholder=\"Traduzione\"><span class=\"Y2IQFc\" lang=\"es\" tabindex=\"-1\"><strong>Energ\u00eda<\/strong> <\/span><\/p>\n<\/td>\n<td width=\"151\">\n<p style=\"text-align: center;\"><strong>914 KJ \/ 220 Kcal<\/strong><\/p>\n<\/td>\n<\/tr>\n<tr>\n<td width=\"151\">\n<p style=\"text-align: center;\"><strong>Grasas<\/strong><\/p>\n<\/td>\n<td width=\"151\">\n<p style=\"text-align: center;\"><strong>17,8 g<\/strong><\/p>\n<\/td>\n<\/tr>\n<tr>\n<td width=\"151\">\n<p id=\"tw-target-text\" class=\"tw-data-text tw-text-large tw-ta\" dir=\"ltr\" style=\"text-align: center;\" data-placeholder=\"Traduzione\"><strong><span class=\"Y2IQFc\" lang=\"es\" tabindex=\"-1\">de los cuales saturados<\/span><\/strong><\/p>\n<\/td>\n<td width=\"151\">\n<p style=\"text-align: center;\"><strong>11,8 g<\/strong><\/p>\n<\/td>\n<\/tr>\n<tr>\n<td width=\"151\">\n<p id=\"tw-target-text\" class=\"tw-data-text tw-text-large tw-ta\" dir=\"ltr\" style=\"text-align: center;\" data-placeholder=\"Traduzione\"><strong><span class=\"Y2IQFc\" lang=\"es\" tabindex=\"-1\">Carbohidratos<\/span><\/strong><\/p>\n<\/td>\n<td width=\"151\">\n<p style=\"text-align: center;\"><strong>0,3 g<\/strong><\/p>\n<\/td>\n<\/tr>\n<tr>\n<td width=\"151\">\n<p id=\"tw-target-text\" class=\"tw-data-text tw-text-large tw-ta\" dir=\"ltr\" style=\"text-align: center;\" data-placeholder=\"Traduzione\"><strong><span class=\"Y2IQFc\" lang=\"es\" tabindex=\"-1\">de los cuales az\u00facares<\/span><\/strong><\/p>\n<\/td>\n<td width=\"151\">\n<p style=\"text-align: center;\"><strong>0,0 g<\/strong><\/p>\n<\/td>\n<\/tr>\n<tr>\n<td width=\"151\">\n<p id=\"tw-target-text\" class=\"tw-data-text tw-text-large tw-ta\" dir=\"ltr\" style=\"text-align: center;\" data-placeholder=\"Traduzione\"><strong><span class=\"Y2IQFc\" lang=\"es\" tabindex=\"-1\">Prote\u00edna<\/span><\/strong><\/p>\n<\/td>\n<td width=\"151\">\n<p style=\"text-align: center;\"><strong>14,8 g<\/strong><\/p>\n<\/td>\n<\/tr>\n<tr>\n<td width=\"151\">\n<p style=\"text-align: center;\"><strong>Sal<\/strong><\/p>\n<\/td>\n<td width=\"151\">\n<p style=\"text-align: center;\"><strong>1,5 g<\/strong><\/p>\n<\/td>\n<\/tr>\n<\/tbody>\n<\/table>\n<p>[\/vc_column_text][\/vc_column][\/vc_row][vc_row content_width=\u00bbgrid\u00bb css=\u00bb.vc_custom_1597776698151{margin-top: 40px !important;margin-right: 40px !important;margin-bottom: 40px !important;margin-left: 40px !important;padding-top: 50px !important;background-color: #f4f4f4 !important;}\u00bb][vc_column][vc_empty_space height=\u00bb40&#8243;][vc_column_text]<\/p>\n<table class=\" alignleft\" width=\"520\">\n<tbody>\n<tr>\n<td colspan=\"4\">\n<h6 id=\"tw-target-text\" class=\"tw-data-text tw-text-large tw-ta\" dir=\"ltr\" style=\"text-align: center;\" data-placeholder=\"Traduzione\"><span class=\"Y2IQFc\" lang=\"es\" tabindex=\"-1\">INFORMACI\u00d3N LOG\u00cdSTICA<\/span><\/h6>\n<h6><strong>\u00a0<\/strong><\/h6>\n<\/td>\n<\/tr>\n<tr>\n<td>\n<h6><strong>Formato<\/strong><\/h6>\n<\/td>\n<td>\n<h6><strong>125 g<\/strong><\/h6>\n<\/td>\n<td>\n<h6><strong>1000 g<\/strong><\/h6>\n<\/td>\n<td>\n<h6><strong>5000 g<\/strong><\/h6>\n<\/td>\n<\/tr>\n<tr>\n<td>\n<h6 style=\"text-align: center;\"><strong>Embalaje<\/strong><\/h6>\n<\/td>\n<td>\n<h6 style=\"text-align: center;\"><strong>Bol PP<\/strong><\/h6>\n<\/td>\n<td>\n<h6 style=\"text-align: center;\"><strong>Balde PP<\/strong><\/h6>\n<\/td>\n<td>\n<h6 style=\"text-align: center;\"><strong>Balde PP<\/strong><\/h6>\n<\/td>\n<\/tr>\n<tr>\n<td>\n<h6 style=\"text-align: center;\"><strong>Unites par ct<\/strong><\/h6>\n<\/td>\n<td>\n<h6><strong>24<\/strong><\/h6>\n<\/td>\n<td>\n<h6><strong>4<\/strong><\/h6>\n<\/td>\n<td>\n<h6><strong>2<\/strong><\/h6>\n<\/td>\n<\/tr>\n<tr>\n<td>\n<h6 style=\"text-align: center;\">ct par palet<\/h6>\n<\/td>\n<td>\n<h6><strong>120<\/strong><\/h6>\n<\/td>\n<td>\n<h6><strong>120<\/strong><\/h6>\n<\/td>\n<td>\n<h6><strong>35<\/strong><\/h6>\n<\/td>\n<\/tr>\n<tr>\n<td>\n<h6 style=\"text-align: center;\"><strong>EAN bol<\/strong><\/h6>\n<\/td>\n<td>\n<h6><strong>8054247770713<\/strong><\/h6>\n<\/td>\n<td>\n<h6><strong>8054247770723<\/strong><\/h6>\n<\/td>\n<td><\/td>\n<\/tr>\n<tr>\n<td>\n<h6 style=\"text-align: center;\"><strong>EAN <\/strong><span class=\"Y2IQFc\" lang=\"es\" tabindex=\"-1\">cart\u00f3n <\/span><\/h6>\n<\/td>\n<td>\n<h6><strong>18054247770716<\/strong><\/h6>\n<\/td>\n<td>\n<h6><strong>18054247770720<\/strong><\/h6>\n<\/td>\n<td><\/td>\n<\/tr>\n<tr>\n<td style=\"text-align: center;\">\n<h6 id=\"tw-target-text\" class=\"tw-data-text tw-text-large tw-ta\" dir=\"ltr\" data-placeholder=\"Traduzione\"><span class=\"Y2IQFc\" lang=\"es\" tabindex=\"-1\">Tama\u00f1o del cart\u00f3n<\/span><\/h6>\n<\/td>\n<td>\n<h6><strong>21,5 x 21,5 x h21 cm<\/strong><\/h6>\n<\/td>\n<td>\n<h6><strong>25,5 x 25,5 x h15 cm<\/strong><\/h6>\n<\/td>\n<td>\n<h6><strong>46 x 23 x h20 cm<\/strong><\/h6>\n<\/td>\n<\/tr>\n<tr>\n<td>\n<h6 style=\"text-align: center;\"><strong>Peso bruto del <\/strong><span class=\"Y2IQFc\" lang=\"es\" tabindex=\"-1\">cart\u00f3n<\/span><\/h6>\n<\/td>\n<td>\n<h6><strong>3,8 kg<\/strong><\/h6>\n<\/td>\n<td>\n<h6><strong>4,5 kg<\/strong><\/h6>\n<\/td>\n<td>\n<h6><strong>10,8 kg<\/strong><\/h6>\n<\/td>\n<\/tr>\n<tr>\n<td style=\"text-align: center;\">\n<h6 id=\"tw-target-text\" class=\"tw-data-text tw-text-large tw-ta\" dir=\"ltr\" data-placeholder=\"Traduzione\"><span class=\"Y2IQFc\" lang=\"es\" tabindex=\"-1\">Duraci\u00f3n<\/span><\/h6>\n<\/td>\n<td style=\"text-align: center;\" colspan=\"3\">\n<h6 id=\"tw-target-text\" class=\"tw-data-text tw-text-large tw-ta\" dir=\"ltr\" data-placeholder=\"Traduzione\"><span class=\"Y2IQFc\" lang=\"es\" tabindex=\"-1\">240 d\u00edas<\/span><\/h6>\n<\/td>\n<\/tr>\n<tr>\n<td>\n<h6 id=\"tw-target-text\" class=\"tw-data-text tw-text-large tw-ta\" dir=\"ltr\" style=\"text-align: center;\" data-placeholder=\"Traduzione\"><span class=\"Y2IQFc\" lang=\"es\" tabindex=\"-1\">M\u00e9todo de conservaci\u00f3n<\/span><\/h6>\n<\/td>\n<td colspan=\"3\">\n<h6 id=\"tw-target-text\" class=\"tw-data-text tw-text-large tw-ta\" dir=\"ltr\" style=\"text-align: center;\" data-placeholder=\"Traduzione\"><span class=\"Y2IQFc\" lang=\"es\" tabindex=\"-1\">En el frigor\u00edfico de 0\u00b0C a +4\u00b0C. Una vez abierto consumir en un plazo de 7 d\u00edas.<\/span><\/h6>\n<\/td>\n<\/tr>\n<\/tbody>\n<\/table>\n<p>[\/vc_column_text][vc_empty_space height=\u00bb40&#8243;][\/vc_column][\/vc_row]<\/p>\n","protected":false},"excerpt":{"rendered":"<p>[vc_row content_width=\u00bbgrid\u00bb css=\u00bb.vc_custom_1597756514779{margin-top: 40px !important;margin-right: 40px !important;margin-bottom: 40px !important;margin-left: 40px !important;padding-top: 50px !important;}\u00bb][vc_column width=\u00bb1\/2&#8243;][vc_single_image image=\u00bb10679&#8243; img_size=\u00bbmedium\u00bb alignment=\u00bbcenter\u00bb css_animation=\u00bbfadeInLeft\u00bb][vc_single_image image=\u00bb10743&#8243; img_size=\u00bbfull\u00bb][vc_empty_space height=\u00bb40&#8243;][vc_column_text] Autorizado por el consorcio del queso Provolone Valpadana DOP Elaborada con el mejor Provolone Valpadana DOP Dolce, esta crema adquiere todo el sabor y&#8230;<\/p>\n","protected":false},"author":2,"featured_media":0,"parent":0,"menu_order":0,"comment_status":"closed","ping_status":"closed","template":"full-width.php","meta":{"footnotes":""},"class_list":["post-11915","page","type-page","status-publish","hentry"],"yoast_head":"<!-- This site is optimized with the Yoast SEO plugin v27.4 - https:\/\/yoast.com\/product\/yoast-seo-wordpress\/ -->\n<title>Crema Provolone Valpadana DOP - Italian Food &amp; Cheese<\/title>\n<meta name=\"robots\" content=\"index, follow, max-snippet:-1, max-image-preview:large, max-video-preview:-1\" \/>\n<link rel=\"canonical\" href=\"https:\/\/ifcfood.com\/crema-provolone-valpadana-d-o-p-calzetti\/\" \/>\n<meta property=\"og:locale\" content=\"es_ES\" \/>\n<meta property=\"og:type\" content=\"article\" \/>\n<meta property=\"og:title\" content=\"Crema Provolone Valpadana DOP - Italian Food &amp; Cheese\" \/>\n<meta property=\"og:description\" content=\"[vc_row content_width=\u00bbgrid\u00bb css=\u00bb.vc_custom_1597756514779{margin-top: 40px !important;margin-right: 40px !important;margin-bottom: 40px !important;margin-left: 40px !important;padding-top: 50px !important;}\u00bb][vc_column width=\u00bb1\/2&#8243;][vc_single_image image=\u00bb10679&#8243; img_size=\u00bbmedium\u00bb alignment=\u00bbcenter\u00bb css_animation=\u00bbfadeInLeft\u00bb][vc_single_image image=\u00bb10743&#8243; img_size=\u00bbfull\u00bb][vc_empty_space height=\u00bb40&#8243;][vc_column_text] Autorizado por el consorcio del queso Provolone Valpadana DOP Elaborada con el mejor Provolone Valpadana DOP Dolce, esta crema adquiere todo el sabor y...\" \/>\n<meta property=\"og:url\" content=\"https:\/\/ifcfood.com\/crema-provolone-valpadana-d-o-p-calzetti\/\" \/>\n<meta property=\"og:site_name\" content=\"Italian Food &amp; Cheese\" \/>\n<meta property=\"article:modified_time\" content=\"2023-09-04T07:50:26+00:00\" \/>\n<meta name=\"twitter:card\" content=\"summary_large_image\" \/>\n<meta name=\"twitter:label1\" content=\"Tiempo de lectura\" \/>\n\t<meta name=\"twitter:data1\" content=\"2 minutos\" \/>\n<script type=\"application\/ld+json\" class=\"yoast-schema-graph\">{\"@context\":\"https:\\\/\\\/schema.org\",\"@graph\":[{\"@type\":\"WebPage\",\"@id\":\"https:\\\/\\\/ifcfood.com\\\/crema-provolone-valpadana-d-o-p-calzetti\\\/\",\"url\":\"https:\\\/\\\/ifcfood.com\\\/crema-provolone-valpadana-d-o-p-calzetti\\\/\",\"name\":\"Crema Provolone Valpadana DOP - Italian Food &amp; Cheese\",\"isPartOf\":{\"@id\":\"https:\\\/\\\/ifcfood.com\\\/#website\"},\"datePublished\":\"2023-09-04T07:50:25+00:00\",\"dateModified\":\"2023-09-04T07:50:26+00:00\",\"breadcrumb\":{\"@id\":\"https:\\\/\\\/ifcfood.com\\\/crema-provolone-valpadana-d-o-p-calzetti\\\/#breadcrumb\"},\"inLanguage\":\"es\",\"potentialAction\":[{\"@type\":\"ReadAction\",\"target\":[\"https:\\\/\\\/ifcfood.com\\\/crema-provolone-valpadana-d-o-p-calzetti\\\/\"]}]},{\"@type\":\"BreadcrumbList\",\"@id\":\"https:\\\/\\\/ifcfood.com\\\/crema-provolone-valpadana-d-o-p-calzetti\\\/#breadcrumb\",\"itemListElement\":[{\"@type\":\"ListItem\",\"position\":1,\"name\":\"Home\",\"item\":\"https:\\\/\\\/ifcfood.com\\\/es\\\/\"},{\"@type\":\"ListItem\",\"position\":2,\"name\":\"Crema Provolone Valpadana DOP\"}]},{\"@type\":\"WebSite\",\"@id\":\"https:\\\/\\\/ifcfood.com\\\/#website\",\"url\":\"https:\\\/\\\/ifcfood.com\\\/\",\"name\":\"Italian Food &amp; Cheese\",\"description\":\"Food &amp; Beverage\",\"publisher\":{\"@id\":\"https:\\\/\\\/ifcfood.com\\\/#organization\"},\"potentialAction\":[{\"@type\":\"SearchAction\",\"target\":{\"@type\":\"EntryPoint\",\"urlTemplate\":\"https:\\\/\\\/ifcfood.com\\\/?s={search_term_string}\"},\"query-input\":{\"@type\":\"PropertyValueSpecification\",\"valueRequired\":true,\"valueName\":\"search_term_string\"}}],\"inLanguage\":\"es\"},{\"@type\":\"Organization\",\"@id\":\"https:\\\/\\\/ifcfood.com\\\/#organization\",\"name\":\"Ifc Italia Food & Cheese\",\"url\":\"https:\\\/\\\/ifcfood.com\\\/\",\"logo\":{\"@type\":\"ImageObject\",\"inLanguage\":\"es\",\"@id\":\"https:\\\/\\\/ifcfood.com\\\/#\\\/schema\\\/logo\\\/image\\\/\",\"url\":\"https:\\\/\\\/ifcfood.com\\\/wp-content\\\/uploads\\\/2020\\\/07\\\/logo-ifc-2-1.jpg\",\"contentUrl\":\"https:\\\/\\\/ifcfood.com\\\/wp-content\\\/uploads\\\/2020\\\/07\\\/logo-ifc-2-1.jpg\",\"width\":514,\"height\":456,\"caption\":\"Ifc Italia Food & Cheese\"},\"image\":{\"@id\":\"https:\\\/\\\/ifcfood.com\\\/#\\\/schema\\\/logo\\\/image\\\/\"}}]}<\/script>\n<!-- \/ Yoast SEO plugin. -->","yoast_head_json":{"title":"Crema Provolone Valpadana DOP - Italian Food &amp; Cheese","robots":{"index":"index","follow":"follow","max-snippet":"max-snippet:-1","max-image-preview":"max-image-preview:large","max-video-preview":"max-video-preview:-1"},"canonical":"https:\/\/ifcfood.com\/crema-provolone-valpadana-d-o-p-calzetti\/","og_locale":"es_ES","og_type":"article","og_title":"Crema Provolone Valpadana DOP - Italian Food &amp; Cheese","og_description":"[vc_row content_width=\u00bbgrid\u00bb css=\u00bb.vc_custom_1597756514779{margin-top: 40px !important;margin-right: 40px !important;margin-bottom: 40px !important;margin-left: 40px !important;padding-top: 50px !important;}\u00bb][vc_column width=\u00bb1\/2&#8243;][vc_single_image image=\u00bb10679&#8243; img_size=\u00bbmedium\u00bb alignment=\u00bbcenter\u00bb css_animation=\u00bbfadeInLeft\u00bb][vc_single_image image=\u00bb10743&#8243; img_size=\u00bbfull\u00bb][vc_empty_space height=\u00bb40&#8243;][vc_column_text] Autorizado por el consorcio del queso Provolone Valpadana DOP Elaborada con el mejor Provolone Valpadana DOP Dolce, esta crema adquiere todo el sabor y...","og_url":"https:\/\/ifcfood.com\/crema-provolone-valpadana-d-o-p-calzetti\/","og_site_name":"Italian Food &amp; Cheese","article_modified_time":"2023-09-04T07:50:26+00:00","twitter_card":"summary_large_image","twitter_misc":{"Tiempo de lectura":"2 minutos"},"schema":{"@context":"https:\/\/schema.org","@graph":[{"@type":"WebPage","@id":"https:\/\/ifcfood.com\/crema-provolone-valpadana-d-o-p-calzetti\/","url":"https:\/\/ifcfood.com\/crema-provolone-valpadana-d-o-p-calzetti\/","name":"Crema Provolone Valpadana DOP - Italian Food &amp; Cheese","isPartOf":{"@id":"https:\/\/ifcfood.com\/#website"},"datePublished":"2023-09-04T07:50:25+00:00","dateModified":"2023-09-04T07:50:26+00:00","breadcrumb":{"@id":"https:\/\/ifcfood.com\/crema-provolone-valpadana-d-o-p-calzetti\/#breadcrumb"},"inLanguage":"es","potentialAction":[{"@type":"ReadAction","target":["https:\/\/ifcfood.com\/crema-provolone-valpadana-d-o-p-calzetti\/"]}]},{"@type":"BreadcrumbList","@id":"https:\/\/ifcfood.com\/crema-provolone-valpadana-d-o-p-calzetti\/#breadcrumb","itemListElement":[{"@type":"ListItem","position":1,"name":"Home","item":"https:\/\/ifcfood.com\/es\/"},{"@type":"ListItem","position":2,"name":"Crema Provolone Valpadana DOP"}]},{"@type":"WebSite","@id":"https:\/\/ifcfood.com\/#website","url":"https:\/\/ifcfood.com\/","name":"Italian Food &amp; Cheese","description":"Food &amp; Beverage","publisher":{"@id":"https:\/\/ifcfood.com\/#organization"},"potentialAction":[{"@type":"SearchAction","target":{"@type":"EntryPoint","urlTemplate":"https:\/\/ifcfood.com\/?s={search_term_string}"},"query-input":{"@type":"PropertyValueSpecification","valueRequired":true,"valueName":"search_term_string"}}],"inLanguage":"es"},{"@type":"Organization","@id":"https:\/\/ifcfood.com\/#organization","name":"Ifc Italia Food & Cheese","url":"https:\/\/ifcfood.com\/","logo":{"@type":"ImageObject","inLanguage":"es","@id":"https:\/\/ifcfood.com\/#\/schema\/logo\/image\/","url":"https:\/\/ifcfood.com\/wp-content\/uploads\/2020\/07\/logo-ifc-2-1.jpg","contentUrl":"https:\/\/ifcfood.com\/wp-content\/uploads\/2020\/07\/logo-ifc-2-1.jpg","width":514,"height":456,"caption":"Ifc Italia Food & Cheese"},"image":{"@id":"https:\/\/ifcfood.com\/#\/schema\/logo\/image\/"}}]}},"_links":{"self":[{"href":"https:\/\/ifcfood.com\/es\/wp-json\/wp\/v2\/pages\/11915","targetHints":{"allow":["GET"]}}],"collection":[{"href":"https:\/\/ifcfood.com\/es\/wp-json\/wp\/v2\/pages"}],"about":[{"href":"https:\/\/ifcfood.com\/es\/wp-json\/wp\/v2\/types\/page"}],"author":[{"embeddable":true,"href":"https:\/\/ifcfood.com\/es\/wp-json\/wp\/v2\/users\/2"}],"replies":[{"embeddable":true,"href":"https:\/\/ifcfood.com\/es\/wp-json\/wp\/v2\/comments?post=11915"}],"version-history":[{"count":3,"href":"https:\/\/ifcfood.com\/es\/wp-json\/wp\/v2\/pages\/11915\/revisions"}],"predecessor-version":[{"id":11918,"href":"https:\/\/ifcfood.com\/es\/wp-json\/wp\/v2\/pages\/11915\/revisions\/11918"}],"wp:attachment":[{"href":"https:\/\/ifcfood.com\/es\/wp-json\/wp\/v2\/media?parent=11915"}],"curies":[{"name":"wp","href":"https:\/\/api.w.org\/{rel}","templated":true}]}}