{"id":11799,"date":"2023-09-01T07:16:02","date_gmt":"2023-09-01T07:16:02","guid":{"rendered":"https:\/\/ifcfood.com\/crema-cacio-e-pepe\/"},"modified":"2023-09-01T07:16:03","modified_gmt":"2023-09-01T07:16:03","slug":"crema-cacio-e-pepe","status":"publish","type":"page","link":"https:\/\/ifcfood.com\/es\/crema-cacio-e-pepe\/","title":{"rendered":"Crema cacio e pepe"},"content":{"rendered":"<p>[vc_row content_width=\u00bbgrid\u00bb css=\u00bb.vc_custom_1597756514779{margin-top: 40px !important;margin-right: 40px !important;margin-bottom: 40px !important;margin-left: 40px !important;padding-top: 50px !important;}\u00bb][vc_column width=\u00bb1\/2&#8243;][vc_single_image image=\u00bb10677&#8243; img_size=\u00bbmedium\u00bb alignment=\u00bbcenter\u00bb css_animation=\u00bbfadeInLeft\u00bb][vc_single_image image=\u00bb11028&#8243; img_size=\u00bbfull\u00bb][vc_empty_space height=\u00bb40&#8243;]<div class=\"mkd-section-title-holder\">\n\t<h2 class=\"mkd-section-title\" >\n\tCREMA CACIO E PEPE<\/h2>\n<\/div>[vc_column_text]<\/p>\n<p id=\"tw-target-text\" class=\"tw-data-text tw-text-large tw-ta\" dir=\"ltr\" data-placeholder=\"Traduzione\"><span class=\"Y2IQFc\" lang=\"es\" tabindex=\"-1\">Una de las piedras angulares de la cocina italiana: Crema Cacio e Pepe se elabora con aut\u00e9ntico Pecorino Romano DOP y pimienta negra. Pocos y sencillos ingredientes para obtener uno de los platos t\u00edpicos de la cocina romana, gracias al sabor \u00fanico e intenso del Pecorino Romano y las notas arom\u00e1ticas de la pimienta negra.<\/span><\/p>\n<p class=\"tw-data-text tw-text-large tw-ta\" dir=\"ltr\" data-placeholder=\"Traduzione\"><span class=\"Y2IQFc\" lang=\"es\" tabindex=\"-1\">La Crema CACIO E PEPE es, por tanto, ideal para condimentar primeros platos y para untar sobre pan, canap\u00e9s y picatostes. <\/span><\/p>\n<p class=\"tw-data-text tw-text-large tw-ta\" dir=\"ltr\" data-placeholder=\"Traduzione\"><strong><span class=\"Y2IQFc\" lang=\"es\" tabindex=\"-1\">La crema CACIO E PEPE no tiene conservantes.<\/span><\/strong><\/p>\n<p>[\/vc_column_text][vc_empty_space height=\u00bb30&#8243;][vc_single_image image=\u00bb10145&#8243; img_size=\u00bbmedium\u00bb][vc_column_text]<\/p>\n<p id=\"tw-target-text\" class=\"tw-data-text tw-text-large tw-ta\" dir=\"ltr\" data-placeholder=\"Traduzione\"><span class=\"Y2IQFc\" lang=\"es\" tabindex=\"-1\"><strong>Caracter\u00edsticas:<\/strong><\/span><\/p>\n<p class=\"tw-data-text tw-text-large tw-ta\" dir=\"ltr\" data-placeholder=\"Traduzione\"><span class=\"Y2IQFc\" lang=\"es\" tabindex=\"-1\"> &#8211; Sabor caracter\u00edstico del Pecorino Romano DOP y pimienta negra.<\/span><\/p>\n<p class=\"tw-data-text tw-text-large tw-ta\" dir=\"ltr\" data-placeholder=\"Traduzione\"><span class=\"Y2IQFc\" lang=\"es\" tabindex=\"-1\">&#8211; Cremoso y f\u00e1cil de untar<\/span><\/p>\n<p class=\"tw-data-text tw-text-large tw-ta\" dir=\"ltr\" data-placeholder=\"Traduzione\"><span class=\"Y2IQFc\" lang=\"es\" tabindex=\"-1\">&#8211; Al calentarse se vuelve fluido, ideal para condimentar<\/span><\/p>\n<p class=\"tw-data-text tw-text-large tw-ta\" dir=\"ltr\" data-placeholder=\"Traduzione\"><span class=\"Y2IQFc\" lang=\"es\" tabindex=\"-1\"><strong>Uso:<\/strong><\/span><\/p>\n<p class=\"tw-data-text tw-text-large tw-ta\" dir=\"ltr\" data-placeholder=\"Traduzione\"><span class=\"Y2IQFc\" lang=\"es\" tabindex=\"-1\"> &#8211; condimento para primeros platos<\/span><\/p>\n<p class=\"tw-data-text tw-text-large tw-ta\" dir=\"ltr\" data-placeholder=\"Traduzione\"><span class=\"Y2IQFc\" lang=\"es\" tabindex=\"-1\">&#8211; pan y canap\u00e9s<\/span><\/p>\n<p class=\"tw-data-text tw-text-large tw-ta\" dir=\"ltr\" data-placeholder=\"Traduzione\"><span class=\"Y2IQFc\" lang=\"es\" tabindex=\"-1\">&#8211; picatostes y bocadillos<\/span><\/p>\n<p class=\"tw-data-text tw-text-large tw-ta\" dir=\"ltr\" data-placeholder=\"Traduzione\"><a href=\"https:\/\/ifcfood.com\/es\/recetas-ifc\/\"><strong><span class=\"Y2IQFc\" lang=\"es\" tabindex=\"-1\">\u00a1\u00a1Haz clic aqu\u00ed y prueba nuestras recetas!!<\/span><\/strong><\/a><\/p>\n<p>[\/vc_column_text][\/vc_column][vc_column width=\u00bb1\/2&#8243;]<div class=\"mkd-image-gallery\">\n\t<div class=\"mkd-image-gallery-slider\" data-autoplay=\"3\" data-animation=\"fade\" data-navigation=\"yes\" data-pagination=\"yes\">\n\t\t\t\t\t\t\t\t\t<img loading=\"lazy\" decoding=\"async\" width=\"2160\" height=\"2154\" src=\"https:\/\/ifcfood.com\/wp-content\/uploads\/2022\/10\/cacioepepe.jpg\" class=\"attachment-full size-full\" alt=\"\" srcset=\"https:\/\/ifcfood.com\/wp-content\/uploads\/2022\/10\/cacioepepe.jpg 2160w, https:\/\/ifcfood.com\/wp-content\/uploads\/2022\/10\/cacioepepe-300x300.jpg 300w, https:\/\/ifcfood.com\/wp-content\/uploads\/2022\/10\/cacioepepe-1024x1021.jpg 1024w, https:\/\/ifcfood.com\/wp-content\/uploads\/2022\/10\/cacioepepe-150x150.jpg 150w, https:\/\/ifcfood.com\/wp-content\/uploads\/2022\/10\/cacioepepe-768x766.jpg 768w, https:\/\/ifcfood.com\/wp-content\/uploads\/2022\/10\/cacioepepe-1536x1532.jpg 1536w\" sizes=\"auto, (max-width: 2160px) 100vw, 2160px\" \/>\t\t\t\t\t\t\t\t\t\t\t\t\t<img loading=\"lazy\" decoding=\"async\" width=\"1072\" height=\"1088\" src=\"https:\/\/ifcfood.com\/wp-content\/uploads\/2023\/07\/Immagine-WhatsApp-2023-07-26-ore-10.19.05.jpg\" class=\"attachment-full size-full\" alt=\"\" srcset=\"https:\/\/ifcfood.com\/wp-content\/uploads\/2023\/07\/Immagine-WhatsApp-2023-07-26-ore-10.19.05.jpg 1072w, https:\/\/ifcfood.com\/wp-content\/uploads\/2023\/07\/Immagine-WhatsApp-2023-07-26-ore-10.19.05-296x300.jpg 296w, https:\/\/ifcfood.com\/wp-content\/uploads\/2023\/07\/Immagine-WhatsApp-2023-07-26-ore-10.19.05-1009x1024.jpg 1009w, https:\/\/ifcfood.com\/wp-content\/uploads\/2023\/07\/Immagine-WhatsApp-2023-07-26-ore-10.19.05-768x779.jpg 768w\" sizes=\"auto, (max-width: 1072px) 100vw, 1072px\" \/>\t\t\t\t\t\t\t<\/div>\n<\/div>[vc_empty_space height=\u00bb40&#8243;][vc_column_text]<\/p>\n<table style=\"height: 432px;\" width=\"501\">\n<tbody>\n<tr>\n<td colspan=\"2\" width=\"302\">\n<p id=\"tw-target-text\" class=\"tw-data-text tw-text-large tw-ta\" dir=\"ltr\" style=\"text-align: center;\" data-placeholder=\"Traduzione\"><strong><span class=\"Y2IQFc\" lang=\"es\" tabindex=\"-1\">VALORES NUTRICIONALES medios por 100g<\/span><\/strong><\/p>\n<\/td>\n<\/tr>\n<tr>\n<td width=\"151\">\n<p id=\"tw-target-text\" class=\"tw-data-text tw-text-large tw-ta\" dir=\"ltr\" style=\"text-align: center;\" data-placeholder=\"Traduzione\"><span class=\"Y2IQFc\" lang=\"es\" tabindex=\"-1\"><strong>Energ\u00eda<\/strong> <\/span><\/p>\n<\/td>\n<td width=\"151\">\n<p style=\"text-align: center;\"><strong>1066 KJ \/ 257 Kcal<\/strong><\/p>\n<\/td>\n<\/tr>\n<tr>\n<td width=\"151\">\n<p style=\"text-align: center;\"><strong>Grasas<\/strong><\/p>\n<\/td>\n<td width=\"151\">\n<p style=\"text-align: center;\"><strong>23,0 g<\/strong><\/p>\n<\/td>\n<\/tr>\n<tr>\n<td width=\"151\">\n<p id=\"tw-target-text\" class=\"tw-data-text tw-text-large tw-ta\" dir=\"ltr\" style=\"text-align: center;\" data-placeholder=\"Traduzione\"><strong><span class=\"Y2IQFc\" lang=\"es\" tabindex=\"-1\">de los cuales saturados<\/span><\/strong><\/p>\n<\/td>\n<td width=\"151\">\n<p style=\"text-align: center;\"><strong>13,9 g<\/strong><\/p>\n<\/td>\n<\/tr>\n<tr>\n<td width=\"151\">\n<p id=\"tw-target-text\" class=\"tw-data-text tw-text-large tw-ta\" dir=\"ltr\" style=\"text-align: center;\" data-placeholder=\"Traduzione\"><strong><span class=\"Y2IQFc\" lang=\"es\" tabindex=\"-1\">Carbohidratos<\/span><\/strong><\/p>\n<\/td>\n<td width=\"151\">\n<p style=\"text-align: center;\"><strong>0,9 g<\/strong><\/p>\n<\/td>\n<\/tr>\n<tr>\n<td width=\"151\">\n<p id=\"tw-target-text\" class=\"tw-data-text tw-text-large tw-ta\" dir=\"ltr\" style=\"text-align: center;\" data-placeholder=\"Traduzione\"><strong><span class=\"Y2IQFc\" lang=\"es\" tabindex=\"-1\">de los cuales az\u00facares<\/span><\/strong><\/p>\n<\/td>\n<td width=\"151\">\n<p style=\"text-align: center;\"><strong>0,0 g<\/strong><\/p>\n<\/td>\n<\/tr>\n<tr>\n<td width=\"151\">\n<p id=\"tw-target-text\" class=\"tw-data-text tw-text-large tw-ta\" dir=\"ltr\" style=\"text-align: center;\" data-placeholder=\"Traduzione\"><strong><span class=\"Y2IQFc\" lang=\"es\" tabindex=\"-1\">Prote\u00edna<\/span><\/strong><\/p>\n<\/td>\n<td width=\"151\">\n<p style=\"text-align: center;\"><strong>11,5 g<\/strong><\/p>\n<\/td>\n<\/tr>\n<tr>\n<td width=\"151\">\n<p style=\"text-align: center;\"><strong>Sal<\/strong><\/p>\n<\/td>\n<td width=\"151\">\n<p style=\"text-align: center;\"><strong>2,3 g<\/strong><\/p>\n<\/td>\n<\/tr>\n<\/tbody>\n<\/table>\n<p>[\/vc_column_text][\/vc_column][\/vc_row][vc_row content_width=\u00bbgrid\u00bb css=\u00bb.vc_custom_1597776698151{margin-top: 40px !important;margin-right: 40px !important;margin-bottom: 40px !important;margin-left: 40px !important;padding-top: 50px !important;background-color: #f4f4f4 !important;}\u00bb][vc_column][vc_empty_space height=\u00bb40&#8243;][vc_column_text]<\/p>\n<table class=\" alignleft\" width=\"520\">\n<tbody>\n<tr>\n<td colspan=\"4\">\n<h6 id=\"tw-target-text\" class=\"tw-data-text tw-text-large tw-ta\" dir=\"ltr\" style=\"text-align: center;\" data-placeholder=\"Traduzione\"><span class=\"Y2IQFc\" lang=\"es\" tabindex=\"-1\">INFORMACI\u00d3N LOG\u00cdSTICA<\/span><\/h6>\n<h6 style=\"text-align: center;\"><strong>\u00a0<\/strong><\/h6>\n<\/td>\n<\/tr>\n<tr>\n<td>\n<h6 style=\"text-align: center;\"><strong>Formato<\/strong><\/h6>\n<\/td>\n<td>\n<h6 style=\"text-align: center;\"><strong>125 g<\/strong><\/h6>\n<\/td>\n<td>\n<h6 style=\"text-align: center;\"><strong>1000 g<\/strong><\/h6>\n<\/td>\n<td>\n<h6 style=\"text-align: center;\"><strong>5000 g<\/strong><\/h6>\n<\/td>\n<\/tr>\n<tr>\n<td>\n<h6 style=\"text-align: center;\"><strong>Embalaje<\/strong><\/h6>\n<\/td>\n<td>\n<h6 style=\"text-align: center;\"><strong>Bol PP<\/strong><\/h6>\n<\/td>\n<td>\n<h6 style=\"text-align: center;\"><strong>Balde PP<\/strong><\/h6>\n<\/td>\n<td>\n<h6 style=\"text-align: center;\"><strong>Balde PP<\/strong><\/h6>\n<\/td>\n<\/tr>\n<tr>\n<td>\n<h6 style=\"text-align: center;\"><strong>Unidades por ct<\/strong><\/h6>\n<\/td>\n<td>\n<h6 style=\"text-align: center;\"><strong>24<\/strong><\/h6>\n<\/td>\n<td>\n<h6 style=\"text-align: center;\"><strong>4<\/strong><\/h6>\n<\/td>\n<td>\n<h6 style=\"text-align: center;\"><strong>2<\/strong><\/h6>\n<\/td>\n<\/tr>\n<tr>\n<td>\n<h6 style=\"text-align: center;\"><strong>ct por palet<\/strong><\/h6>\n<\/td>\n<td>\n<h6 style=\"text-align: center;\"><strong>120<\/strong><\/h6>\n<\/td>\n<td>\n<h6 style=\"text-align: center;\"><strong>120<\/strong><\/h6>\n<\/td>\n<td>\n<h6 style=\"text-align: center;\"><strong>35<\/strong><\/h6>\n<\/td>\n<\/tr>\n<tr>\n<td>\n<h6 style=\"text-align: center;\"><strong>EAN bol<\/strong><\/h6>\n<\/td>\n<td>\n<h6 style=\"text-align: center;\"><\/h6>\n<\/td>\n<td>\n<h6 style=\"text-align: center;\"><\/h6>\n<\/td>\n<td style=\"text-align: center;\"><\/td>\n<\/tr>\n<tr>\n<td style=\"text-align: center;\">\n<h6 style=\"text-align: center;\"><strong>EAN <\/strong><span class=\"Y2IQFc\" lang=\"es\" tabindex=\"-1\">cart\u00f3n <\/span><\/h6>\n<\/td>\n<td>\n<h6 style=\"text-align: center;\"><\/h6>\n<\/td>\n<td>\n<h6 style=\"text-align: center;\"><\/h6>\n<\/td>\n<td style=\"text-align: center;\"><\/td>\n<\/tr>\n<tr>\n<td>\n<h6 id=\"tw-target-text\" class=\"tw-data-text tw-text-large tw-ta\" dir=\"ltr\" style=\"text-align: center;\" data-placeholder=\"Traduzione\"><span class=\"Y2IQFc\" lang=\"es\" tabindex=\"-1\">Tama\u00f1o del cart\u00f3n<\/span><\/h6>\n<\/td>\n<td>\n<h6 style=\"text-align: center;\"><strong>21,5 x 21,5 x h21 cm<\/strong><\/h6>\n<\/td>\n<td>\n<h6 style=\"text-align: center;\"><strong>25,5 x 25,5 x h15 cm<\/strong><\/h6>\n<\/td>\n<td>\n<h6 style=\"text-align: center;\"><strong>46 x 23 x h20 cm<\/strong><\/h6>\n<\/td>\n<\/tr>\n<tr>\n<td>\n<h6 style=\"text-align: center;\">Peso bruto del <span class=\"Y2IQFc\" lang=\"es\" tabindex=\"-1\">cart\u00f3n<\/span><\/h6>\n<h6 style=\"text-align: center;\"><\/h6>\n<\/td>\n<td>\n<h6 style=\"text-align: center;\"><strong>3,8 kg<\/strong><\/h6>\n<\/td>\n<td>\n<h6 style=\"text-align: center;\"><strong>4,5 kg<\/strong><\/h6>\n<\/td>\n<td>\n<h6 style=\"text-align: center;\"><strong>10,8 kg<\/strong><\/h6>\n<\/td>\n<\/tr>\n<tr>\n<td>\n<h6 id=\"tw-target-text\" class=\"tw-data-text tw-text-large tw-ta\" dir=\"ltr\" style=\"text-align: center;\" data-placeholder=\"Traduzione\"><span class=\"Y2IQFc\" lang=\"es\" tabindex=\"-1\">Duraci\u00f3n<\/span><\/h6>\n<\/td>\n<td colspan=\"3\">\n<h6 id=\"tw-target-text\" class=\"tw-data-text tw-text-large tw-ta\" dir=\"ltr\" style=\"text-align: center;\" data-placeholder=\"Traduzione\"><span class=\"Y2IQFc\" lang=\"es\" tabindex=\"-1\">240 d\u00edas<\/span><\/h6>\n<\/td>\n<\/tr>\n<tr>\n<td>\n<h6 id=\"tw-target-text\" class=\"tw-data-text tw-text-large tw-ta\" dir=\"ltr\" style=\"text-align: center;\" data-placeholder=\"Traduzione\"><span class=\"Y2IQFc\" lang=\"es\" tabindex=\"-1\">M\u00e9todo de conservaci\u00f3n<\/span><\/h6>\n<\/td>\n<td colspan=\"3\">\n<h6 id=\"tw-target-text\" class=\"tw-data-text tw-text-large tw-ta\" dir=\"ltr\" style=\"text-align: center;\" data-placeholder=\"Traduzione\"><span class=\"Y2IQFc\" lang=\"es\" tabindex=\"-1\">En el frigor\u00edfico de 0\u00b0C a +4\u00b0C. Una vez abierto consumir en un plazo de 7 d\u00edas.<\/span><\/h6>\n<\/td>\n<\/tr>\n<\/tbody>\n<\/table>\n<h6 style=\"text-align: center;\"><\/h6>\n<p>[\/vc_column_text][vc_empty_space height=\u00bb40&#8243;][\/vc_column][\/vc_row]<\/p>\n","protected":false},"excerpt":{"rendered":"<p>[vc_row content_width=\u00bbgrid\u00bb css=\u00bb.vc_custom_1597756514779{margin-top: 40px !important;margin-right: 40px !important;margin-bottom: 40px !important;margin-left: 40px !important;padding-top: 50px !important;}\u00bb][vc_column width=\u00bb1\/2&#8243;][vc_single_image image=\u00bb10677&#8243; img_size=\u00bbmedium\u00bb alignment=\u00bbcenter\u00bb css_animation=\u00bbfadeInLeft\u00bb][vc_single_image image=\u00bb11028&#8243; img_size=\u00bbfull\u00bb][vc_empty_space height=\u00bb40&#8243;][vc_column_text] Una de las piedras angulares de la cocina italiana: Crema Cacio e Pepe se elabora con aut\u00e9ntico Pecorino Romano DOP y pimienta negra. Pocos&#8230;<\/p>\n","protected":false},"author":2,"featured_media":0,"parent":0,"menu_order":0,"comment_status":"closed","ping_status":"closed","template":"full-width.php","meta":{"footnotes":""},"class_list":["post-11799","page","type-page","status-publish","hentry"],"yoast_head":"<!-- This site is optimized with the Yoast SEO plugin v27.4 - https:\/\/yoast.com\/product\/yoast-seo-wordpress\/ -->\n<title>Crema cacio e pepe - Italian Food &amp; Cheese<\/title>\n<meta name=\"robots\" content=\"index, follow, max-snippet:-1, max-image-preview:large, max-video-preview:-1\" \/>\n<link rel=\"canonical\" href=\"https:\/\/ifcfood.com\/crema-cacio-e-pepe-calzetti\/\" \/>\n<meta property=\"og:locale\" content=\"es_ES\" \/>\n<meta property=\"og:type\" content=\"article\" \/>\n<meta property=\"og:title\" content=\"Crema cacio e pepe - Italian Food &amp; Cheese\" \/>\n<meta property=\"og:description\" content=\"[vc_row content_width=\u00bbgrid\u00bb css=\u00bb.vc_custom_1597756514779{margin-top: 40px !important;margin-right: 40px !important;margin-bottom: 40px !important;margin-left: 40px !important;padding-top: 50px !important;}\u00bb][vc_column width=\u00bb1\/2&#8243;][vc_single_image image=\u00bb10677&#8243; img_size=\u00bbmedium\u00bb alignment=\u00bbcenter\u00bb css_animation=\u00bbfadeInLeft\u00bb][vc_single_image image=\u00bb11028&#8243; img_size=\u00bbfull\u00bb][vc_empty_space height=\u00bb40&#8243;][vc_column_text] Una de las piedras angulares de la cocina italiana: Crema Cacio e Pepe se elabora con aut\u00e9ntico Pecorino Romano DOP y pimienta negra. Pocos...\" \/>\n<meta property=\"og:url\" content=\"https:\/\/ifcfood.com\/crema-cacio-e-pepe-calzetti\/\" \/>\n<meta property=\"og:site_name\" content=\"Italian Food &amp; Cheese\" \/>\n<meta property=\"article:modified_time\" content=\"2023-09-01T07:16:03+00:00\" \/>\n<meta name=\"twitter:card\" content=\"summary_large_image\" \/>\n<meta name=\"twitter:label1\" content=\"Tiempo de lectura\" \/>\n\t<meta name=\"twitter:data1\" content=\"2 minutos\" \/>\n<script type=\"application\/ld+json\" class=\"yoast-schema-graph\">{\"@context\":\"https:\\\/\\\/schema.org\",\"@graph\":[{\"@type\":\"WebPage\",\"@id\":\"https:\\\/\\\/ifcfood.com\\\/crema-cacio-e-pepe-calzetti\\\/\",\"url\":\"https:\\\/\\\/ifcfood.com\\\/crema-cacio-e-pepe-calzetti\\\/\",\"name\":\"Crema cacio e pepe - Italian Food &amp; Cheese\",\"isPartOf\":{\"@id\":\"https:\\\/\\\/ifcfood.com\\\/#website\"},\"datePublished\":\"2023-09-01T07:16:02+00:00\",\"dateModified\":\"2023-09-01T07:16:03+00:00\",\"breadcrumb\":{\"@id\":\"https:\\\/\\\/ifcfood.com\\\/crema-cacio-e-pepe-calzetti\\\/#breadcrumb\"},\"inLanguage\":\"es\",\"potentialAction\":[{\"@type\":\"ReadAction\",\"target\":[\"https:\\\/\\\/ifcfood.com\\\/crema-cacio-e-pepe-calzetti\\\/\"]}]},{\"@type\":\"BreadcrumbList\",\"@id\":\"https:\\\/\\\/ifcfood.com\\\/crema-cacio-e-pepe-calzetti\\\/#breadcrumb\",\"itemListElement\":[{\"@type\":\"ListItem\",\"position\":1,\"name\":\"Home\",\"item\":\"https:\\\/\\\/ifcfood.com\\\/es\\\/\"},{\"@type\":\"ListItem\",\"position\":2,\"name\":\"Crema cacio e pepe\"}]},{\"@type\":\"WebSite\",\"@id\":\"https:\\\/\\\/ifcfood.com\\\/#website\",\"url\":\"https:\\\/\\\/ifcfood.com\\\/\",\"name\":\"Italian Food &amp; Cheese\",\"description\":\"Food &amp; Beverage\",\"publisher\":{\"@id\":\"https:\\\/\\\/ifcfood.com\\\/#organization\"},\"potentialAction\":[{\"@type\":\"SearchAction\",\"target\":{\"@type\":\"EntryPoint\",\"urlTemplate\":\"https:\\\/\\\/ifcfood.com\\\/?s={search_term_string}\"},\"query-input\":{\"@type\":\"PropertyValueSpecification\",\"valueRequired\":true,\"valueName\":\"search_term_string\"}}],\"inLanguage\":\"es\"},{\"@type\":\"Organization\",\"@id\":\"https:\\\/\\\/ifcfood.com\\\/#organization\",\"name\":\"Ifc Italia Food & Cheese\",\"url\":\"https:\\\/\\\/ifcfood.com\\\/\",\"logo\":{\"@type\":\"ImageObject\",\"inLanguage\":\"es\",\"@id\":\"https:\\\/\\\/ifcfood.com\\\/#\\\/schema\\\/logo\\\/image\\\/\",\"url\":\"https:\\\/\\\/ifcfood.com\\\/wp-content\\\/uploads\\\/2020\\\/07\\\/logo-ifc-2-1.jpg\",\"contentUrl\":\"https:\\\/\\\/ifcfood.com\\\/wp-content\\\/uploads\\\/2020\\\/07\\\/logo-ifc-2-1.jpg\",\"width\":514,\"height\":456,\"caption\":\"Ifc Italia Food & Cheese\"},\"image\":{\"@id\":\"https:\\\/\\\/ifcfood.com\\\/#\\\/schema\\\/logo\\\/image\\\/\"}}]}<\/script>\n<!-- \/ Yoast SEO plugin. -->","yoast_head_json":{"title":"Crema cacio e pepe - Italian Food &amp; Cheese","robots":{"index":"index","follow":"follow","max-snippet":"max-snippet:-1","max-image-preview":"max-image-preview:large","max-video-preview":"max-video-preview:-1"},"canonical":"https:\/\/ifcfood.com\/crema-cacio-e-pepe-calzetti\/","og_locale":"es_ES","og_type":"article","og_title":"Crema cacio e pepe - Italian Food &amp; Cheese","og_description":"[vc_row content_width=\u00bbgrid\u00bb css=\u00bb.vc_custom_1597756514779{margin-top: 40px !important;margin-right: 40px !important;margin-bottom: 40px !important;margin-left: 40px !important;padding-top: 50px !important;}\u00bb][vc_column width=\u00bb1\/2&#8243;][vc_single_image image=\u00bb10677&#8243; img_size=\u00bbmedium\u00bb alignment=\u00bbcenter\u00bb css_animation=\u00bbfadeInLeft\u00bb][vc_single_image image=\u00bb11028&#8243; img_size=\u00bbfull\u00bb][vc_empty_space height=\u00bb40&#8243;][vc_column_text] Una de las piedras angulares de la cocina italiana: Crema Cacio e Pepe se elabora con aut\u00e9ntico Pecorino Romano DOP y pimienta negra. Pocos...","og_url":"https:\/\/ifcfood.com\/crema-cacio-e-pepe-calzetti\/","og_site_name":"Italian Food &amp; Cheese","article_modified_time":"2023-09-01T07:16:03+00:00","twitter_card":"summary_large_image","twitter_misc":{"Tiempo de lectura":"2 minutos"},"schema":{"@context":"https:\/\/schema.org","@graph":[{"@type":"WebPage","@id":"https:\/\/ifcfood.com\/crema-cacio-e-pepe-calzetti\/","url":"https:\/\/ifcfood.com\/crema-cacio-e-pepe-calzetti\/","name":"Crema cacio e pepe - Italian Food &amp; Cheese","isPartOf":{"@id":"https:\/\/ifcfood.com\/#website"},"datePublished":"2023-09-01T07:16:02+00:00","dateModified":"2023-09-01T07:16:03+00:00","breadcrumb":{"@id":"https:\/\/ifcfood.com\/crema-cacio-e-pepe-calzetti\/#breadcrumb"},"inLanguage":"es","potentialAction":[{"@type":"ReadAction","target":["https:\/\/ifcfood.com\/crema-cacio-e-pepe-calzetti\/"]}]},{"@type":"BreadcrumbList","@id":"https:\/\/ifcfood.com\/crema-cacio-e-pepe-calzetti\/#breadcrumb","itemListElement":[{"@type":"ListItem","position":1,"name":"Home","item":"https:\/\/ifcfood.com\/es\/"},{"@type":"ListItem","position":2,"name":"Crema cacio e pepe"}]},{"@type":"WebSite","@id":"https:\/\/ifcfood.com\/#website","url":"https:\/\/ifcfood.com\/","name":"Italian Food &amp; Cheese","description":"Food &amp; Beverage","publisher":{"@id":"https:\/\/ifcfood.com\/#organization"},"potentialAction":[{"@type":"SearchAction","target":{"@type":"EntryPoint","urlTemplate":"https:\/\/ifcfood.com\/?s={search_term_string}"},"query-input":{"@type":"PropertyValueSpecification","valueRequired":true,"valueName":"search_term_string"}}],"inLanguage":"es"},{"@type":"Organization","@id":"https:\/\/ifcfood.com\/#organization","name":"Ifc Italia Food & Cheese","url":"https:\/\/ifcfood.com\/","logo":{"@type":"ImageObject","inLanguage":"es","@id":"https:\/\/ifcfood.com\/#\/schema\/logo\/image\/","url":"https:\/\/ifcfood.com\/wp-content\/uploads\/2020\/07\/logo-ifc-2-1.jpg","contentUrl":"https:\/\/ifcfood.com\/wp-content\/uploads\/2020\/07\/logo-ifc-2-1.jpg","width":514,"height":456,"caption":"Ifc Italia Food & Cheese"},"image":{"@id":"https:\/\/ifcfood.com\/#\/schema\/logo\/image\/"}}]}},"_links":{"self":[{"href":"https:\/\/ifcfood.com\/es\/wp-json\/wp\/v2\/pages\/11799","targetHints":{"allow":["GET"]}}],"collection":[{"href":"https:\/\/ifcfood.com\/es\/wp-json\/wp\/v2\/pages"}],"about":[{"href":"https:\/\/ifcfood.com\/es\/wp-json\/wp\/v2\/types\/page"}],"author":[{"embeddable":true,"href":"https:\/\/ifcfood.com\/es\/wp-json\/wp\/v2\/users\/2"}],"replies":[{"embeddable":true,"href":"https:\/\/ifcfood.com\/es\/wp-json\/wp\/v2\/comments?post=11799"}],"version-history":[{"count":3,"href":"https:\/\/ifcfood.com\/es\/wp-json\/wp\/v2\/pages\/11799\/revisions"}],"predecessor-version":[{"id":11802,"href":"https:\/\/ifcfood.com\/es\/wp-json\/wp\/v2\/pages\/11799\/revisions\/11802"}],"wp:attachment":[{"href":"https:\/\/ifcfood.com\/es\/wp-json\/wp\/v2\/media?parent=11799"}],"curies":[{"name":"wp","href":"https:\/\/api.w.org\/{rel}","templated":true}]}}