{"id":11772,"date":"2023-08-31T10:07:02","date_gmt":"2023-08-31T10:07:02","guid":{"rendered":"https:\/\/ifcfood.com\/quienes-somos\/"},"modified":"2023-08-31T10:07:09","modified_gmt":"2023-08-31T10:07:09","slug":"quienes-somos","status":"publish","type":"page","link":"https:\/\/ifcfood.com\/es\/quienes-somos\/","title":{"rendered":"Quienes somos"},"content":{"rendered":"<p>[vc_row content_width=\u00bbgrid\u00bb css=\u00bb.vc_custom_1468833191794{padding-top: 110px !important;padding-bottom: 60px !important;}\u00bb][vc_column offset=\u00bbvc_col-lg-6&#8243;][vc_single_image image=\u00bb10933&#8243; img_size=\u00bbfull\u00bb css_animation=\u00bbfadeInLeft\u00bb][vc_empty_space height=\u00bb50px\u00bb][vc_column_text]<\/p>\n<p id=\"tw-target-text\" class=\"tw-data-text tw-text-large tw-ta\" dir=\"ltr\" data-placeholder=\"Traduzione\"><span class=\"Y2IQFc\" lang=\"es\" tabindex=\"-1\">Italian Food &amp; Cheese es una realidad que naci\u00f3 de la experiencia de muchos a\u00f1os de un equipo de profesionales en la comercializaci\u00f3n de quesos italianos DOP en el mercado nacional y en el extranjero.<\/span><\/p>\n<p class=\"tw-data-text tw-text-large tw-ta\" dir=\"ltr\" data-placeholder=\"Traduzione\"><span class=\"Y2IQFc\" lang=\"es\" tabindex=\"-1\">Con el objetivo de aprovechar nuevas oportunidades de consumo, Italian Food &amp; Cheese ha enriquecido su negocio con una producci\u00f3n de cremas de queso DOP y no DOP. Se han estudiado las mejores recetas y diferentes formatos para el consumidor final y empresas clientes: gran distribuci\u00f3n, Ho.re.ca e industria.<\/span><\/p>\n<p class=\"tw-data-text tw-text-large tw-ta\" dir=\"ltr\" data-placeholder=\"Traduzione\"><span class=\"Y2IQFc\" lang=\"es\" tabindex=\"-1\">El dinamismo y la flexibilidad que caracterizan a la empresa la han convertido en un socio importante para quienes desean crear cremas ad hoc basadas en sus necesidades espec\u00edficas. <\/span><\/p>\n<p class=\"tw-data-text tw-text-large tw-ta\" dir=\"ltr\" data-placeholder=\"Traduzione\"><span class=\"Y2IQFc\" lang=\"es\" tabindex=\"-1\">Adem\u00e1s, Italian Food &amp; Cheese crea paquetes gastron\u00f3micos para empresas: promocionales, regalos y ocasiones especiales. Sigue cada fase, desde la selecci\u00f3n de los productos hasta el env\u00edo personalizado y garantizado a todo el mundo.<\/span><\/p>\n<p class=\"tw-data-text tw-text-large tw-ta\" dir=\"ltr\" data-placeholder=\"Traduzione\"><span class=\"Y2IQFc\" lang=\"es\" tabindex=\"-1\">Italian Food &amp; Cheese presta especial atenci\u00f3n al medio ambiente: desde la eliminaci\u00f3n de componentes hasta el uso de envases primarios reciclables y fuentes de energ\u00eda alternativas, que hoy pueden satisfacer la mayor parte de sus necesidades energ\u00e9ticas.<\/span><\/p>\n<p class=\"tw-data-text tw-text-large tw-ta\" dir=\"ltr\" data-placeholder=\"Traduzione\"><span class=\"Y2IQFc\" lang=\"es\" tabindex=\"-1\">\u00a1S\u00e9 parte de este mundo!<\/span><\/p>\n<p>[\/vc_column_text][vc_empty_space height=\u00bb50px\u00bb][vc_empty_space height=\u00bb50px\u00bb][vc_single_image image=\u00bb11048&#8243; img_size=\u00bblarge\u00bb onclick=\u00bbcustom_link\u00bb el_id=\u00bbhttps:\/\/ifcfood.com\/wp-content\/uploads\/2023\/07\/Creme-IFC-2023.pdf\u00bb link=\u00bbhttps:\/\/ifcfood.com\/wp-content\/uploads\/2023\/07\/Creme-IFC-2023-1.pdf\u00bb][vc_column_text]<a href=\"https:\/\/ifcfood.com\/wp-content\/uploads\/2022\/06\/Depliant_IFC-2022.pdf\"><strong><span class=\"Y2IQFc\" lang=\"es\" tabindex=\"-1\">Descarga el PDF de nuestro folleto<\/span><\/strong><\/a>[\/vc_column_text][vc_empty_space height=\u00bb50px\u00bb][\/vc_column][vc_column offset=\u00bbvc_col-lg-6&#8243;]<div class=\"mkd-image-gallery\">\n\t<div class=\"mkd-image-gallery-slider\" data-autoplay=\"3\" data-animation=\"slide\" data-navigation=\"yes\" data-pagination=\"yes\">\n\t\t\t\t\t\t\t\t\t<img loading=\"lazy\" decoding=\"async\" width=\"1069\" height=\"1346\" src=\"https:\/\/ifcfood.com\/wp-content\/uploads\/2022\/10\/WhatsApp-Image-2022-10-26-at-15.18.35.jpeg\" class=\"attachment-full size-full\" alt=\"\" srcset=\"https:\/\/ifcfood.com\/wp-content\/uploads\/2022\/10\/WhatsApp-Image-2022-10-26-at-15.18.35.jpeg 1069w, https:\/\/ifcfood.com\/wp-content\/uploads\/2022\/10\/WhatsApp-Image-2022-10-26-at-15.18.35-238x300.jpeg 238w, https:\/\/ifcfood.com\/wp-content\/uploads\/2022\/10\/WhatsApp-Image-2022-10-26-at-15.18.35-813x1024.jpeg 813w, https:\/\/ifcfood.com\/wp-content\/uploads\/2022\/10\/WhatsApp-Image-2022-10-26-at-15.18.35-768x967.jpeg 768w\" sizes=\"auto, (max-width: 1069px) 100vw, 1069px\" \/>\t\t\t\t\t\t\t\t\t\t\t\t\t<img loading=\"lazy\" decoding=\"async\" width=\"1080\" height=\"1343\" src=\"https:\/\/ifcfood.com\/wp-content\/uploads\/2022\/10\/WhatsApp-Image-2022-10-26-at-15.15.44-1.jpeg\" class=\"attachment-full size-full\" alt=\"\" srcset=\"https:\/\/ifcfood.com\/wp-content\/uploads\/2022\/10\/WhatsApp-Image-2022-10-26-at-15.15.44-1.jpeg 1080w, https:\/\/ifcfood.com\/wp-content\/uploads\/2022\/10\/WhatsApp-Image-2022-10-26-at-15.15.44-1-241x300.jpeg 241w, https:\/\/ifcfood.com\/wp-content\/uploads\/2022\/10\/WhatsApp-Image-2022-10-26-at-15.15.44-1-823x1024.jpeg 823w, https:\/\/ifcfood.com\/wp-content\/uploads\/2022\/10\/WhatsApp-Image-2022-10-26-at-15.15.44-1-768x955.jpeg 768w\" sizes=\"auto, (max-width: 1080px) 100vw, 1080px\" \/>\t\t\t\t\t\t\t\t\t\t\t\t\t<img loading=\"lazy\" decoding=\"async\" width=\"1066\" height=\"1066\" src=\"https:\/\/ifcfood.com\/wp-content\/uploads\/2021\/10\/COPERTINA.jpg\" class=\"attachment-full size-full\" alt=\"\" srcset=\"https:\/\/ifcfood.com\/wp-content\/uploads\/2021\/10\/COPERTINA.jpg 1066w, https:\/\/ifcfood.com\/wp-content\/uploads\/2021\/10\/COPERTINA-300x300.jpg 300w, https:\/\/ifcfood.com\/wp-content\/uploads\/2021\/10\/COPERTINA-1024x1024.jpg 1024w, https:\/\/ifcfood.com\/wp-content\/uploads\/2021\/10\/COPERTINA-150x150.jpg 150w, https:\/\/ifcfood.com\/wp-content\/uploads\/2021\/10\/COPERTINA-768x768.jpg 768w, https:\/\/ifcfood.com\/wp-content\/uploads\/2021\/10\/COPERTINA-550x550.jpg 550w\" sizes=\"auto, (max-width: 1066px) 100vw, 1066px\" \/>\t\t\t\t\t\t\t<\/div>\n<\/div>[vc_empty_space height=\u00bb66px\u00bb][vc_single_image image=\u00bb10943&#8243; img_size=\u00bbfull\u00bb css_animation=\u00bbfadeInLeft\u00bb][vc_empty_space height=\u00bb66px\u00bb][vc_single_image image=\u00bb10893&#8243; img_size=\u00bbfull\u00bb css_animation=\u00bbfadeInLeft\u00bb][vc_empty_space height=\u00bb66px\u00bb][\/vc_column][\/vc_row][vc_row content_width=\u00bbgrid\u00bb css=\u00bb.vc_custom_1606209256749{padding-top: 100px !important;padding-bottom: 100px !important;background-color: #f7f1e1 !important;}\u00bb][vc_column width=\u00bb1\/4&#8243;][vc_single_image image=\u00bb11002&#8243; img_size=\u00bbmedium\u00bb onclick=\u00bbcustom_link\u00bb link=\u00bbhttps:\/\/ifcfood.com\/wp-content\/uploads\/2022\/06\/REV_PDF_IA_2022_C519995_BRC_FOOD-1.pdf\u00bb][vc_single_image image=\u00bb11004&#8243; img_size=\u00bbmedium\u00bb onclick=\u00bbcustom_link\u00bb link=\u00bbhttps:\/\/ifcfood.com\/wp-content\/uploads\/2022\/06\/REV_PDF_RC_2022_10000320770-MSC-ACCREDIA-ITA_IFS_FOOD-2.pdf\u00bb][\/vc_column][vc_column width=\u00bb3\/4&#8243;][vc_column_text]<\/p>\n<p id=\"tw-target-text\" class=\"tw-data-text tw-text-large tw-ta\" dir=\"ltr\" data-placeholder=\"Traduzione\"><span class=\"Y2IQFc\" lang=\"es\" tabindex=\"-1\">Nuestra empresa ha obtenido con \u00e9xito la certificaci\u00f3n de nivel superior IFS FOOD STANDARD y BRC GLOBAL STANDARD FOR FOOD SAFETY del organismo DNV-GL, <strong>\u00a1porque para nosotros la calidad es un asunto serio!<\/strong><\/span><\/p>\n<p class=\"tw-data-text tw-text-large tw-ta\" dir=\"ltr\" data-placeholder=\"Traduzione\"><a href=\"https:\/\/ifcfood.com\/wp-content\/uploads\/2022\/06\/REV_PDF_RC_2022_10000320770-MSC-ACCREDIA-ITA_IFS_FOOD-1.pdf\"><strong><span class=\"Y2IQFc\" lang=\"es\" tabindex=\"-1\"> Descarga nuestro certificado IFS<\/span><\/strong><\/a><\/p>\n<p class=\"tw-data-text tw-text-large tw-ta\" dir=\"ltr\" data-placeholder=\"Traduzione\"><a href=\"https:\/\/ifcfood.com\/wp-content\/uploads\/2022\/06\/REV_PDF_IA_2022_C519995_BRC_FOOD-1.pdf\"><strong><span class=\"Y2IQFc\" lang=\"es\" tabindex=\"-1\">Descarga nuestro certificado BRC<\/span><\/strong><\/a><\/p>\n<p>[\/vc_column_text][\/vc_column][\/vc_row][vc_row content_width=\u00bbgrid\u00bb content_aligment=\u00bbcenter\u00bb css=\u00bb.vc_custom_1605786365629{padding-top: 103px !important;padding-bottom: 55px !important;background: #e5e5e5 url(https:\/\/ifcfood.com\/wp-content\/uploads\/2020\/11\/fondotela2-2-1.jpg?id=5139) !important;}\u00bb][vc_column width=\u00bb1\/2&#8243;][vc_video link=\u00bbhttps:\/\/www.youtube.com\/watch?v=upKOe7tgkfs&amp;t=185s\u00bb title=\u00bbPresentamos nuestros quesos crema en TUTTOFOOD 2023.\u00bb][\/vc_column][vc_column width=\u00bb1\/2&#8243;][vc_video link=\u00bbhttps:\/\/www.youtube.com\/watch?v=PtdBph5v2zk\u00bb title=\u00bbEntrevista de Federico Calzetti en Cibus Connect 2023.\u00bb][\/vc_column][\/vc_row][vc_row content_width=\u00bbgrid\u00bb css=\u00bb.vc_custom_1605786378716{background: #e5e5e5 url(https:\/\/ifcfood.com\/wp-content\/uploads\/2020\/11\/fondotela2-2-1.jpg?id=5139) !important;}\u00bb][vc_column width=\u00bb1\/4&#8243;][vc_single_image image=\u00bb10759&#8243; img_size=\u00bbfull\u00bb][vc_empty_space height=\u00bb14px\u00bb][vc_column_text]<\/p>\n<h5 id=\"tw-target-text\" class=\"tw-data-text tw-text-large tw-ta\" dir=\"ltr\" data-placeholder=\"Traduzione\"><span class=\"Y2IQFc\" lang=\"es\" tabindex=\"-1\">Consumo dom\u00e9stico<\/span><\/h5>\n<p>[\/vc_column_text][vc_column_text]<\/p>\n<p id=\"tw-target-text\" class=\"tw-data-text tw-text-large tw-ta\" dir=\"ltr\" data-placeholder=\"Traduzione\"><span class=\"Y2IQFc\" lang=\"es\" tabindex=\"-1\">Nuestras cremas de queso, sin conservantes y elaboradas con D.O.P. Los italianos est\u00e1n presentes en muchas tiendas de delicatessen y supermercados italianos.<\/span><\/p>\n<p class=\"tw-data-text tw-text-large tw-ta\" dir=\"ltr\" data-placeholder=\"Traduzione\"><span class=\"Y2IQFc\" lang=\"es\" tabindex=\"-1\">\u00bfQuieres m\u00e1s informaci\u00f3n sobre c\u00f3mo convertirte en revendedor de cremas Calzetti o Sudigusto? Cont\u00e1ctenos.<\/span><\/p>\n<p>[\/vc_column_text][vc_empty_space height=\u00bb14px\u00bb]<a href=\"https:\/\/ifcfood.com\/consumo-domestico\/\" target=\"_self\"  class=\"mkd-btn mkd-btn-medium mkd-btn-solid mkd-btn-hover-outline\"  >\n\t\t<span class=\"mkd-btn-text\">SABER M\u00c1S&#039;<\/span>\n\t\n\t\t\t<span class=\"mkd-btn-helper\" ><\/span>\n\t<\/a>[\/vc_column][vc_column width=\u00bb1\/4&#8243;][vc_single_image image=\u00bb10757&#8243; img_size=\u00bbfull\u00bb][vc_empty_space height=\u00bb14px\u00bb][vc_column_text]<\/p>\n<h5>HORECA<\/h5>\n<p>[\/vc_column_text][vc_column_text]<\/p>\n<p id=\"tw-target-text\" class=\"tw-data-text tw-text-large tw-ta\" dir=\"ltr\" data-placeholder=\"Traduzione\"><span class=\"Y2IQFc\" lang=\"es\" tabindex=\"-1\">Nuestros quesos crema y nuestras selecciones tambi\u00e9n est\u00e1n disponibles para hoteles, restaurantes y bares. <\/span><\/p>\n<p class=\"tw-data-text tw-text-large tw-ta\" dir=\"ltr\" data-placeholder=\"Traduzione\"><span class=\"Y2IQFc\" lang=\"es\" tabindex=\"-1\">\u00bfQuieres m\u00e1s informaci\u00f3n sobre los formatos HORECA de las cremas Calzetti o Sudigusto? y sobre la selecci\u00f3n de productos italianos DOP <\/span><span class=\"Y2IQFc\" lang=\"es\" tabindex=\"-1\">cont\u00e1ctenos.<\/span><\/p>\n<p>[\/vc_column_text][vc_empty_space height=\u00bb14px\u00bb]<a href=\"https:\/\/ifcfood.com\/horeca\/\" target=\"_self\"  class=\"mkd-btn mkd-btn-medium mkd-btn-solid mkd-btn-hover-outline\"  >\n\t\t<span class=\"mkd-btn-text\">SABER M\u00c1S&#039;<\/span>\n\t\n\t\t\t<span class=\"mkd-btn-helper\" ><\/span>\n\t<\/a>[\/vc_column][vc_column width=\u00bb1\/4&#8243;][vc_single_image image=\u00bb10755&#8243; img_size=\u00bbfull\u00bb][vc_empty_space height=\u00bb14px\u00bb][vc_column_text]<\/p>\n<h5>Private label<\/h5>\n<p>[\/vc_column_text][vc_column_text]<\/p>\n<p id=\"tw-target-text\" class=\"tw-data-text tw-text-large tw-ta\" dir=\"ltr\" data-placeholder=\"Traduzione\"><span class=\"Y2IQFc\" lang=\"es\" tabindex=\"-1\">Podemos personalizar nuestra producci\u00f3n de queso crema DOP seg\u00fan sus necesidades, hasta la creaci\u00f3n de un producto terminado que incluye etiquetas y gr\u00e1ficos.<\/span><\/p>\n<p class=\"tw-data-text tw-text-large tw-ta\" dir=\"ltr\" data-placeholder=\"Traduzione\"><span class=\"Y2IQFc\" lang=\"es\" tabindex=\"-1\">\u00bfQuieres m\u00e1s informaci\u00f3n sobre el tipo de personalizaci\u00f3n de las cremas de queso DOP? Cont\u00e1ctenos.<\/span><\/p>\n<p>[\/vc_column_text][vc_empty_space height=\u00bb14px\u00bb]<a href=\"https:\/\/ifcfood.com\/private-label\/\" target=\"_self\"  class=\"mkd-btn mkd-btn-medium mkd-btn-solid mkd-btn-hover-outline\"  >\n\t\t<span class=\"mkd-btn-text\">SABER M\u00c1S&#039;<\/span>\n\t\n\t\t\t<span class=\"mkd-btn-helper\" ><\/span>\n\t<\/a>[\/vc_column][vc_column width=\u00bb1\/4&#8243;][vc_single_image image=\u00bb10343&#8243; img_size=\u00bbfull\u00bb][vc_empty_space height=\u00bb14px\u00bb][vc_column_text]<\/p>\n<h5 id=\"tw-target-text\" class=\"tw-data-text tw-text-large tw-ta\" dir=\"ltr\" data-placeholder=\"Traduzione\"><span class=\"Y2IQFc\" lang=\"es\" tabindex=\"-1\">Industria de alimentos<\/span><\/h5>\n<p>[\/vc_column_text][vc_column_text]<\/p>\n<p id=\"tw-target-text\" class=\"tw-data-text tw-text-large tw-ta\" dir=\"ltr\" data-placeholder=\"Traduzione\"><span class=\"Y2IQFc\" lang=\"es\" tabindex=\"-1\">Una gran oportunidad para las empresas del mundo industrial, en este sentido hemos pensado en formatos de 5000g. <\/span><\/p>\n<p class=\"tw-data-text tw-text-large tw-ta\" dir=\"ltr\" data-placeholder=\"Traduzione\"><span class=\"Y2IQFc\" lang=\"es\" tabindex=\"-1\">\u00bfQuieres m\u00e1s informaci\u00f3n sobre las oportunidades de uso de las cremas Calzetti o Sudigusto en el mundo industrial? Cont\u00e1ctenos.<\/span><\/p>\n<p>[\/vc_column_text][vc_empty_space height=\u00bb14px\u00bb]<a href=\"https:\/\/ifcfood.com\/industria-alimentare\/\" target=\"_self\"  class=\"mkd-btn mkd-btn-medium mkd-btn-solid mkd-btn-hover-outline\"  >\n\t\t<span class=\"mkd-btn-text\">SABER M\u00c1S&#039;<\/span>\n\t\n\t\t\t<span class=\"mkd-btn-helper\" ><\/span>\n\t<\/a>[vc_empty_space height=\u00bb50px\u00bb][vc_empty_space height=\u00bb50px\u00bb][\/vc_column][\/vc_row][vc_row content_width=\u00bbgrid\u00bb content_aligment=\u00bbcenter\u00bb css=\u00bb.vc_custom_1468834015496{padding-top: 90px !important;padding-bottom: 105px !important;background-color: #f7f7f7 !important;}\u00bb][vc_column offset=\u00bbvc_col-lg-offset-1 vc_col-lg-10 vc_col-sm-offset-0&#8243;]<div class=\"mkd-testimonials-holder clearfix dark\"><div class=\"mkd-testimonials testimonials-slider data-animation-speed =\"600\"\">Sorry, no posts matched your criteria.<\/div><\/div>[\/vc_column][\/vc_row]<\/p>\n","protected":false},"excerpt":{"rendered":"<p>[vc_row content_width=\u00bbgrid\u00bb css=\u00bb.vc_custom_1468833191794{padding-top: 110px !important;padding-bottom: 60px !important;}\u00bb][vc_column offset=\u00bbvc_col-lg-6&#8243;][vc_single_image image=\u00bb10933&#8243; img_size=\u00bbfull\u00bb css_animation=\u00bbfadeInLeft\u00bb][vc_empty_space height=\u00bb50px\u00bb][vc_column_text] Italian Food &amp; Cheese es una realidad que naci\u00f3 de la experiencia de muchos a\u00f1os de un equipo de profesionales en la comercializaci\u00f3n de quesos italianos DOP en el mercado nacional y en&#8230;<\/p>\n","protected":false},"author":2,"featured_media":0,"parent":0,"menu_order":0,"comment_status":"closed","ping_status":"closed","template":"full-width.php","meta":{"footnotes":""},"class_list":["post-11772","page","type-page","status-publish","hentry"],"yoast_head":"<!-- This site is optimized with the Yoast SEO plugin v27.3 - https:\/\/yoast.com\/product\/yoast-seo-wordpress\/ -->\n<title>Comercializaci\u00f3n de quesos DOP - Italian Food &amp; Cheese<\/title>\n<meta name=\"description\" content=\"Comercializaci\u00f3n de quesos DOP en el mercado italiano. Selecci\u00f3n de excelencias de la comida italiana para la creaci\u00f3n de paquetes gastron\u00f3micos. Producci\u00f3n de Quesos Crema para GDO, HORECA\" \/>\n<meta name=\"robots\" content=\"index, follow, max-snippet:-1, max-image-preview:large, max-video-preview:-1\" \/>\n<link rel=\"canonical\" href=\"https:\/\/ifcfood.com\/chi-siamo\/\" \/>\n<meta property=\"og:locale\" content=\"es_ES\" \/>\n<meta property=\"og:type\" content=\"article\" \/>\n<meta property=\"og:title\" content=\"Comercializaci\u00f3n de quesos DOP - Italian Food &amp; Cheese\" \/>\n<meta property=\"og:description\" content=\"Comercializaci\u00f3n de quesos DOP en el mercado italiano. Selecci\u00f3n de excelencias de la comida italiana para la creaci\u00f3n de paquetes gastron\u00f3micos. Producci\u00f3n de Quesos Crema para GDO, HORECA\" \/>\n<meta property=\"og:url\" content=\"https:\/\/ifcfood.com\/chi-siamo\/\" \/>\n<meta property=\"og:site_name\" content=\"Italian Food &amp; Cheese\" \/>\n<meta property=\"article:modified_time\" content=\"2023-08-31T10:07:09+00:00\" \/>\n<meta name=\"twitter:card\" content=\"summary_large_image\" \/>\n<meta name=\"twitter:label1\" content=\"Tiempo de lectura\" \/>\n\t<meta name=\"twitter:data1\" content=\"5 minutos\" \/>\n<script type=\"application\/ld+json\" class=\"yoast-schema-graph\">{\"@context\":\"https:\\\/\\\/schema.org\",\"@graph\":[{\"@type\":\"WebPage\",\"@id\":\"https:\\\/\\\/ifcfood.com\\\/chi-siamo\\\/\",\"url\":\"https:\\\/\\\/ifcfood.com\\\/chi-siamo\\\/\",\"name\":\"Comercializaci\u00f3n de quesos DOP - Italian Food &amp; Cheese\",\"isPartOf\":{\"@id\":\"https:\\\/\\\/ifcfood.com\\\/#website\"},\"datePublished\":\"2023-08-31T10:07:02+00:00\",\"dateModified\":\"2023-08-31T10:07:09+00:00\",\"description\":\"Comercializaci\u00f3n de quesos DOP en el mercado italiano. Selecci\u00f3n de excelencias de la comida italiana para la creaci\u00f3n de paquetes gastron\u00f3micos. Producci\u00f3n de Quesos Crema para GDO, HORECA\",\"breadcrumb\":{\"@id\":\"https:\\\/\\\/ifcfood.com\\\/chi-siamo\\\/#breadcrumb\"},\"inLanguage\":\"es\",\"potentialAction\":[{\"@type\":\"ReadAction\",\"target\":[\"https:\\\/\\\/ifcfood.com\\\/chi-siamo\\\/\"]}]},{\"@type\":\"BreadcrumbList\",\"@id\":\"https:\\\/\\\/ifcfood.com\\\/chi-siamo\\\/#breadcrumb\",\"itemListElement\":[{\"@type\":\"ListItem\",\"position\":1,\"name\":\"Home\",\"item\":\"https:\\\/\\\/ifcfood.com\\\/es\\\/\"},{\"@type\":\"ListItem\",\"position\":2,\"name\":\"Quienes somos\"}]},{\"@type\":\"WebSite\",\"@id\":\"https:\\\/\\\/ifcfood.com\\\/#website\",\"url\":\"https:\\\/\\\/ifcfood.com\\\/\",\"name\":\"Italian Food &amp; Cheese\",\"description\":\"Food &amp; Beverage\",\"publisher\":{\"@id\":\"https:\\\/\\\/ifcfood.com\\\/#organization\"},\"potentialAction\":[{\"@type\":\"SearchAction\",\"target\":{\"@type\":\"EntryPoint\",\"urlTemplate\":\"https:\\\/\\\/ifcfood.com\\\/?s={search_term_string}\"},\"query-input\":{\"@type\":\"PropertyValueSpecification\",\"valueRequired\":true,\"valueName\":\"search_term_string\"}}],\"inLanguage\":\"es\"},{\"@type\":\"Organization\",\"@id\":\"https:\\\/\\\/ifcfood.com\\\/#organization\",\"name\":\"Ifc Italia Food & Cheese\",\"url\":\"https:\\\/\\\/ifcfood.com\\\/\",\"logo\":{\"@type\":\"ImageObject\",\"inLanguage\":\"es\",\"@id\":\"https:\\\/\\\/ifcfood.com\\\/#\\\/schema\\\/logo\\\/image\\\/\",\"url\":\"https:\\\/\\\/ifcfood.com\\\/wp-content\\\/uploads\\\/2020\\\/07\\\/logo-ifc-2-1.jpg\",\"contentUrl\":\"https:\\\/\\\/ifcfood.com\\\/wp-content\\\/uploads\\\/2020\\\/07\\\/logo-ifc-2-1.jpg\",\"width\":514,\"height\":456,\"caption\":\"Ifc Italia Food & Cheese\"},\"image\":{\"@id\":\"https:\\\/\\\/ifcfood.com\\\/#\\\/schema\\\/logo\\\/image\\\/\"}}]}<\/script>\n<!-- \/ Yoast SEO plugin. -->","yoast_head_json":{"title":"Comercializaci\u00f3n de quesos DOP - Italian Food &amp; Cheese","description":"Comercializaci\u00f3n de quesos DOP en el mercado italiano. Selecci\u00f3n de excelencias de la comida italiana para la creaci\u00f3n de paquetes gastron\u00f3micos. Producci\u00f3n de Quesos Crema para GDO, HORECA","robots":{"index":"index","follow":"follow","max-snippet":"max-snippet:-1","max-image-preview":"max-image-preview:large","max-video-preview":"max-video-preview:-1"},"canonical":"https:\/\/ifcfood.com\/chi-siamo\/","og_locale":"es_ES","og_type":"article","og_title":"Comercializaci\u00f3n de quesos DOP - Italian Food &amp; Cheese","og_description":"Comercializaci\u00f3n de quesos DOP en el mercado italiano. Selecci\u00f3n de excelencias de la comida italiana para la creaci\u00f3n de paquetes gastron\u00f3micos. Producci\u00f3n de Quesos Crema para GDO, HORECA","og_url":"https:\/\/ifcfood.com\/chi-siamo\/","og_site_name":"Italian Food &amp; Cheese","article_modified_time":"2023-08-31T10:07:09+00:00","twitter_card":"summary_large_image","twitter_misc":{"Tiempo de lectura":"5 minutos"},"schema":{"@context":"https:\/\/schema.org","@graph":[{"@type":"WebPage","@id":"https:\/\/ifcfood.com\/chi-siamo\/","url":"https:\/\/ifcfood.com\/chi-siamo\/","name":"Comercializaci\u00f3n de quesos DOP - Italian Food &amp; Cheese","isPartOf":{"@id":"https:\/\/ifcfood.com\/#website"},"datePublished":"2023-08-31T10:07:02+00:00","dateModified":"2023-08-31T10:07:09+00:00","description":"Comercializaci\u00f3n de quesos DOP en el mercado italiano. Selecci\u00f3n de excelencias de la comida italiana para la creaci\u00f3n de paquetes gastron\u00f3micos. Producci\u00f3n de Quesos Crema para GDO, HORECA","breadcrumb":{"@id":"https:\/\/ifcfood.com\/chi-siamo\/#breadcrumb"},"inLanguage":"es","potentialAction":[{"@type":"ReadAction","target":["https:\/\/ifcfood.com\/chi-siamo\/"]}]},{"@type":"BreadcrumbList","@id":"https:\/\/ifcfood.com\/chi-siamo\/#breadcrumb","itemListElement":[{"@type":"ListItem","position":1,"name":"Home","item":"https:\/\/ifcfood.com\/es\/"},{"@type":"ListItem","position":2,"name":"Quienes somos"}]},{"@type":"WebSite","@id":"https:\/\/ifcfood.com\/#website","url":"https:\/\/ifcfood.com\/","name":"Italian Food &amp; Cheese","description":"Food &amp; Beverage","publisher":{"@id":"https:\/\/ifcfood.com\/#organization"},"potentialAction":[{"@type":"SearchAction","target":{"@type":"EntryPoint","urlTemplate":"https:\/\/ifcfood.com\/?s={search_term_string}"},"query-input":{"@type":"PropertyValueSpecification","valueRequired":true,"valueName":"search_term_string"}}],"inLanguage":"es"},{"@type":"Organization","@id":"https:\/\/ifcfood.com\/#organization","name":"Ifc Italia Food & Cheese","url":"https:\/\/ifcfood.com\/","logo":{"@type":"ImageObject","inLanguage":"es","@id":"https:\/\/ifcfood.com\/#\/schema\/logo\/image\/","url":"https:\/\/ifcfood.com\/wp-content\/uploads\/2020\/07\/logo-ifc-2-1.jpg","contentUrl":"https:\/\/ifcfood.com\/wp-content\/uploads\/2020\/07\/logo-ifc-2-1.jpg","width":514,"height":456,"caption":"Ifc Italia Food & Cheese"},"image":{"@id":"https:\/\/ifcfood.com\/#\/schema\/logo\/image\/"}}]}},"_links":{"self":[{"href":"https:\/\/ifcfood.com\/es\/wp-json\/wp\/v2\/pages\/11772","targetHints":{"allow":["GET"]}}],"collection":[{"href":"https:\/\/ifcfood.com\/es\/wp-json\/wp\/v2\/pages"}],"about":[{"href":"https:\/\/ifcfood.com\/es\/wp-json\/wp\/v2\/types\/page"}],"author":[{"embeddable":true,"href":"https:\/\/ifcfood.com\/es\/wp-json\/wp\/v2\/users\/2"}],"replies":[{"embeddable":true,"href":"https:\/\/ifcfood.com\/es\/wp-json\/wp\/v2\/comments?post=11772"}],"version-history":[{"count":3,"href":"https:\/\/ifcfood.com\/es\/wp-json\/wp\/v2\/pages\/11772\/revisions"}],"predecessor-version":[{"id":11775,"href":"https:\/\/ifcfood.com\/es\/wp-json\/wp\/v2\/pages\/11772\/revisions\/11775"}],"wp:attachment":[{"href":"https:\/\/ifcfood.com\/es\/wp-json\/wp\/v2\/media?parent=11772"}],"curies":[{"name":"wp","href":"https:\/\/api.w.org\/{rel}","templated":true}]}}